{"id":974,"date":"2015-12-16T16:03:25","date_gmt":"2015-12-16T16:03:25","guid":{"rendered":"http:\/\/apacame.org.br\/site\/?page_id=974"},"modified":"2015-12-16T16:03:25","modified_gmt":"2015-12-16T16:03:25","slug":"apimondia-4","status":"publish","type":"page","link":"https:\/\/apacame.org.br\/site\/revista\/mensagem-doce-n-134-novembro-de-2015\/apimondia-4\/","title":{"rendered":"APIMONDIA"},"content":{"rendered":"<h1 style=\"text-align: center;\">ATA DA PRIMEIRA ASSEMBL\u00c9IA DA APIMONDIA \u2013 16\/09\/2015<\/h1>\n<h4 style=\"text-align: center;\"><strong>71 Associa\u00e7\u00f5es filiadas presentes<\/strong><br \/>\n<strong> 54 Pa\u00edses representados<\/strong><\/h4>\n<p><a href=\"https:\/\/apacame.org.br\/site\/wp-content\/uploads\/2015\/12\/APIMONDIA-Logo.jpg\"><img decoding=\"async\" class=\"alignleft wp-image-984 size-thumbnail\" src=\"https:\/\/apacame.org.br\/site\/wp-content\/uploads\/2015\/12\/APIMONDIA-Logo-150x150.jpg\" alt=\"Logo Apimondia\" width=\"150\" height=\"150\" srcset=\"https:\/\/apacame.org.br\/site\/wp-content\/uploads\/2015\/12\/APIMONDIA-Logo-150x150.jpg 150w, https:\/\/apacame.org.br\/site\/wp-content\/uploads\/2015\/12\/APIMONDIA-Logo-300x300.jpg 300w, https:\/\/apacame.org.br\/site\/wp-content\/uploads\/2015\/12\/APIMONDIA-Logo-100x100.jpg 100w, https:\/\/apacame.org.br\/site\/wp-content\/uploads\/2015\/12\/APIMONDIA-Logo.jpg 449w\" sizes=\"(max-width: 150px) 100vw, 150px\" \/><\/a><\/p>\n<p><a href=\"https:\/\/apacame.org.br\/site\/wp-content\/uploads\/2015\/12\/44_APIMONDIA_LOGO.jpg\"><img decoding=\"async\" class=\"alignleft wp-image-983 size-thumbnail\" src=\"https:\/\/apacame.org.br\/site\/wp-content\/uploads\/2015\/12\/44_APIMONDIA_LOGO-150x150.jpg\" alt=\"Logo 44 Apimondia\" width=\"150\" height=\"150\" srcset=\"https:\/\/apacame.org.br\/site\/wp-content\/uploads\/2015\/12\/44_APIMONDIA_LOGO-150x149.jpg 150w, https:\/\/apacame.org.br\/site\/wp-content\/uploads\/2015\/12\/44_APIMONDIA_LOGO-300x300.jpg 300w, https:\/\/apacame.org.br\/site\/wp-content\/uploads\/2015\/12\/44_APIMONDIA_LOGO-100x100.jpg 100w, https:\/\/apacame.org.br\/site\/wp-content\/uploads\/2015\/12\/44_APIMONDIA_LOGO.jpg 450w\" sizes=\"(max-width: 150px) 100vw, 150px\" \/><\/a><\/p>\n<p>&nbsp;<\/p>\n<p><span style=\"font-size: large;\"><b>\u00a0 Admiss\u00e3o de novos membros na APIMONDIA<\/b><\/span><span style=\"font-size: large;\"><br \/>\n\u2022 Bangladesh Beekeepers\u2019 Association &#8211; BBKA, Bangladesh<br \/>\n\u2022 Asociaci\u00f3n Cadena de la Miel de los Apicultores del Occidente, El Salvador<br \/>\n\u2022 Ethiopian Apiculture Board &#8211; EAB, Ethiopia<br \/>\n\u2022 Jordanian Beekeepers\u2019 Association, Jordan<br \/>\n\u2022 Mongolian Beekeepers\u2019 Association &#8211; MBA, Mongolia<br \/>\n\u2022 Organisation pour la Promotion des Arts Apicole et Sylvicole &#8211; OPAAS, Togo<br \/>\n\u2022 Nangarhar Beekeepers\u2019 Association &#8211; NBA, Afghanistan<br \/>\n\u2022 Cooperativa de Trabajo Ltda. &#8211; Coopsol, Argentina<br \/>\n\u2022 Al Owaid Honey Centre for Apitherapy, Kuwait<br \/>\n\u2022 Abu Dhabi Food Control Authority &#8211; ADFCA, United Arab Emirates<br \/>\n\u2022 Zambia Forestry College &#8211; ZFC, Zambia<br \/>\n<\/span><\/p>\n<p>&nbsp;<\/p>\n<p><span style=\"font-size: large;\"><b>Institui\u00e7\u00f5es e pessoas que solicitaram sua filia\u00e7\u00e3o \u00e1 APIMONDIA<\/b><\/span><span style=\"font-size: large;\"><br \/>\n\u2022 S. Blair, Australia \u2022 V.P. Usik, Belarus<br \/>\n\u2022 M. Wambach, Belgium \u2022 J.F. Bobo, Congo D.R<br \/>\n\u2022 M. Barthelemy, France \u2022 C. Chiabrishvili, Georgia<br \/>\n\u2022 J.J. Ryan, Ireland \u2022 Aboca SpA, Italy<br \/>\n\u2022 Osoo D. T.-S., Kyrgyzstan \u2022 B.H. Ng, Malaysia<br \/>\n\u2022 A. Guadalupe \u2022 S. Ganbold, Mongolia<br \/>\n\u2022 M.A. Achouiti, Morocco \u2022 A. Sajwani, Oman<br \/>\n\u2022 V. Eremin \u2022 Asal Barri Co., Saudi Arabia<br \/>\n\u2022 HDI Co., Singapore \u2022 D. Eyad, Syria<br \/>\n<\/span><\/p>\n<p>&nbsp;<\/p>\n<p><span style=\"font-size: large;\"><b>Proposta perda da qualidade de membro da APIMONDIA para as entidades em d\u00e9bito.<\/b><\/span><span style=\"font-size: large;\"><br \/>\n\u2022 Association Nationale Apicole d\u2019Ha\u00efti &#8211; ANAPIH, Haiti<br \/>\n\u2022 PT Madu Pramuka, Indonesia<br \/>\n\u2022 F\u00e9d\u00e9ration des Unions d\u2019Apiculteurs du Grand-Duch\u00e9 de Luxembourg &#8211; FUAL, Luxemburg<br \/>\n\u2022 Organizaci\u00f3n Nacional de Apicultores &#8211; ONA, Mexico<br \/>\n\u2022 Council of National Beekeeping Associations of Britain and Eire &#8211; CONBA, UK<br \/>\n\u2022 Asociaci\u00f3n Argentina de Apiterapia &#8211; AAdA, Argentina<br \/>\n\u2022 Association of Caribbean Beekeepers\u2019 Organisations &#8211; ACBO, Trinidad &amp; Tobago<br \/>\n\u2022 Japan Health and Nutrition Food Association &#8211; JHNFA, Japan<br \/>\n\u2022 The Agricultural Bank, Libya<br \/>\n\u2022 Bee Research Unit, Saudi Arabia<br \/>\n\u2022 King Saud University, Saudi Arabia<br \/>\n\u2022 Fundaci\u00f3n Amigos de las Abejas &#8211; FAA, Spain<br \/>\n<\/span><\/p>\n<p>&nbsp;<\/p>\n<p><span style=\"font-size: large;\"><b>Plano de Eventos Promovidos pela APIMONDIA <\/b><\/span><\/p>\n<p><strong>2016<\/strong><\/p>\n<p><span style=\"font-size: large;\"><b>February<\/b><\/span><br \/>\n<span style=\"font-size: large;\">\u201cIndigenous Bees\u201d Symposium &amp; Workshop &#8211; Manila, Philippines<\/span><\/p>\n<p><span style=\"font-size: large;\"><b>September<\/b><\/span><br \/>\n<span style=\"font-size: large;\">4th \u201cApiBio-ApiOrganica\u201d Symposium &#8211; Santiago del Estero, Argentina<\/span><br \/>\n<span style=\"font-size: large;\">3rd \u201cApiEcoFlora\u201d Symposium &#8211; Spain or Italy &#8211; pending confirmation<\/span><\/p>\n<p><span style=\"font-size: large;\"><b>October<\/b><\/span><br \/>\n<span style=\"font-size: large;\">Symposium on bee welfare &#8211; Switzerland &#8211; pending confirmation<\/span><\/p>\n<p><span style=\"font-size: large;\"><b>November<\/b><\/span><br \/>\n<span style=\"font-size: large;\">Bee health issues Symposium &#8211; Malta &#8211; pending confirmation<\/span><\/p>\n<p><span style=\"font-size: large;\"><b>2017<\/b><\/span><\/p>\n<p><span style=\"font-size: large;\"><b>September<\/b><\/span><br \/>\n<span style=\"font-size: large;\">45th International Apicultural Congress &#8211; Istanbul, Turkey<\/span><\/p>\n<p>&nbsp;<\/p>\n<p style=\"text-align: center;\"><span style=\"font-size: large;\"><b>Altera\u00e7\u00e3o no Estatuto da APIMONDIA \u2013 Artigo 26<br \/>\nNova Bandeira da APIMONDIA<\/b><\/span><\/p>\n<p><a href=\"https:\/\/apacame.org.br\/site\/wp-content\/uploads\/2015\/12\/Bandeira-Apimondia.jpg\"><img decoding=\"async\" class=\" size-medium wp-image-988 aligncenter\" src=\"https:\/\/apacame.org.br\/site\/wp-content\/uploads\/2015\/12\/Bandeira-Apimondia-300x157.jpg\" alt=\"Bandeira Apimondia\" width=\"300\" height=\"157\" srcset=\"https:\/\/apacame.org.br\/site\/wp-content\/uploads\/2015\/12\/Bandeira-Apimondia-300x157.jpg 300w, https:\/\/apacame.org.br\/site\/wp-content\/uploads\/2015\/12\/Bandeira-Apimondia-150x79.jpg 150w, https:\/\/apacame.org.br\/site\/wp-content\/uploads\/2015\/12\/Bandeira-Apimondia-500x262.jpg 500w, https:\/\/apacame.org.br\/site\/wp-content\/uploads\/2015\/12\/Bandeira-Apimondia.jpg 873w\" sizes=\"(max-width: 300px) 100vw, 300px\" \/><\/a><\/p>\n<p>&nbsp;<\/p>\n<p><span style=\"font-size: large;\"><b>Renova\u00e7\u00e3o de Cargos para o Conselho Executivo da APIMONDIA<\/b><\/span><\/p>\n<p><span style=\"font-size: large;\"><b>PRESIDENTE:<\/b><\/span><br \/>\n<span style=\"font-size: large;\">Mr. Philip McCabe (Ireland)<\/span><\/p>\n<p>&nbsp;<\/p>\n<p><span style=\"font-size: large;\"><b>Comiss\u00e3o Cient\u00edfica<\/b><\/span><br \/>\n<span style=\"font-size: large;\">Apitherapy &#8211; Dr. C. Mateescu (Romania)<br \/>\nBee Biology &#8211; Prof. K. Crailsheim (Austria)<br \/>\nBee Health &#8211; Dr. J. Pettis (USA)<br \/>\nTechnology and Quality &#8211; Mr. E. Bruneau (Belgium)<br \/>\n<\/span><\/p>\n<p>&nbsp;<\/p>\n<p><span style=\"font-size: large;\"><b>Comiss\u00f5es Regionais<\/b><\/span><span style=\"font-size: large;\"><br \/>\nAmericas \u2013 Mr. M. Cuevas Bravo (Chile)<br \/>\nEurope \u2013 Mr. D. Pagani (Italy)<br \/>\nOceania \u2013 Ms. J. Goldsworthy (Australia)<br \/>\n<\/span><\/p>\n<p>&nbsp;<\/p>\n<p><span style=\"font-size: large;\"><b>Apresenta\u00e7\u00e3o de Propostas para a Edi\u00e7\u00e3o do APIMONDIA 2019<\/b><\/span><span style=\"font-size: large;\"><br \/>\n* Canadian Honey Council (Canada)<br \/>\n(proposed venue: Montr\u00e9al, QC)<br \/>\n* American Beekeeping Federation (USA)<br \/>\n(proposed venue: Minneapolis, MN)<br \/>\n<\/span><\/p>\n<p>&nbsp;<\/p>\n<p><span style=\"font-size: large;\">Na segunda sess\u00e3o da Assembleia da APIMONDIA Montreal, no Canad\u00e1, venceu a organiza\u00e7\u00e3o do 46\u00ba Congresso da APIMONDIA com 77 votos a favor e 38 votos contra.<\/span><\/p>\n<p>&nbsp;<\/p>\n<p><span style=\"font-size: large;\">Foi selecionada e nomeada a empresa AIM \u2013 Internacional Group, de Mil\u00e3o, na It\u00e1lia para organizar os pr\u00f3ximos congressos da APIMONDIA.<\/span><\/p>\n<p>&nbsp;<\/p>\n<p><span style=\"font-size: large;\"><b>Foram diplomados como membros honor\u00e1rios da APIMONDIA<\/b><\/span><span style=\"font-size: large;\"><br \/>\nDr. T. Cherbuliez (USA)<br \/>\nDr. D.Q. Tam (Vietnam)<br \/>\nMs. T. Vasylkivska (Ukraine)<br \/>\n<\/span><\/p>\n<p>&nbsp;<\/p>\n<p style=\"text-align: center;\"><span style=\"font-size: large;\"><b>Dia internacional da Abelha<\/b><\/span><\/p>\n<p style=\"text-align: center;\"><span style=\"font-size: large;\">Proposta da Slovenian Beekeepers Association que o dia 20 de maio seja reconhecido como o dia Internacional da Abelha.<\/span><\/p>\n<p style=\"text-align: center;\"><a href=\"https:\/\/apacame.org.br\/site\/wp-content\/uploads\/2015\/12\/Save-the-bee2.jpg\"><img loading=\"lazy\" decoding=\"async\" class=\"aligncenter size-medium wp-image-989\" src=\"https:\/\/apacame.org.br\/site\/wp-content\/uploads\/2015\/12\/Save-the-bee2-300x297.jpg\" alt=\"Save the bee\" width=\"300\" height=\"297\" srcset=\"https:\/\/apacame.org.br\/site\/wp-content\/uploads\/2015\/12\/Save-the-bee2-300x297.jpg 300w, https:\/\/apacame.org.br\/site\/wp-content\/uploads\/2015\/12\/Save-the-bee2-150x149.jpg 150w, https:\/\/apacame.org.br\/site\/wp-content\/uploads\/2015\/12\/Save-the-bee2-100x100.jpg 100w, https:\/\/apacame.org.br\/site\/wp-content\/uploads\/2015\/12\/Save-the-bee2.jpg 302w\" sizes=\"(max-width: 300px) 100vw, 300px\" \/><\/a><\/p>\n<p style=\"text-align: center;\">\n<p style=\"text-align: center;\"><span style=\"font-size: large;\"><b>Lan\u00e7amento da CAMPANHA DA ABELHA pela APIMONDIA<\/b><\/span><\/p>\n<p style=\"text-align: center;\">\u00a0<a href=\"https:\/\/apacame.org.br\/site\/wp-content\/uploads\/2015\/12\/Bee-the-campaign.jpg\"><img loading=\"lazy\" decoding=\"async\" class=\"aligncenter size-medium wp-image-990\" src=\"https:\/\/apacame.org.br\/site\/wp-content\/uploads\/2015\/12\/Bee-the-campaign-300x151.jpg\" alt=\"Bee the campaign\" width=\"300\" height=\"151\" srcset=\"https:\/\/apacame.org.br\/site\/wp-content\/uploads\/2015\/12\/Bee-the-campaign-300x151.jpg 300w, https:\/\/apacame.org.br\/site\/wp-content\/uploads\/2015\/12\/Bee-the-campaign-150x75.jpg 150w, https:\/\/apacame.org.br\/site\/wp-content\/uploads\/2015\/12\/Bee-the-campaign-500x251.jpg 500w, https:\/\/apacame.org.br\/site\/wp-content\/uploads\/2015\/12\/Bee-the-campaign.jpg 922w\" sizes=\"(max-width: 300px) 100vw, 300px\" \/><\/a><\/p>\n<p><span style=\"font-size: large;\"><b>Estrat\u00e9gia em 2 est\u00e1gios<\/b><\/span><\/p>\n<p><span style=\"font-size: large;\"><b>Campanha Multimidia<\/b>(Facebook, Twitter, YouTube, Google+ )<\/span><br \/>\n<span style=\"font-size: large;\"><b>Website<\/b><\/span> <a href=\"http:\/\/www.beethecampaign.org\" target=\"_blank\" rel=\"noopener\">www.beethecampaign.org<\/a><br \/>\n<span style=\"font-size: large;\"><b>Kit da Campanha<\/b><\/span><\/p>\n<p>&nbsp;<\/p>\n<p><span style=\"font-size: large;\"><b>Atualiza\u00e7\u00e3o regular<\/b><\/span><\/p>\n<p><span style=\"font-size: large;\">45\u00ba CONGRESSO INTERNACIONAL DE APICULTURA 2017 &#8211; ISTAMBUL &#8211; TURKIA.<\/span><\/p>\n","protected":false},"excerpt":{"rendered":"<p>ATA DA PRIMEIRA ASSEMBL\u00c9IA DA APIMONDIA \u2013 16\/09\/2015 71 Associa\u00e7\u00f5es filiadas presentes 54 Pa\u00edses representados &nbsp; \u00a0 Admiss\u00e3o de novos membros na APIMONDIA \u2022 Bangladesh Beekeepers\u2019 Association &#8211; BBKA, Bangladesh [&hellip;]<\/p>\n","protected":false},"author":1,"featured_media":0,"parent":867,"menu_order":0,"comment_status":"open","ping_status":"open","template":"","meta":{"pmpro_default_level":"","_price":"","_stock":"","_tribe_ticket_header":"","_tribe_default_ticket_provider":"","_tribe_ticket_capacity":"0","_ticket_start_date":"","_ticket_end_date":"","_tribe_ticket_show_description":"","_tribe_ticket_show_not_going":false,"_tribe_ticket_use_global_stock":"","_tribe_ticket_global_stock_level":"","_global_stock_mode":"","_global_stock_cap":"","_tribe_rsvp_for_event":"","_tribe_ticket_going_count":"","_tribe_ticket_not_going_count":"","_tribe_tickets_list":"[]","_tribe_ticket_has_attendee_info_fields":false,"cybocfi_hide_featured_image":"","footnotes":""},"class_list":["post-974","page","type-page","status-publish","hentry","pmpro-has-access"],"_links":{"self":[{"href":"https:\/\/apacame.org.br\/site\/wp-json\/wp\/v2\/pages\/974"}],"collection":[{"href":"https:\/\/apacame.org.br\/site\/wp-json\/wp\/v2\/pages"}],"about":[{"href":"https:\/\/apacame.org.br\/site\/wp-json\/wp\/v2\/types\/page"}],"author":[{"embeddable":true,"href":"https:\/\/apacame.org.br\/site\/wp-json\/wp\/v2\/users\/1"}],"replies":[{"embeddable":true,"href":"https:\/\/apacame.org.br\/site\/wp-json\/wp\/v2\/comments?post=974"}],"version-history":[{"count":15,"href":"https:\/\/apacame.org.br\/site\/wp-json\/wp\/v2\/pages\/974\/revisions"}],"predecessor-version":[{"id":994,"href":"https:\/\/apacame.org.br\/site\/wp-json\/wp\/v2\/pages\/974\/revisions\/994"}],"up":[{"embeddable":true,"href":"https:\/\/apacame.org.br\/site\/wp-json\/wp\/v2\/pages\/867"}],"wp:attachment":[{"href":"https:\/\/apacame.org.br\/site\/wp-json\/wp\/v2\/media?parent=974"}],"curies":[{"name":"wp","href":"https:\/\/api.w.org\/{rel}","templated":true}]}}