{"id":960,"date":"2015-12-16T02:42:07","date_gmt":"2015-12-16T02:42:07","guid":{"rendered":"http:\/\/apacame.org.br\/site\/?page_id=960"},"modified":"2015-12-16T02:42:07","modified_gmt":"2015-12-16T02:42:07","slug":"eleicao","status":"publish","type":"page","link":"https:\/\/apacame.org.br\/site\/revista\/mensagem-doce-n-134-novembro-de-2015\/eleicao\/","title":{"rendered":"ELEI\u00c7\u00c3O"},"content":{"rendered":"<h1 style=\"text-align: center;\">ELEITO NOVO PRESIDENTE DA APIMONDIA &#8211; Philip McCabe<\/h1>\n<figure id=\"attachment_965\" aria-describedby=\"caption-attachment-965\" style=\"width: 300px\" class=\"wp-caption alignleft\"><a href=\"https:\/\/apacame.org.br\/site\/wp-content\/uploads\/2015\/12\/philip_mccabe_daejong_2015.jpg\"><img fetchpriority=\"high\" decoding=\"async\" class=\"size-medium wp-image-965\" src=\"https:\/\/apacame.org.br\/site\/wp-content\/uploads\/2015\/12\/philip_mccabe_daejong_2015-300x203.jpg\" alt=\"Philip McCabe - Novo Presidente da APIMONDIA\" width=\"300\" height=\"203\" srcset=\"https:\/\/apacame.org.br\/site\/wp-content\/uploads\/2015\/12\/philip_mccabe_daejong_2015-300x203.jpg 300w, https:\/\/apacame.org.br\/site\/wp-content\/uploads\/2015\/12\/philip_mccabe_daejong_2015-150x102.jpg 150w, https:\/\/apacame.org.br\/site\/wp-content\/uploads\/2015\/12\/philip_mccabe_daejong_2015.jpg 447w\" sizes=\"(max-width: 300px) 100vw, 300px\" \/><\/a><figcaption id=\"caption-attachment-965\" class=\"wp-caption-text\">Philip McCabe &#8211; Novo Presidente da APIMONDIA<\/figcaption><\/figure>\n<p><span style=\"font-size: large;\">Estou satisfeito e honrado por ter sido eleito como Presidente da APIMONDIA e eu gostaria de expressar uma palavra especial de agradecimento a todos os membros que participaram dO 44\u00a0APIMONDIA, em Deajeon, Cor\u00e9ia do Sul.<\/span><\/p>\n<p><span style=\"font-size: large;\">Desde 1999 tenho trabalhado com e para a APIMONDIA e estou ansioso para continuar o excelente trabalho realizado pelos meus dois antecessores, Asger\u00a0S\u00f8gaard J\u00f8rgensen\u00a0e Gilles Ratia.\u00a0No nosso 38 Congresso, em Buenos Aires, na Argentina, em 2011, fui eleito como Presidente da Comiss\u00e3o Europeia e eu prometi, em seguida, fortalecer a fam\u00edlia APIMONDIA na Europa. Agora quero estender essa promessa para o mundo.<\/span><\/p>\n<p><span style=\"font-size: large;\">Eu acredito que tenho uma oportunidade hist\u00f3rica para construir um novo e harmonioso di\u00e1logo entre todos n\u00f3s.\u00a0 A APIMONDIA \u00e9 uma organiza\u00e7\u00e3o global e isto significa que os problemas podem ser complexos e inter-relacionados.\u00a0Isto requer uma abordagem global onde ningu\u00e9m \u00e9 exclu\u00eddo.\u00a0Estou ansioso para ajudar a desenvolver parcerias a v\u00e1rios n\u00edveis entre os nossos cientistas e apicultores.\u00a0Devemos explorar formas inovadoras de permitir a divulga\u00e7\u00e3o de informa\u00e7\u00f5es para o benef\u00edcio de todos, que nos ajudar\u00e1 a alcan\u00e7ar resultados sustent\u00e1veis.<\/span><\/p>\n<p><span style=\"font-size: large;\">Adultera\u00e7\u00e3o de mel, OGM, CCD e pesticidas s\u00e3o algumas das quest\u00f5es que precisam ser abordadas com urg\u00eancia.\u00a0No entanto, temos de reconhecer que h\u00e1 uma variedade de opini\u00f5es na comunidade apicola assim que o nosso desafio \u00e9 encontrar uma forma de avan\u00e7ar juntos.\u00a0Alguns membros da APIMONDIA sentem que n\u00e3o tem havido suficiente dire\u00e7\u00e3o dada a estas quest\u00f5es, resultando em um sentimento de impot\u00eancia.<\/span><\/p>\n<p><span style=\"font-size: large;\">Para alcan\u00e7ar o sucesso nossos principais l\u00edderes precisam de di\u00e1logo, inclus\u00e3o e coopera\u00e7\u00e3o. Parcerias precisam basear-se em responsabilidades partilhadas e no respeito m\u00fatuo entre os jogadores.<br \/>\nEstou ansioso para trabalhar com todos os nossos parceiros para a cria\u00e7\u00e3o de uma APIMONDIA mais forte.<\/span><\/p>\n","protected":false},"excerpt":{"rendered":"<p>ELEITO NOVO PRESIDENTE DA APIMONDIA &#8211; Philip McCabe Estou satisfeito e honrado por ter sido eleito como Presidente da APIMONDIA e eu gostaria de expressar uma palavra especial de agradecimento [&hellip;]<\/p>\n","protected":false},"author":1,"featured_media":0,"parent":867,"menu_order":0,"comment_status":"open","ping_status":"open","template":"","meta":{"pmpro_default_level":"","_price":"","_stock":"","_tribe_ticket_header":"","_tribe_default_ticket_provider":"","_tribe_ticket_capacity":"0","_ticket_start_date":"","_ticket_end_date":"","_tribe_ticket_show_description":"","_tribe_ticket_show_not_going":false,"_tribe_ticket_use_global_stock":"","_tribe_ticket_global_stock_level":"","_global_stock_mode":"","_global_stock_cap":"","_tribe_rsvp_for_event":"","_tribe_ticket_going_count":"","_tribe_ticket_not_going_count":"","_tribe_tickets_list":"[]","_tribe_ticket_has_attendee_info_fields":false,"cybocfi_hide_featured_image":"","footnotes":""},"class_list":["post-960","page","type-page","status-publish","hentry","pmpro-has-access"],"_links":{"self":[{"href":"https:\/\/apacame.org.br\/site\/wp-json\/wp\/v2\/pages\/960"}],"collection":[{"href":"https:\/\/apacame.org.br\/site\/wp-json\/wp\/v2\/pages"}],"about":[{"href":"https:\/\/apacame.org.br\/site\/wp-json\/wp\/v2\/types\/page"}],"author":[{"embeddable":true,"href":"https:\/\/apacame.org.br\/site\/wp-json\/wp\/v2\/users\/1"}],"replies":[{"embeddable":true,"href":"https:\/\/apacame.org.br\/site\/wp-json\/wp\/v2\/comments?post=960"}],"version-history":[{"count":7,"href":"https:\/\/apacame.org.br\/site\/wp-json\/wp\/v2\/pages\/960\/revisions"}],"predecessor-version":[{"id":971,"href":"https:\/\/apacame.org.br\/site\/wp-json\/wp\/v2\/pages\/960\/revisions\/971"}],"up":[{"embeddable":true,"href":"https:\/\/apacame.org.br\/site\/wp-json\/wp\/v2\/pages\/867"}],"wp:attachment":[{"href":"https:\/\/apacame.org.br\/site\/wp-json\/wp\/v2\/media?parent=960"}],"curies":[{"name":"wp","href":"https:\/\/api.w.org\/{rel}","templated":true}]}}