{"id":954,"date":"2015-12-16T01:51:09","date_gmt":"2015-12-16T01:51:09","guid":{"rendered":"http:\/\/apacame.org.br\/site\/?page_id=954"},"modified":"2015-12-16T01:51:09","modified_gmt":"2015-12-16T01:51:09","slug":"apimondia-3","status":"publish","type":"page","link":"https:\/\/apacame.org.br\/site\/revista\/mensagem-doce-n-134-novembro-de-2015\/apimondia-3\/","title":{"rendered":"APIMONDIA"},"content":{"rendered":"<h1 style=\"text-align: center;\">Centro Oeste de Minas se destaca mundialmente com pr\u00f3polis verde na\u00a0Apimondia\u00a02015 e traz medalha de ouro para o Brasil:<\/h1>\n<figure id=\"attachment_957\" aria-describedby=\"caption-attachment-957\" style=\"width: 300px\" class=\"wp-caption alignleft\"><a href=\"https:\/\/apacame.org.br\/site\/wp-content\/uploads\/2015\/12\/abelha-concurso.jpg\"><img fetchpriority=\"high\" decoding=\"async\" class=\"size-medium wp-image-957\" src=\"https:\/\/apacame.org.br\/site\/wp-content\/uploads\/2015\/12\/abelha-concurso-300x225.jpg\" alt=\"Fot\u00f3grafo premiado \u00e9 C\u00e9zar Ramos J\u00fanior Apicultor e S\u00f3cio Diretor da empresa Natucentro Pr\u00f3polis Local: Api\u00e1rios do C\u00e9zar - Bambu\u00ed - Minas Gerais\" width=\"300\" height=\"225\" srcset=\"https:\/\/apacame.org.br\/site\/wp-content\/uploads\/2015\/12\/abelha-concurso-300x225.jpg 300w, https:\/\/apacame.org.br\/site\/wp-content\/uploads\/2015\/12\/abelha-concurso-150x113.jpg 150w, https:\/\/apacame.org.br\/site\/wp-content\/uploads\/2015\/12\/abelha-concurso-500x375.jpg 500w, https:\/\/apacame.org.br\/site\/wp-content\/uploads\/2015\/12\/abelha-concurso.jpg 685w\" sizes=\"(max-width: 300px) 100vw, 300px\" \/><\/a><figcaption id=\"caption-attachment-957\" class=\"wp-caption-text\">Fot\u00f3grafo premiado \u00e9 C\u00e9zar Ramos J\u00fanior Apicultor e S\u00f3cio Diretor da empresa Natucentro Pr\u00f3polis<br \/>Local: Api\u00e1rios do C\u00e9zar &#8211; Bambu\u00ed &#8211; Minas Gerais<\/figcaption><\/figure>\n<p><span style=\"font-size: large;\">Aconteceu de 15 \u00e0 20 de Setembro na cidade Daejeon, na \u00a0Cor\u00e9ia do Sul a 44\u00aa edi\u00e7\u00e3o daApimondia, principal evento mundial de apicultura \u00a0e o Brasil est\u00e1 super bem representado pela Natucentro Propolis, empresa de \u00a0Bambui (Centro-Oeste de Minas Gerais) e fazendo bonito para o mundo atrav\u00e9s de seu S\u00f3cio-Diretor e apicultor Cezar Ramos Jr. e a respons\u00e1vel pelo desenvolvimento de a\u00e7\u00f5es \u00a0promo\u00e7\u00e3o comercial \u00a0internacional Bianca D\u00e2maso, promovendo a pr\u00f3polis verde brasileira.<\/span><\/p>\n<p><span style=\"font-size: large;\">Entre as novidades, o destaque \u00e9 a conquista da Medalha de Ouro e Prata, no concurso World Beekeeping Awards\u00a0Apimondia\u00a02015 em duas categorias respectivamente: Ouro: Melhor foto no concurso de fotografias apresentando a abelha coletando resina na planta alecrim para produ\u00e7\u00e3o de pr\u00f3polis verde e prata: Melhor v\u00eddeo apresentando o processo de produ\u00e7\u00e3o da pr\u00f3polis verde.<\/span><\/p>\n<p><span style=\"font-size: large;\">Assim, o Brasil mostra mais uma vez que n\u00e3o se intimida frente a milhares de concorrentes de diversas partes do mundo e que a vit\u00f3ria vem atrav\u00e9s de muita compet\u00eancia e trabalho, e posiciona o pa\u00eds com a pr\u00f3polis verde frente \u00e0 diversas culturas e povos.<\/span><\/p>\n<p><span style=\"font-size: large;\">A pr\u00f3polis verde tem descortinado a aten\u00e7\u00e3o de diversos pa\u00edses do mundo em especial do Jap\u00e3o,que h\u00e1 mais de 30 anos desenvolve pesquisas e estudos cient\u00edficos sobre as propriedades funcionais do produto para aux\u00edlio no tratamento de v\u00e1rias doen\u00e7as destacando a inibi\u00e7\u00e3o de crescimento de tumores cancer\u00edgenos.<\/span><\/p>\n","protected":false},"excerpt":{"rendered":"<p>Centro Oeste de Minas se destaca mundialmente com pr\u00f3polis verde na\u00a0Apimondia\u00a02015 e traz medalha de ouro para o Brasil: Aconteceu de 15 \u00e0 20 de Setembro na cidade Daejeon, na [&hellip;]<\/p>\n","protected":false},"author":1,"featured_media":0,"parent":867,"menu_order":0,"comment_status":"open","ping_status":"open","template":"","meta":{"pmpro_default_level":"","_price":"","_stock":"","_tribe_ticket_header":"","_tribe_default_ticket_provider":"","_tribe_ticket_capacity":"0","_ticket_start_date":"","_ticket_end_date":"","_tribe_ticket_show_description":"","_tribe_ticket_show_not_going":false,"_tribe_ticket_use_global_stock":"","_tribe_ticket_global_stock_level":"","_global_stock_mode":"","_global_stock_cap":"","_tribe_rsvp_for_event":"","_tribe_ticket_going_count":"","_tribe_ticket_not_going_count":"","_tribe_tickets_list":"[]","_tribe_ticket_has_attendee_info_fields":false,"cybocfi_hide_featured_image":"","footnotes":""},"class_list":["post-954","page","type-page","status-publish","hentry","pmpro-has-access"],"_links":{"self":[{"href":"https:\/\/apacame.org.br\/site\/wp-json\/wp\/v2\/pages\/954"}],"collection":[{"href":"https:\/\/apacame.org.br\/site\/wp-json\/wp\/v2\/pages"}],"about":[{"href":"https:\/\/apacame.org.br\/site\/wp-json\/wp\/v2\/types\/page"}],"author":[{"embeddable":true,"href":"https:\/\/apacame.org.br\/site\/wp-json\/wp\/v2\/users\/1"}],"replies":[{"embeddable":true,"href":"https:\/\/apacame.org.br\/site\/wp-json\/wp\/v2\/comments?post=954"}],"version-history":[{"count":3,"href":"https:\/\/apacame.org.br\/site\/wp-json\/wp\/v2\/pages\/954\/revisions"}],"predecessor-version":[{"id":958,"href":"https:\/\/apacame.org.br\/site\/wp-json\/wp\/v2\/pages\/954\/revisions\/958"}],"up":[{"embeddable":true,"href":"https:\/\/apacame.org.br\/site\/wp-json\/wp\/v2\/pages\/867"}],"wp:attachment":[{"href":"https:\/\/apacame.org.br\/site\/wp-json\/wp\/v2\/media?parent=954"}],"curies":[{"name":"wp","href":"https:\/\/api.w.org\/{rel}","templated":true}]}}