{"id":926,"date":"2015-12-16T01:09:11","date_gmt":"2015-12-16T01:09:11","guid":{"rendered":"http:\/\/apacame.org.br\/site\/?page_id=926"},"modified":"2015-12-16T23:52:28","modified_gmt":"2015-12-16T23:52:28","slug":"apimondia-2","status":"publish","type":"page","link":"https:\/\/apacame.org.br\/site\/revista\/mensagem-doce-n-134-novembro-de-2015\/apimondia-2\/","title":{"rendered":"APIMONDIA"},"content":{"rendered":"<h1 style=\"text-align: center;\" align=\"center\">Brasil na Apimondia: empresas ap\u00edcolas fecham neg\u00f3cios no valor de US$ 5,4 mi<\/h1>\n<p><span style=\"font-size: large;\"><a href=\"https:\/\/apacame.org.br\/site\/wp-content\/uploads\/2015\/12\/Estande_abemel.jpg\"><img fetchpriority=\"high\" decoding=\"async\" class=\"alignleft size-medium wp-image-943\" src=\"https:\/\/apacame.org.br\/site\/wp-content\/uploads\/2015\/12\/Estande_abemel-300x225.jpg\" alt=\"Estande_abemel\" width=\"300\" height=\"225\" srcset=\"https:\/\/apacame.org.br\/site\/wp-content\/uploads\/2015\/12\/Estande_abemel-300x225.jpg 300w, https:\/\/apacame.org.br\/site\/wp-content\/uploads\/2015\/12\/Estande_abemel-150x112.jpg 150w, https:\/\/apacame.org.br\/site\/wp-content\/uploads\/2015\/12\/Estande_abemel-500x374.jpg 500w, https:\/\/apacame.org.br\/site\/wp-content\/uploads\/2015\/12\/Estande_abemel.jpg 709w\" sizes=\"(max-width: 300px) 100vw, 300px\" \/><\/a><\/span><br \/>\n&nbsp;<br \/>\n<span style=\"font-size: large;\">A participa\u00e7\u00e3o brasileira na 44\u00aa Apimondia, na Coreia do Sul, foi coroada de sucesso. Os empres\u00e1rios do setor ap\u00edcola nacional que participaram da feira fecharam neg\u00f3cios no montante de US$ 5,4 milh\u00f5es durante os cinco dias do evento, de 15 a 20 de setembro. Os contatos comerciais feitos com mais de 30 pa\u00edses devem gerar nos pr\u00f3ximos 12 meses neg\u00f3cios da ordem de US$ 9,5 milh\u00f5es. <\/span><\/p>\n<p><span style=\"font-size: large;\">A presen\u00e7a dos expositores brasileiros na Apimondia, principal evento da apicultura mundial, \u00e9 uma iniciativa da Associa\u00e7\u00e3o Brasileira dos Exportadores de Mel (ABEMEL) com o apoio da Ag\u00eancia Brasileira de Promo\u00e7\u00e3o de Exporta\u00e7\u00f5es e Investimentos (Apex-Brasil), parceira no Projeto Brazil Let\u00b4s Bee. <\/span><\/p>\n<p><span style=\"font-size: large;\">O Brasil teve atua\u00e7\u00e3o importante no Workshop on Standartization of Propolis. A farmac\u00eautica e diretora da Essenciale, N\u00edvia Alcici, atuou como moderadora e apresentadora no workshop, destacando as propriedades da pr\u00f3polis brasileira. A mesa-redonda contou com representantes do Seul Medical Center e da Global and Korean Propolis Industry, al\u00e9m de integrantes da \u00e1rea acad\u00eamica e cientistas. \u201cFiquei muito feliz em participar desse workshop e ver que a pr\u00f3polis brasileira foi reconhecida como uma das melhores do mundo\u201d, disse N\u00edvia.<\/span><\/p>\n<p><span style=\"font-size: large;\"><b>Saiba mais sobre o projeto Brazil Let\u2019s Bee<\/b><\/span><\/p>\n<p><span style=\"font-size: large;\">O Projeto Brazil Let&#8217;s Bee \u00e9 uma parceria bem-sucedida entre a Associa\u00e7\u00e3o Brasileira de Exportadores de Mel (ABEMEL) e Ag\u00eancia Brasileira de Promo\u00e7\u00e3o de Exporta\u00e7\u00f5es e Investimentos (Apex-Brasil), que incentiva as empresas exportadoras a cruzarem fronteiras. As condi\u00e7\u00f5es encontradas no Brasil &#8211; clima, o solo, a altitude, floradas e gen\u00e9tica das abelhas &#8211; permitem uma produ\u00e7\u00e3o de produtos livres de res\u00edduos, caracter\u00edstica peculiar brasileira. Al\u00e9m disso, gra\u00e7as a esses recursos naturais, o Brasil \u00e9 capaz de produzir mel durante todo o ano. Estas distin\u00e7\u00f5es e rigoroso controle de qualidade fazem apicultura brasileira, o 10 \u00ba maior exportador do mundo.<\/span><\/p>\n","protected":false},"excerpt":{"rendered":"<p>Brasil na Apimondia: empresas ap\u00edcolas fecham neg\u00f3cios no valor de US$ 5,4 mi &nbsp; A participa\u00e7\u00e3o brasileira na 44\u00aa Apimondia, na Coreia do Sul, foi coroada de sucesso. Os empres\u00e1rios [&hellip;]<\/p>\n","protected":false},"author":1,"featured_media":0,"parent":867,"menu_order":0,"comment_status":"open","ping_status":"open","template":"","meta":{"pmpro_default_level":"","_price":"","_stock":"","_tribe_ticket_header":"","_tribe_default_ticket_provider":"","_tribe_ticket_capacity":"0","_ticket_start_date":"","_ticket_end_date":"","_tribe_ticket_show_description":"","_tribe_ticket_show_not_going":false,"_tribe_ticket_use_global_stock":"","_tribe_ticket_global_stock_level":"","_global_stock_mode":"","_global_stock_cap":"","_tribe_rsvp_for_event":"","_tribe_ticket_going_count":"","_tribe_ticket_not_going_count":"","_tribe_tickets_list":"[]","_tribe_ticket_has_attendee_info_fields":false,"cybocfi_hide_featured_image":"","footnotes":""},"class_list":["post-926","page","type-page","status-publish","hentry","pmpro-has-access"],"_links":{"self":[{"href":"https:\/\/apacame.org.br\/site\/wp-json\/wp\/v2\/pages\/926"}],"collection":[{"href":"https:\/\/apacame.org.br\/site\/wp-json\/wp\/v2\/pages"}],"about":[{"href":"https:\/\/apacame.org.br\/site\/wp-json\/wp\/v2\/types\/page"}],"author":[{"embeddable":true,"href":"https:\/\/apacame.org.br\/site\/wp-json\/wp\/v2\/users\/1"}],"replies":[{"embeddable":true,"href":"https:\/\/apacame.org.br\/site\/wp-json\/wp\/v2\/comments?post=926"}],"version-history":[{"count":23,"href":"https:\/\/apacame.org.br\/site\/wp-json\/wp\/v2\/pages\/926\/revisions"}],"predecessor-version":[{"id":1065,"href":"https:\/\/apacame.org.br\/site\/wp-json\/wp\/v2\/pages\/926\/revisions\/1065"}],"up":[{"embeddable":true,"href":"https:\/\/apacame.org.br\/site\/wp-json\/wp\/v2\/pages\/867"}],"wp:attachment":[{"href":"https:\/\/apacame.org.br\/site\/wp-json\/wp\/v2\/media?parent=926"}],"curies":[{"name":"wp","href":"https:\/\/api.w.org\/{rel}","templated":true}]}}