{"id":874,"date":"2015-12-14T19:47:03","date_gmt":"2015-12-14T19:47:03","guid":{"rendered":"http:\/\/apacame.org.br\/site\/?page_id=874"},"modified":"2015-12-14T19:48:25","modified_gmt":"2015-12-14T19:48:25","slug":"o-ano-de-2015-ja-era","status":"publish","type":"page","link":"https:\/\/apacame.org.br\/site\/revista\/mensagem-doce-n-134-novembro-de-2015\/o-ano-de-2015-ja-era\/","title":{"rendered":"Editorial"},"content":{"rendered":"<h1 align=\"center\">O ANO DE 2015 J\u00c1 ERA!!!!<\/h1>\n<p><span style=\"font-size: large;\">Meus queridos amigos Apicultores e Meliponicultores, mais um ano chega ao seu fim e, 2015, podemos dizer, foi um ano de grandes realiza\u00e7\u00f5es. Inegavelmente vivemos um ano at\u00edpico e de muitas dificuldades. Dificuldades no setor econ\u00f4mico, resultado dos grav\u00edssimos problemas pol\u00edticos, de corrup\u00e7\u00e3o, de \u00e9tica, de moral nunca antes visto neste pa\u00eds.<\/span><\/p>\n<p><span style=\"font-size: large;\">Mas, a APACAME n\u00e3o se deixou abater e tivemos um ano positivo com a realiza\u00e7\u00e3o de Cursos de Apicultura, Nove Encontros mensais de Apicultores e Meliponicultores que trataram de assuntos relativos a manejo, somado \u00e0s excelentes Palestras proferidas nas referidas reuni\u00f5es.<\/span><\/p>\n<p><span style=\"font-size: large;\">Fechamos o ano com \u201cChave de Ouro\u201d com a organiza\u00e7\u00e3o da Delega\u00e7\u00e3o que participou do 44\u00ba Congresso Internacional de Apicultura, realizado pela APIMONDIA, na cidade de Deajeon, na Coreia do Sul, o qual \u00e9 objeto de publica\u00e7\u00e3o nesta edi\u00e7\u00e3o.<\/span><\/p>\n<p><span style=\"font-size: large;\">Os Entrepostos est\u00e3o exportando a todo vapor aproveitando a desvaloriza\u00e7\u00e3o do Real e o pre\u00e7o do mel no mercado internacional que se encontra bem alto, e isto, reflete no pre\u00e7o do mel recebido pelos apicultores.<\/span><\/p>\n<p><span style=\"font-size: large;\">De outro lado, como reflexo das dificuldades econ\u00f4micas que atinge diversos Estados, inclusive o Estado de S\u00e3o Paulo, tivemos que alterar o hor\u00e1rio de in\u00edcio das nossas reuni\u00f5es mensais para as 18h00, pois a Secretaria do Meio Ambiente, respons\u00e1vel pelos Parques Urbanos da Cidade de S\u00e3o Paulo, por economia, determinou que todos os Parques encerrassem suas atividades \u00e0s 20h00.<\/span><\/p>\n<p><span style=\"font-size: large;\">N\u00e3o vamos desanimar com isso e continuar a realizar as nossas reuni\u00f5es mensais como ocorre nos \u00faltimos 36 anos.<\/span><\/p>\n<p><span style=\"font-size: large;\">Quero aproveitar esta edi\u00e7\u00e3o de novembro para desejar um Feliz Natal e um Ano de 2016 cheio de sa\u00fade e prosperidade a todos nossos amigos, associados e seus familiares.<\/span><\/p>\n<p><span style=\"font-size: large;\">Ali\u00e1s, a APACAME j\u00e1 est\u00e1 se organizando para participar do 21\u00ba Congresso Brasileiro de Apicultura e 7\u00ba Congresso Brasileiro de Meliponicultura que ser\u00e1 realizado entre os dias 04 e 06 de maio de 2016, na cidade de Fortaleza, no Cear\u00e1, pois o ano de 2015 j\u00e1 era.<\/span><\/p>\n<p style=\"text-align: right;\"><strong><em>Constantino Zara Filho \u2013 Presidente Executivo<\/em><\/strong><\/p>\n","protected":false},"excerpt":{"rendered":"<p>O ANO DE 2015 J\u00c1 ERA!!!! Meus queridos amigos Apicultores e Meliponicultores, mais um ano chega ao seu fim e, 2015, podemos dizer, foi um ano de grandes realiza\u00e7\u00f5es. Inegavelmente [&hellip;]<\/p>\n","protected":false},"author":1,"featured_media":0,"parent":867,"menu_order":0,"comment_status":"open","ping_status":"open","template":"","meta":{"pmpro_default_level":"","_price":"","_stock":"","_tribe_ticket_header":"","_tribe_default_ticket_provider":"","_tribe_ticket_capacity":"0","_ticket_start_date":"","_ticket_end_date":"","_tribe_ticket_show_description":"","_tribe_ticket_show_not_going":false,"_tribe_ticket_use_global_stock":"","_tribe_ticket_global_stock_level":"","_global_stock_mode":"","_global_stock_cap":"","_tribe_rsvp_for_event":"","_tribe_ticket_going_count":"","_tribe_ticket_not_going_count":"","_tribe_tickets_list":"[]","_tribe_ticket_has_attendee_info_fields":false,"cybocfi_hide_featured_image":"","footnotes":""},"class_list":["post-874","page","type-page","status-publish","hentry","pmpro-has-access"],"_links":{"self":[{"href":"https:\/\/apacame.org.br\/site\/wp-json\/wp\/v2\/pages\/874"}],"collection":[{"href":"https:\/\/apacame.org.br\/site\/wp-json\/wp\/v2\/pages"}],"about":[{"href":"https:\/\/apacame.org.br\/site\/wp-json\/wp\/v2\/types\/page"}],"author":[{"embeddable":true,"href":"https:\/\/apacame.org.br\/site\/wp-json\/wp\/v2\/users\/1"}],"replies":[{"embeddable":true,"href":"https:\/\/apacame.org.br\/site\/wp-json\/wp\/v2\/comments?post=874"}],"version-history":[{"count":5,"href":"https:\/\/apacame.org.br\/site\/wp-json\/wp\/v2\/pages\/874\/revisions"}],"predecessor-version":[{"id":879,"href":"https:\/\/apacame.org.br\/site\/wp-json\/wp\/v2\/pages\/874\/revisions\/879"}],"up":[{"embeddable":true,"href":"https:\/\/apacame.org.br\/site\/wp-json\/wp\/v2\/pages\/867"}],"wp:attachment":[{"href":"https:\/\/apacame.org.br\/site\/wp-json\/wp\/v2\/media?parent=874"}],"curies":[{"name":"wp","href":"https:\/\/api.w.org\/{rel}","templated":true}]}}