{"id":729,"date":"2015-10-05T17:43:19","date_gmt":"2015-10-05T17:43:19","guid":{"rendered":"http:\/\/apacame.org.br\/site\/?page_id=729"},"modified":"2015-10-05T17:45:41","modified_gmt":"2015-10-05T17:45:41","slug":"artigo6","status":"publish","type":"page","link":"https:\/\/apacame.org.br\/site\/revista\/mensagem-doce-n-133-setembro-de-2015\/artigo6\/","title":{"rendered":"Artigo"},"content":{"rendered":"<h1 style=\"text-align: center;\" align=\"center\">Pesquisa indica pr\u00e1ticas de manejo que melhoram<br \/>\na cria\u00e7\u00e3o de abelhas<br \/>\nsem ferr\u00e3o<\/h1>\n<h5 align=\"justify\"><strong><em>Elton Alisson\u00a0|\u00a0Ag\u00eancia FAPESP\u00a0\u2013<\/em> <\/strong><\/h5>\n<p align=\"justify\">A alimenta\u00e7\u00e3o suplementar de abelhas sem ferr\u00e3o com xarope de a\u00e7\u00facar ou de mel durante per\u00edodos de seca possibilita aos apicultores multiplicar um maior n\u00famero de col\u00f4nias e, consequentemente, aumentar a produtividade e a gera\u00e7\u00e3o de renda proveniente da comercializa\u00e7\u00e3o de produtos de abelhas nativas.<\/p>\n<p align=\"justify\">A constata\u00e7\u00e3o, publicada na revista\u00a0PLoS One, foi feita por pesquisadores do Instituto de Bioci\u00eancias da Universidade de S\u00e3o Paulo (USP) no \u00e2mbito do projeto\u00a0\u201cPromovendo a meliponicultura para alcan\u00e7ar um desenvolvimento rural sustent\u00e1vel\u201d, apoiado pela FAPESP.<\/p>\n<p align=\"justify\">\u201cObservamos que os meliponicultores [criadores de abelhas sem ferr\u00e3o] que alimentam suas col\u00f4nias com xarope de a\u00e7\u00facar ou mel de abelhas\u00a0Apis mellifera\u00a0em per\u00edodos de seca t\u00eam maior n\u00famero de col\u00f4nias e conseguem multiplic\u00e1-las mais do que os criadores que n\u00e3o adotam essa pr\u00e1tica\u201d, disse Rodolfo Jaff\u00e9 Ribbi, p\u00f3s-doutorando no Laborat\u00f3rio de Abelhas do Departamento de Ecologia do ICB e primeiro autor da pesquisa, \u00e0\u00a0Ag\u00eancia FAPESP.<\/p>\n<p align=\"justify\">Uma das hip\u00f3teses levantadas pelos pesquisadores para explicar o efeito da suplementa\u00e7\u00e3o alimentar na produtividade das col\u00f4nias de abelhas sem ferr\u00e3o \u00e9 que a pr\u00e1tica possibilita assegurar a sobreviv\u00eancia dos insetos em per\u00edodos secos, quando os recursos florais s\u00e3o escassos ou indispon\u00edveis.<\/p>\n<p align=\"justify\">Dessa forma, as abelhas t\u00eam maiores condi\u00e7\u00f5es de se reproduzir e, consequentemente, de aumentar o n\u00famero de col\u00f4nias e produzir mais mel durante as esta\u00e7\u00f5es mais \u00famidas.<\/p>\n<p align=\"justify\">\u201cOs apicultores que mant\u00eam suas abelhas pr\u00f3ximas de \u00e1reas com vegeta\u00e7\u00e3o nativa tamb\u00e9m obt\u00eam mais col\u00f4nias, o que corrobora a hip\u00f3tese de que a disponibilidade de recursos naturais influencia o crescimento e o sucesso da multiplica\u00e7\u00e3o das col\u00f4nias\u201d, explicou Jaff\u00e9, que realizou o estudo sob a orienta\u00e7\u00e3o da professora do ICB-USP Vera Lucia Imperatriz-Fonseca.<\/p>\n<p align=\"justify\">O estudo tamb\u00e9m teve a participa\u00e7\u00e3o de pesquisadores da Empresa Brasileira de Pesquisa Agropecu\u00e1ria (Embrapa), do Instituto Nacional de Pesquisas da Amaz\u00f4nia (Inpa), das universidades federais Rural do Semi\u00e1rido (Ufersa), do Rec\u00f4ncavo da Bahia (UFRB) e do Cear\u00e1 (UFC), da Pontif\u00edcia Universidade Cat\u00f3lica do Rio Grande do Sul (PUC-RS) e da University of Texas em Austin, nos Estados Unidos.<\/p>\n<p align=\"center\">Armadilhas com vinagre<\/p>\n<p align=\"justify\">Os pesquisadores identificaram durante o estudo \u2013 feito com base em entrevistas com 251 meliponicultores, espalhados por 20 estados brasileiros \u2013 que, al\u00e9m da alimenta\u00e7\u00e3o suplementar, tamb\u00e9m h\u00e1 diversas outras pr\u00e1ticas de manejo de abelhas sem ferr\u00e3o que resultam no aumento da produtividade e da renda proveniente da comercializa\u00e7\u00e3o de mel e de col\u00f4nias pelos criadores desses insetos polinizadores.<\/p>\n<p align=\"justify\">Uma dessas t\u00e9cnicas, segundo eles, \u00e9 o uso de armadilhas com vinagre para controlar a infesta\u00e7\u00e3o das col\u00f4nias por moscas for\u00eddeas.<\/p>\n<p align=\"justify\">Semelhantes \u00e0s moscas-das-frutas, essas pequenas moscas, da fam\u00edlia\u00a0Phoridae, representam uma das pragas mais devastadoras de col\u00f4nias de abelhas sem ferr\u00e3o.<\/p>\n<p align=\"justify\">Atra\u00eddas pelo odor do p\u00f3len armazenado nas col\u00f4nias, essas moscas entram nos ninhos e colocam centenas de ovos. \u201cAs larvas das moscas diminuem a disponibilidade de alimento das col\u00f4nias, causando danos consider\u00e1veis ou at\u00e9 mesmo a destrui\u00e7\u00e3o delas\u201d, disse Jaff\u00e9.<\/p>\n<p align=\"justify\">A fim de controlar a infesta\u00e7\u00e3o, alguns apicultores colocam dentro das col\u00f4nias recipientes \u2013 como um saleiro com vinagre e tampado com pequenos furos \u2013 que possibilitam a entrada somente de moscas for\u00eddeas.<\/p>\n<p align=\"justify\">O odor do vinagre atrai as moscas parasitas. Ao entrar no recipiente, os insetos acabam morrendo afogados, explicou Jaff\u00e9.<\/p>\n<p align=\"justify\">\u201cConstatamos que os apicultores que empregam essas armadilhas com vinagre tamb\u00e9m t\u00eam um maior n\u00famero de col\u00f4nias do que os criadores que n\u00e3o adotam essa pr\u00e1tica, mostrando que h\u00e1 uma rela\u00e7\u00e3o entre o uso dessas armadilhas e o crescimento e sobreviv\u00eancia das col\u00f4nias\u201d, afirmou.<\/p>\n<p align=\"justify\">Os pesquisadores tamb\u00e9m observaram que os apicultores que inspecionam suas col\u00f4nias frequentemente s\u00e3o capazes de reduzir o n\u00famero de col\u00f4nias perdidas, provavelmente porque conseguem detectar infesta\u00e7\u00f5es de moscas for\u00eddeas antes que se tornem um problema incontrol\u00e1vel.<\/p>\n<p align=\"justify\">Al\u00e9m disso, tamb\u00e9m podem fortalecer col\u00f4nias fracas com abelhas oper\u00e1rias e ninhadas mais fortes e fornecer alimenta\u00e7\u00e3o suplementar, se for necess\u00e1rio.<\/p>\n<p align=\"justify\">\u201cAs col\u00f4nias dos criadores que fazem inspe\u00e7\u00f5es mais frequentemente, pelo menos a cada quinzena, t\u00eam uma taxa de sobreviv\u00eancia maior. J\u00e1 as col\u00f4nias dos apicultores que s\u00f3 as inspecionam uma vez por ano ou a cada seis meses, por exemplo, t\u00eam mortalidade maior\u201d, comparou Jaff\u00e9.<\/p>\n<p align=\"justify\">O m\u00e9todo de extra\u00e7\u00e3o do mel tamb\u00e9m influencia as perdas de col\u00f4nias, apontam os pesquisadores. Os apicultores que coletam mel furando os potes de mel \u2013 recipientes de cera com forma de ovos \u2013 e, em seguida, os colocam de ponta-cabe\u00e7a para o produto escorrer, por gravidade, n\u00e3o s\u00f3 matam uma parcela maior da popula\u00e7\u00e3o de abelhas oper\u00e1rias, como tamb\u00e9m tornam as col\u00f4nias mais atrativas para as moscas for\u00eddeas.<\/p>\n<p align=\"justify\">Isso porque durante a extra\u00e7\u00e3o do mel o p\u00f3len da col\u00f4nia fica exposto, atraindo as moscas for\u00eddeas. \u201cA extra\u00e7\u00e3o do mel da col\u00f4nia usando uma seringa pl\u00e1stica ou um sugador a motor causa menor danos \u00e0s abelhas e faz com que os estoques de p\u00f3len permane\u00e7am intocados. Dessa forma, as perdas das col\u00f4nias s\u00e3o muito menores\u201d, explicou Jaff\u00e9.<\/p>\n<p align=\"center\">Pouco tecnificados<\/p>\n<p align=\"justify\">De acordo com Jaff\u00e9, apesar das t\u00e9cnicas de manejo de abelhas sem ferr\u00e3o identificadas no estudo serem baratas e relativamente simples de serem implementadas, a maior parte dos meliponicultores no pa\u00eds desconhece a exist\u00eancia delas.<\/p>\n<p align=\"justify\">\u201cA grande maioria dos meliponicultores no pa\u00eds n\u00e3o aplica muita tecnologia. Com uma boa divulga\u00e7\u00e3o e treinamento seria poss\u00edvel os meliponicultores adotarem essas pr\u00e1ticas e aumentar substancialmente a produtividade e a renda\u201d, disse.<\/p>\n<p align=\"justify\">Estima-se que h\u00e1 no Brasil, aproximadamente, 5 mil meliponicultores, distribu\u00eddos por diferentes regi\u00f5es do pa\u00eds. A maioria dos 251 entrevistados no estudo \u00e9 do Sudeste e do Nordeste, duas grandes regi\u00f5es produtoras de mel e de col\u00f4nias de abelhas sem ferr\u00e3o.<\/p>\n<p align=\"justify\">\u201cOs apicultores que entrevistamos t\u00eam perfis bastante diversificados. S\u00e3o desde meliponicultores rurais, sem alfabetiza\u00e7\u00e3o e poucos tecnificados, at\u00e9 criadores comerciais, que possuem mais de 3 mil col\u00f4nias de abelhas sem ferr\u00e3o\u201d, comparou Jaff\u00e9.<\/p>\n<p align=\"justify\">Os produtores mais tecnificados identificados no estudo t\u00eam, em m\u00e9dia, maior n\u00edvel educacional e multiplicam suas col\u00f4nias \u2013 tamb\u00e9m considerada uma pr\u00e1tica fundamental para aumentar o plantel de abelhas e n\u00e3o depender somente de col\u00f4nias extra\u00eddas da natureza. Al\u00e9m disso, tamb\u00e9m contam com uma grande rede de contato com outros meliponicultores.<\/p>\n<p align=\"justify\">\u201cA rede de contato com outros meliponicultores \u00e9 importante para trocar conhecimento e informa\u00e7\u00f5es sobre pr\u00e1ticas de manejo e at\u00e9 mesmo para ajudar a comercializar os produtos. Mas a maioria dos meliponicultores no pa\u00eds ainda n\u00e3o tem acesso \u00e0 internet\u201d, ponderou Jaff\u00e9.<\/p>\n<p align=\"justify\">Em m\u00e9dia, os criadores participantes do estudo possuem cerca de 50 col\u00f4nias e vendem aproximadamente 20 litros de mel por ano, embora alguns consigam obter mais de 200 litros por ano.<\/p>\n<p align=\"justify\">As principais esp\u00e9cies de abelhas sem ferr\u00e3o criadas por eles s\u00e3o a jata\u00ed (Tetragonisca angustula) e a manda\u00e7aia (Melipona quadrifasciata)Lepeletier), muito comuns na regi\u00e3o Sudeste do pa\u00eds. \u201cNo Nordeste, as esp\u00e9cies criadas mais comuns s\u00e3o a janda\u00edra (Melipona subnitida duke) e a uru\u00e7u (Melipona scutellaris)\u201d, disse Ribbi<\/p>\n","protected":false},"excerpt":{"rendered":"<p>Pesquisa indica pr\u00e1ticas de manejo que melhoram a cria\u00e7\u00e3o de abelhas sem ferr\u00e3o Elton Alisson\u00a0|\u00a0Ag\u00eancia FAPESP\u00a0\u2013 A alimenta\u00e7\u00e3o suplementar de abelhas sem ferr\u00e3o com xarope de a\u00e7\u00facar ou de mel [&hellip;]<\/p>\n","protected":false},"author":1,"featured_media":0,"parent":595,"menu_order":0,"comment_status":"open","ping_status":"open","template":"","meta":{"pmpro_default_level":"","_price":"","_stock":"","_tribe_ticket_header":"","_tribe_default_ticket_provider":"","_tribe_ticket_capacity":"0","_ticket_start_date":"","_ticket_end_date":"","_tribe_ticket_show_description":"","_tribe_ticket_show_not_going":false,"_tribe_ticket_use_global_stock":"","_tribe_ticket_global_stock_level":"","_global_stock_mode":"","_global_stock_cap":"","_tribe_rsvp_for_event":"","_tribe_ticket_going_count":"","_tribe_ticket_not_going_count":"","_tribe_tickets_list":"[]","_tribe_ticket_has_attendee_info_fields":false,"cybocfi_hide_featured_image":"","footnotes":""},"class_list":["post-729","page","type-page","status-publish","hentry","pmpro-has-access"],"_links":{"self":[{"href":"https:\/\/apacame.org.br\/site\/wp-json\/wp\/v2\/pages\/729"}],"collection":[{"href":"https:\/\/apacame.org.br\/site\/wp-json\/wp\/v2\/pages"}],"about":[{"href":"https:\/\/apacame.org.br\/site\/wp-json\/wp\/v2\/types\/page"}],"author":[{"embeddable":true,"href":"https:\/\/apacame.org.br\/site\/wp-json\/wp\/v2\/users\/1"}],"replies":[{"embeddable":true,"href":"https:\/\/apacame.org.br\/site\/wp-json\/wp\/v2\/comments?post=729"}],"version-history":[{"count":3,"href":"https:\/\/apacame.org.br\/site\/wp-json\/wp\/v2\/pages\/729\/revisions"}],"predecessor-version":[{"id":732,"href":"https:\/\/apacame.org.br\/site\/wp-json\/wp\/v2\/pages\/729\/revisions\/732"}],"up":[{"embeddable":true,"href":"https:\/\/apacame.org.br\/site\/wp-json\/wp\/v2\/pages\/595"}],"wp:attachment":[{"href":"https:\/\/apacame.org.br\/site\/wp-json\/wp\/v2\/media?parent=729"}],"curies":[{"name":"wp","href":"https:\/\/api.w.org\/{rel}","templated":true}]}}