{"id":693,"date":"2015-10-05T15:46:01","date_gmt":"2015-10-05T15:46:01","guid":{"rendered":"http:\/\/apacame.org.br\/site\/?page_id=693"},"modified":"2015-10-05T16:16:22","modified_gmt":"2015-10-05T16:16:22","slug":"artigo4","status":"publish","type":"page","link":"https:\/\/apacame.org.br\/site\/revista\/mensagem-doce-n-133-setembro-de-2015\/artigo4\/","title":{"rendered":"Artigo"},"content":{"rendered":"<h1 style=\"text-align: center;\" align=\"left\">A Pr\u00e1tica de roubo nas comunidades das abelhas Nativas<\/h1>\n<h6><em>Harold Brand &#8211; Bi\u00f3logo, Meliponicultor e Consultor da APA<br \/>\nE-mail: <a href=\"mailto:denisebrandsano@hotmail.com\">denisebrandsano@hotmail.com<\/a><\/em><\/h6>\n<p align=\"left\">A imagem da abelha na nossa cultura \u00e9 de um ser extremamente laborioso, organizado, elo importante no equil\u00edbrio da natureza. Fica dif\u00edcil de aceitar que entre elas exista o h\u00e1bito de roubo e at\u00e9 guerra de exterm\u00ednio.<\/p>\n<p align=\"left\">Estudando algumas dessas atitudes n\u00e3o podemos deixar de associar muitos dos exemplos com as da sociedade humana, as semelhan\u00e7as algumas vezes s\u00e3o assustadoras.<\/p>\n<p align=\"left\">Ao longo dos anos no manejo das abelhas nativas nos melipon\u00e1rios e das pesquisas em campo pudemos colher muitos relatos e observa\u00e7\u00f5es diretas de exemplos violentos de exterm\u00ednio, saques e roubo muito sutis ou dissimulados, dif\u00edcieis de perceber que de uma forma ou outra podem levar a fal\u00eancia da colonia agredida.<\/p>\n<p align=\"left\"><strong>Os exemplos:<\/strong><\/p>\n<div id='gallery-1' class='gallery galleryid-693 gallery-columns-3 gallery-size-medium'><figure class='gallery-item'>\n\t\t\t<div class='gallery-icon portrait'>\n\t\t\t\t<a href='https:\/\/apacame.org.br\/site\/wp-content\/uploads\/2015\/10\/Fig1_Apratica.jpg'><img fetchpriority=\"high\" decoding=\"async\" width=\"168\" height=\"300\" src=\"https:\/\/apacame.org.br\/site\/wp-content\/uploads\/2015\/10\/Fig1_Apratica-168x300.jpg\" class=\"attachment-medium size-medium\" alt=\"\" aria-describedby=\"gallery-1-698\" srcset=\"https:\/\/apacame.org.br\/site\/wp-content\/uploads\/2015\/10\/Fig1_Apratica-168x300.jpg 168w, https:\/\/apacame.org.br\/site\/wp-content\/uploads\/2015\/10\/Fig1_Apratica-150x269.jpg 150w, https:\/\/apacame.org.br\/site\/wp-content\/uploads\/2015\/10\/Fig1_Apratica-279x500.jpg 279w, https:\/\/apacame.org.br\/site\/wp-content\/uploads\/2015\/10\/Fig1_Apratica.jpg 400w\" sizes=\"(max-width: 168px) 100vw, 168px\" \/><\/a>\n\t\t\t<\/div>\n\t\t\t\t<figcaption class='wp-caption-text gallery-caption' id='gallery-1-698'>\n\t\t\t\tMelipon\u00e1rio Piraquara A colonia de Lestremillita lim\u00e3o teve a sua origem de enxame das matas pr\u00f3ximas, que se alojou onde antes existia uma pleb\u00e9ia. A fotografia ressalta as caracter\u00edsticas do tubo de sa\u00edda.\n\t\t\t\t<\/figcaption><\/figure><figure class='gallery-item'>\n\t\t\t<div class='gallery-icon landscape'>\n\t\t\t\t<a href='https:\/\/apacame.org.br\/site\/wp-content\/uploads\/2015\/10\/Fig2_Apratica.jpg'><img decoding=\"async\" width=\"266\" height=\"192\" src=\"https:\/\/apacame.org.br\/site\/wp-content\/uploads\/2015\/10\/Fig2_Apratica.jpg\" class=\"attachment-medium size-medium\" alt=\"\" aria-describedby=\"gallery-1-699\" srcset=\"https:\/\/apacame.org.br\/site\/wp-content\/uploads\/2015\/10\/Fig2_Apratica.jpg 266w, https:\/\/apacame.org.br\/site\/wp-content\/uploads\/2015\/10\/Fig2_Apratica-150x108.jpg 150w\" sizes=\"(max-width: 266px) 100vw, 266px\" \/><\/a>\n\t\t\t<\/div>\n\t\t\t\t<figcaption class='wp-caption-text gallery-caption' id='gallery-1-699'>\n\t\t\t\tChegada de um pelot\u00e3o de Manda\u00e7aia para roubar a cera do canudo da Tubuna. Essa atitude nos lembra dos \u201carrast\u00f5es\u201d das ocorr\u00eancias policiais.\n\t\t\t\t<\/figcaption><\/figure><figure class='gallery-item'>\n\t\t\t<div class='gallery-icon landscape'>\n\t\t\t\t<a href='https:\/\/apacame.org.br\/site\/wp-content\/uploads\/2015\/10\/Fig3_Apratica.jpg'><img decoding=\"async\" width=\"300\" height=\"168\" src=\"https:\/\/apacame.org.br\/site\/wp-content\/uploads\/2015\/10\/Fig3_Apratica-300x168.jpg\" class=\"attachment-medium size-medium\" alt=\"\" aria-describedby=\"gallery-1-700\" srcset=\"https:\/\/apacame.org.br\/site\/wp-content\/uploads\/2015\/10\/Fig3_Apratica-300x168.jpg 300w, https:\/\/apacame.org.br\/site\/wp-content\/uploads\/2015\/10\/Fig3_Apratica-150x84.jpg 150w, https:\/\/apacame.org.br\/site\/wp-content\/uploads\/2015\/10\/Fig3_Apratica.jpg 401w\" sizes=\"(max-width: 300px) 100vw, 300px\" \/><\/a>\n\t\t\t<\/div>\n\t\t\t\t<figcaption class='wp-caption-text gallery-caption' id='gallery-1-700'>\n\t\t\t\tAs Manda\u00e7aias roubam o cerume mesmo com as Lestremillitas em plena atividade externa.\n\t\t\t\t<\/figcaption><\/figure><figure class='gallery-item'>\n\t\t\t<div class='gallery-icon landscape'>\n\t\t\t\t<a href='https:\/\/apacame.org.br\/site\/wp-content\/uploads\/2015\/10\/Fig4_Apratica.jpg'><img loading=\"lazy\" decoding=\"async\" width=\"300\" height=\"167\" src=\"https:\/\/apacame.org.br\/site\/wp-content\/uploads\/2015\/10\/Fig4_Apratica-300x167.jpg\" class=\"attachment-medium size-medium\" alt=\"\" aria-describedby=\"gallery-1-701\" srcset=\"https:\/\/apacame.org.br\/site\/wp-content\/uploads\/2015\/10\/Fig4_Apratica-300x167.jpg 300w, https:\/\/apacame.org.br\/site\/wp-content\/uploads\/2015\/10\/Fig4_Apratica-150x84.jpg 150w, https:\/\/apacame.org.br\/site\/wp-content\/uploads\/2015\/10\/Fig4_Apratica-500x279.jpg 500w, https:\/\/apacame.org.br\/site\/wp-content\/uploads\/2015\/10\/Fig4_Apratica.jpg 561w\" sizes=\"(max-width: 300px) 100vw, 300px\" \/><\/a>\n\t\t\t<\/div>\n\t\t\t\t<figcaption class='wp-caption-text gallery-caption' id='gallery-1-701'>\n\t\t\t\tO tronco onde residia a Tubuna. Se observarmos mais atentamente podemos notar o canudo de sa\u00edda da Tubuna sendo moldado pelas abelhas Jata\u00eds em canudo do seu \u201cestilo\u201d.\n\t\t\t\t<\/figcaption><\/figure><figure class='gallery-item'>\n\t\t\t<div class='gallery-icon landscape'>\n\t\t\t\t<a href='https:\/\/apacame.org.br\/site\/wp-content\/uploads\/2015\/10\/Fig5_Apratica.jpg'><img loading=\"lazy\" decoding=\"async\" width=\"300\" height=\"169\" src=\"https:\/\/apacame.org.br\/site\/wp-content\/uploads\/2015\/10\/Fig5_Apratica-300x169.jpg\" class=\"attachment-medium size-medium\" alt=\"\" aria-describedby=\"gallery-1-702\" srcset=\"https:\/\/apacame.org.br\/site\/wp-content\/uploads\/2015\/10\/Fig5_Apratica-300x169.jpg 300w, https:\/\/apacame.org.br\/site\/wp-content\/uploads\/2015\/10\/Fig5_Apratica-150x84.jpg 150w, https:\/\/apacame.org.br\/site\/wp-content\/uploads\/2015\/10\/Fig5_Apratica-500x281.jpg 500w, https:\/\/apacame.org.br\/site\/wp-content\/uploads\/2015\/10\/Fig5_Apratica.jpg 562w\" sizes=\"(max-width: 300px) 100vw, 300px\" \/><\/a>\n\t\t\t<\/div>\n\t\t\t\t<figcaption class='wp-caption-text gallery-caption' id='gallery-1-702'>\n\t\t\t\tNas fotografias \u00e9 vis\u00edvel a Uru\u00e7u na entrada,\n\t\t\t\t<\/figcaption><\/figure><figure class='gallery-item'>\n\t\t\t<div class='gallery-icon landscape'>\n\t\t\t\t<a href='https:\/\/apacame.org.br\/site\/wp-content\/uploads\/2015\/10\/Fig6_Apratica.jpg'><img loading=\"lazy\" decoding=\"async\" width=\"300\" height=\"197\" src=\"https:\/\/apacame.org.br\/site\/wp-content\/uploads\/2015\/10\/Fig6_Apratica-300x197.jpg\" class=\"attachment-medium size-medium\" alt=\"\" aria-describedby=\"gallery-1-703\" srcset=\"https:\/\/apacame.org.br\/site\/wp-content\/uploads\/2015\/10\/Fig6_Apratica-300x197.jpg 300w, https:\/\/apacame.org.br\/site\/wp-content\/uploads\/2015\/10\/Fig6_Apratica-150x99.jpg 150w, https:\/\/apacame.org.br\/site\/wp-content\/uploads\/2015\/10\/Fig6_Apratica-500x329.jpg 500w, https:\/\/apacame.org.br\/site\/wp-content\/uploads\/2015\/10\/Fig6_Apratica.jpg 561w\" sizes=\"(max-width: 300px) 100vw, 300px\" \/><\/a>\n\t\t\t<\/div>\n\t\t\t\t<figcaption class='wp-caption-text gallery-caption' id='gallery-1-703'>\n\t\t\t\te no interior junto aos discos de cria da Bugia.\n\t\t\t\t<\/figcaption><\/figure>\n\t\t<\/div>\n\n<p align=\"left\"><em><strong>As abelhas lim\u00e3o, as profissionais do roubo<\/strong><\/em><\/p>\n<p align=\"left\">A Lestremillita lim\u00e3o, abelha anatomicamente desprovida de corb\u00edcula, portanto sem op\u00e7\u00e3o de se abastecer de alimentos nas flores deve prover o seu alimento no saque de outras abelhas.<\/p>\n<p align=\"left\">O meliponicultor reconhece facilmente essa esp\u00e9cie de abelha por duas caracter\u00edsticas muito peculiares, uma morfologica e outra qu\u00edmica.<\/p>\n<p align=\"left\">A caracter\u00edstica morfol\u00f3gica marcante \u00e9 o canudo da sa\u00edda da colm\u00e9ia, pelo seu tamanho e pelas in\u00fameras ramifica\u00e7\u00f5es com muitas protuber\u00eancias.<\/p>\n<p align=\"left\">A caracter\u00edstica qu\u00edmica que identifica facilmente essa abelha \u00e9 o seu forte cheiro, que para n\u00f3s humanos lembra um lim\u00e3o cortado. S\u00e3o subst\u00e2ncias do grupo dos terpen\u00f3ides de pequeno peso molecular, muito vol\u00e1teis, secretados por essas abelhas e usadas principalmente para confundir e desorientar as abelhas da colm\u00e9ia atacada.<\/p>\n<p align=\"left\">Se observarmos com mais aten\u00e7\u00e3o o comportamento agressivo veremos que existem ataques com objetivos distintos. Ataque de saque e o ataque de exterm\u00ednio.<\/p>\n<p align=\"left\">O ataque de saque visa obter suprimentos, matam apenas as abelhas que resistem, a colm\u00e9ia atacada pode se recuperar.<\/p>\n<p align=\"left\">O ataque de exterm\u00ednio em que todas as abelhas s\u00e3o mortas indistintamente, \u00e9 uma prepara\u00e7\u00e3o para a instala\u00e7\u00e3o do exame filho da Lestremillita.<\/p>\n<p align=\"left\">O enxame filho tem a vantagem de n\u00e3o necessitar levar o &#8220;enxoval&#8221;, j\u00e1 que tudo est\u00e1 pronto na colm\u00e9ia conquistada.<\/p>\n<p align=\"left\"><em><strong>A Manda\u00e7aia uma ladra de cera<\/strong><\/em><\/p>\n<p align=\"left\">Essa abelha mansa f\u00e1cil de manipular \u00e9 muito prestegiada aqui no Sul pelo seu saboroso e variado mel.<\/p>\n<p align=\"left\">Algumas das suas oper\u00e1rias campeiras se especializam no furto de cera do canudo de entrada das outras esp\u00e9cies de abelhas, como as tubunas e estranhamente at\u00e9 da temida abelha lim\u00e3o. Roubar cera \u00e9 uma estrat\u00e9gia interessante, pois a energia gasta para produzir cera \u00e9 muito maior do que produzir mel. (Por exemplo: O custo energ\u00e9tico para produzir 1 Kg de cera equivale a 9 Kg de mel no caso da Apis).<\/p>\n<p align=\"left\">No roubo de cera do tubo do canudo da tubuna as abelhas usam a t\u00e9cnica muito conhecida por n\u00f3s humanos como roubo de &#8220;arrast\u00e3o&#8221;, as oper\u00e1rias atuam em grupo de assalto.<\/p>\n<p align=\"left\">No roubo do cerume que constitue o enorme canudo da Lestremellita, as pacatas Manda\u00e7aias atuam indiferentes \u00e0 m\u00e1 fama da lim\u00e3o, raspando o cerume sem maior cerimonia, transportando nas suas corb\u00edculas o produto do seu roubo.<\/p>\n<p align=\"left\">Poder\u00edamos relacionar aqui aquela hist\u00f3ria do ladr\u00e3o que rouba ladr\u00e3o tem cem anos de perd\u00e3o.<\/p>\n<p align=\"left\"><em><strong>Jata\u00ed invasora\u00a0 &#8220;eventual&#8221; de colm\u00e9ias de outras esp\u00e9cies<\/strong><\/em><\/p>\n<p align=\"left\">Nas pesquisas de campo, em contato com pessoas de certa viv\u00eancia com as abelhas nativas \u00e9 muito frequente a express\u00e3o\u00a0 &#8220;Aqui nesta \u00e1rvore tinha uma mirim mas foi embora e no mesmo lugar entrou um enxame de Jata\u00ed&#8221;.<\/p>\n<p align=\"left\">O termo empregado popularmente &#8220;elas foram embora&#8221; n\u00e3o justifica uma vez que as rainhas fisiog\u00e1stricas, n\u00e3o voam devido o peso do volumoso do abd\u00f4men e em consequ\u00eancia n\u00e3o podem enxamear como fazem as Apis (enxame de abandono devido a car\u00eancia alimentar).<\/p>\n<p align=\"left\">A resposta para quest\u00e3o veio pela primeira vez no local, que \u00e9 ilha verde no meio de uma floresta de cimento, a APA do Port\u00e3o: O seu presidente Gonzaga ( consagrado meliponicultor ) introduziu no local uma colm\u00e9ia de Tubuna alojada em um tronco de 92 Kg.<\/p>\n<p align=\"left\">Essa abelha prosperou no local e serviu como mostru\u00e1rio durante oito anos, at\u00e9 ser atacada e dizimadas, pelas abelhas Jata\u00eds, que ocuparam integralmente o espa\u00e7o conquistado com uma fam\u00edlia nova.<\/p>\n<p align=\"left\">Dois meses ap\u00f3s esse evento, tivemos outro exemplo, em um pequeno melipon\u00e1rio na Vila Isabel, outra colm\u00e9ia de tubuna dizimadas e o espa\u00e7o ocupado pela Jata\u00ed.<\/p>\n<p align=\"left\">No momento estamos observando outro ataque das Jata\u00eds no Melipon\u00e1rio do Xaxim. Dia a dia aumenta o contingente de Jata\u00ed voando pr\u00f3ximo a entrada da Tubuna. \u00c9 uma elimina\u00e7\u00e3o progressiva de abelhas.<\/p>\n<p align=\"left\"><em><strong>Abelha Uru\u00e7u com t\u00e9cnicas altamente sofisticadas de roubo<\/strong><\/em><\/p>\n<p align=\"left\">Algumas t\u00e9cnicas de roubo s\u00e3o muito sutis, de dif\u00edcil identifica\u00e7\u00e3o e respons\u00e1veis pelas perdas de colonias muito\u00a0 &#8220;caras&#8221; para o meliponicultor.<\/p>\n<p align=\"left\">\u00c9 o exemplo do roubo praticado pela abelha Uru\u00e7u em colonias de Bugia (Rufiventtris), que no decorrer do tempo levam \u00e0 fal\u00eancia da colm\u00e9ia.<\/p>\n<p align=\"left\"><em><strong>&#8220;A T\u00e9cnica&#8221;:<\/strong><\/em><\/p>\n<p align=\"left\">\u00c9 not\u00f3rio que cada colm\u00e9ia tem como identidades o cheiro da esp\u00e9cie e mesmo de cada fam\u00edlia em particular, \u00e9 como um cart\u00e3o de identidade.Basta as abelhas ladras obterem essa identidades, para ter o passe livre no ambiente da colm\u00e9ia assaltada.<\/p>\n<p align=\"left\">Como a Uru\u00e7u obt\u00e9m o \u201ccart\u00e3o\u201d? A t\u00e9cnica consiste em pousar na entrada da Bugia, repelida de imediato pela guardi\u00e3, se afasta e circula por breve momentos e pousa novamente na entrada e \u00e9 repelida e assim in\u00fameras vezes. A cada pousada na entrada ela se impregna um pouco do cheiro da colm\u00e9ia a ser assaltada, at\u00e9 confundir a abelha guardi\u00e3. No interior da colm\u00e9ia procura o ninho onde a\u00e7\u00e3o \u00e9 facilitada, as abelhas novas que ocupam o local ainda n\u00e3o tem capacidade de identificar a abelha invasora que passa a roubar o alimento larval dos \u00e1lveolos ainda abertos.<\/p>\n<p align=\"left\">No decorrer do tempo a colm\u00e9ia parasita vai ao colapso, pois sem alimento larval n\u00e3o ocorre a forma\u00e7\u00e3o de novas gera\u00e7\u00f5es.<\/p>\n<p align=\"left\">Essa t\u00e9cnica seria uma esp\u00e9cie de Cavalo de Troia<\/p>\n<p align=\"left\"><em><strong>LEMBRETE:<\/strong><\/em><\/p>\n<p align=\"left\">O meliponicultor que tem no seu melipon\u00e1rio v\u00e1rias esp\u00e9cies de abelhas nativas como por exemplo Jata\u00ed, Tubuna, Bugia, Manda\u00e7aia, Uru\u00e7u e outras, deve cuidar ao estabelecer proximidades entre as esp\u00e9cies e ficar atento no relacionamento, principalmente nos per\u00edodos de escassez no pasto ap\u00edcola.<\/p>\n","protected":false},"excerpt":{"rendered":"<p>A Pr\u00e1tica de roubo nas comunidades das abelhas Nativas Harold Brand &#8211; Bi\u00f3logo, Meliponicultor e Consultor da APA E-mail: denisebrandsano@hotmail.com A imagem da abelha na nossa cultura \u00e9 de um [&hellip;]<\/p>\n","protected":false},"author":1,"featured_media":0,"parent":595,"menu_order":0,"comment_status":"open","ping_status":"open","template":"","meta":{"pmpro_default_level":"","_price":"","_stock":"","_tribe_ticket_header":"","_tribe_default_ticket_provider":"","_tribe_ticket_capacity":"0","_ticket_start_date":"","_ticket_end_date":"","_tribe_ticket_show_description":"","_tribe_ticket_show_not_going":false,"_tribe_ticket_use_global_stock":"","_tribe_ticket_global_stock_level":"","_global_stock_mode":"","_global_stock_cap":"","_tribe_rsvp_for_event":"","_tribe_ticket_going_count":"","_tribe_ticket_not_going_count":"","_tribe_tickets_list":"[]","_tribe_ticket_has_attendee_info_fields":false,"cybocfi_hide_featured_image":"","footnotes":""},"class_list":["post-693","page","type-page","status-publish","hentry","pmpro-has-access"],"_links":{"self":[{"href":"https:\/\/apacame.org.br\/site\/wp-json\/wp\/v2\/pages\/693"}],"collection":[{"href":"https:\/\/apacame.org.br\/site\/wp-json\/wp\/v2\/pages"}],"about":[{"href":"https:\/\/apacame.org.br\/site\/wp-json\/wp\/v2\/types\/page"}],"author":[{"embeddable":true,"href":"https:\/\/apacame.org.br\/site\/wp-json\/wp\/v2\/users\/1"}],"replies":[{"embeddable":true,"href":"https:\/\/apacame.org.br\/site\/wp-json\/wp\/v2\/comments?post=693"}],"version-history":[{"count":6,"href":"https:\/\/apacame.org.br\/site\/wp-json\/wp\/v2\/pages\/693\/revisions"}],"predecessor-version":[{"id":706,"href":"https:\/\/apacame.org.br\/site\/wp-json\/wp\/v2\/pages\/693\/revisions\/706"}],"up":[{"embeddable":true,"href":"https:\/\/apacame.org.br\/site\/wp-json\/wp\/v2\/pages\/595"}],"wp:attachment":[{"href":"https:\/\/apacame.org.br\/site\/wp-json\/wp\/v2\/media?parent=693"}],"curies":[{"name":"wp","href":"https:\/\/api.w.org\/{rel}","templated":true}]}}