{"id":6851,"date":"2026-03-26T10:23:05","date_gmt":"2026-03-26T13:23:05","guid":{"rendered":"https:\/\/apacame.org.br\/site\/?page_id=6851"},"modified":"2026-03-26T10:42:00","modified_gmt":"2026-03-26T13:42:00","slug":"mensagem-doce-n178-setembro-2024","status":"publish","type":"page","link":"https:\/\/apacame.org.br\/site\/revista\/mensagem-doce-n178-setembro-2024\/","title":{"rendered":"Mensagem Doce N\u00b0178 &#8211; Setembro\/2024"},"content":{"rendered":"<div class=\"pmpro\"><div class=\"pmpro_card pmpro_content_message\"><div class=\"pmpro_card_content\">Este conte\u00fado \u00e9 apenas para associados S\u00f3cio Anual APACAME. <br \/><a href=\"https:\/\/apacame.org.br\/site\/minha-conta\/niveis-de-associacao\/\">Cadastre-se<\/a><\/div><div class=\"pmpro_card_actions pmpro_font-medium\">J\u00e1 se associou? <a href=\"https:\/\/apacame.org.br\/site\/login\/?redirect_to=https%3A%2F%2Fapacame.org.br%2Fsite%2Frevista%2Fmensagem-doce-n178-setembro-2024%2F\">Acesse aqui<\/a><\/div><\/div><\/div>","protected":false},"excerpt":{"rendered":"<div class=\"pmpro\"><div class=\"pmpro_card pmpro_content_message\"><div class=\"pmpro_card_content\">Este conte\u00fado \u00e9 apenas para associados S\u00f3cio Anual APACAME. <br \/><a href=\"https:\/\/apacame.org.br\/site\/minha-conta\/niveis-de-associacao\/\">Cadastre-se<\/a><\/div><div class=\"pmpro_card_actions pmpro_font-medium\">J\u00e1 se associou? <a href=\"https:\/\/apacame.org.br\/site\/login\/?redirect_to=https%3A%2F%2Fapacame.org.br%2Fsite%2Frevista%2Fmensagem-doce-n178-setembro-2024%2F\">Acesse aqui<\/a><\/div><\/div><\/div>","protected":false},"author":1,"featured_media":6852,"parent":587,"menu_order":0,"comment_status":"closed","ping_status":"closed","template":"","meta":{"pmpro_default_level":"","_price":"","_stock":"","_tribe_ticket_header":"","_tribe_default_ticket_provider":"","_tribe_ticket_capacity":"0","_ticket_start_date":"","_ticket_end_date":"","_tribe_ticket_show_description":"","_tribe_ticket_show_not_going":false,"_tribe_ticket_use_global_stock":"","_tribe_ticket_global_stock_level":"","_global_stock_mode":"","_global_stock_cap":"","_tribe_rsvp_for_event":"","_tribe_ticket_going_count":"","_tribe_ticket_not_going_count":"","_tribe_tickets_list":"[]","_tribe_ticket_has_attendee_info_fields":false,"cybocfi_hide_featured_image":"","footnotes":""},"class_list":["post-6851","page","type-page","status-publish","has-post-thumbnail","hentry","pmpro-level-required","pmpro-level-1","pmpro-no-access"],"_links":{"self":[{"href":"https:\/\/apacame.org.br\/site\/wp-json\/wp\/v2\/pages\/6851"}],"collection":[{"href":"https:\/\/apacame.org.br\/site\/wp-json\/wp\/v2\/pages"}],"about":[{"href":"https:\/\/apacame.org.br\/site\/wp-json\/wp\/v2\/types\/page"}],"author":[{"embeddable":true,"href":"https:\/\/apacame.org.br\/site\/wp-json\/wp\/v2\/users\/1"}],"replies":[{"embeddable":true,"href":"https:\/\/apacame.org.br\/site\/wp-json\/wp\/v2\/comments?post=6851"}],"version-history":[{"count":4,"href":"https:\/\/apacame.org.br\/site\/wp-json\/wp\/v2\/pages\/6851\/revisions"}],"predecessor-version":[{"id":6869,"href":"https:\/\/apacame.org.br\/site\/wp-json\/wp\/v2\/pages\/6851\/revisions\/6869"}],"up":[{"embeddable":true,"href":"https:\/\/apacame.org.br\/site\/wp-json\/wp\/v2\/pages\/587"}],"wp:featuredmedia":[{"embeddable":true,"href":"https:\/\/apacame.org.br\/site\/wp-json\/wp\/v2\/media\/6852"}],"wp:attachment":[{"href":"https:\/\/apacame.org.br\/site\/wp-json\/wp\/v2\/media?parent=6851"}],"curies":[{"name":"wp","href":"https:\/\/api.w.org\/{rel}","templated":true}]}}