{"id":684,"date":"2015-10-05T14:22:12","date_gmt":"2015-10-05T14:22:12","guid":{"rendered":"http:\/\/apacame.org.br\/site\/?page_id=684"},"modified":"2015-10-05T15:38:57","modified_gmt":"2015-10-05T15:38:57","slug":"atividade","status":"publish","type":"page","link":"https:\/\/apacame.org.br\/site\/revista\/mensagem-doce-n-133-setembro-de-2015\/atividade\/","title":{"rendered":"Atividade"},"content":{"rendered":"<h1 style=\"text-align: center;\" align=\"justify\">REUNI\u00c3O DOS APICULTORES E MELIPONICULTORES DIA 05 DE AGOSTO DE 2015, \u00c0S 19h30 HORAS, NO AUDIT\u00d3RIO DO INSTITUTO DE PESCA DENTRO DO PARQUE DA \u00c1GUA BRANCA.<\/h1>\n<div id='gallery-1' class='gallery galleryid-684 gallery-columns-2 gallery-size-medium'><figure class='gallery-item'>\n\t\t\t<div class='gallery-icon landscape'>\n\t\t\t\t<img fetchpriority=\"high\" decoding=\"async\" width=\"300\" height=\"225\" src=\"https:\/\/apacame.org.br\/site\/wp-content\/uploads\/2015\/10\/Reuniao_01-300x225.jpg\" class=\"attachment-medium size-medium\" alt=\"\" aria-describedby=\"gallery-1-687\" srcset=\"https:\/\/apacame.org.br\/site\/wp-content\/uploads\/2015\/10\/Reuniao_01-300x225.jpg 300w, https:\/\/apacame.org.br\/site\/wp-content\/uploads\/2015\/10\/Reuniao_01-150x113.jpg 150w, https:\/\/apacame.org.br\/site\/wp-content\/uploads\/2015\/10\/Reuniao_01.jpg 500w\" sizes=\"(max-width: 300px) 100vw, 300px\" \/>\n\t\t\t<\/div>\n\t\t\t\t<figcaption class='wp-caption-text gallery-caption' id='gallery-1-687'>\n\t\t\t\tDa esquerda para a direita: Dr. Mikhael de Mattos Marques, Palestrante; Dr. Constantino Zara Filho, Presidente da APACAME e o Bi\u00f3logo Feliciano Guedes que promoveu a reuni\u00e3o.\n\t\t\t\t<\/figcaption><\/figure><figure class='gallery-item'>\n\t\t\t<div class='gallery-icon landscape'>\n\t\t\t\t<img decoding=\"async\" width=\"300\" height=\"225\" src=\"https:\/\/apacame.org.br\/site\/wp-content\/uploads\/2015\/10\/Reuniao_02-300x225.jpg\" class=\"attachment-medium size-medium\" alt=\"\" srcset=\"https:\/\/apacame.org.br\/site\/wp-content\/uploads\/2015\/10\/Reuniao_02-300x225.jpg 300w, https:\/\/apacame.org.br\/site\/wp-content\/uploads\/2015\/10\/Reuniao_02-150x113.jpg 150w, https:\/\/apacame.org.br\/site\/wp-content\/uploads\/2015\/10\/Reuniao_02.jpg 500w\" sizes=\"(max-width: 300px) 100vw, 300px\" \/>\n\t\t\t<\/div><\/figure><figure class='gallery-item'>\n\t\t\t<div class='gallery-icon landscape'>\n\t\t\t\t<img decoding=\"async\" width=\"300\" height=\"225\" src=\"https:\/\/apacame.org.br\/site\/wp-content\/uploads\/2015\/10\/Reuniao_03-300x225.jpg\" class=\"attachment-medium size-medium\" alt=\"\" srcset=\"https:\/\/apacame.org.br\/site\/wp-content\/uploads\/2015\/10\/Reuniao_03-300x225.jpg 300w, https:\/\/apacame.org.br\/site\/wp-content\/uploads\/2015\/10\/Reuniao_03-150x113.jpg 150w, https:\/\/apacame.org.br\/site\/wp-content\/uploads\/2015\/10\/Reuniao_03.jpg 500w\" sizes=\"(max-width: 300px) 100vw, 300px\" \/>\n\t\t\t<\/div><\/figure><figure class='gallery-item'>\n\t\t\t<div class='gallery-icon landscape'>\n\t\t\t\t<img loading=\"lazy\" decoding=\"async\" width=\"300\" height=\"225\" src=\"https:\/\/apacame.org.br\/site\/wp-content\/uploads\/2015\/10\/Reuniao_04-300x225.jpg\" class=\"attachment-medium size-medium\" alt=\"\" srcset=\"https:\/\/apacame.org.br\/site\/wp-content\/uploads\/2015\/10\/Reuniao_04-300x225.jpg 300w, https:\/\/apacame.org.br\/site\/wp-content\/uploads\/2015\/10\/Reuniao_04-150x113.jpg 150w, https:\/\/apacame.org.br\/site\/wp-content\/uploads\/2015\/10\/Reuniao_04.jpg 500w\" sizes=\"(max-width: 300px) 100vw, 300px\" \/>\n\t\t\t<\/div><\/figure>\n\t\t<\/div>\n\n<p>Na nossa reuni\u00e3o de 05 de agosto de 2015, \u00e0s 19h30, no Audit\u00f3rio do Instituto de Pesca, localizado dentro do Parque Fernando Costa, Parque da \u00c1gua Branca, sito \u00e0 Av. Francisco Matarazzo, 455, Bairro da \u00c1gua Branca, S\u00e3o Paulo &#8211; SP &#8211; Tel: 11 3864-9284, tivemos a honra de receber a visita do M\u00e9dico Cl\u00ednico Geral Dr. MIKHAEL DE MATTOS MARQUES com pr\u00e1tica m\u00e9dica antropos\u00f3fica, formado em Juiz de Fora &#8211; MG com gradua\u00e7\u00e3o e Curso de Medicina Antropos\u00f3fica na Eugen Kolisko Akademie alem de est\u00e1gios em hospitais antropos\u00f3ficos alem\u00e3es e sui\u00e7os. Atualmente \u00e9 o Diretor T\u00e9cnico da Clinica Vivenda Sant\u00b4Anna que proferiu uma Palestra sobre o tema:<\/p>\n<blockquote><p><em>TENHA SA\u00daDE COM OS PRODUTOS DA COLMEIA: APITERAPIA<\/em><\/p><\/blockquote>\n<p>A Palestra foi enriquecida com a proje\u00e7\u00e3o de Data-Show que ilustraram os temas abordados<\/p>\n<p>A Palestra despertou grande interesse dos associados e o Audit\u00f3rio do Instituto de Pesca ficou pequeno para o p\u00fablico presente.<\/p>\n<p>No final da reuni\u00e3o o nosso Diretor T\u00e9cnico fez a entrega de um Diploma ao Dr. Mikhael de Mattos Marques registrando a brilhante Palestra proferida naquela noite. Foi uma reuni\u00e3o memor\u00e1vel.<\/p>\n","protected":false},"excerpt":{"rendered":"<p>REUNI\u00c3O DOS APICULTORES E MELIPONICULTORES DIA 05 DE AGOSTO DE 2015, \u00c0S 19h30 HORAS, NO AUDIT\u00d3RIO DO INSTITUTO DE PESCA DENTRO DO PARQUE DA \u00c1GUA BRANCA. Na nossa reuni\u00e3o de [&hellip;]<\/p>\n","protected":false},"author":1,"featured_media":0,"parent":595,"menu_order":0,"comment_status":"open","ping_status":"open","template":"","meta":{"pmpro_default_level":"","_price":"","_stock":"","_tribe_ticket_header":"","_tribe_default_ticket_provider":"","_tribe_ticket_capacity":"0","_ticket_start_date":"","_ticket_end_date":"","_tribe_ticket_show_description":"","_tribe_ticket_show_not_going":false,"_tribe_ticket_use_global_stock":"","_tribe_ticket_global_stock_level":"","_global_stock_mode":"","_global_stock_cap":"","_tribe_rsvp_for_event":"","_tribe_ticket_going_count":"","_tribe_ticket_not_going_count":"","_tribe_tickets_list":"[]","_tribe_ticket_has_attendee_info_fields":false,"cybocfi_hide_featured_image":"","footnotes":""},"class_list":["post-684","page","type-page","status-publish","hentry","pmpro-has-access"],"_links":{"self":[{"href":"https:\/\/apacame.org.br\/site\/wp-json\/wp\/v2\/pages\/684"}],"collection":[{"href":"https:\/\/apacame.org.br\/site\/wp-json\/wp\/v2\/pages"}],"about":[{"href":"https:\/\/apacame.org.br\/site\/wp-json\/wp\/v2\/types\/page"}],"author":[{"embeddable":true,"href":"https:\/\/apacame.org.br\/site\/wp-json\/wp\/v2\/users\/1"}],"replies":[{"embeddable":true,"href":"https:\/\/apacame.org.br\/site\/wp-json\/wp\/v2\/comments?post=684"}],"version-history":[{"count":3,"href":"https:\/\/apacame.org.br\/site\/wp-json\/wp\/v2\/pages\/684\/revisions"}],"predecessor-version":[{"id":691,"href":"https:\/\/apacame.org.br\/site\/wp-json\/wp\/v2\/pages\/684\/revisions\/691"}],"up":[{"embeddable":true,"href":"https:\/\/apacame.org.br\/site\/wp-json\/wp\/v2\/pages\/595"}],"wp:attachment":[{"href":"https:\/\/apacame.org.br\/site\/wp-json\/wp\/v2\/media?parent=684"}],"curies":[{"name":"wp","href":"https:\/\/api.w.org\/{rel}","templated":true}]}}