{"id":6660,"date":"2024-08-15T11:43:33","date_gmt":"2024-08-15T14:43:33","guid":{"rendered":"https:\/\/apacame.org.br\/site\/?page_id=6660"},"modified":"2024-08-15T11:44:12","modified_gmt":"2024-08-15T14:44:12","slug":"politica-de-privacidade","status":"publish","type":"page","link":"https:\/\/apacame.org.br\/site\/politica-de-privacidade\/","title":{"rendered":"Politica de Privacidade"},"content":{"rendered":"\n<p>Ol\u00e1, somos a APACAME, empresa com mais de 44 anos, inscrito no CNPJ 44.912.780\/0001-11, com sede na Rua Dona Germaine Burchard, n\u00b0206 &#8211; Perdizes, S\u00e3o Paulo\/SP, e em respeito a sua privacidade e pela garantia da transpar\u00eancia com os seus dados pessoais, dedicamos esta Pol\u00edtica de Privacidade para explicar como os seus dados s\u00e3o tratados, para qual finalidade utilizamos os seus dados, quais as medidas que aplicamos para mant\u00ea-los seguros, entre outros assuntos.<\/p>\n\n\n\n<p>Quando voc\u00ea realiza uma compra na APACAME, voc\u00ea nos fornece alguns dados pessoais com o objetivo de viabilizar a opera\u00e7\u00e3o. Na maior parte do tempo seremos o controlador das suas informa\u00e7\u00f5es, e respons\u00e1veis por definir o que acontece com os seus dados.<\/p>\n\n\n\n<p>Para facilitar a compreens\u00e3o desta pol\u00edtica, todas as vezes que encontrar os termos \u201cAPACAME\u201d ou \u201cn\u00f3s\u201d, estamos nos referindo ao controlador dos seus dados pessoais, ou seja, a APACAME e, todas as vezes que ler \u201cusu\u00e1rio\u201d, \u201cvoc\u00ea\u201d, \u201cseu\u201d ou \u201csua\u201d, nos referimos a voc\u00ea, nosso cliente ou usu\u00e1rio das nossas plataformas.<\/p>\n\n\n\n<p>Cumpre ressaltar que prezamos pela seguran\u00e7a das suas informa\u00e7\u00f5es, e adotamos as melhores pr\u00e1ticas de integridade, garantindo a conformidade com as legisla\u00e7\u00f5es vigentes.<\/p>\n\n\n\n<p>Para melhor compreens\u00e3o da Pol\u00edtica de Privacidade, recomendamos a leitura dos termos e defini\u00e7\u00f5es, abaixo:<\/p>\n\n\n\n<p>\u25cf Controlador: pessoa natural ou jur\u00eddica, de direito p\u00fablico ou privado, a quem compete as principais decis\u00f5es referentes ao tratamento de dados pessoais;<br>\u25cf Dado pessoal: qualquer informa\u00e7\u00e3o que seja capaz de identificar uma pessoa f\u00edsica ou torn\u00e1-la identific\u00e1vel;<br>\u25cf Encarregado de Dados: pessoa f\u00edsica ou jur\u00eddica, designada pelo Controlador para responder internamente por quest\u00f5es relacionadas \u00e0 prote\u00e7\u00e3o de dados pessoais, e para atuar como canal de comunica\u00e7\u00e3o entre as empresas, autoridades competentes e titulares de dados pessoais;<br>\u25cf Normas: leis e regulamentos atinentes \u00e0 prote\u00e7\u00e3o de dados pessoais, incluindo, mas n\u00e3o se limitando \u00e0 Constitui\u00e7\u00e3o Federal, o C\u00f3digo Civil, a Consolida\u00e7\u00e3o das Leis do Trabalho, o Marco Civil da Internet e seu Decreto Regulamentador, a Lei Geral de Prote\u00e7\u00e3o de Dados (\u201cLGPD\u201d) e demais legisla\u00e7\u00f5es atinentes \u00e0 prote\u00e7\u00e3o de dados pessoais;<br>\u25cf Operador: pessoa natural ou jur\u00eddica, de direito p\u00fablico ou privado, que realiza o tratamento de dados pessoais em nome do Controlador;<br>\u25cf Titular de Dados (ou \u201cvoc\u00ea\u201d): pessoa f\u00edsica a que se refere um dado pessoal;<br>\u25cf Tratamento: toda opera\u00e7\u00e3o realizada com dados pessoais, como a coleta, produ\u00e7\u00e3o, recep\u00e7\u00e3o, classifica\u00e7\u00e3o, utiliza\u00e7\u00e3o, acesso, reprodu\u00e7\u00e3o, transmiss\u00e3o, distribui\u00e7\u00e3o, processamento, arquivamento, armazenamento, elimina\u00e7\u00e3o, avalia\u00e7\u00e3o ou controle da informa\u00e7\u00e3o, modifica\u00e7\u00e3o, comunica\u00e7\u00e3o, transfer\u00eancia, difus\u00e3o ou extra\u00e7\u00e3o.<\/p>\n","protected":false},"excerpt":{"rendered":"<p>Ol\u00e1, somos a APACAME, empresa com mais de 44 anos, inscrito no CNPJ 44.912.780\/0001-11, com sede na Rua Dona Germaine Burchard, n\u00b0206 &#8211; Perdizes, S\u00e3o Paulo\/SP, e em respeito a [&hellip;]<\/p>\n","protected":false},"author":1,"featured_media":0,"parent":0,"menu_order":0,"comment_status":"closed","ping_status":"closed","template":"page-simple.php","meta":{"pmpro_default_level":"","_price":"","_stock":"","_tribe_ticket_header":"","_tribe_default_ticket_provider":"","_tribe_ticket_capacity":"0","_ticket_start_date":"","_ticket_end_date":"","_tribe_ticket_show_description":"","_tribe_ticket_show_not_going":false,"_tribe_ticket_use_global_stock":"","_tribe_ticket_global_stock_level":"","_global_stock_mode":"","_global_stock_cap":"","_tribe_rsvp_for_event":"","_tribe_ticket_going_count":"","_tribe_ticket_not_going_count":"","_tribe_tickets_list":"[]","_tribe_ticket_has_attendee_info_fields":false,"cybocfi_hide_featured_image":"","footnotes":""},"class_list":["post-6660","page","type-page","status-publish","hentry","pmpro-has-access"],"_links":{"self":[{"href":"https:\/\/apacame.org.br\/site\/wp-json\/wp\/v2\/pages\/6660"}],"collection":[{"href":"https:\/\/apacame.org.br\/site\/wp-json\/wp\/v2\/pages"}],"about":[{"href":"https:\/\/apacame.org.br\/site\/wp-json\/wp\/v2\/types\/page"}],"author":[{"embeddable":true,"href":"https:\/\/apacame.org.br\/site\/wp-json\/wp\/v2\/users\/1"}],"replies":[{"embeddable":true,"href":"https:\/\/apacame.org.br\/site\/wp-json\/wp\/v2\/comments?post=6660"}],"version-history":[{"count":1,"href":"https:\/\/apacame.org.br\/site\/wp-json\/wp\/v2\/pages\/6660\/revisions"}],"predecessor-version":[{"id":6661,"href":"https:\/\/apacame.org.br\/site\/wp-json\/wp\/v2\/pages\/6660\/revisions\/6661"}],"wp:attachment":[{"href":"https:\/\/apacame.org.br\/site\/wp-json\/wp\/v2\/media?parent=6660"}],"curies":[{"name":"wp","href":"https:\/\/api.w.org\/{rel}","templated":true}]}}