{"id":6620,"date":"2024-06-11T22:21:15","date_gmt":"2024-06-12T01:21:15","guid":{"rendered":"https:\/\/apacame.org.br\/site\/?page_id=6620"},"modified":"2024-06-11T22:21:16","modified_gmt":"2024-06-12T01:21:16","slug":"atividade-2","status":"publish","type":"page","link":"https:\/\/apacame.org.br\/site\/revista\/atividade-2\/","title":{"rendered":"Atividade"},"content":{"rendered":"\n<h2 class=\"wp-block-heading\">Nova Diretoria da FAAMESP<\/h2>\n\n\n\n<p>No dia 25\/04\/2024 aconteceu na sede da APACAME em S\u00e3o Paulo a elei\u00e7\u00e3o da nova diretoria da Federa\u00e7\u00e3o das Associa\u00e7\u00f5es de Apicultores e Meliponicultores do Estado de S\u00e3o Paulo (FAAMESP).<\/p>\n\n\n\n<p>A composi\u00e7\u00e3o da Federa\u00e7\u00e3o conta com as seguintes Associa\u00e7\u00f5es: Associa\u00e7\u00e3o do P\u00f3lo Cuesta APICUESTA; Associa\u00e7\u00e3o de Apicultores de Botucatu; AAB; Associa\u00e7\u00e3o de Apicultores de Avar\u00e9 \u2013 AAMARE; Associa\u00e7\u00e3o de Criadores Abelhas Nativas do Nordeste Paulista ACANP e APACAME durante mar\u00e7o\/2024 \u2013 mar\u00e7o\/2027. Tamb\u00e9m, contamos com dois Arranjos Produtivos Locais \u2013 APLs, sendo o APL do P\u00f3lo Cuesta e APL do Mel do Vale do Para\u00edba e Litoral Norte.<\/p>\n\n\n\n<p><strong><em>VEJA COMO FICOU:<\/em><\/strong><\/p>\n\n\n\n<p><strong><em>DIRETORIA EXECUTIVA:<\/em><\/strong><\/p>\n\n\n\n<p><strong>PRESIDENTE <\/strong>&#8230;&#8230;&#8230;&#8230;&#8230;&#8230;&#8230;&#8230;&#8230;&#8230;&#8230;&#8230;&#8230;&#8230; VANILDA LUCIENE DE FARIA SANTOS<br><strong>VICE-PRESIDENTE <\/strong>&#8230;&#8230;&#8230;&#8230;&#8230;&#8230;&#8230;&#8230;&#8230;&#8230;&#8230; EDIVALDO ORLANDO JUVENAL<br><strong>TESOUREIRO <\/strong>&#8230;&#8230;&#8230;&#8230;&#8230;&#8230;&#8230;&#8230;&#8230;&#8230;&#8230;&#8230;&#8230;&#8230; ANTONIO CARLOS PEREIRA JUNIOR<br><strong>SECRET\u00c1RIA <\/strong>&#8230;&#8230;&#8230;&#8230;&#8230;&#8230;&#8230;&#8230;&#8230;&#8230;&#8230;&#8230;&#8230;&#8230; SELMA DE OLIVEIRA CHAVES<\/p>\n\n\n\n<p><strong><em>Conselho Fiscal:<\/em><\/strong><\/p>\n\n\n\n<p>ELOI VIANA DA SILVA <br>JOEL SANTIAGO DE ANDRADE <br>LEONARDO MAZZONI<\/p>\n\n\n\n<p><strong><em>Suplente do Conselho Fiscal:<\/em><\/strong><\/p>\n\n\n\n<p>MARCO ANT\u00d4NIO DOS REIS<\/p>\n\n\n<div class=\"wp-block-image\">\n<figure class=\"aligncenter size-full\"><a href=\"https:\/\/apacame.org.br\/site\/wp-content\/uploads\/2024\/06\/apacame-atividade.jpg\"><img fetchpriority=\"high\" decoding=\"async\" width=\"700\" height=\"452\" src=\"https:\/\/apacame.org.br\/site\/wp-content\/uploads\/2024\/06\/apacame-atividade.jpg\" alt=\"\" class=\"wp-image-6624\" srcset=\"https:\/\/apacame.org.br\/site\/wp-content\/uploads\/2024\/06\/apacame-atividade.jpg 700w, https:\/\/apacame.org.br\/site\/wp-content\/uploads\/2024\/06\/apacame-atividade-300x194.jpg 300w, https:\/\/apacame.org.br\/site\/wp-content\/uploads\/2024\/06\/apacame-atividade-415x268.jpg 415w, https:\/\/apacame.org.br\/site\/wp-content\/uploads\/2024\/06\/apacame-atividade-280x181.jpg 280w, https:\/\/apacame.org.br\/site\/wp-content\/uploads\/2024\/06\/apacame-atividade-500x323.jpg 500w\" sizes=\"(max-width: 700px) 100vw, 700px\" \/><\/a><\/figure><\/div>\n\n\n<p>A diretoria sabe que ter\u00e1 um grande desafio pela frente, mas j\u00e1 come\u00e7am animados e deliberando a\u00e7\u00f5es para que o Congresso seja um sucesso. Entretanto, o CONBRAPI \u00e9 considerado o maior Congresso de Apicultura da Am\u00e9rica Latina e vai precisar de um desdobramento e comprometimento da nova gest\u00e3o da Federa\u00e7\u00e3o.<\/p>\n\n\n\n<p>O Estado de S\u00e3o Paulo estar\u00e1 sediando, depois de 35 anos, o XXIV Congresso Brasileiro de Apicultura \u2013 CONBRAPI e X Congresso Brasileiro de Meliponicultura \u2013 CONBRAM, que acontecer\u00e1 em novembro de 2024 no Centro de Evento Pe. Vitor Almeida em Aparecida\/SP.<\/p>\n\n\n\n<p>O CONBRAPI 24 est\u00e1 sendo realizados pela Confedera\u00e7\u00e3o Brasileira de Apicultura e Melipo- nicultura (CBA), Federa\u00e7\u00e3o das Associa\u00e7\u00f5es de Apicultores e Meliponicultores do Estado de S\u00e3o Paulo (FAAMESP) e Associa\u00e7\u00e3o Paulista de Api- cultores Criadores de Abelhas Melificas Europeias (APACAME).<\/p>\n","protected":false},"excerpt":{"rendered":"<p>Nova Diretoria da FAAMESP No dia 25\/04\/2024 aconteceu na sede da APACAME em S\u00e3o Paulo a elei\u00e7\u00e3o da nova diretoria da Federa\u00e7\u00e3o das Associa\u00e7\u00f5es de Apicultores e Meliponicultores do Estado [&hellip;]<\/p>\n","protected":false},"author":1,"featured_media":0,"parent":587,"menu_order":0,"comment_status":"closed","ping_status":"closed","template":"","meta":{"pmpro_default_level":"","_price":"","_stock":"","_tribe_ticket_header":"","_tribe_default_ticket_provider":"","_tribe_ticket_capacity":"0","_ticket_start_date":"","_ticket_end_date":"","_tribe_ticket_show_description":"","_tribe_ticket_show_not_going":false,"_tribe_ticket_use_global_stock":"","_tribe_ticket_global_stock_level":"","_global_stock_mode":"","_global_stock_cap":"","_tribe_rsvp_for_event":"","_tribe_ticket_going_count":"","_tribe_ticket_not_going_count":"","_tribe_tickets_list":"[]","_tribe_ticket_has_attendee_info_fields":false,"cybocfi_hide_featured_image":"","footnotes":""},"class_list":["post-6620","page","type-page","status-publish","hentry","pmpro-has-access"],"_links":{"self":[{"href":"https:\/\/apacame.org.br\/site\/wp-json\/wp\/v2\/pages\/6620"}],"collection":[{"href":"https:\/\/apacame.org.br\/site\/wp-json\/wp\/v2\/pages"}],"about":[{"href":"https:\/\/apacame.org.br\/site\/wp-json\/wp\/v2\/types\/page"}],"author":[{"embeddable":true,"href":"https:\/\/apacame.org.br\/site\/wp-json\/wp\/v2\/users\/1"}],"replies":[{"embeddable":true,"href":"https:\/\/apacame.org.br\/site\/wp-json\/wp\/v2\/comments?post=6620"}],"version-history":[{"count":1,"href":"https:\/\/apacame.org.br\/site\/wp-json\/wp\/v2\/pages\/6620\/revisions"}],"predecessor-version":[{"id":6625,"href":"https:\/\/apacame.org.br\/site\/wp-json\/wp\/v2\/pages\/6620\/revisions\/6625"}],"up":[{"embeddable":true,"href":"https:\/\/apacame.org.br\/site\/wp-json\/wp\/v2\/pages\/587"}],"wp:attachment":[{"href":"https:\/\/apacame.org.br\/site\/wp-json\/wp\/v2\/media?parent=6620"}],"curies":[{"name":"wp","href":"https:\/\/api.w.org\/{rel}","templated":true}]}}