{"id":6619,"date":"2024-06-11T22:17:13","date_gmt":"2024-06-12T01:17:13","guid":{"rendered":"https:\/\/apacame.org.br\/site\/?page_id=6619"},"modified":"2024-06-11T22:17:14","modified_gmt":"2024-06-12T01:17:14","slug":"atividade","status":"publish","type":"page","link":"https:\/\/apacame.org.br\/site\/revista\/atividade\/","title":{"rendered":"Atividade"},"content":{"rendered":"\n<h2 class=\"wp-block-heading\">204o Curso de Apicultura.<\/h2>\n\n\n\n<p>Nos finais de semana 20, 21 e 27,28 de Abril de 2024 a APACAME realizou o seu 204o curso de apicultura no Api\u00e1rio Escola APISVILLE (Dito Pintado) localizado na cidade de Santana de Parna\u00edba \u2013 SP.<\/p>\n\n\n\n<p>O curso \u00e9 totalmente pratico, inclui os manejos fundamentais para os trabalhos com as abelhas. O mesmo despertou o interesse dos alunos pela atividade ap\u00edcula. Com 100% de presen\u00e7a, contou com duas cap\u00edturas, sendo uma externa, aprimorando em muito o aprendizado dos alunos, que ap\u00f3s a prova escrita, foram contemplados com um certificado, registrando a sua participa\u00e7\u00e3o.<\/p>\n\n\n<div class=\"wp-block-image\">\n<figure class=\"aligncenter size-full\"><a href=\"https:\/\/apacame.org.br\/site\/wp-content\/uploads\/2024\/06\/apacame-atividade-Curso-de-Apicultura.jpg\"><img fetchpriority=\"high\" decoding=\"async\" width=\"800\" height=\"531\" src=\"https:\/\/apacame.org.br\/site\/wp-content\/uploads\/2024\/06\/apacame-atividade-Curso-de-Apicultura.jpg\" alt=\"\" class=\"wp-image-6621\" srcset=\"https:\/\/apacame.org.br\/site\/wp-content\/uploads\/2024\/06\/apacame-atividade-Curso-de-Apicultura.jpg 800w, https:\/\/apacame.org.br\/site\/wp-content\/uploads\/2024\/06\/apacame-atividade-Curso-de-Apicultura-300x199.jpg 300w, https:\/\/apacame.org.br\/site\/wp-content\/uploads\/2024\/06\/apacame-atividade-Curso-de-Apicultura-768x510.jpg 768w, https:\/\/apacame.org.br\/site\/wp-content\/uploads\/2024\/06\/apacame-atividade-Curso-de-Apicultura-415x275.jpg 415w, https:\/\/apacame.org.br\/site\/wp-content\/uploads\/2024\/06\/apacame-atividade-Curso-de-Apicultura-280x186.jpg 280w, https:\/\/apacame.org.br\/site\/wp-content\/uploads\/2024\/06\/apacame-atividade-Curso-de-Apicultura-500x332.jpg 500w\" sizes=\"(max-width: 800px) 100vw, 800px\" \/><\/a><\/figure><\/div>\n\n\n<p><strong><em>PARTICIPARAM.<\/em><\/strong><\/p>\n\n\n\n<p>Evangelista Pereira da Silva, Fernanda Coelhos Torres, Pedro Paulo do Nascimento, Raimundo Nonato Rodrigues da Silva, Mauro Martins da Cruz, Marcos Vinicius de Palma, Diego Soares de Lima, Alexandre Murai, Leandro basso.<\/p>\n\n\n\n<p><strong><em>FORAM OS MONITORES DO CURSO.<\/em><\/strong><\/p>\n\n\n\n<p>Eloi Viana da Silva, \u00c1lvaro Chaves de Oliveira, Adenilson Cerqueira dos Santos.<\/p>\n\n\n\n<p><\/p>\n","protected":false},"excerpt":{"rendered":"<p>204o Curso de Apicultura. Nos finais de semana 20, 21 e 27,28 de Abril de 2024 a APACAME realizou o seu 204o curso de apicultura no Api\u00e1rio Escola APISVILLE (Dito [&hellip;]<\/p>\n","protected":false},"author":1,"featured_media":0,"parent":587,"menu_order":0,"comment_status":"closed","ping_status":"closed","template":"","meta":{"pmpro_default_level":"","_price":"","_stock":"","_tribe_ticket_header":"","_tribe_default_ticket_provider":"","_tribe_ticket_capacity":"0","_ticket_start_date":"","_ticket_end_date":"","_tribe_ticket_show_description":"","_tribe_ticket_show_not_going":false,"_tribe_ticket_use_global_stock":"","_tribe_ticket_global_stock_level":"","_global_stock_mode":"","_global_stock_cap":"","_tribe_rsvp_for_event":"","_tribe_ticket_going_count":"","_tribe_ticket_not_going_count":"","_tribe_tickets_list":"[]","_tribe_ticket_has_attendee_info_fields":false,"cybocfi_hide_featured_image":"","footnotes":""},"class_list":["post-6619","page","type-page","status-publish","hentry","pmpro-has-access"],"_links":{"self":[{"href":"https:\/\/apacame.org.br\/site\/wp-json\/wp\/v2\/pages\/6619"}],"collection":[{"href":"https:\/\/apacame.org.br\/site\/wp-json\/wp\/v2\/pages"}],"about":[{"href":"https:\/\/apacame.org.br\/site\/wp-json\/wp\/v2\/types\/page"}],"author":[{"embeddable":true,"href":"https:\/\/apacame.org.br\/site\/wp-json\/wp\/v2\/users\/1"}],"replies":[{"embeddable":true,"href":"https:\/\/apacame.org.br\/site\/wp-json\/wp\/v2\/comments?post=6619"}],"version-history":[{"count":1,"href":"https:\/\/apacame.org.br\/site\/wp-json\/wp\/v2\/pages\/6619\/revisions"}],"predecessor-version":[{"id":6622,"href":"https:\/\/apacame.org.br\/site\/wp-json\/wp\/v2\/pages\/6619\/revisions\/6622"}],"up":[{"embeddable":true,"href":"https:\/\/apacame.org.br\/site\/wp-json\/wp\/v2\/pages\/587"}],"wp:attachment":[{"href":"https:\/\/apacame.org.br\/site\/wp-json\/wp\/v2\/media?parent=6619"}],"curies":[{"name":"wp","href":"https:\/\/api.w.org\/{rel}","templated":true}]}}