{"id":6606,"date":"2024-06-11T22:03:23","date_gmt":"2024-06-12T01:03:23","guid":{"rendered":"https:\/\/apacame.org.br\/site\/?page_id=6606"},"modified":"2024-06-11T22:03:24","modified_gmt":"2024-06-12T01:03:24","slug":"curiosidade","status":"publish","type":"page","link":"https:\/\/apacame.org.br\/site\/revista\/curiosidade\/","title":{"rendered":"Curiosidade"},"content":{"rendered":"\n<h2 class=\"wp-block-heading\">Por que \u00e9 comemorado o dia mundial das abelhas?<\/h2>\n\n\n\n<p>A celebra\u00e7\u00e3o anual do Dia Mundial das Abelhas aumenta a consci\u00eancia sobre o papel essencial que as abelhas e outros polinizadores desempenham na manuten\u00e7\u00e3o da sa\u00fade das pessoas e do planeta, bem como sobre os muitos desafios que enfrentam hoje. <\/p>\n\n\n\n<p>Esta celebra\u00e7\u00e3o acontece desde 2018, gra\u00e7as aos esfor\u00e7os do Governo da Eslov\u00eania e ao apoio da APIMONDIA, que levou \u00e0 resolu\u00e7\u00e3o da Assembleia Geral das Na\u00e7\u00f5es Unidas que declarou 20 de maio o Dia Mundial das Abelhas.<\/p>\n\n\n\n<p>A data escolhida para celebrar o Dia Mundial das Abelhas \u00e9 o nascimento de Anton Jan\u0161a, um pioneiro da apicultura moderna que pertence a uma fam\u00edlia de apicultores da Eslov\u00e9nia, onde a apicultura \u00e9 uma importante atividade agr\u00edcola com uma longa tradi\u00e7\u00e3o.<\/p>\n\n\n\n<p>Hoje, o n\u00famero de abelhas, polinizadores e muitos outros insetos est\u00e1 diminuindo. O Dia Mundial das Abelhas \u00e9 uma oportunidade para todos n\u00f3s \u2013 governos, organiza\u00e7\u00f5es, sociedade civil e cidad\u00e3os interessados \u2013 promovermos a\u00e7\u00f5es que protejam e ajudem os polinizadores e os seus habitats, aumentem a sua abund\u00e2ncia e diversidade e apoiem o desenvolvimento sustent\u00e1vel da apicultura.<\/p>\n","protected":false},"excerpt":{"rendered":"<p>Por que \u00e9 comemorado o dia mundial das abelhas? A celebra\u00e7\u00e3o anual do Dia Mundial das Abelhas aumenta a consci\u00eancia sobre o papel essencial que as abelhas e outros polinizadores [&hellip;]<\/p>\n","protected":false},"author":1,"featured_media":0,"parent":587,"menu_order":0,"comment_status":"closed","ping_status":"closed","template":"","meta":{"pmpro_default_level":"","_price":"","_stock":"","_tribe_ticket_header":"","_tribe_default_ticket_provider":"","_tribe_ticket_capacity":"0","_ticket_start_date":"","_ticket_end_date":"","_tribe_ticket_show_description":"","_tribe_ticket_show_not_going":false,"_tribe_ticket_use_global_stock":"","_tribe_ticket_global_stock_level":"","_global_stock_mode":"","_global_stock_cap":"","_tribe_rsvp_for_event":"","_tribe_ticket_going_count":"","_tribe_ticket_not_going_count":"","_tribe_tickets_list":"[]","_tribe_ticket_has_attendee_info_fields":false,"cybocfi_hide_featured_image":"","footnotes":""},"class_list":["post-6606","page","type-page","status-publish","hentry","pmpro-has-access"],"_links":{"self":[{"href":"https:\/\/apacame.org.br\/site\/wp-json\/wp\/v2\/pages\/6606"}],"collection":[{"href":"https:\/\/apacame.org.br\/site\/wp-json\/wp\/v2\/pages"}],"about":[{"href":"https:\/\/apacame.org.br\/site\/wp-json\/wp\/v2\/types\/page"}],"author":[{"embeddable":true,"href":"https:\/\/apacame.org.br\/site\/wp-json\/wp\/v2\/users\/1"}],"replies":[{"embeddable":true,"href":"https:\/\/apacame.org.br\/site\/wp-json\/wp\/v2\/comments?post=6606"}],"version-history":[{"count":1,"href":"https:\/\/apacame.org.br\/site\/wp-json\/wp\/v2\/pages\/6606\/revisions"}],"predecessor-version":[{"id":6613,"href":"https:\/\/apacame.org.br\/site\/wp-json\/wp\/v2\/pages\/6606\/revisions\/6613"}],"up":[{"embeddable":true,"href":"https:\/\/apacame.org.br\/site\/wp-json\/wp\/v2\/pages\/587"}],"wp:attachment":[{"href":"https:\/\/apacame.org.br\/site\/wp-json\/wp\/v2\/media?parent=6606"}],"curies":[{"name":"wp","href":"https:\/\/api.w.org\/{rel}","templated":true}]}}