{"id":6605,"date":"2024-06-11T22:05:45","date_gmt":"2024-06-12T01:05:45","guid":{"rendered":"https:\/\/apacame.org.br\/site\/?page_id=6605"},"modified":"2024-06-11T22:05:46","modified_gmt":"2024-06-12T01:05:46","slug":"noticia","status":"publish","type":"page","link":"https:\/\/apacame.org.br\/site\/revista\/noticia\/","title":{"rendered":"Not\u00edcia"},"content":{"rendered":"\n<h2 class=\"wp-block-heading\">Homens s\u00e3o presos suspeitos de vender mel falsificado em supermercado no interior de SP<\/h2>\n\n\n\n<p>Fonte: https:\/\/g1.globo.com\/sp\/bauru-marilia\/noticia\/2024\/04\/11\/homens-sao-presos-suspeitos-de-vender-mel-falsificado-em-supermercado-no-interior-de-sp.ghtml<br>Por g1 Bauru e Mar\u00edlia -11\/04\/2024<\/p>\n\n\n\n<p><strong><em>Produtos tratavam-se, na verdade, de mela\u00e7o de a\u00e7\u00facar e eram feitos dentro da casa de um dos suspeitos, de forma clandestina. Pris\u00e3o ocorreu enquanto os dois suspeitos vendiam o produto em um supermercado de Borborema (SP).<\/em><\/strong><\/p>\n\n\n\n<p>Dois homens foram presos, nesta quarta-feira (10), por suspeita de falsifica\u00e7\u00e3o de mel, em Borborema (SP). A pris\u00e3o ocorreu depois dos suspeitos serem flagrados pela Pol\u00edcia Civil fazendo a venda do produto em um supermercado da cidade.<\/p>\n\n\n\n<p>De acordo com o Boletim de Ocorr\u00eancia, os produtos tratavam-se, na verdade, de mela\u00e7o de a\u00e7\u00facar e eram feitos dentro da casa de um dos suspeitos, de forma clandestina. No local da produ\u00e7\u00e3o, foram encontrados diversos r\u00f3tulos de mel, recipientes para envasamento do mela\u00e7o, ess\u00eancia de mel e dois fogareiros com lat\u00f5es para derreter o a\u00e7\u00facar.<\/p>\n\n\n\n<p>Al\u00e9m de n\u00e3o ter autoriza\u00e7\u00e3o para fabricar o produto, os homens tamb\u00e9m faziam as vendas sem emitir nota fiscal. Os dois suspeitos, que n\u00e3o tiveram as identidades divulgadas, foram presos em flagrante, mas soltos na audi\u00eancia de cust\u00f3dia.<\/p>\n\n\n\n<p>Segundo a pol\u00edcia, no m\u00eas de mar\u00e7o, cinco supermercados da cidade j\u00e1 tinham sido autuados pelo Procon pela venda de mel falsificado. Na \u00e9poca, os donos de quatro deles foram presos, mas tamb\u00e9m foram liberados ap\u00f3s audi\u00eancia de cust\u00f3dia<\/p>\n","protected":false},"excerpt":{"rendered":"<p>Homens s\u00e3o presos suspeitos de vender mel falsificado em supermercado no interior de SP Fonte: https:\/\/g1.globo.com\/sp\/bauru-marilia\/noticia\/2024\/04\/11\/homens-sao-presos-suspeitos-de-vender-mel-falsificado-em-supermercado-no-interior-de-sp.ghtmlPor g1 Bauru e Mar\u00edlia -11\/04\/2024 Produtos tratavam-se, na verdade, de mela\u00e7o de a\u00e7\u00facar e [&hellip;]<\/p>\n","protected":false},"author":1,"featured_media":0,"parent":587,"menu_order":0,"comment_status":"closed","ping_status":"closed","template":"","meta":{"pmpro_default_level":"","_price":"","_stock":"","_tribe_ticket_header":"","_tribe_default_ticket_provider":"","_tribe_ticket_capacity":"0","_ticket_start_date":"","_ticket_end_date":"","_tribe_ticket_show_description":"","_tribe_ticket_show_not_going":false,"_tribe_ticket_use_global_stock":"","_tribe_ticket_global_stock_level":"","_global_stock_mode":"","_global_stock_cap":"","_tribe_rsvp_for_event":"","_tribe_ticket_going_count":"","_tribe_ticket_not_going_count":"","_tribe_tickets_list":"[]","_tribe_ticket_has_attendee_info_fields":false,"cybocfi_hide_featured_image":"","footnotes":""},"class_list":["post-6605","page","type-page","status-publish","hentry","pmpro-has-access"],"_links":{"self":[{"href":"https:\/\/apacame.org.br\/site\/wp-json\/wp\/v2\/pages\/6605"}],"collection":[{"href":"https:\/\/apacame.org.br\/site\/wp-json\/wp\/v2\/pages"}],"about":[{"href":"https:\/\/apacame.org.br\/site\/wp-json\/wp\/v2\/types\/page"}],"author":[{"embeddable":true,"href":"https:\/\/apacame.org.br\/site\/wp-json\/wp\/v2\/users\/1"}],"replies":[{"embeddable":true,"href":"https:\/\/apacame.org.br\/site\/wp-json\/wp\/v2\/comments?post=6605"}],"version-history":[{"count":1,"href":"https:\/\/apacame.org.br\/site\/wp-json\/wp\/v2\/pages\/6605\/revisions"}],"predecessor-version":[{"id":6614,"href":"https:\/\/apacame.org.br\/site\/wp-json\/wp\/v2\/pages\/6605\/revisions\/6614"}],"up":[{"embeddable":true,"href":"https:\/\/apacame.org.br\/site\/wp-json\/wp\/v2\/pages\/587"}],"wp:attachment":[{"href":"https:\/\/apacame.org.br\/site\/wp-json\/wp\/v2\/media?parent=6605"}],"curies":[{"name":"wp","href":"https:\/\/api.w.org\/{rel}","templated":true}]}}