{"id":6604,"date":"2024-06-11T22:00:11","date_gmt":"2024-06-12T01:00:11","guid":{"rendered":"https:\/\/apacame.org.br\/site\/?page_id=6604"},"modified":"2024-06-11T22:00:15","modified_gmt":"2024-06-12T01:00:15","slug":"medicina-natural","status":"publish","type":"page","link":"https:\/\/apacame.org.br\/site\/revista\/medicina-natural\/","title":{"rendered":"Medicina Natural"},"content":{"rendered":"\n<h2 class=\"wp-block-heading\">MACA (LEPIDIUM MEYENII).<\/h2>\n\n\n<div class=\"wp-block-image\">\n<figure class=\"alignleft size-full is-resized\"><a href=\"https:\/\/apacame.org.br\/site\/wp-content\/uploads\/2024\/02\/hilton-claudino.jpg\"><img fetchpriority=\"high\" decoding=\"async\" width=\"473\" height=\"510\" src=\"https:\/\/apacame.org.br\/site\/wp-content\/uploads\/2024\/02\/hilton-claudino.jpg\" alt=\"\" class=\"wp-image-6379\" style=\"width:315px;height:auto\" srcset=\"https:\/\/apacame.org.br\/site\/wp-content\/uploads\/2024\/02\/hilton-claudino.jpg 473w, https:\/\/apacame.org.br\/site\/wp-content\/uploads\/2024\/02\/hilton-claudino-278x300.jpg 278w, https:\/\/apacame.org.br\/site\/wp-content\/uploads\/2024\/02\/hilton-claudino-415x447.jpg 415w, https:\/\/apacame.org.br\/site\/wp-content\/uploads\/2024\/02\/hilton-claudino-280x302.jpg 280w, https:\/\/apacame.org.br\/site\/wp-content\/uploads\/2024\/02\/hilton-claudino-464x500.jpg 464w\" sizes=\"(max-width: 473px) 100vw, 473px\" \/><\/a><figcaption class=\"wp-element-caption\">Hilton Claudino \u00e9 Fitoterapeuta, Trofoterapeuta e Naturoterapeuta Tel 012 3883-1011 \u2013 WhatsApp 12 98117-3044 \u2013 loja.hiltonfito.com.br<\/figcaption><\/figure><\/div>\n\n\n<p><strong><em>A Maca \u00e9 uma planta adapt\u00f3gena de origem Peruana.<\/em><\/strong><\/p>\n\n\n\n<p>Por natureza, \u00e9 um estimulante, n\u00e3o cont\u00e9m cafe\u00edna nem horm\u00f4nios, entretanto, ela possui um conjunto \u00fanico de nutrientes que em uma combina\u00e7\u00e3o perfeita \u00e9 capaz de melhorar o desempenho de v\u00e1rias fun\u00e7\u00f5es do nosso organismo.<\/p>\n\n\n\n<p><strong><em>Como atua uma planta adapt\u00f3gena:<\/em><\/strong><\/p>\n\n\n\n<p>As plantas adapt\u00f3genas n\u00e3o atuam somente na debilidade f\u00edsica ou psicol\u00f3gica, mas tamb\u00e9m regenera o organismo propiciando meios para estimular as suas pr\u00f3prias defesas imunol\u00f3gicas contra os agentes agressores externos.<\/p>\n\n\n\n<p><strong><em>Benef\u00edcios proporcionados pela maca:<\/em><\/strong><\/p>\n\n\n\n<p>Restaura o equil\u00edbrio (homeostase) do corpo, \u00e9 capaz de auxiliar o organismo a se adaptar \u00e0s condi\u00e7\u00f5es adversas do ambiente, aumentando a for\u00e7a e a resist\u00eancia musculares. Promove tamb\u00e9m est\u00edmulo f\u00edsico e mental, aumenta a energia, o vigor e acaba com o des\u00e2nimo, tudo isso em qualquer idade.<\/p>\n\n\n\n<p><strong><em>Horm\u00f4nios:<\/em><\/strong><\/p>\n\n\n\n<p>A planta maca alimenta diretamente o sistema end\u00f3crino, dessa forma contribui eficazmente para que as gl\u00e2ndulas produzam os horm\u00f4nios vitais em dosagens precisas pr\u00e9-determinadas por cada corpo em particular de acordo com as suas necessidades \u00fanicas. Como por exemplo, os horm\u00f4nios estrog\u00eanio, progesterona, testosterona, entre outros.<\/p>\n\n\n\n<p><strong><em>Como repositor hormonal:<\/em><\/strong><\/p>\n\n\n\n<p>As mulheres que durante o per\u00edodo da menopausa necessitam de reposi\u00e7\u00e3o hormonal, que sentem calores (fogacho), fadiga, suores diurno e noturno, mudan\u00e7as no seu estado de \u00e2nimo e emocional geral, diminui\u00e7\u00e3o da libido, al\u00e9m de problemas como osteoporose, altera\u00e7\u00f5es cardiovasculares e pele ressecada, pode fazer uso da planta MACA, ela ainda apresenta a vantagem de n\u00e3o causar efeitos colaterais, o que \u00e9 comum nos tratamentos tradicionais. Al\u00e9m disso, pode promover o aumento do desejo sexual em mulheres e homens, e melhorar o fluxo sangu\u00edneo.<\/p>\n\n\n\n<p>Em sua composi\u00e7\u00e3o est\u00e3o presentes sais minerais, vitaminas, carboidratos, fibras, amino\u00e1cidos essenciais, gor- duras, prote\u00ednas vegetais, antioxidantes, \u00e1cidos graxos (\u00f4megas 3 e 9).<\/p>\n\n\n\n<p><strong><em>Sais minerais:<\/em><\/strong><\/p>\n\n\n\n<p>Magn\u00e9sio, mangan\u00eas, boro, cobre, ferro, f\u00f3sforo, pot\u00e1ssio, c\u00e1lcio, iodo, sel\u00eanio, s\u00f3dio e zinco.<\/p>\n\n\n\n<p><strong><em>Vitaminas:<\/em><\/strong><\/p>\n\n\n\n<p>B1-tiamina, B2-riboflavina, B6-piridoxina, C-\u00e1cido asc\u00f3rbico, E-tocoferol, e D.<\/p>\n\n\n\n<p><strong><em>Frutose (a\u00e7\u00facar encontrado nas frutas):<\/em><\/strong><\/p>\n\n\n\n<p>Esse tipo de a\u00e7\u00facar tamb\u00e9m est\u00e1 presente na maca, aqui n\u00e3o necessita de insulina para ser metabolizado como acontece com a glicose, quem promove o seu aproveitamento pelo organismo \u00e9 o f\u00edgado. A frutose combate fadiga, for-<\/p>\n\n\n\n<p>talece e aumenta as energias dos espermatozoides.<\/p>\n\n\n\n<p><strong><em>Fibras:<\/em><\/strong><\/p>\n\n\n\n<p>A maca previne o diabetes por diminuir a velocidade da absor\u00e7\u00e3o de glicose, gra\u00e7as ao seu alto teor de fibras na planta. Ela tamb\u00e9m fortalece a imunidade do organismo e aumenta o poder de cicatriza\u00e7\u00e3o.<\/p>\n\n\n\n<p><strong><em>Amino\u00e1cidos ess\u00eancias: Arginina, Lisina e Valina.<\/em><\/strong><\/p>\n\n\n\n<p><strong><em>Arginina e Lisina:<\/em><\/strong><\/p>\n\n\n\n<p>Regularizam o processo da fertilidade tanto nos homens como nas mulheres, as c\u00e9lulas reprodutivas dos homens possuem grandes quantidades de Arginina. A Maca eleva esses n\u00edveis nestas c\u00e9lulas o que contribui para solucionar<\/p>\n\n\n\n<p>problemas ligados \u00e0 fertilidade e a falta de libido.<\/p>\n\n\n\n<p><strong><em>Lisina:<\/em><\/strong><\/p>\n\n\n\n<p>Ameniza os problemas da mulher ligados \u00e0 fertilidade e no per\u00edodo da menopausa.<\/p>\n\n\n\n<p><strong><em>Valina:<\/em><\/strong><\/p>\n\n\n\n<p>N\u00e3o \u00e9 produzida pelo nosso organismo, \u00e9 estimulante do crescimento muscular e fornece energia ao corpo.<\/p>\n\n\n\n<p><strong><em>Antioxidantes:<\/em><\/strong><\/p>\n\n\n\n<p>Esse feito \u00e9 devido ao seu alto teor de polifen\u00f3is e isotiocianatos, que aumenta os n\u00edveis de antioxidantes, dessa forma, age na preven\u00e7\u00e3o de enfermidades cr\u00f4nicas degenerativas ocasionadas pelo dano oxidativo.<\/p>\n\n\n\n<p><strong><em>Apresenta\u00e7\u00e3o e modo de usar: C\u00e1psulas:<\/em><\/strong><\/p>\n\n\n\n<p>Em geral de duas a quatro c\u00e1psulas durante o dia.<\/p>\n\n\n\n<ul class=\"wp-block-list\">\n<li>N\u00e3o fazer uso durante a gravidez.<\/li>\n\n\n\n<li>Enquanto estiver amamentando.<\/li>\n<\/ul>\n\n\n\n<p><strong><em>Contraindica\u00e7\u00f5es:<\/em><\/strong><\/p>\n\n\n\n<ul class=\"wp-block-list\">\n<li>Para quem faz uso de outros horm\u00f4nios, pois pode inibir ou intensificar o efeito hormonal.<\/li>\n\n\n\n<li>Hipertensos (consumir com modera\u00e7\u00e3o).<\/li>\n\n\n\n<li>Pessoas que tenham dist\u00farbios do sono n\u00e3o devem consumi-la ap\u00f3s \u00e0s 17h00.<\/li>\n\n\n\n<li>Pessoas que apresentam problemas na gl\u00e2ndula tireoide n\u00e3o devem consumi-la, porque pode apresentar incha\u00e7os ou crescimento da mesma.<\/li>\n\n\n\n<li>Quem faz tratamento com anticoagulantes n\u00e3o deve usar a planta.<\/li>\n<\/ul>\n","protected":false},"excerpt":{"rendered":"<p>MACA (LEPIDIUM MEYENII). A Maca \u00e9 uma planta adapt\u00f3gena de origem Peruana. Por natureza, \u00e9 um estimulante, n\u00e3o cont\u00e9m cafe\u00edna nem horm\u00f4nios, entretanto, ela possui um conjunto \u00fanico de nutrientes [&hellip;]<\/p>\n","protected":false},"author":1,"featured_media":0,"parent":587,"menu_order":0,"comment_status":"closed","ping_status":"closed","template":"","meta":{"pmpro_default_level":"","_price":"","_stock":"","_tribe_ticket_header":"","_tribe_default_ticket_provider":"","_tribe_ticket_capacity":"0","_ticket_start_date":"","_ticket_end_date":"","_tribe_ticket_show_description":"","_tribe_ticket_show_not_going":false,"_tribe_ticket_use_global_stock":"","_tribe_ticket_global_stock_level":"","_global_stock_mode":"","_global_stock_cap":"","_tribe_rsvp_for_event":"","_tribe_ticket_going_count":"","_tribe_ticket_not_going_count":"","_tribe_tickets_list":"[]","_tribe_ticket_has_attendee_info_fields":false,"cybocfi_hide_featured_image":"","footnotes":""},"class_list":["post-6604","page","type-page","status-publish","hentry","pmpro-has-access"],"_links":{"self":[{"href":"https:\/\/apacame.org.br\/site\/wp-json\/wp\/v2\/pages\/6604"}],"collection":[{"href":"https:\/\/apacame.org.br\/site\/wp-json\/wp\/v2\/pages"}],"about":[{"href":"https:\/\/apacame.org.br\/site\/wp-json\/wp\/v2\/types\/page"}],"author":[{"embeddable":true,"href":"https:\/\/apacame.org.br\/site\/wp-json\/wp\/v2\/users\/1"}],"replies":[{"embeddable":true,"href":"https:\/\/apacame.org.br\/site\/wp-json\/wp\/v2\/comments?post=6604"}],"version-history":[{"count":1,"href":"https:\/\/apacame.org.br\/site\/wp-json\/wp\/v2\/pages\/6604\/revisions"}],"predecessor-version":[{"id":6612,"href":"https:\/\/apacame.org.br\/site\/wp-json\/wp\/v2\/pages\/6604\/revisions\/6612"}],"up":[{"embeddable":true,"href":"https:\/\/apacame.org.br\/site\/wp-json\/wp\/v2\/pages\/587"}],"wp:attachment":[{"href":"https:\/\/apacame.org.br\/site\/wp-json\/wp\/v2\/media?parent=6604"}],"curies":[{"name":"wp","href":"https:\/\/api.w.org\/{rel}","templated":true}]}}