{"id":6603,"date":"2024-06-11T21:45:25","date_gmt":"2024-06-12T00:45:25","guid":{"rendered":"https:\/\/apacame.org.br\/site\/?page_id=6603"},"modified":"2024-06-11T21:45:26","modified_gmt":"2024-06-12T00:45:26","slug":"artigo","status":"publish","type":"page","link":"https:\/\/apacame.org.br\/site\/revista\/artigo\/","title":{"rendered":"Artigo"},"content":{"rendered":"\n<h2 class=\"wp-block-heading\">TODOS OS VALORES PRATICADOS DENTRO DO AMBIENTE DE TRABALHO EM UMA EMPRESA DEVEM PREZAR PELO BEM-ESTAR<\/h2>\n\n\n<div class=\"wp-block-image\">\n<figure class=\"alignleft size-full is-resized\"><a href=\"https:\/\/apacame.org.br\/site\/wp-content\/uploads\/2024\/02\/judit-ahely.jpg\"><img fetchpriority=\"high\" decoding=\"async\" width=\"334\" height=\"492\" src=\"https:\/\/apacame.org.br\/site\/wp-content\/uploads\/2024\/02\/judit-ahely.jpg\" alt=\"\" class=\"wp-image-6378\" style=\"width:193px;height:auto\" srcset=\"https:\/\/apacame.org.br\/site\/wp-content\/uploads\/2024\/02\/judit-ahely.jpg 334w, https:\/\/apacame.org.br\/site\/wp-content\/uploads\/2024\/02\/judit-ahely-204x300.jpg 204w, https:\/\/apacame.org.br\/site\/wp-content\/uploads\/2024\/02\/judit-ahely-244x360.jpg 244w\" sizes=\"(max-width: 334px) 100vw, 334px\" \/><\/a><figcaption class=\"wp-element-caption\">Judit Ahely &#8211; Idealizadora e Palestrante no Projeto Valorize. &#8211; juditmarci@hotmail.com<\/figcaption><\/figure><\/div>\n\n\n<p>Todos os valores praticados dentro do ambiente de trabalho em uma empresa devem prezar pelo bem-estar e desenvolvimento coletivo, freando determinados impulsos humanos que se salientam perante situa\u00e7\u00f5es conflitantes. Estamos nos referindo \u00e0 \u00e9tica profissional. E para o trabalho com abelhas n\u00e3o seria diferente os valores praticados ao ar livre!<\/p>\n\n\n\n<p>No sistema econ\u00f4mico capitalista de &#8220;livre mercado&#8221; \u00e9 quase imposs\u00edvel de ser realizado pr\u00e1tica de valores e princ\u00edpios e isso sacrifica o indiv\u00edduo a um modo de vida essencialmente dominado por uma estrutura autorregulada, institu\u00edda de valores predominantemente mercantis, que desconsidera muitos dos valores da vida humana, que ao serem praticados elevam a consci\u00eancia e trazem para o ambiente a dissolu\u00e7\u00e3o dos conflitos predominantes para uma atividade de trabalho.<\/p>\n\n\n\n<p>Como base sabemos da fundamental a\u00e7\u00e3o de parceria, que promove a boa conviv\u00eancia e estimula o respeito \u00e0s diferentes atividades de campo, com foco na sustentabilidade dos sistemas produtivos. <\/p>\n\n\n\n<p>No caso espec\u00edfico do relacionamento entre sojicultor e apicultor, \u00e9 importante a valoriza\u00e7\u00e3o da responsabilidade m\u00fatua, o que significa respeitar os limites al\u00e9m de suas \u00e1reas de cultivo ou propriedades. Mas podemos ir al\u00e9m e pensar na intera\u00e7\u00e3o com solidariedade como contribui\u00e7\u00e3o para um modelo coletivo. <\/p>\n\n\n\n<p>A comunica\u00e7\u00e3o efetiva entre apicultores e agricultores para que ambos possam realizar as melhores pr\u00e1ticas para manter a sa\u00fade das col\u00f4nias e dos cultivos diante dos defensivos agr\u00edcolas, j\u00e1 que a comunica\u00e7\u00e3o entre ambos os setores \u00e9 inexistente em muitas zonas e o conhecimento sobre poliniza\u00e7\u00e3o e seus benef\u00edcios \u00e9 escasso para muitos agricultores de muitas regi\u00f5es. <\/p>\n\n\n\n<p>Amplia\u00e7\u00e3o da consci\u00eancia ambiental tamb\u00e9m \u00e9 importante para provocar mudan\u00e7as de atitudes nos indiv\u00edduos. Com valores sendo priorizados, h\u00e1 desdobramento dos resultados positivos envolvendo a melhoria da autoestima entre os apicultores e seus familiares.<\/p>\n\n\n\n<p>Os valores sempre s\u00e3o um convite para engrandecer as pr\u00e1ticas de trabalho dissolvendo conflitos! Te aguardo na pr\u00f3xima edi\u00e7\u00e3o com muito mais valor para voc\u00ea leitor!<\/p>\n","protected":false},"excerpt":{"rendered":"<p>TODOS OS VALORES PRATICADOS DENTRO DO AMBIENTE DE TRABALHO EM UMA EMPRESA DEVEM PREZAR PELO BEM-ESTAR Todos os valores praticados dentro do ambiente de trabalho em uma empresa devem prezar [&hellip;]<\/p>\n","protected":false},"author":1,"featured_media":0,"parent":587,"menu_order":0,"comment_status":"closed","ping_status":"closed","template":"","meta":{"pmpro_default_level":"","_price":"","_stock":"","_tribe_ticket_header":"","_tribe_default_ticket_provider":"","_tribe_ticket_capacity":"0","_ticket_start_date":"","_ticket_end_date":"","_tribe_ticket_show_description":"","_tribe_ticket_show_not_going":false,"_tribe_ticket_use_global_stock":"","_tribe_ticket_global_stock_level":"","_global_stock_mode":"","_global_stock_cap":"","_tribe_rsvp_for_event":"","_tribe_ticket_going_count":"","_tribe_ticket_not_going_count":"","_tribe_tickets_list":"[]","_tribe_ticket_has_attendee_info_fields":false,"cybocfi_hide_featured_image":"","footnotes":""},"class_list":["post-6603","page","type-page","status-publish","hentry","pmpro-has-access"],"_links":{"self":[{"href":"https:\/\/apacame.org.br\/site\/wp-json\/wp\/v2\/pages\/6603"}],"collection":[{"href":"https:\/\/apacame.org.br\/site\/wp-json\/wp\/v2\/pages"}],"about":[{"href":"https:\/\/apacame.org.br\/site\/wp-json\/wp\/v2\/types\/page"}],"author":[{"embeddable":true,"href":"https:\/\/apacame.org.br\/site\/wp-json\/wp\/v2\/users\/1"}],"replies":[{"embeddable":true,"href":"https:\/\/apacame.org.br\/site\/wp-json\/wp\/v2\/comments?post=6603"}],"version-history":[{"count":1,"href":"https:\/\/apacame.org.br\/site\/wp-json\/wp\/v2\/pages\/6603\/revisions"}],"predecessor-version":[{"id":6607,"href":"https:\/\/apacame.org.br\/site\/wp-json\/wp\/v2\/pages\/6603\/revisions\/6607"}],"up":[{"embeddable":true,"href":"https:\/\/apacame.org.br\/site\/wp-json\/wp\/v2\/pages\/587"}],"wp:attachment":[{"href":"https:\/\/apacame.org.br\/site\/wp-json\/wp\/v2\/media?parent=6603"}],"curies":[{"name":"wp","href":"https:\/\/api.w.org\/{rel}","templated":true}]}}