{"id":6601,"date":"2024-06-11T21:40:07","date_gmt":"2024-06-12T00:40:07","guid":{"rendered":"https:\/\/apacame.org.br\/site\/?page_id=6601"},"modified":"2024-06-11T21:45:58","modified_gmt":"2024-06-12T00:45:58","slug":"editorial","status":"publish","type":"page","link":"https:\/\/apacame.org.br\/site\/revista\/editorial\/","title":{"rendered":"Editorial"},"content":{"rendered":"\n<h2 class=\"wp-block-heading\">CONGRESSO BRASILEIRO EM APARECIDA &#8211; S.P.<\/h2>\n\n\n<div class=\"wp-block-image\">\n<figure class=\"alignleft size-full\"><img fetchpriority=\"high\" decoding=\"async\" width=\"385\" height=\"350\" src=\"https:\/\/apacame.org.br\/site\/wp-content\/uploads\/2021\/08\/Foto_Editorial.jpg\" alt=\"\" class=\"wp-image-4205\" srcset=\"https:\/\/apacame.org.br\/site\/wp-content\/uploads\/2021\/08\/Foto_Editorial.jpg 385w, https:\/\/apacame.org.br\/site\/wp-content\/uploads\/2021\/08\/Foto_Editorial-300x273.jpg 300w, https:\/\/apacame.org.br\/site\/wp-content\/uploads\/2021\/08\/Foto_Editorial-150x136.jpg 150w\" sizes=\"(max-width: 385px) 100vw, 385px\" \/><\/figure><\/div>\n\n\n<p>Ser\u00e1 realizado entre os dias 27 e 30 de novembro o CONBRAPI 2024, XXIV Congresso Brasileiro de Apicultura e X Congresso Brasileiro de Meliponicultura, ap\u00f3s 35 anos de volta para S\u00e3o Paulo. Temos o dever de fazer um grande Congresso, pois este ser\u00e1 o nosso congresso paulista, para demonstrar que a apicultura do Estado de S\u00e3o Paulo tem um \u00f3timo desenvolvimento, assim como em todo o Brasil. <\/p>\n\n\n\n<p>H\u00e1 muito a ser feito, principalmente em organiza\u00e7\u00e3o, nossa maior falha, mas estamos no caminho certo. Para isso, n\u00f3s, como Associa\u00e7\u00f5es junto com as Federa\u00e7\u00f5es e a Confedera\u00e7\u00e3o,precisamos unir todos os Apicultores em eventos como esse a fim de promover a integra\u00e7\u00e3o entre apicultores e meliponicultores.<br>Nesta edi\u00e7\u00e3o, temos a entrevista com o escritor Haruki Tango, idealizador do projeto \u201cPolinizadores de Afetos\u201d, e autor do livro \u201cDicas de Autopoliniza\u00e7\u00e3o\u201d.<\/p>\n\n\n\n<p>Tamb\u00e9m haver\u00e1 muito material sobre o congresso, n\u00e3o deixe de ler, \u00e9 muito importante para o futuro da Apicultura, e compare\u00e7a ao evento!<\/p>\n\n\n\n<p>Estamos fazendo uma homenagem ao grande apicultor e pesquisador Paulo Gustavo Sommer, o quinto Presidente da CBA entre os anos 1992 a 2000. Tamb\u00e9m est\u00e1 publicada na revista a nova diretoria eleita da (FAAMESP), Federa\u00e7\u00e3o das Associa\u00e7\u00f5es de Apicultores e Meliponicultores do Estado de S\u00e3o Paulo.<\/p>\n\n\n\n<p><\/p>\n\n\n\n<p>\u201cE que as abelhas sejam motivos de reuni\u00e3o e uni\u00e3o entre os homens\u201d Uma associa\u00e7\u00e3o se faz com associados.<\/p>\n\n\n\n<p><strong>Eloi Viana da Silva<br>Presidente Executivo<br>eloi@apacame.org.br<\/strong><\/p>\n","protected":false},"excerpt":{"rendered":"<p>CONGRESSO BRASILEIRO EM APARECIDA &#8211; S.P. Ser\u00e1 realizado entre os dias 27 e 30 de novembro o CONBRAPI 2024, XXIV Congresso Brasileiro de Apicultura e X Congresso Brasileiro de Meliponicultura, [&hellip;]<\/p>\n","protected":false},"author":1,"featured_media":0,"parent":587,"menu_order":0,"comment_status":"closed","ping_status":"closed","template":"","meta":{"pmpro_default_level":"","_price":"","_stock":"","_tribe_ticket_header":"","_tribe_default_ticket_provider":"","_tribe_ticket_capacity":"0","_ticket_start_date":"","_ticket_end_date":"","_tribe_ticket_show_description":"","_tribe_ticket_show_not_going":false,"_tribe_ticket_use_global_stock":"","_tribe_ticket_global_stock_level":"","_global_stock_mode":"","_global_stock_cap":"","_tribe_rsvp_for_event":"","_tribe_ticket_going_count":"","_tribe_ticket_not_going_count":"","_tribe_tickets_list":"[]","_tribe_ticket_has_attendee_info_fields":false,"cybocfi_hide_featured_image":"","footnotes":""},"class_list":["post-6601","page","type-page","status-publish","hentry","pmpro-has-access"],"_links":{"self":[{"href":"https:\/\/apacame.org.br\/site\/wp-json\/wp\/v2\/pages\/6601"}],"collection":[{"href":"https:\/\/apacame.org.br\/site\/wp-json\/wp\/v2\/pages"}],"about":[{"href":"https:\/\/apacame.org.br\/site\/wp-json\/wp\/v2\/types\/page"}],"author":[{"embeddable":true,"href":"https:\/\/apacame.org.br\/site\/wp-json\/wp\/v2\/users\/1"}],"replies":[{"embeddable":true,"href":"https:\/\/apacame.org.br\/site\/wp-json\/wp\/v2\/comments?post=6601"}],"version-history":[{"count":2,"href":"https:\/\/apacame.org.br\/site\/wp-json\/wp\/v2\/pages\/6601\/revisions"}],"predecessor-version":[{"id":6608,"href":"https:\/\/apacame.org.br\/site\/wp-json\/wp\/v2\/pages\/6601\/revisions\/6608"}],"up":[{"embeddable":true,"href":"https:\/\/apacame.org.br\/site\/wp-json\/wp\/v2\/pages\/587"}],"wp:attachment":[{"href":"https:\/\/apacame.org.br\/site\/wp-json\/wp\/v2\/media?parent=6601"}],"curies":[{"name":"wp","href":"https:\/\/api.w.org\/{rel}","templated":true}]}}