{"id":6575,"date":"2024-05-21T19:51:21","date_gmt":"2024-05-21T22:51:21","guid":{"rendered":"https:\/\/apacame.org.br\/site\/?page_id=6575"},"modified":"2024-05-21T19:51:24","modified_gmt":"2024-05-21T22:51:24","slug":"artigo-3","status":"publish","type":"page","link":"https:\/\/apacame.org.br\/site\/revista\/mensagem-doce-n175-marco-2024\/artigo-3\/","title":{"rendered":"ARTIGO"},"content":{"rendered":"\n<h2 class=\"wp-block-heading\">VALORIZA\u00c7\u00c3O DA POLINIZA\u00c7\u00c3O<\/h2>\n\n\n<div class=\"wp-block-image\">\n<figure class=\"alignleft size-full is-resized\"><a href=\"https:\/\/apacame.org.br\/site\/wp-content\/uploads\/2024\/02\/judit-ahely.jpg\"><img fetchpriority=\"high\" decoding=\"async\" width=\"334\" height=\"492\" src=\"https:\/\/apacame.org.br\/site\/wp-content\/uploads\/2024\/02\/judit-ahely.jpg\" alt=\"\" class=\"wp-image-6378\" style=\"width:193px;height:auto\" srcset=\"https:\/\/apacame.org.br\/site\/wp-content\/uploads\/2024\/02\/judit-ahely.jpg 334w, https:\/\/apacame.org.br\/site\/wp-content\/uploads\/2024\/02\/judit-ahely-204x300.jpg 204w, https:\/\/apacame.org.br\/site\/wp-content\/uploads\/2024\/02\/judit-ahely-244x360.jpg 244w\" sizes=\"(max-width: 334px) 100vw, 334px\" \/><\/a><figcaption class=\"wp-element-caption\">Judit Ahely &#8211; Idealizadora e Palestrante no Projeto Valorize. &#8211; juditmarci@hotmail.com<\/figcaption><\/figure><\/div>\n\n\n<p>Essa vis\u00e3o de valor \u00e9 fundamental porque permite desenvolver a\u00e7\u00f5es mais assertivas que propiciem, ao mesmo tempo, a prote\u00e7\u00e3o racional dos cultivos, a valoriza\u00e7\u00e3o do servi\u00e7o de poliniza\u00e7\u00e3o, a prote\u00e7\u00e3o das abelhas e do meio ambiente e o respeito \u00e0 Apicultura.<\/p>\n\n\n\n<p>As esp\u00e9cies de abelhas podem ser organizadas de diversas formas conforme as gravuras. As culturas dependentes da poliniza\u00e7\u00e3o animal (incluindo as abelhas) contribuem com 35% do volume de produ\u00e7\u00e3o mundial de alimentos, representando 5% a 8% em valor da produ\u00e7\u00e3o mundial. <\/p>\n\n\n\n<p>Esse dado faz parte do relat\u00f3rio divulgado em 2016 pela Plataforma Intergovernamental de Servi\u00e7os Ecossist\u00eamicos e Biodiversidade (IPBES). O conceito de depend\u00eancia de poliniza\u00e7\u00e3o na agricultura est\u00e1 ligado a quanto certo cultivo depende da poliniza\u00e7\u00e3o para alcan\u00e7ar todo o seu potencial produtivo, n\u00e3o s\u00f3 em quantidade, mas em qualidade tamb\u00e9m. <\/p>\n\n\n\n<p>Os cultivos dependentes de poliniza\u00e7\u00e3o por abelhas, se n\u00e3o s\u00e3o polinizados, podem ter uma redu\u00e7\u00e3o na produ\u00e7\u00e3o de 40% a 100%. <\/p>\n\n\n\n<p>Os cultivos beneficiados pela poliniza\u00e7\u00e3o podem perder entre 10% e 40% de sua produtividade se n\u00e3o forem polinizados. <\/p>\n\n\n\n<p>Os cultivos n\u00e3o dependentes de poliniza\u00e7\u00e3o, n\u00e3o s\u00e3o muito afetados pela visita de abelhas. As pr\u00e1ticas de manejo agr\u00edcola e ap\u00edcola devem ser realizadas sob medida, segundo as caracter\u00edsticas dos cultivos e sua rela\u00e7\u00e3o com a poliniza\u00e7\u00e3o. <\/p>\n\n\n\n<p>Por isso, classificamos os cultivos agr\u00edcolas como dependentes, beneficiados e n\u00e3o dependentes de poliniza\u00e7\u00e3o realizada por abelhas.<\/p>\n\n\n\n<p>At\u00e9 a pr\u00f3xima edi\u00e7\u00e3o com mais valor para sua compreens\u00e3o!<\/p>\n\n\n<div class=\"wp-block-image\">\n<figure class=\"aligncenter size-full\"><a href=\"https:\/\/apacame.org.br\/site\/wp-content\/uploads\/2024\/05\/valorizacao.jpg\"><img decoding=\"async\" width=\"337\" height=\"345\" src=\"https:\/\/apacame.org.br\/site\/wp-content\/uploads\/2024\/05\/valorizacao.jpg\" alt=\"\" class=\"wp-image-6579\" srcset=\"https:\/\/apacame.org.br\/site\/wp-content\/uploads\/2024\/05\/valorizacao.jpg 337w, https:\/\/apacame.org.br\/site\/wp-content\/uploads\/2024\/05\/valorizacao-293x300.jpg 293w, https:\/\/apacame.org.br\/site\/wp-content\/uploads\/2024\/05\/valorizacao-280x287.jpg 280w\" sizes=\"(max-width: 337px) 100vw, 337px\" \/><\/a><\/figure><\/div>","protected":false},"excerpt":{"rendered":"<p>VALORIZA\u00c7\u00c3O DA POLINIZA\u00c7\u00c3O Essa vis\u00e3o de valor \u00e9 fundamental porque permite desenvolver a\u00e7\u00f5es mais assertivas que propiciem, ao mesmo tempo, a prote\u00e7\u00e3o racional dos cultivos, a valoriza\u00e7\u00e3o do servi\u00e7o de [&hellip;]<\/p>\n","protected":false},"author":1,"featured_media":0,"parent":6556,"menu_order":0,"comment_status":"closed","ping_status":"closed","template":"","meta":{"pmpro_default_level":"","_price":"","_stock":"","_tribe_ticket_header":"","_tribe_default_ticket_provider":"","_tribe_ticket_capacity":"0","_ticket_start_date":"","_ticket_end_date":"","_tribe_ticket_show_description":"","_tribe_ticket_show_not_going":false,"_tribe_ticket_use_global_stock":"","_tribe_ticket_global_stock_level":"","_global_stock_mode":"","_global_stock_cap":"","_tribe_rsvp_for_event":"","_tribe_ticket_going_count":"","_tribe_ticket_not_going_count":"","_tribe_tickets_list":"[]","_tribe_ticket_has_attendee_info_fields":false,"cybocfi_hide_featured_image":"","footnotes":""},"class_list":["post-6575","page","type-page","status-publish","hentry","pmpro-has-access"],"_links":{"self":[{"href":"https:\/\/apacame.org.br\/site\/wp-json\/wp\/v2\/pages\/6575"}],"collection":[{"href":"https:\/\/apacame.org.br\/site\/wp-json\/wp\/v2\/pages"}],"about":[{"href":"https:\/\/apacame.org.br\/site\/wp-json\/wp\/v2\/types\/page"}],"author":[{"embeddable":true,"href":"https:\/\/apacame.org.br\/site\/wp-json\/wp\/v2\/users\/1"}],"replies":[{"embeddable":true,"href":"https:\/\/apacame.org.br\/site\/wp-json\/wp\/v2\/comments?post=6575"}],"version-history":[{"count":1,"href":"https:\/\/apacame.org.br\/site\/wp-json\/wp\/v2\/pages\/6575\/revisions"}],"predecessor-version":[{"id":6580,"href":"https:\/\/apacame.org.br\/site\/wp-json\/wp\/v2\/pages\/6575\/revisions\/6580"}],"up":[{"embeddable":true,"href":"https:\/\/apacame.org.br\/site\/wp-json\/wp\/v2\/pages\/6556"}],"wp:attachment":[{"href":"https:\/\/apacame.org.br\/site\/wp-json\/wp\/v2\/media?parent=6575"}],"curies":[{"name":"wp","href":"https:\/\/api.w.org\/{rel}","templated":true}]}}