{"id":6573,"date":"2024-05-21T19:38:41","date_gmt":"2024-05-21T22:38:41","guid":{"rendered":"https:\/\/apacame.org.br\/site\/?page_id=6573"},"modified":"2024-05-21T19:38:44","modified_gmt":"2024-05-21T22:38:44","slug":"propolis","status":"publish","type":"page","link":"https:\/\/apacame.org.br\/site\/revista\/mensagem-doce-n175-marco-2024\/propolis\/","title":{"rendered":"PR\u00d3POLIS"},"content":{"rendered":"\n<h2 class=\"wp-block-heading\">O USO DA PR\u00d3POLIS PODE SER UM ALIADO NO TRATAMENTO DE DOEN\u00c7AS GASTROINTESTINAIS<\/h2>\n\n\n<div class=\"wp-block-image\">\n<figure class=\"alignleft size-full is-resized\"><a href=\"https:\/\/apacame.org.br\/site\/wp-content\/uploads\/2024\/02\/apacame-dr-michel.jpg\"><img fetchpriority=\"high\" decoding=\"async\" width=\"458\" height=\"484\" src=\"https:\/\/apacame.org.br\/site\/wp-content\/uploads\/2024\/02\/apacame-dr-michel.jpg\" alt=\"\" class=\"wp-image-6377\" style=\"width:343px;height:auto\" srcset=\"https:\/\/apacame.org.br\/site\/wp-content\/uploads\/2024\/02\/apacame-dr-michel.jpg 458w, https:\/\/apacame.org.br\/site\/wp-content\/uploads\/2024\/02\/apacame-dr-michel-284x300.jpg 284w, https:\/\/apacame.org.br\/site\/wp-content\/uploads\/2024\/02\/apacame-dr-michel-415x439.jpg 415w, https:\/\/apacame.org.br\/site\/wp-content\/uploads\/2024\/02\/apacame-dr-michel-280x296.jpg 280w\" sizes=\"(max-width: 458px) 100vw, 458px\" \/><\/a><figcaption class=\"wp-element-caption\">Dr. Michael Marques &#8211; M\u00e9dico, palestrante e escritor &#8211; Forma\u00e7\u00f5es Brasil, Alemanha e It\u00e1lia &#8211; Professor em v\u00e1rias p\u00f3s-gradua\u00e7\u00f5es &#8211; Cofundador do Instituto Ol\u00edbano &#8211; Apicultor e meliponicultor<\/figcaption><\/figure><\/div>\n\n\n<p>A pr\u00f3polis \u00e9 um produto natural, que tem sido utilizado a mil\u00e9nios na medicina tradicional em todo o mundo. Atualmente, consolidada na literatura cient\u00edfica por suas propriedades antimicrobianas, antioxidantes, anti-inflamat\u00f3rias, imunoestimulantes e antiproliferativas, a pr\u00f3polis tem sido amplamente empregada no tratamento de diversas doen\u00e7as, inclusive aquelas que afetam o trato gastrointestinal.<\/p>\n\n\n\n<p>Diversos estudos, utilizando modelo animal e cl\u00ednicos com humanos, mostram que a pr\u00f3polis tem efeito gastroprotetor e potencial ben\u00e9fico no tratamento de diversas doen\u00e7as gastrointestinais, como: mucosite, colite, gastrite, \u00falcera p\u00e9ptica, estomatite aftosa e at\u00e9 mesmo c\u00e2ncer de est\u00f4mago e intestino; com a maioria dos estudos sendo realizados principalmente com a pr\u00f3polis brasileira verde e vermelha.<\/p>\n\n\n\n<p>Em especifico, estudos mostram que o uso da pr\u00f3polis ajuda a prevenir e tratar \u00falceras g\u00e1stricas, sendo observada a redu\u00e7\u00e3o significativa no tamanho das \u00falceras, melhorias na histologia da les\u00e3o e na resposta imunol\u00f3gica local.<\/p>\n\n\n\n<p>A efic\u00e1cia da pr\u00f3polis no tratamento de dist\u00farbios gastrointestinais pode ser atribu\u00edda \u00e0s suas propriedades: antioxidantes, anti-inflamat\u00f3rias e antimicrobianas. Mais especificamente, como um composto com a\u00e7\u00e3o antioxidante a pr\u00f3polis contribui para a redu\u00e7\u00e3o do estresse oxidativo e para a prote\u00e7\u00e3o contra danos nas c\u00e9lulas do trato gastrointestinal.<\/p>\n\n\n\n<p>J\u00e1 atrav\u00e9s dos seus efeitos anti-inflamat\u00f3rios a pr\u00f3polis pode reduzir a inflama\u00e7\u00e3o no trato gastrointestinal, proporcionando al\u00edvio para condi\u00e7\u00f5es inflamat\u00f3rias como a colite ulcerativa e a doen\u00e7a de Crohn.<\/p>\n\n\n\n<p>Por outro lado, a propriedade antimicrobiana da pr\u00f3polis pode ajudar a combater bact\u00e9rias nocivas no trato gastrointestinal, contribuindo para o equil\u00edbrio da flora intestinal. Vale destacar, que v\u00e1rios estudos pr\u00e9-cl\u00ednicos recentes demonstraram que pr\u00f3polis, de diferentes origens, apresentam efeitos inibit\u00f3rios no crescimento de bact\u00e9rias da esp\u00e9cie Helicobacter pylori (tamb\u00e9m denominada de H. pylori). <\/p>\n\n\n\n<p>Tal pat\u00f3geno \u00e9 encontrado no trato gastrointestinal humano, principalmente no revestimento do est\u00f4mago, e \u00e9 associado ao desenvolvimento de v\u00e1rias doen\u00e7as, como: gastrite, \u00falceras p\u00e9pticas e at\u00e9 mesmo c\u00e2ncer de est\u00f4mago.<\/p>\n\n\n\n<p>Estudos tamb\u00e9m indicam que a pr\u00f3polis pode reduzir o volume do suco g\u00e1strico e sua acidez (atividade anti\u00e1cida), al\u00e9m de estimular e aumentar a produ\u00e7\u00e3o de muco g\u00e1strico, conferindo prote\u00e7\u00e3o \u00e0 mucosa g\u00e1strica.<\/p>\n\n\n\n<p>Em sinergismo, os efeitos antioxidantes (que atua neutralizando os radicais livres e reduzindo o dano oxidativo), antimicrobiano (que abrange uma variedade de agentes patog\u00eanicos) e a modula\u00e7\u00e3o das respostas inflamat\u00f3rias local pela pr\u00f3polis tamb\u00e9m contribuem para um ambiente mais prop\u00edcio \u00e0 regenera\u00e7\u00e3o\/cicatriza\u00e7\u00e3o celular, promovendo uma recupera\u00e7\u00e3o mais r\u00e1pida e eficaz de les\u00f5es teciduais existentes. <\/p>\n\n\n\n<p>Al\u00e9m disso, a pr\u00f3polis tamb\u00e9m demonstrou estimular a prolifera\u00e7\u00e3o celular, acelerando assim o processo de reparo tecidual (efeito cicatrizante).<\/p>\n\n\n\n<p>Em suma, uma vez que os tratamentos farmacol\u00f3gicos convencionais para as doen\u00e7as que afetam o trato gastrointestinal incluem medicamentos de altos custos e\/ou com rea\u00e7\u00f5es adversas significativas \u2014 e at\u00e9 mesmo com risco de resist\u00eancia como no caso dos antibi\u00f3ticos \u2014 a pr\u00f3polis apresenta-se com uma abordagem terap\u00eautica valiosa para a preven\u00e7\u00e3o e tratamento dessas doen\u00e7as. <\/p>\n\n\n\n<p>No entanto, \u00e9 fundamental que o uso da pr\u00f3polis em doen\u00e7as gastrointestinais seja acompanhado de um estilo de vida saud\u00e1vel e tamb\u00e9m da orienta\u00e7\u00e3o e acompanhamento m\u00e9dico.<\/p>\n\n\n\n<p><\/p>\n\n\n\n<p><strong>Refer\u00eancias<\/strong><br>BALTAS, N. et al. Effect of propolis in gastric disorders: inhibition studies on the growth of Helicobacter pylori and production of its urease. Journal of Enzyme Inhibition and Medicinal Chemistry, v. 31, n. sup2, p. 46\u201350, 2016.<br>DA SILVA, L. M. et al. Propolis and Its Potential to Treat Gastrointestinal Disorders. Evidence-based Complementary and Alternative Medicine : eCAM, v. 2018, p. 2035820, 15 mar. 2018.<br>GOVERNA, P. et al. Effect of in vitro simulated digestion on the anti-Helicobacter Pylori activity of different Propolis extracts. Journal of Enzyme Inhibition and Medicinal Chemistry, v. 38, n. 1, p. 2183810, dez. 2023.<br>RUIZ-HURTADO, P. A. et al. Propolis and Its Gastroprotective Effects on NSAID-Induced Gastric Ulcer Disease: A Systematic Review. Nutrients, v. 13, n. 9, p. 3169, 11 set. 2021.<br>SAMET, N. et al. The effect of bee propolis on recurrent aphthous stomatitis: a pilot study. Clinical Oral Investigations, v. 11, n. 2, p. 143\u2013147, jun. 2007.<br>SANTIAGO, M. B. et al. Brazilian Red Propolis Presents Promising Anti-H. pylori Activity in In Vitro and In Vivo Assays with the Ability to Modulate the Immune Response. Molecules (Basel, Switzerland), v. 27, n. 21, p. 7310, 27 out. 2022.<br>SONG, M.-Y. et al. Anti-Inflammatory Effect of Korean Propolis on Helicobacter pylori-Infected Gastric Mucosal Injury Mice Model. Nutrients, v. 14, n. 21, p. 4644, 3 nov. 2022.<br>VILLANUEVA, M. et al. [In vitro antibacterial activity of Chilean propolis against Helicobacter pylori]. Revista Chilena De Infectologia: Organo Oficial De La Sociedad Chilena De Infectologia, v. 32, n. 5, p. 530\u2013535, out. 2015.<\/p>\n","protected":false},"excerpt":{"rendered":"<p>O USO DA PR\u00d3POLIS PODE SER UM ALIADO NO TRATAMENTO DE DOEN\u00c7AS GASTROINTESTINAIS A pr\u00f3polis \u00e9 um produto natural, que tem sido utilizado a mil\u00e9nios na medicina tradicional em todo [&hellip;]<\/p>\n","protected":false},"author":1,"featured_media":0,"parent":6556,"menu_order":0,"comment_status":"closed","ping_status":"closed","template":"","meta":{"pmpro_default_level":"","_price":"","_stock":"","_tribe_ticket_header":"","_tribe_default_ticket_provider":"","_tribe_ticket_capacity":"0","_ticket_start_date":"","_ticket_end_date":"","_tribe_ticket_show_description":"","_tribe_ticket_show_not_going":false,"_tribe_ticket_use_global_stock":"","_tribe_ticket_global_stock_level":"","_global_stock_mode":"","_global_stock_cap":"","_tribe_rsvp_for_event":"","_tribe_ticket_going_count":"","_tribe_ticket_not_going_count":"","_tribe_tickets_list":"[]","_tribe_ticket_has_attendee_info_fields":false,"cybocfi_hide_featured_image":"","footnotes":""},"class_list":["post-6573","page","type-page","status-publish","hentry","pmpro-has-access"],"_links":{"self":[{"href":"https:\/\/apacame.org.br\/site\/wp-json\/wp\/v2\/pages\/6573"}],"collection":[{"href":"https:\/\/apacame.org.br\/site\/wp-json\/wp\/v2\/pages"}],"about":[{"href":"https:\/\/apacame.org.br\/site\/wp-json\/wp\/v2\/types\/page"}],"author":[{"embeddable":true,"href":"https:\/\/apacame.org.br\/site\/wp-json\/wp\/v2\/users\/1"}],"replies":[{"embeddable":true,"href":"https:\/\/apacame.org.br\/site\/wp-json\/wp\/v2\/comments?post=6573"}],"version-history":[{"count":1,"href":"https:\/\/apacame.org.br\/site\/wp-json\/wp\/v2\/pages\/6573\/revisions"}],"predecessor-version":[{"id":6576,"href":"https:\/\/apacame.org.br\/site\/wp-json\/wp\/v2\/pages\/6573\/revisions\/6576"}],"up":[{"embeddable":true,"href":"https:\/\/apacame.org.br\/site\/wp-json\/wp\/v2\/pages\/6556"}],"wp:attachment":[{"href":"https:\/\/apacame.org.br\/site\/wp-json\/wp\/v2\/media?parent=6573"}],"curies":[{"name":"wp","href":"https:\/\/api.w.org\/{rel}","templated":true}]}}