{"id":6565,"date":"2024-05-21T19:31:56","date_gmt":"2024-05-21T22:31:56","guid":{"rendered":"https:\/\/apacame.org.br\/site\/?page_id=6565"},"modified":"2024-05-21T19:31:59","modified_gmt":"2024-05-21T22:31:59","slug":"artigo-2","status":"publish","type":"page","link":"https:\/\/apacame.org.br\/site\/revista\/mensagem-doce-n175-marco-2024\/artigo-2\/","title":{"rendered":"ARTIGO"},"content":{"rendered":"\n<h2 class=\"wp-block-heading\">DESAFIOS CLIM\u00c1TICOS NA AGRICULTURA: A CRUCIAL JANELA DA FECUNDA\u00c7\u00c3O E O PAPEL VITAL DA ABELHA<\/h2>\n\n\n\n<p><strong>Carlos Pamplona Rehder Impulsionando a Inova\u00e7\u00e3o e o Crescimento na Apicultura, Agricultura e Biotecnologia | L\u00edder Vision\u00e1rio | Transformando ideias em solu\u00e7\u00f5es sustent\u00e1veis<\/strong><\/p>\n\n\n\n<p>Em meio aos desafios clim\u00e1ticos que v\u00eam moldando a agricultura nos \u00faltimos anos, destaco um aspecto muitas vezes negligenciado: a temperatura e seu impacto direto na fecunda\u00e7\u00e3o das plantas. Esse fen\u00f4meno, essencial para a produ\u00e7\u00e3o de alimentos, est\u00e1 enfrentando amea\u00e7as significativas devido \u00e0s condi\u00e7\u00f5es clim\u00e1ticas extremas que temos experimentado.<\/p>\n\n\n\n<p>Foco principal dos meus estudos, o caf\u00e9, nos \u00faltimos quatro anos, tem sido afetado pelo fen\u00f4meno clim\u00e1tico La Ni\u00f1a. A \u201cjanela da fecunda\u00e7\u00e3o\u201d, momento cr\u00edtico durante a florada em que as plantas preparam-se a fecunda\u00e7\u00e3o e assim gerar frutos, tornou-se um campo de batalha entre a natureza e condi\u00e7\u00f5es clim\u00e1ticas adversas.<\/p>\n\n\n\n<p>Visualize uma flor de caf\u00e9 sob temperaturas escaldantes. O p\u00f3len, essencial para a fecunda\u00e7\u00e3o, enfrenta um verdadeiro teste de resist\u00eancia. Essas min\u00fasculas part\u00edculas vivas, fundamentais para a produ\u00e7\u00e3o de frutos, precisam germinar, crescer seu tubo pol\u00ednico e transferir seu DNA e, finalmente, fecundar o \u00f3vulo. No entanto, sob calor excessivo, os resultados nem sempre s\u00e3o favor\u00e1veis.<\/p>\n\n\n\n<p>Um estudo not\u00e1vel sobre o mam\u00e3o ilustra isso perfeitamente. Com 14 variedades analisadas, torna-se evidente que o calor extremo compromete a germina\u00e7\u00e3o do p\u00f3len. Em condi\u00e7\u00f5es laboratoriais (in vitro), a 45\u00b0C, apenas 55% dos gr\u00e3os de p\u00f3len germinam. Contudo, em condi\u00e7\u00f5es reais (in vivo), o mam\u00e3o mais resiliente atinge 68% a 25\u00b0C, enquanto a 40\u00b0C, apenas 13% t\u00eam sucesso na germina\u00e7\u00e3o. <br>http:\/\/ bit.ly\/EFEITO-DA-TEMPERATURA-NO-COMPORTAMENTO-REPRODUTIVO-DO-MAMOEIRO<\/p>\n\n\n\n<p>Nossas planta\u00e7\u00f5es enfrentam desafios concretos. Cidades como Bebedouro e Botucatu enfrentam mais de 20 e 30 dias, respectivamente, com temperaturas superiores a 35\u00b0C. Votuporanga, por sua vez, sofre com 70 dias acima desse limiar. Este aumento \u00e9 not\u00e1vel quando comparado com a d\u00e9cada de 2000. https:\/\/bit.ly\/DESAFIOS-E-TEND%C3%8ANCIAS-DO-SETOR<\/p>\n\n\n\n<p>A urg\u00eancia de medidas adaptativas n\u00e3o pode ser subestimada. Utilizando ferramentas como o eos.com, que fornece dados de sat\u00e9lite, temperaturas e precipita\u00e7\u00e3o, tenho acompanhado de perto as condi\u00e7\u00f5es clim\u00e1ticas em fazendas, como em Patroc\u00ednio, MG e Franca, SP.<\/p>\n\n\n\n<p>Os resultados s\u00e3o claros: em anos de La Ni\u00f1a, as temperaturas m\u00e1ximas ultrapassam 35\u00b0C, e em setembro de 2021, estas regi\u00f5es chegaram a 40\u00b0C, criando um ambiente hostil para a fecunda\u00e7\u00e3o das plantas.<\/p>\n\n\n\n<p>A estimativa da Conab \u00e9 uma prova disso, para o caf\u00e9 em janeiro de 2022 previa-se 13 milh\u00f5es de sacas, mas em setembro\/22, a realidade foi cruel, com apenas 9 milh\u00f5es de sacas, uma redu\u00e7\u00e3o de 43%. [Fonte: Conab]<\/p>\n\n\n\n<p>A abelha, muitas vezes subestimada, emerge como uma hero\u00edna nesse cen\u00e1rio. Al\u00e9m de seu papel crucial no transporte de p\u00f3len entre flores, ela atua como um seguro contra adversidades clim\u00e1ticas durante a janela de fecunda\u00e7\u00e3o. <\/p>\n\n\n\n<p>Em anos de La Ni\u00f1a, onde as temperaturas ultrapassam 35\u00b0C, a abelha se torna um aliado valioso, salvando flores que, de outra forma, seriam abortadas devido \u00e0 desnatura\u00e7\u00e3o do p\u00f3len pelo calor e raios UV. Como ser\u00e1 este ano de 2023 que temos El Ni\u00f1o? Vamos aguardar para ver.<\/p>\n\n\n\n<p>Mas, de toda forma, ao investir em estrat\u00e9gias de poliniza\u00e7\u00e3o, os agricultores podem reduzir significativamente os riscos clim\u00e1ticos, transformando a a\u00e7\u00e3o da abelha em uma forma de seguro contra as incertezas clim\u00e1ticas durante a janela de fecunda\u00e7\u00e3o.<\/p>\n\n\n\n<p>O que se revela, portanto, \u00e9 n\u00e3o apenas um desafio, mas tamb\u00e9m uma oportunidade. Projetos de poliniza\u00e7\u00e3o podem n\u00e3o apenas proteger as planta\u00e7\u00f5es, mas tamb\u00e9m se traduzir em investimentos s\u00f3lidos, gerando aumento de produtividade e qualidade, de acordo com diversos estudos cient\u00edficos.<\/p>\n\n\n\n<p>Em conclus\u00e3o, enfrentamos um dilema que exige aten\u00e7\u00e3o imediata. Com o clima se tornando mais imprevis\u00edvel, a sobreviv\u00eancia de nossa produ\u00e7\u00e3o de alimentos est\u00e1 intrinsecamente ligada \u00e0 fecunda\u00e7\u00e3o das plantas.<\/p>\n\n\n\n<p>Ao reconhecer a import\u00e2ncia da abelha e investir em estrat\u00e9gias adaptativas, podemos n\u00e3o apenas superar esses desafios, mas tamb\u00e9m colher os frutos de um investimento inteligente na agricultura do futuro.<\/p>\n","protected":false},"excerpt":{"rendered":"<p>DESAFIOS CLIM\u00c1TICOS NA AGRICULTURA: A CRUCIAL JANELA DA FECUNDA\u00c7\u00c3O E O PAPEL VITAL DA ABELHA Carlos Pamplona Rehder Impulsionando a Inova\u00e7\u00e3o e o Crescimento na Apicultura, Agricultura e Biotecnologia | [&hellip;]<\/p>\n","protected":false},"author":1,"featured_media":0,"parent":6556,"menu_order":0,"comment_status":"closed","ping_status":"closed","template":"","meta":{"pmpro_default_level":"","_price":"","_stock":"","_tribe_ticket_header":"","_tribe_default_ticket_provider":"","_tribe_ticket_capacity":"0","_ticket_start_date":"","_ticket_end_date":"","_tribe_ticket_show_description":"","_tribe_ticket_show_not_going":false,"_tribe_ticket_use_global_stock":"","_tribe_ticket_global_stock_level":"","_global_stock_mode":"","_global_stock_cap":"","_tribe_rsvp_for_event":"","_tribe_ticket_going_count":"","_tribe_ticket_not_going_count":"","_tribe_tickets_list":"[]","_tribe_ticket_has_attendee_info_fields":false,"cybocfi_hide_featured_image":"","footnotes":""},"class_list":["post-6565","page","type-page","status-publish","hentry","pmpro-has-access"],"_links":{"self":[{"href":"https:\/\/apacame.org.br\/site\/wp-json\/wp\/v2\/pages\/6565"}],"collection":[{"href":"https:\/\/apacame.org.br\/site\/wp-json\/wp\/v2\/pages"}],"about":[{"href":"https:\/\/apacame.org.br\/site\/wp-json\/wp\/v2\/types\/page"}],"author":[{"embeddable":true,"href":"https:\/\/apacame.org.br\/site\/wp-json\/wp\/v2\/users\/1"}],"replies":[{"embeddable":true,"href":"https:\/\/apacame.org.br\/site\/wp-json\/wp\/v2\/comments?post=6565"}],"version-history":[{"count":1,"href":"https:\/\/apacame.org.br\/site\/wp-json\/wp\/v2\/pages\/6565\/revisions"}],"predecessor-version":[{"id":6572,"href":"https:\/\/apacame.org.br\/site\/wp-json\/wp\/v2\/pages\/6565\/revisions\/6572"}],"up":[{"embeddable":true,"href":"https:\/\/apacame.org.br\/site\/wp-json\/wp\/v2\/pages\/6556"}],"wp:attachment":[{"href":"https:\/\/apacame.org.br\/site\/wp-json\/wp\/v2\/media?parent=6565"}],"curies":[{"name":"wp","href":"https:\/\/api.w.org\/{rel}","templated":true}]}}