{"id":6563,"date":"2024-05-21T19:27:41","date_gmt":"2024-05-21T22:27:41","guid":{"rendered":"https:\/\/apacame.org.br\/site\/?page_id=6563"},"modified":"2024-05-21T19:28:19","modified_gmt":"2024-05-21T22:28:19","slug":"atividade","status":"publish","type":"page","link":"https:\/\/apacame.org.br\/site\/revista\/mensagem-doce-n175-marco-2024\/atividade\/","title":{"rendered":"Atividade"},"content":{"rendered":"\n<h2 class=\"wp-block-heading\">203\u00b0 CURSO DE APICULTURA.<\/h2>\n\n\n\n<p>Nos finais de semana 02,03 e 09,10 de dezembro de 2023, a APACAME realizou o seu 203o curso de apicultura no Api\u00e1rio Escola APISVILLE (Dito Pintado) localizado na cidade de Santana de Parna\u00edba \u2013 SP.<\/p>\n\n\n\n<p>O curso \u00e9 totalmente pratico, inclui os manejos fundamentais para os trabalhos com as abelhas. O mesmo despertou o interesse dos alunos pela atividade ap\u00edcola. Com 100 % de presen\u00e7a, contou com uma captura aprimorando em muito o aprendizado dos alunos, que ap\u00f3s a prova escrita, foram contemplados com um certificado, registrando a sua participa\u00e7\u00e3o.<\/p>\n\n\n\n<p><strong>PARTICIPARAM.<\/strong><br>Jo\u00e3o Louren\u00e7o Vieira Pinto, Jo\u00e3o Athaide da Silva, Pedro Felipe Castellain Barboda de Castro, Andressa Maria Salles Guerra, e Jo\u00e3o Bonif\u00e1cio Ribeiro.<\/p>\n\n\n\n<p><strong>FORAM OS MONITORES DO CURSO.<\/strong><br>Eloi Viana da Silva, \u00c1lvaro Chaves de Oliveira, Adenilson Cerqueira dos Santos.<\/p>\n\n\n<div class=\"wp-block-image\">\n<figure class=\"alignleft size-full is-resized\"><a href=\"https:\/\/apacame.org.br\/site\/wp-content\/uploads\/2024\/05\/CURSO-DE-APICULTURA-1.png\"><img fetchpriority=\"high\" decoding=\"async\" width=\"423\" height=\"319\" src=\"https:\/\/apacame.org.br\/site\/wp-content\/uploads\/2024\/05\/CURSO-DE-APICULTURA-1.png\" alt=\"\" class=\"wp-image-6569\" style=\"width:386px;height:auto\" srcset=\"https:\/\/apacame.org.br\/site\/wp-content\/uploads\/2024\/05\/CURSO-DE-APICULTURA-1.png 423w, https:\/\/apacame.org.br\/site\/wp-content\/uploads\/2024\/05\/CURSO-DE-APICULTURA-1-300x226.png 300w, https:\/\/apacame.org.br\/site\/wp-content\/uploads\/2024\/05\/CURSO-DE-APICULTURA-1-415x313.png 415w, https:\/\/apacame.org.br\/site\/wp-content\/uploads\/2024\/05\/CURSO-DE-APICULTURA-1-280x211.png 280w\" sizes=\"(max-width: 423px) 100vw, 423px\" \/><\/a><\/figure><\/div>\n\n<div class=\"wp-block-image\">\n<figure class=\"alignleft size-full is-resized\"><a href=\"https:\/\/apacame.org.br\/site\/wp-content\/uploads\/2024\/05\/CURSO-DE-APICULTURA-2.png\"><img decoding=\"async\" width=\"566\" height=\"422\" src=\"https:\/\/apacame.org.br\/site\/wp-content\/uploads\/2024\/05\/CURSO-DE-APICULTURA-2.png\" alt=\"\" class=\"wp-image-6568\" style=\"width:415px;height:auto\" srcset=\"https:\/\/apacame.org.br\/site\/wp-content\/uploads\/2024\/05\/CURSO-DE-APICULTURA-2.png 566w, https:\/\/apacame.org.br\/site\/wp-content\/uploads\/2024\/05\/CURSO-DE-APICULTURA-2-300x224.png 300w, https:\/\/apacame.org.br\/site\/wp-content\/uploads\/2024\/05\/CURSO-DE-APICULTURA-2-415x309.png 415w, https:\/\/apacame.org.br\/site\/wp-content\/uploads\/2024\/05\/CURSO-DE-APICULTURA-2-280x209.png 280w, https:\/\/apacame.org.br\/site\/wp-content\/uploads\/2024\/05\/CURSO-DE-APICULTURA-2-500x373.png 500w\" sizes=\"(max-width: 566px) 100vw, 566px\" \/><\/a><\/figure><\/div>","protected":false},"excerpt":{"rendered":"<p>203\u00b0 CURSO DE APICULTURA. Nos finais de semana 02,03 e 09,10 de dezembro de 2023, a APACAME realizou o seu 203o curso de apicultura no Api\u00e1rio Escola APISVILLE (Dito Pintado) [&hellip;]<\/p>\n","protected":false},"author":1,"featured_media":0,"parent":6556,"menu_order":0,"comment_status":"closed","ping_status":"closed","template":"","meta":{"pmpro_default_level":"","_price":"","_stock":"","_tribe_ticket_header":"","_tribe_default_ticket_provider":"","_tribe_ticket_capacity":"0","_ticket_start_date":"","_ticket_end_date":"","_tribe_ticket_show_description":"","_tribe_ticket_show_not_going":false,"_tribe_ticket_use_global_stock":"","_tribe_ticket_global_stock_level":"","_global_stock_mode":"","_global_stock_cap":"","_tribe_rsvp_for_event":"","_tribe_ticket_going_count":"","_tribe_ticket_not_going_count":"","_tribe_tickets_list":"[]","_tribe_ticket_has_attendee_info_fields":false,"cybocfi_hide_featured_image":"","footnotes":""},"class_list":["post-6563","page","type-page","status-publish","hentry","pmpro-has-access"],"_links":{"self":[{"href":"https:\/\/apacame.org.br\/site\/wp-json\/wp\/v2\/pages\/6563"}],"collection":[{"href":"https:\/\/apacame.org.br\/site\/wp-json\/wp\/v2\/pages"}],"about":[{"href":"https:\/\/apacame.org.br\/site\/wp-json\/wp\/v2\/types\/page"}],"author":[{"embeddable":true,"href":"https:\/\/apacame.org.br\/site\/wp-json\/wp\/v2\/users\/1"}],"replies":[{"embeddable":true,"href":"https:\/\/apacame.org.br\/site\/wp-json\/wp\/v2\/comments?post=6563"}],"version-history":[{"count":2,"href":"https:\/\/apacame.org.br\/site\/wp-json\/wp\/v2\/pages\/6563\/revisions"}],"predecessor-version":[{"id":6571,"href":"https:\/\/apacame.org.br\/site\/wp-json\/wp\/v2\/pages\/6563\/revisions\/6571"}],"up":[{"embeddable":true,"href":"https:\/\/apacame.org.br\/site\/wp-json\/wp\/v2\/pages\/6556"}],"wp:attachment":[{"href":"https:\/\/apacame.org.br\/site\/wp-json\/wp\/v2\/media?parent=6563"}],"curies":[{"name":"wp","href":"https:\/\/api.w.org\/{rel}","templated":true}]}}