{"id":6558,"date":"2024-05-21T19:02:31","date_gmt":"2024-05-21T22:02:31","guid":{"rendered":"https:\/\/apacame.org.br\/site\/?page_id=6558"},"modified":"2024-05-21T19:02:34","modified_gmt":"2024-05-21T22:02:34","slug":"editorial","status":"publish","type":"page","link":"https:\/\/apacame.org.br\/site\/revista\/mensagem-doce-n175-marco-2024\/editorial\/","title":{"rendered":"EDITORIAL"},"content":{"rendered":"\n<h2 class=\"wp-block-heading\">A APACAME e os Congressos.<\/h2>\n\n\n<div class=\"wp-block-image\">\n<figure class=\"alignleft size-full\"><a href=\"https:\/\/apacame.org.br\/site\/wp-content\/uploads\/2021\/08\/Foto_Editorial.jpg\"><img fetchpriority=\"high\" decoding=\"async\" width=\"385\" height=\"350\" src=\"https:\/\/apacame.org.br\/site\/wp-content\/uploads\/2021\/08\/Foto_Editorial.jpg\" alt=\"\" class=\"wp-image-4205\" srcset=\"https:\/\/apacame.org.br\/site\/wp-content\/uploads\/2021\/08\/Foto_Editorial.jpg 385w, https:\/\/apacame.org.br\/site\/wp-content\/uploads\/2021\/08\/Foto_Editorial-300x273.jpg 300w, https:\/\/apacame.org.br\/site\/wp-content\/uploads\/2021\/08\/Foto_Editorial-150x136.jpg 150w\" sizes=\"(max-width: 385px) 100vw, 385px\" \/><\/a><\/figure><\/div>\n\n\n<p>Entendo que o ponto alto dos apicultores s\u00e3o os congressos, pois ali as discuss\u00f5es s\u00e3o intensas, e todos interagem muito bem em prol da Apicultura e da Meliponicultura. Vejo todas essas iniciativas com muito entusiasmo, mesmo diante de discuss\u00f5es mais acaloradas.<\/p>\n\n\n\n<p>Participamos das reuni\u00f5es da FAAMESP, da CBA e da C\u00e2mara Setorial Brasileira de Produtos Ap\u00edcolas no MAPA (Minist\u00e9rio da Agricultura e Pecu\u00e1ria), um excelente congresso que aconteceu em Bras\u00edlia\/ DF. Tudo est\u00e1 detalhado em artigos desta edi\u00e7\u00e3o da Revista Mensagem Doce. Estamos agora na enorme expectativa para o Congresso de Aparecida\/ SP, em Novembro de 2024. Acredito que ser\u00e1 excelente, pois \u00e9 o congresso do nosso Estado de S\u00e3o Paulo e vamos fazer bonito!<\/p>\n\n\n\n<p>Temos nesta edi\u00e7\u00e3o um artigo sobre a proibi\u00e7\u00e3o da pulveriza\u00e7\u00e3o a\u00e9rea de todos os agrot\u00f3xicos que contenham FIPRONIL. Outro artigo muito informativo sobre pr\u00f3polis e doen\u00e7as gastrointestinais, do professor, m\u00e9dico, apiterapeuta, apicultor e meliponicultor Dr. Mikhael Marques.<\/p>\n\n\n\n<p>Apresentamos tamb\u00e9m um modelo de \u201cCarteira de Criadores de Abelhas\u201d, e material da CBA, que devemos olhar com muito carinho. Consta na carteirinha: Confedera\u00e7\u00e3o, Federa\u00e7\u00f5es e Associa\u00e7\u00f5es, uma parceria que esperamos fazer muito sucesso.<\/p>\n\n\n\n<p><\/p>\n\n\n\n<p>\u201cE que as abelhas sejam motivos de reuni\u00e3o e uni\u00e3o entre os homens\u201d Uma associa\u00e7\u00e3o se faz com associados.<\/p>\n\n\n\n<p><\/p>\n\n\n\n<p><strong>Eloi Viana da Silva<br>Presidente Executivo <br>eloi@apacame.org.br<\/strong><\/p>\n","protected":false},"excerpt":{"rendered":"<p>A APACAME e os Congressos. Entendo que o ponto alto dos apicultores s\u00e3o os congressos, pois ali as discuss\u00f5es s\u00e3o intensas, e todos interagem muito bem em prol da Apicultura [&hellip;]<\/p>\n","protected":false},"author":1,"featured_media":0,"parent":6556,"menu_order":0,"comment_status":"closed","ping_status":"closed","template":"","meta":{"pmpro_default_level":"","_price":"","_stock":"","_tribe_ticket_header":"","_tribe_default_ticket_provider":"","_tribe_ticket_capacity":"0","_ticket_start_date":"","_ticket_end_date":"","_tribe_ticket_show_description":"","_tribe_ticket_show_not_going":false,"_tribe_ticket_use_global_stock":"","_tribe_ticket_global_stock_level":"","_global_stock_mode":"","_global_stock_cap":"","_tribe_rsvp_for_event":"","_tribe_ticket_going_count":"","_tribe_ticket_not_going_count":"","_tribe_tickets_list":"[]","_tribe_ticket_has_attendee_info_fields":false,"cybocfi_hide_featured_image":"","footnotes":""},"class_list":["post-6558","page","type-page","status-publish","hentry","pmpro-has-access"],"_links":{"self":[{"href":"https:\/\/apacame.org.br\/site\/wp-json\/wp\/v2\/pages\/6558"}],"collection":[{"href":"https:\/\/apacame.org.br\/site\/wp-json\/wp\/v2\/pages"}],"about":[{"href":"https:\/\/apacame.org.br\/site\/wp-json\/wp\/v2\/types\/page"}],"author":[{"embeddable":true,"href":"https:\/\/apacame.org.br\/site\/wp-json\/wp\/v2\/users\/1"}],"replies":[{"embeddable":true,"href":"https:\/\/apacame.org.br\/site\/wp-json\/wp\/v2\/comments?post=6558"}],"version-history":[{"count":1,"href":"https:\/\/apacame.org.br\/site\/wp-json\/wp\/v2\/pages\/6558\/revisions"}],"predecessor-version":[{"id":6559,"href":"https:\/\/apacame.org.br\/site\/wp-json\/wp\/v2\/pages\/6558\/revisions\/6559"}],"up":[{"embeddable":true,"href":"https:\/\/apacame.org.br\/site\/wp-json\/wp\/v2\/pages\/6556"}],"wp:attachment":[{"href":"https:\/\/apacame.org.br\/site\/wp-json\/wp\/v2\/media?parent=6558"}],"curies":[{"name":"wp","href":"https:\/\/api.w.org\/{rel}","templated":true}]}}