{"id":6497,"date":"2024-02-27T03:55:21","date_gmt":"2024-02-27T03:55:21","guid":{"rendered":"https:\/\/apacame.org.br\/site\/?page_id=6497"},"modified":"2024-02-28T03:57:03","modified_gmt":"2024-02-28T03:57:03","slug":"editorial","status":"publish","type":"page","link":"https:\/\/apacame.org.br\/site\/revista\/mensagem-doce-n-174-novembro-de-2023\/editorial\/","title":{"rendered":"Editorial"},"content":{"rendered":"\n<h2 class=\"wp-block-heading\">O Brasil no mundo Ap\u00edcola<\/h2>\n\n\n<div class=\"wp-block-image\">\n<figure class=\"alignleft size-full\"><a href=\"https:\/\/apacame.org.br\/site\/wp-content\/uploads\/2021\/08\/Foto_Editorial.jpg\"><img fetchpriority=\"high\" decoding=\"async\" width=\"385\" height=\"350\" src=\"https:\/\/apacame.org.br\/site\/wp-content\/uploads\/2021\/08\/Foto_Editorial.jpg\" alt=\"\" class=\"wp-image-4205\" srcset=\"https:\/\/apacame.org.br\/site\/wp-content\/uploads\/2021\/08\/Foto_Editorial.jpg 385w, https:\/\/apacame.org.br\/site\/wp-content\/uploads\/2021\/08\/Foto_Editorial-300x273.jpg 300w, https:\/\/apacame.org.br\/site\/wp-content\/uploads\/2021\/08\/Foto_Editorial-150x136.jpg 150w\" sizes=\"(max-width: 385px) 100vw, 385px\" \/><\/a><\/figure><\/div>\n\n\n<p>Nesta edi\u00e7\u00e3o estamos dando \u00eanfase ao 48o Congresso Internacional de Apicultura, promovido pela APIMONDIA e pela Associa\u00e7\u00e3o Chilena de Apicultura.<\/p>\n\n\n\n<p>Al\u00e9m da demonstra\u00e7\u00e3o cient\u00edfica, tivemos apresenta\u00e7\u00e3o de 600 trabalhos na forma de comunica\u00e7\u00e3o oral, simp\u00f3sio, mesa redonda e p\u00f4steres.<\/p>\n\n\n\n<p>A ApiExpo, exposi\u00e7\u00e3o de fornecedores do nosso ramo, ocupou mais de 1.200 metros quadrados de \u00e1rea e atendeu plenamente aos anseios dos milhares de congressistas, ao expor equipamentos e utens\u00edlios ap\u00edcolas que encheram os olhos de todos os visitantes. Logo na recep\u00e7\u00e3o, todos os congressistas foram presenteados com um coquetel.<\/p>\n\n\n\n<p>Na programa\u00e7\u00e3o da visita t\u00e9cnica, tivemos oportunidade de visitar dois api\u00e1rios, com apicultores bem preparados na apicultura Chilena. Eles nos revelaram que todo mel que sai dos api\u00e1rios \u00e9 certificado, com mais seguran\u00e7a para os consumidores. Naquele pa\u00eds, portanto, n\u00e3o h\u00e1 mel falsificado pelo meio ap\u00edcola.<\/p>\n\n\n\n<p>Infelizmente, a m\u00e1 not\u00edcia \u00e9 que o Brasil n\u00e3o \u00e9 mais membro da APIMONDIA, por falta de pagamento, um absurdo. O presidente da CBA (Confedera\u00e7\u00e3o Brasileira de Apicultura), n\u00e3o estava presente no evento.<br>Voltando para casa, vida que segue. Dias 24, 25 e 26 de Novembro, em Bras\u00edlia, vamos ter o CONBRAPI 2023, o 23o Congresso Brasileiro de Apicultura e o 9o Congresso de Meliponicultura.<\/p>\n\n\n\n<p>Esse evento ser\u00e1 a vitrine atual do segmento ap\u00edcola e melipon\u00edcola do Brasil, e esperamos que o congresso seja organizado com profissionalismo para obter o sucesso que merece.<br>\u201cE que as abelhas sejam motivos de reuni\u00e3o e uni\u00e3o entre os homens\u201d Uma associa\u00e7\u00e3o se faz com associados.<\/p>\n\n\n\n<p><\/p>\n\n\n\n<p><\/p>\n\n\n\n<p><strong>Eloi Viana da Silva<br>Presidente Executivo <br>eloi@apacame.org.br<\/strong><\/p>\n","protected":false},"excerpt":{"rendered":"<p>O Brasil no mundo Ap\u00edcola Nesta edi\u00e7\u00e3o estamos dando \u00eanfase ao 48o Congresso Internacional de Apicultura, promovido pela APIMONDIA e pela Associa\u00e7\u00e3o Chilena de Apicultura. Al\u00e9m da demonstra\u00e7\u00e3o cient\u00edfica, tivemos [&hellip;]<\/p>\n","protected":false},"author":1,"featured_media":0,"parent":6500,"menu_order":0,"comment_status":"closed","ping_status":"closed","template":"","meta":{"pmpro_default_level":"","_price":"","_stock":"","_tribe_ticket_header":"","_tribe_default_ticket_provider":"","_tribe_ticket_capacity":"0","_ticket_start_date":"","_ticket_end_date":"","_tribe_ticket_show_description":"","_tribe_ticket_show_not_going":false,"_tribe_ticket_use_global_stock":"","_tribe_ticket_global_stock_level":"","_global_stock_mode":"","_global_stock_cap":"","_tribe_rsvp_for_event":"","_tribe_ticket_going_count":"","_tribe_ticket_not_going_count":"","_tribe_tickets_list":"[]","_tribe_ticket_has_attendee_info_fields":false,"cybocfi_hide_featured_image":"","footnotes":""},"class_list":["post-6497","page","type-page","status-publish","hentry","pmpro-has-access"],"_links":{"self":[{"href":"https:\/\/apacame.org.br\/site\/wp-json\/wp\/v2\/pages\/6497"}],"collection":[{"href":"https:\/\/apacame.org.br\/site\/wp-json\/wp\/v2\/pages"}],"about":[{"href":"https:\/\/apacame.org.br\/site\/wp-json\/wp\/v2\/types\/page"}],"author":[{"embeddable":true,"href":"https:\/\/apacame.org.br\/site\/wp-json\/wp\/v2\/users\/1"}],"replies":[{"embeddable":true,"href":"https:\/\/apacame.org.br\/site\/wp-json\/wp\/v2\/comments?post=6497"}],"version-history":[{"count":2,"href":"https:\/\/apacame.org.br\/site\/wp-json\/wp\/v2\/pages\/6497\/revisions"}],"predecessor-version":[{"id":6517,"href":"https:\/\/apacame.org.br\/site\/wp-json\/wp\/v2\/pages\/6497\/revisions\/6517"}],"up":[{"embeddable":true,"href":"https:\/\/apacame.org.br\/site\/wp-json\/wp\/v2\/pages\/6500"}],"wp:attachment":[{"href":"https:\/\/apacame.org.br\/site\/wp-json\/wp\/v2\/media?parent=6497"}],"curies":[{"name":"wp","href":"https:\/\/api.w.org\/{rel}","templated":true}]}}