{"id":6491,"date":"2024-02-27T03:55:24","date_gmt":"2024-02-27T03:55:24","guid":{"rendered":"https:\/\/apacame.org.br\/site\/?page_id=6491"},"modified":"2024-02-28T03:56:41","modified_gmt":"2024-02-28T03:56:41","slug":"atividade","status":"publish","type":"page","link":"https:\/\/apacame.org.br\/site\/revista\/mensagem-doce-n-174-novembro-de-2023\/atividade\/","title":{"rendered":"Atividade"},"content":{"rendered":"\n<h2 class=\"wp-block-heading\">2a EDI\u00c7\u00c3O BRASIL HONEY SHOW.<\/h2>\n\n\n\n<p><\/p>\n\n\n\n<p><strong>Texto: Eloi Viana da Silva<\/strong><\/p>\n\n\n\n<p>Nesse evento da Brasil Honey Show 2a edi\u00e7\u00e3o em Botucatu SP, a APACAME esteve representada por integrantes de sua Diretoria, participando do grande sucesso do evento, com grande participa\u00e7\u00e3o de apicultores e empres\u00e1rios do mundo ap\u00edcola, tamb\u00e9m estavam l\u00e1, outros setores, como: queijo, cacha\u00e7a, carnes, etc. evento esse aconteceu no espa\u00e7o do Shoping Center Botucatu, com representantes de 8 pa\u00edses. assim sendo, estamos levantando o setor produtivo do estado de S\u00e3o Paulo, al\u00e9m de tudo isso com muitas palestras e Workshop, concursos de melhor mel, melhor cacha\u00e7a, melhor queijo, entre outros, foi um evento bem ecl\u00e9tico, sem falar dos palestrantes de alto n\u00edvel que estavam.<\/p>\n\n\n\n<figure class=\"wp-block-image size-large\"><a href=\"https:\/\/apacame.org.br\/site\/wp-content\/uploads\/2024\/02\/honey-show2.jpg\"><img fetchpriority=\"high\" decoding=\"async\" width=\"1024\" height=\"497\" src=\"https:\/\/apacame.org.br\/site\/wp-content\/uploads\/2024\/02\/honey-show2-1024x497.jpg\" alt=\"\" class=\"wp-image-6459\" srcset=\"https:\/\/apacame.org.br\/site\/wp-content\/uploads\/2024\/02\/honey-show2-1024x497.jpg 1024w, https:\/\/apacame.org.br\/site\/wp-content\/uploads\/2024\/02\/honey-show2-300x146.jpg 300w, https:\/\/apacame.org.br\/site\/wp-content\/uploads\/2024\/02\/honey-show2-768x373.jpg 768w, https:\/\/apacame.org.br\/site\/wp-content\/uploads\/2024\/02\/honey-show2-838x407.jpg 838w, https:\/\/apacame.org.br\/site\/wp-content\/uploads\/2024\/02\/honey-show2-415x201.jpg 415w, https:\/\/apacame.org.br\/site\/wp-content\/uploads\/2024\/02\/honey-show2-280x136.jpg 280w, https:\/\/apacame.org.br\/site\/wp-content\/uploads\/2024\/02\/honey-show2-500x243.jpg 500w, https:\/\/apacame.org.br\/site\/wp-content\/uploads\/2024\/02\/honey-show2.jpg 1148w\" sizes=\"(max-width: 1024px) 100vw, 1024px\" \/><\/a><\/figure>\n\n\n\n<p>Paralelo a tudo isso, tivemos a reuni\u00e3o da C\u00e2mara Setorial de Produtos Ap\u00edcola de Estado de S\u00e3o Paulo, onde tamb\u00e9m somos membros, foram: discutido v\u00e1rios assuntos do setor, na pr\u00f3xima edi\u00e7\u00e3o publicaremos a ata completa da reuni\u00e3o.<\/p>\n\n\n\n<p>Outra reuni\u00e3o de grande Relev\u00e2ncia que participamos e fazemos parte, foi da: Federa\u00e7\u00e3o das Associa\u00e7\u00f5es de Apicultores e Meliponicultores do Estado de S\u00e3o Paulo, (FAAMESP), agora composta por nova diretoria, onde temos a obriga\u00e7\u00e3o de organizar melhor nossa Federa\u00e7\u00e3o.<\/p>\n\n\n<div class=\"wp-block-image\">\n<figure class=\"aligncenter size-large\"><a href=\"https:\/\/apacame.org.br\/site\/wp-content\/uploads\/2024\/02\/honey-show.jpg\"><img decoding=\"async\" width=\"659\" height=\"1024\" src=\"https:\/\/apacame.org.br\/site\/wp-content\/uploads\/2024\/02\/honey-show-659x1024.jpg\" alt=\"\" class=\"wp-image-6458\" srcset=\"https:\/\/apacame.org.br\/site\/wp-content\/uploads\/2024\/02\/honey-show-659x1024.jpg 659w, https:\/\/apacame.org.br\/site\/wp-content\/uploads\/2024\/02\/honey-show-193x300.jpg 193w, https:\/\/apacame.org.br\/site\/wp-content\/uploads\/2024\/02\/honey-show-768x1194.jpg 768w, https:\/\/apacame.org.br\/site\/wp-content\/uploads\/2024\/02\/honey-show-988x1536.jpg 988w, https:\/\/apacame.org.br\/site\/wp-content\/uploads\/2024\/02\/honey-show-838x1303.jpg 838w, https:\/\/apacame.org.br\/site\/wp-content\/uploads\/2024\/02\/honey-show-415x645.jpg 415w, https:\/\/apacame.org.br\/site\/wp-content\/uploads\/2024\/02\/honey-show-232x360.jpg 232w, https:\/\/apacame.org.br\/site\/wp-content\/uploads\/2024\/02\/honey-show-322x500.jpg 322w, https:\/\/apacame.org.br\/site\/wp-content\/uploads\/2024\/02\/honey-show.jpg 1200w\" sizes=\"(max-width: 659px) 100vw, 659px\" \/><\/a><\/figure><\/div>","protected":false},"excerpt":{"rendered":"<p>2a EDI\u00c7\u00c3O BRASIL HONEY SHOW. Texto: Eloi Viana da Silva Nesse evento da Brasil Honey Show 2a edi\u00e7\u00e3o em Botucatu SP, a APACAME esteve representada por integrantes de sua Diretoria, [&hellip;]<\/p>\n","protected":false},"author":1,"featured_media":0,"parent":6500,"menu_order":0,"comment_status":"closed","ping_status":"closed","template":"","meta":{"pmpro_default_level":"","_price":"","_stock":"","_tribe_ticket_header":"","_tribe_default_ticket_provider":"","_tribe_ticket_capacity":"0","_ticket_start_date":"","_ticket_end_date":"","_tribe_ticket_show_description":"","_tribe_ticket_show_not_going":false,"_tribe_ticket_use_global_stock":"","_tribe_ticket_global_stock_level":"","_global_stock_mode":"","_global_stock_cap":"","_tribe_rsvp_for_event":"","_tribe_ticket_going_count":"","_tribe_ticket_not_going_count":"","_tribe_tickets_list":"[]","_tribe_ticket_has_attendee_info_fields":false,"cybocfi_hide_featured_image":"","footnotes":""},"class_list":["post-6491","page","type-page","status-publish","hentry","pmpro-has-access"],"_links":{"self":[{"href":"https:\/\/apacame.org.br\/site\/wp-json\/wp\/v2\/pages\/6491"}],"collection":[{"href":"https:\/\/apacame.org.br\/site\/wp-json\/wp\/v2\/pages"}],"about":[{"href":"https:\/\/apacame.org.br\/site\/wp-json\/wp\/v2\/types\/page"}],"author":[{"embeddable":true,"href":"https:\/\/apacame.org.br\/site\/wp-json\/wp\/v2\/users\/1"}],"replies":[{"embeddable":true,"href":"https:\/\/apacame.org.br\/site\/wp-json\/wp\/v2\/comments?post=6491"}],"version-history":[{"count":2,"href":"https:\/\/apacame.org.br\/site\/wp-json\/wp\/v2\/pages\/6491\/revisions"}],"predecessor-version":[{"id":6515,"href":"https:\/\/apacame.org.br\/site\/wp-json\/wp\/v2\/pages\/6491\/revisions\/6515"}],"up":[{"embeddable":true,"href":"https:\/\/apacame.org.br\/site\/wp-json\/wp\/v2\/pages\/6500"}],"wp:attachment":[{"href":"https:\/\/apacame.org.br\/site\/wp-json\/wp\/v2\/media?parent=6491"}],"curies":[{"name":"wp","href":"https:\/\/api.w.org\/{rel}","templated":true}]}}