{"id":637,"date":"2015-10-03T01:40:48","date_gmt":"2015-10-03T01:40:48","guid":{"rendered":"http:\/\/apacame.org.br\/site\/?page_id=637"},"modified":"2015-10-05T13:59:18","modified_gmt":"2015-10-05T13:59:18","slug":"artigo2_msg133","status":"publish","type":"page","link":"https:\/\/apacame.org.br\/site\/revista\/mensagem-doce-n-133-setembro-de-2015\/artigo2_msg133\/","title":{"rendered":"Artigo"},"content":{"rendered":"<h1 align=\"center\">ABELHA PROCURADA<br \/>\nPROCURA-SE VIVA ESP\u00c9CIE INVASORA<\/h1>\n<p align=\"center\"><em><strong>Entenda brevemente o caso<\/strong><\/em><\/p>\n<figure id=\"attachment_671\" aria-describedby=\"caption-attachment-671\" style=\"width: 300px\" class=\"wp-caption alignleft\"><a href=\"https:\/\/apacame.org.br\/site\/wp-content\/uploads\/2015\/10\/FIG_Zinnia_elegans_with_Bombus_01.jpg\"><img fetchpriority=\"high\" decoding=\"async\" class=\"wp-image-671 size-medium\" src=\"https:\/\/apacame.org.br\/site\/wp-content\/uploads\/2015\/10\/FIG_Zinnia_elegans_with_Bombus_01-300x200.jpg\" alt=\"Fotos - Wikimdia commons\" width=\"300\" height=\"200\" srcset=\"https:\/\/apacame.org.br\/site\/wp-content\/uploads\/2015\/10\/FIG_Zinnia_elegans_with_Bombus_01-300x200.jpg 300w, https:\/\/apacame.org.br\/site\/wp-content\/uploads\/2015\/10\/FIG_Zinnia_elegans_with_Bombus_01-150x100.jpg 150w, https:\/\/apacame.org.br\/site\/wp-content\/uploads\/2015\/10\/FIG_Zinnia_elegans_with_Bombus_01-500x333.jpg 500w, https:\/\/apacame.org.br\/site\/wp-content\/uploads\/2015\/10\/FIG_Zinnia_elegans_with_Bombus_01.jpg 856w\" sizes=\"(max-width: 300px) 100vw, 300px\" \/><\/a><figcaption id=\"caption-attachment-671\" class=\"wp-caption-text\">Fotos &#8211; Wikimdia commons<\/figcaption><\/figure>\n<p align=\"justify\">Recentemente, pesquisadores descobriram uma nova esp\u00e9cie de abelha europeia invadindo a Am\u00e9rica do Sul; na Europa ela \u00e9 chamada de Mamangava da Cauda Branca (Buff-tailed bumblebee) ou, cientificamente, Bombus terrestris.<\/p>\n<p align=\"justify\">Tudo come\u00e7ou quando col\u00f4nias desta esp\u00e9cie foram importadas da Europa para o Chile em meados da d\u00e9cada de 70, para serem usadas como polinizadoras de tomateiros cultivados em estufas, mas elas escaparam das estufas para ambientes naturais ao redor e come\u00e7aram a invadi-los.<\/p>\n<p align=\"justify\">Em pouco tempo grandes \u00e1reas do Chile estavam ocupadas pela esp\u00e9cie invasora, e n\u00e3o demorou muito at\u00e9 cruzaram a fronteira com a Argentina. Hoje, col\u00f4nias desta esp\u00e9cie invasora ocupam vastas \u00e1reas naturais nestes dois pa\u00edses e impactos ambientais t\u00eam sido relatados por pesquisadores.<\/p>\n<figure id=\"attachment_668\" aria-describedby=\"caption-attachment-668\" style=\"width: 300px\" class=\"wp-caption alignright\"><a href=\"https:\/\/apacame.org.br\/site\/wp-content\/uploads\/2015\/10\/FIG_Bombus_terrestris01.jpg\"><img decoding=\"async\" class=\"wp-image-668 size-medium\" src=\"https:\/\/apacame.org.br\/site\/wp-content\/uploads\/2015\/10\/FIG_Bombus_terrestris01-300x227.jpg\" alt=\"Fotos - Wikimdia commons\" width=\"300\" height=\"227\" srcset=\"https:\/\/apacame.org.br\/site\/wp-content\/uploads\/2015\/10\/FIG_Bombus_terrestris01-300x227.jpg 300w, https:\/\/apacame.org.br\/site\/wp-content\/uploads\/2015\/10\/FIG_Bombus_terrestris01-150x113.jpg 150w, https:\/\/apacame.org.br\/site\/wp-content\/uploads\/2015\/10\/FIG_Bombus_terrestris01-500x378.jpg 500w, https:\/\/apacame.org.br\/site\/wp-content\/uploads\/2015\/10\/FIG_Bombus_terrestris01.jpg 842w\" sizes=\"(max-width: 300px) 100vw, 300px\" \/><\/a><figcaption id=\"caption-attachment-668\" class=\"wp-caption-text\">Fotos &#8211; Wikimdia commons<\/figcaption><\/figure>\n<p align=\"justify\">Velozmente, agora a esp\u00e9cie expande sua \u00e1rea de invas\u00e3o para sul e para norte da Argentina, j\u00e1 podendo ter chegado ao Uruguai. Esta alta velocidade de expans\u00e3o e sua grande capacidade de invadir novos ambientes na Am\u00e9rica do Sul geraram preocupa\u00e7\u00f5es sobre a eventual chegada da esp\u00e9cie ao Brasil, e potenciais impactos ambientais e agr\u00edcolas em nosso pa\u00eds.<\/p>\n<p align=\"justify\">N\u00e3o h\u00e1 como impedir a esp\u00e9cie de invadir, mas h\u00e1 tempo para se entender os tipos de impactos que poderemos enfrentar quando ela chegar, e assim poderemos nos preparar para enfrent\u00e1-los e, at\u00e9 mesmo, tentar reduzir seus efeitos.<\/p>\n<p align=\"justify\">Por meio de avan\u00e7adas an\u00e1lises cient\u00edficas foi poss\u00edvel prever as \u00e1reas do Brasil que est\u00e3o mais vulner\u00e1veis \u00e0 invas\u00e3o por esta abelha (leia mais em A ci\u00eancia por detr\u00e1s). Agora, precisamos apenas monitor\u00e1-las, pois cedo ou tarde ela chegar\u00e1, ou talvez at\u00e9 j\u00e1 tenha chegado e ainda n\u00e3o sabemos.<\/p>\n<p align=\"justify\">A \u00e1rea suscept\u00edvel \u00e9 bastante grande (veja o Mapa da invas\u00e3o), abrange grande parte do Estado do Rio Grande do Sul, e seria imposs\u00edvel ter pesquisadores espalhados e monitorando toda esta \u00e1rea. Por isso precisamos de voc\u00ea! Ajude-nos a encontr\u00e1-la.<\/p>\n<p align=\"center\"><em><strong>Como posso ajudar?<\/strong><\/em><\/p>\n<p align=\"justify\">\u00c9 muito f\u00e1cil!<\/p>\n<figure id=\"attachment_670\" aria-describedby=\"caption-attachment-670\" style=\"width: 300px\" class=\"wp-caption alignleft\"><a href=\"https:\/\/apacame.org.br\/site\/wp-content\/uploads\/2015\/10\/FIG_Trzmiel_ziemny_zbieraj\u0105cy_py\u0142ek1.jpg\"><img decoding=\"async\" class=\"wp-image-670 size-medium\" src=\"https:\/\/apacame.org.br\/site\/wp-content\/uploads\/2015\/10\/FIG_Trzmiel_ziemny_zbieraj\u0105cy_py\u0142ek1-300x225.jpg\" alt=\"Fotos - Wikimdia commons\" width=\"300\" height=\"225\" srcset=\"https:\/\/apacame.org.br\/site\/wp-content\/uploads\/2015\/10\/FIG_Trzmiel_ziemny_zbieraj\u0105cy_py\u0142ek1-300x225.jpg 300w, https:\/\/apacame.org.br\/site\/wp-content\/uploads\/2015\/10\/FIG_Trzmiel_ziemny_zbieraj\u0105cy_py\u0142ek1.jpg 600w, https:\/\/apacame.org.br\/site\/wp-content\/uploads\/2015\/10\/FIG_Trzmiel_ziemny_zbieraj\u0105cy_py\u0142ek1-150x113.jpg 150w, https:\/\/apacame.org.br\/site\/wp-content\/uploads\/2015\/10\/FIG_Trzmiel_ziemny_zbieraj\u0105cy_py\u0142ek1-500x375.jpg 500w\" sizes=\"(max-width: 300px) 100vw, 300px\" \/><\/a><figcaption id=\"caption-attachment-670\" class=\"wp-caption-text\">Fotos &#8211; Wikimdia commons<\/figcaption><\/figure>\n<p align=\"justify\">Primeiro voc\u00ea precisar\u00e1 conhecer a abelha para poder identific\u00e1-la, depois, se avist\u00e1-la por ai, visitando flores, pousada em algum lugar, tire fotografias da sua lateral, da sua cabe\u00e7a e costas com o seu celular ou c\u00e2mera fotogr\u00e1fica e nos envie as fotos juntamente com a localiza\u00e7\u00e3o de onde voc\u00ea a viu.<\/p>\n<p align=\"center\"><em><strong>Como posso identific\u00e1-la se eu avist\u00e1-la?<\/strong><\/em><\/p>\n<p align=\"justify\">Voc\u00ea s\u00f3 precisa memorizar algumas caracter\u00edsticas marcantes dela, especialmente sua destoante \u201ccauda branca\u201d.<\/p>\n<p align=\"justify\">Mas n\u00e3o \u00e9 \u00e0 toa que esta abelha \u00e9 chamada de Mamangava da Cauda Branca, pois ela \u00e9 grande, por isso mamangava (cerca de duas vezes o tamanho da abelha comum, aquela que entra em nossa lata de refrigerante); sua cauda \u00e9 branca (ou amarelo claro), que contrasta bastante com o restante de seu corpo, que \u00e9 listrado de preto e amarelo alaranjado. Mas se houver d\u00favidas, tire fotos da abelha e nos mande, assim n\u00f3s verificaremos se poder\u00e1 ser a abelha procurada e lhe retornamos.<\/p>\n<p align=\"center\"><em><strong>Sua participa\u00e7\u00e3o \u00e9 fundamental!<\/strong><\/em><\/p>\n<p align=\"justify\">A invas\u00e3o de esp\u00e9cies \u00e9 uma das formas mais agressivas de impactos \u00e0 biodiversidade, juntamente com perda de habitat e as mudan\u00e7as clim\u00e1ticas.<\/p>\n<figure id=\"attachment_669\" aria-describedby=\"caption-attachment-669\" style=\"width: 300px\" class=\"wp-caption alignright\"><a href=\"https:\/\/apacame.org.br\/site\/wp-content\/uploads\/2015\/10\/FIG_MAPA_INVASAO.jpg\"><img loading=\"lazy\" decoding=\"async\" class=\"wp-image-669 size-medium\" src=\"https:\/\/apacame.org.br\/site\/wp-content\/uploads\/2015\/10\/FIG_MAPA_INVASAO-300x170.jpg\" alt=\"Mais informa\u00e7\u00f5es em http:\/\/abelhaprocurada.com.br\/\" width=\"300\" height=\"170\" srcset=\"https:\/\/apacame.org.br\/site\/wp-content\/uploads\/2015\/10\/FIG_MAPA_INVASAO-300x170.jpg 300w, https:\/\/apacame.org.br\/site\/wp-content\/uploads\/2015\/10\/FIG_MAPA_INVASAO-150x85.jpg 150w, https:\/\/apacame.org.br\/site\/wp-content\/uploads\/2015\/10\/FIG_MAPA_INVASAO-500x283.jpg 500w, https:\/\/apacame.org.br\/site\/wp-content\/uploads\/2015\/10\/FIG_MAPA_INVASAO.jpg 738w\" sizes=\"(max-width: 300px) 100vw, 300px\" \/><\/a><figcaption id=\"caption-attachment-669\" class=\"wp-caption-text\">Mais informa\u00e7\u00f5es em http:\/\/abelhaprocurada.com.br\/<\/figcaption><\/figure>\n<p align=\"justify\">Quando uma esp\u00e9cie ex\u00f3tica invade, ela &#8220;toma o lugar&#8221; de outras esp\u00e9cies que usam recursos similares (por exemplo: alimento e locais para fazer ninhos), reduzindo as popula\u00e7\u00f5es das outras esp\u00e9cies \u2013 as quais podem ser nativas no Brasil e favor\u00e1veis \u00e0 agricultura e \u00e0 natureza \u2013 podendo at\u00e9 gerar at\u00e9 extin\u00e7\u00f5es locais destas esp\u00e9cies.<\/p>\n<p align=\"justify\">Esp\u00e9cies ex\u00f3ticas trazem consigo doen\u00e7as ex\u00f3ticas, ou seja, doen\u00e7as novas que ser\u00e3o transmitidas para as esp\u00e9cies nativas; seja para outras abelhas mas tamb\u00e9m para plantas nativas e agr\u00edcolas. Como s\u00e3o doen\u00e7as novas, n\u00e3o h\u00e1 resist\u00eancia contra elas, podendo dizimar algumas esp\u00e9cies nativas na \u00e1rea contaminada.<\/p>\n<p align=\"justify\">Impactos nos polinizadores nativos poder\u00e3o levar a redu\u00e7\u00e3o da poliniza\u00e7\u00e3o nas plantas nativas e agr\u00edcolas, portanto, poder\u00e1 refletir-se em danos \u00e0s esp\u00e9cies selvagens e na redu\u00e7\u00e3o da produ\u00e7\u00e3o de alimentos nas culturas agr\u00edcolas afetadas<\/p>\n<p align=\"justify\">Perdas na produ\u00e7\u00e3o agr\u00edcola poder\u00e3o refletir-se em preju\u00edzos para sua cidade, estado e at\u00e9 para todo o pa\u00eds, considerando que o sul produz alguns tipos de alimentos que n\u00e3o s\u00e3o produzidos em outras regi\u00f5es. Todavia, ainda n\u00e3o se pode afirmar isso, \u00e9 necess\u00e1rio estud\u00e1-la ap\u00f3s a invas\u00e3o para poder avaliar as repercuss\u00f5es.<\/p>\n<p align=\"justify\">Para se entender a intensidade e o tipo de impacto desta esp\u00e9cie invasora na natureza e na agricultura o pesquisador precisa conhecer as \u00e1reas onde ela invadiu e ir at\u00e9 l\u00e1, pois, precisa v\u00ea-la viva, visitando plantas e interagindo com as outras esp\u00e9cies. Por isso nunca devemos mat\u00e1-la ou captur\u00e1-la!<\/p>\n<p align=\"justify\">Seria imposs\u00edvel colocar pesquisadores em sua procura ou aguardando ela chegar de forma a cobrir todas as \u00e1reas onde esta esp\u00e9cie poder\u00e1 invadir no Brasil. Por isso precisamos de voc\u00ea! Ajude-nos a encontr\u00e1-la viva, e diga-nos onde voc\u00ea a avistou. Assim poderemos ir at\u00e9 l\u00e1 para estud\u00e1-la.<\/p>\n<p align=\"justify\">O bom senso nos diz que nunca devemos atribuir culpa se n\u00e3o se sabe nem se haver\u00e1 crime! Nada se conhece sobre os impactos desta abelha na natureza e na agricultura no Brasil, portanto ela \u00e9 inocente at\u00e9 que se prove o contr\u00e1rio! Pense que, eventualmente, ela poder\u00e1 n\u00e3o causar grandes danos ambientais e at\u00e9 seja um bom polinizador agr\u00edcola aqui no Brasil, tal como hoje a Apis mellifera \u00e9 (abelha comum, que visita nosso refrigerante). Mesmo tendo sido um esp\u00e9cie igualmente invasora, trazida pelos Portugueses, hoje a Apis mellifera \u00e9 important\u00edssima como polinizadora para a natureza e para a agricultura, sem falar no mel, no pr\u00f3polis e na c\u00eara que esta abelha produz e n\u00f3s tanto utilizamos e gostamos. N\u00e3o mate, n\u00e3o capture, apenas fotografe!<\/p>\n<p align=\"center\"><em><strong>Conhe\u00e7a a Abelha Invasora<\/strong><\/em><\/p>\n<p align=\"justify\">A mamangava da cauda branca, ou cientificamente denominada Bombus terrestris \u00e9 uma abelha de grande porte, com corpo cheio de pelos e muito bonita.<\/p>\n<p align=\"justify\">Ela n\u00e3o pode ser considerada uma vil\u00e3, pois \u00e9 um excelente polinizador de v\u00e1rias esp\u00e9cies de plantas na Europa, dentre elas algumas produzem frutos de import\u00e2ncia agr\u00edcola, como o tomate, os piment\u00f5es, berinjela, por exemplo.<\/p>\n<p align=\"justify\">Na Europa, esta esp\u00e9cie desempenha importantes fun\u00e7\u00f5es na natureza, e \u00e9 criada em larga escala cativeiro, pois suas col\u00f4nias s\u00e3o colocadas pr\u00f3ximas de alguns tipos de produ\u00e7\u00f5es agr\u00edcolas para aumentar a poliniza\u00e7\u00e3o. Quanto melhor for a poliniza\u00e7\u00e3o, as plantas produzem mais frutos, e eles s\u00e3o maiores e mais bonitos, gerando benef\u00edcios econ\u00f4micos aos produtores rurais.<\/p>\n<p align=\"justify\">A Bombus terrestris em muitos aspectos se assemelha a tamb\u00e9m abelha europeia Apis mellifera, que \u00e9 aquela abelha cujo mel n\u00f3s consumimos em larga escala, e que \u00e0s vezes entra em nossas latas de refrigerante e, de vez enquando, nos ferroa. Ela tamb\u00e9m foi trazida da Europa para c\u00e1, mas h\u00e1 bastante tempo, na \u00e9poca da chegada dos portugueses. Hoje, ela se espalhou muito e podemos encontr\u00e1-la vivendo em todo lugar no Brasil e em muitos outros pa\u00edses fora da Europa, sua terra natal.<\/p>\n<p align=\"justify\">Quando a Apis mellifera chegou, ela gerou v\u00e1rios impactos na natureza, mas os sistemas ecol\u00f3gicos e a pr\u00f3pria abelha se adaptaram e se ajustaram um ao outro ao longo do tempo. Podemos dizer agora que esta esp\u00e9cie j\u00e1 faz parte de nossa biodiversidade e, al\u00e9m de nos prover mel, cera, pr\u00f3polis, ela tamb\u00e9m \u00e9 um importante polinizador de plantas nativas e agr\u00edcolas.<\/p>\n<p align=\"justify\">Ou seja, uma esp\u00e9cie invasora poder\u00e1 ao longo do tempo se adaptar, bem como o ambiente que ela invadiu ir\u00e1 se adaptar com sua presen\u00e7a. Mas o problema \u00e9 que quando uma esp\u00e9cie invasora acaba de chegar num novo ambiente ela gera impactos imediatos que podem resultar em s\u00e9rias repercuss\u00f5es ambientais e agr\u00edcolas.<\/p>\n<p align=\"justify\">Abelhas que s\u00e3o trazidas ao Brasil de outros lugares distantes trazem tamb\u00e9m consigo, presas ou dentro de seu corpo, doen\u00e7as que poder\u00e3o ser transmitidas para as abelhas e plantas daqui. Como as esp\u00e9cies nativas nunca tiveram contato com estas doen\u00e7as antes, elas n\u00e3o possuem resist\u00eancia e poder\u00e3o sofrer severas consequ\u00eancias.<\/p>\n<p align=\"justify\">A Bombus terrestris, que \u00e9 uma abelha grande e forte, poder\u00e1 competir com as nossas abelhas por alimento e locais de abrigo (para constru\u00e7\u00e3o de ninhos), algo que tamb\u00e9m poder\u00e1 prejudicar nossas esp\u00e9cies. Ainda n\u00e3o podemos dizer que a Bombus terrestris ser\u00e1 favor\u00e1vel ou desfavor\u00e1vel para a poliniza\u00e7\u00e3o agr\u00edcola aqui no Brasil, pois ela poder\u00e1 agredir as abelhas nativas que j\u00e1 fazem este servi\u00e7o, e esta substitui\u00e7\u00e3o de polinizadores poder\u00e1 n\u00e3o trazer vantagens \u00e0 agricultura, pelo menos inicialmente.<\/p>\n<p align=\"justify\">Como voc\u00ea deve ter percebido, n\u00e3o h\u00e1 seguran\u00e7a quanto aos tipos de impactos ambientais que esta esp\u00e9cie poder\u00e1 causar quando invadir o Brasil. Por isso \u00e9 t\u00e3o importante que possamos estud\u00e1-la viva, interagindo com as nossas plantas e nossas abelhas. Por isso \u00e9 t\u00e3o importante sua colabora\u00e7\u00e3o para encontr\u00e1-la, bem como \u00e9 fundamental que a fotografe e nos envie sua localiza\u00e7\u00e3o, assim poderemos estud\u00e1-la no local do avistamento.<\/p>\n<p align=\"justify\">Lembre-se de algo muito importante: a Bombus terrestris nunca \u201cdesejou\u201d sair de seu ambiente nativo, fomos n\u00f3s, humanos, que a levamos para os locais onde, hoje, ela \u00e9 uma invasora.<\/p>\n<p>Assim, a culpa dos eventos de invas\u00e3o n\u00e3o dela, mas nossa. Portanto n\u00e3o \u00e9 ela que dever\u00e1 ser considerada a vil\u00e3 desta hist\u00f3ria!<\/p>\n","protected":false},"excerpt":{"rendered":"<p>ABELHA PROCURADA PROCURA-SE VIVA ESP\u00c9CIE INVASORA Entenda brevemente o caso Recentemente, pesquisadores descobriram uma nova esp\u00e9cie de abelha europeia invadindo a Am\u00e9rica do Sul; na Europa ela \u00e9 chamada de [&hellip;]<\/p>\n","protected":false},"author":1,"featured_media":0,"parent":595,"menu_order":0,"comment_status":"open","ping_status":"open","template":"","meta":{"pmpro_default_level":"","_price":"","_stock":"","_tribe_ticket_header":"","_tribe_default_ticket_provider":"","_tribe_ticket_capacity":"0","_ticket_start_date":"","_ticket_end_date":"","_tribe_ticket_show_description":"","_tribe_ticket_show_not_going":false,"_tribe_ticket_use_global_stock":"","_tribe_ticket_global_stock_level":"","_global_stock_mode":"","_global_stock_cap":"","_tribe_rsvp_for_event":"","_tribe_ticket_going_count":"","_tribe_ticket_not_going_count":"","_tribe_tickets_list":"[]","_tribe_ticket_has_attendee_info_fields":false,"cybocfi_hide_featured_image":"","footnotes":""},"class_list":["post-637","page","type-page","status-publish","hentry","pmpro-has-access"],"_links":{"self":[{"href":"https:\/\/apacame.org.br\/site\/wp-json\/wp\/v2\/pages\/637"}],"collection":[{"href":"https:\/\/apacame.org.br\/site\/wp-json\/wp\/v2\/pages"}],"about":[{"href":"https:\/\/apacame.org.br\/site\/wp-json\/wp\/v2\/types\/page"}],"author":[{"embeddable":true,"href":"https:\/\/apacame.org.br\/site\/wp-json\/wp\/v2\/users\/1"}],"replies":[{"embeddable":true,"href":"https:\/\/apacame.org.br\/site\/wp-json\/wp\/v2\/comments?post=637"}],"version-history":[{"count":8,"href":"https:\/\/apacame.org.br\/site\/wp-json\/wp\/v2\/pages\/637\/revisions"}],"predecessor-version":[{"id":673,"href":"https:\/\/apacame.org.br\/site\/wp-json\/wp\/v2\/pages\/637\/revisions\/673"}],"up":[{"embeddable":true,"href":"https:\/\/apacame.org.br\/site\/wp-json\/wp\/v2\/pages\/595"}],"wp:attachment":[{"href":"https:\/\/apacame.org.br\/site\/wp-json\/wp\/v2\/media?parent=637"}],"curies":[{"name":"wp","href":"https:\/\/api.w.org\/{rel}","templated":true}]}}