{"id":6362,"date":"2024-02-27T22:49:30","date_gmt":"2024-02-27T22:49:30","guid":{"rendered":"https:\/\/apacame.org.br\/site\/?page_id=6362"},"modified":"2024-02-27T22:57:42","modified_gmt":"2024-02-27T22:57:42","slug":"artigo","status":"publish","type":"page","link":"https:\/\/apacame.org.br\/site\/revista\/mensagem-doce-n-172-julho-de-2023\/artigo\/","title":{"rendered":"Artigo"},"content":{"rendered":"\n<h2 class=\"wp-block-heading\">O Trabalho Invis\u00edvel das Abelhas<\/h2>\n\n\n\n<p><strong><em>Eug\u00eanio Basile, s\u00f3cio-fundador da Mbee &#8211; Meles de Terroir<\/em><\/strong><\/p>\n\n\n\n<p>Ainda que sejam importantes para a nossa biodiversidade, as abelhas ainda carregam um estere\u00f3tipo negativo, muitas vezes atribu\u00eddo ao perigo que elas representam por conta do ferr\u00e3o.<\/p>\n\n\n\n<p>Mesmo no pa\u00eds mais biodiverso do mundo, onde 300 das 400 esp\u00e9cies de abelhas sem ferr\u00e3o est\u00e3o presentes, ensinamos aos nossos filhos que as abelhas s\u00e3o perigosas e criamos neles o medo desses insetos t\u00e3o importantes para o nosso ecossistema.<\/p>\n\n\n\n<p>Muito al\u00e9m da produ\u00e7\u00e3o do mel, as abelhas s\u00e3o respons\u00e1veis pela prote\u00e7\u00e3o e preserva\u00e7\u00e3o de nossas florestas e excelentes parceiros da agricultura; j\u00e1 que s\u00e3o respons\u00e1veis por aproximadamente 70% da poliniza\u00e7\u00e3o das plantas de nosso planeta.<\/p>\n\n\n\n<p>Ao ignorarmos o valor imensur\u00e1vel das abelhas, deixamos de aproveitar o seu verdadeiro potencial e esquecemos &#8211; ou muitas vezes desconhecemos &#8211; que o consumo do mel e de seus subprodutos contribui para fomentar um trip\u00e9 invis\u00edvel de sustentabilidade por tr\u00e1s deste ouro l\u00edquido.<\/p>\n\n\n\n<p>No \u00e2mbito ambiental, as abelhas s\u00e3o respons\u00e1veis pela prote\u00e7\u00e3o e preserva\u00e7\u00e3o de nossas matas e do nosso meio ambiente.<\/p>\n\n\n\n<p>Socialmente, estes insetos ajudam a manter e melhorar a vida de uma centena de pequenos agricultores espalhados pelo Brasil, promovendo trabalho digno e fixa\u00e7\u00e3o de m\u00e3o de obra no campo. J\u00e1 no vi\u00e9s econ\u00f4mico, o mel gera renda e estimula o crescimento da agricultura familiar. <\/p>\n\n\n\n<p>\u00c9 estimado que 70% do que comemos depende da poliniza\u00e7\u00e3o, o que mais uma vez demonstra que o valor econ\u00f4mico das abelhas na agricultura \u00e9 enorme.<\/p>\n\n\n\n<p>Tamb\u00e9m n\u00e3o devemos nos esquecer de que o Brasil tem os melhores meles do mundo, reflexo do pa\u00eds mais biodiverso do planeta e que decorre da infinidade de varia\u00e7\u00f5es que nossas abelhas nos entregam, dos mais doces aos mais \u00e1cidos, dos mais claros aos mais escuros, dos mais simples aos muito complexos.<\/p>\n\n\n\n<p>Neste cen\u00e1rio surge em 2014, a Mbee &#8211; Meles de Terroir com o prop\u00f3sito de promover e resgatar a cultura deste ouro l\u00edquido no Brasil e com o desafio de difundir a import\u00e2ncia das abelhas e do mel em um territ\u00f3rio marcado pela monocultura de cana e pelo consumo excessivo de a\u00e7\u00facar.<\/p>\n\n\n\n<p>Atuamos na curadoria, manejo e venda de meles de abelhas nativas sem ferr\u00e3o, um verdadeiro patrim\u00f4nio dos povos tradicionais e do campo, ajudando a fortalecer a agricultura familiar, criar demanda de mercado e encorajando produtores a seguirem seu manejo e, consequentemente, colaborando na preserva\u00e7\u00e3o de diversas esp\u00e9cies da nossa flora.<\/p>\n\n\n\n<p>Em 2022, lan\u00e7amos a Academia do Mel \u00ae\ufe0f, um espa\u00e7o m\u00faltiplo, criado para discutir brasilidade, abelhas, meio ambiente, produtos ar- tesanais e sustentabilidade.<\/p>\n\n\n\n<p>A Academia nada mais \u00e9 do que um espa\u00e7o f\u00edsico dedicado \u00e0s abelhas, mas tamb\u00e9m um espa\u00e7o para de- gusta\u00e7\u00e3o de desconhecidos meles de abelhas nativas brasileiras com queijos nacionais, hidromel de jata\u00ed e outros produtos artesanais que variam conforme a edi\u00e7\u00e3o. <\/p>\n\n\n\n<p>Este projeto \u00e9 fruto de oito anos de conhecimento adquirido em aulas, palestras e eventos feitos pela Mbee. Apresentamos o incr\u00edvel mundo das abelhas, oferecendo um passeio pelo Brasil por meio de meles surpreendentes, com direito \u00e0 an\u00e1lise sensorial guiada e diversas outras informa\u00e7\u00f5es interessantes sobre este Brasil t\u00e3o plural.<\/p>\n\n\n\n<p>Para conhecer mais sobre o nosso trabalho, acesse https:\/\/www.lojambee.com. br\/ ou visite nosso Instagram https:\/\/www.instagram.com\/mbeemel\/<\/p>\n","protected":false},"excerpt":{"rendered":"<p>O Trabalho Invis\u00edvel das Abelhas Eug\u00eanio Basile, s\u00f3cio-fundador da Mbee &#8211; Meles de Terroir Ainda que sejam importantes para a nossa biodiversidade, as abelhas ainda carregam um estere\u00f3tipo negativo, muitas [&hellip;]<\/p>\n","protected":false},"author":1,"featured_media":0,"parent":6326,"menu_order":0,"comment_status":"closed","ping_status":"closed","template":"","meta":{"pmpro_default_level":"0","_price":"","_stock":"","_tribe_ticket_header":"","_tribe_default_ticket_provider":"","_tribe_ticket_capacity":"0","_ticket_start_date":"","_ticket_end_date":"","_tribe_ticket_show_description":"","_tribe_ticket_show_not_going":false,"_tribe_ticket_use_global_stock":"","_tribe_ticket_global_stock_level":"","_global_stock_mode":"","_global_stock_cap":"","_tribe_rsvp_for_event":"","_tribe_ticket_going_count":"","_tribe_ticket_not_going_count":"","_tribe_tickets_list":"[]","_tribe_ticket_has_attendee_info_fields":false,"cybocfi_hide_featured_image":"","footnotes":""},"class_list":["post-6362","page","type-page","status-publish","hentry","pmpro-has-access"],"_links":{"self":[{"href":"https:\/\/apacame.org.br\/site\/wp-json\/wp\/v2\/pages\/6362"}],"collection":[{"href":"https:\/\/apacame.org.br\/site\/wp-json\/wp\/v2\/pages"}],"about":[{"href":"https:\/\/apacame.org.br\/site\/wp-json\/wp\/v2\/types\/page"}],"author":[{"embeddable":true,"href":"https:\/\/apacame.org.br\/site\/wp-json\/wp\/v2\/users\/1"}],"replies":[{"embeddable":true,"href":"https:\/\/apacame.org.br\/site\/wp-json\/wp\/v2\/comments?post=6362"}],"version-history":[{"count":4,"href":"https:\/\/apacame.org.br\/site\/wp-json\/wp\/v2\/pages\/6362\/revisions"}],"predecessor-version":[{"id":6369,"href":"https:\/\/apacame.org.br\/site\/wp-json\/wp\/v2\/pages\/6362\/revisions\/6369"}],"up":[{"embeddable":true,"href":"https:\/\/apacame.org.br\/site\/wp-json\/wp\/v2\/pages\/6326"}],"wp:attachment":[{"href":"https:\/\/apacame.org.br\/site\/wp-json\/wp\/v2\/media?parent=6362"}],"curies":[{"name":"wp","href":"https:\/\/api.w.org\/{rel}","templated":true}]}}