{"id":6359,"date":"2024-02-27T22:52:30","date_gmt":"2024-02-27T22:52:30","guid":{"rendered":"https:\/\/apacame.org.br\/site\/?page_id=6359"},"modified":"2024-02-28T00:09:26","modified_gmt":"2024-02-28T00:09:26","slug":"atividade","status":"publish","type":"page","link":"https:\/\/apacame.org.br\/site\/revista\/mensagem-doce-n-172-julho-de-2023\/atividade\/","title":{"rendered":"Atividade"},"content":{"rendered":"\n<h2 class=\"wp-block-heading\">Dia Mundial da Abelha, e Dia do Apicultor<\/h2>\n\n\n\n<p><strong><em>Eloi Viana da Silva e Selma de Oliveira Chaves.<\/em><\/strong><\/p>\n\n\n\n<p>Na sexta feira dia 19 de maio, comemoramos antecipadamente o dia mundial da abelha e tamb\u00e9m o dia do apicultor, que s\u00e3o comemorados oficialmente em 20 e 22 de maio respectivamente. <\/p>\n\n\n\n<p>O evento ocorreu na sede da APACAME, onde os associados e clientes puderam saber e\/ou aperfei\u00e7oar os seus conhecimentos sobre a import\u00e2ncia das abelhas na natureza, com orienta\u00e7\u00f5es sobre a import\u00e2ncia destas pequeninas oper\u00e1rias, onde mais de 76 % do que se consome em alimentos, depende da poliniza\u00e7\u00e3o das abelhas.<\/p>\n\n\n\n<p>Fizemos uma pequena amostra de parte de uma colmeia para apresenta\u00e7\u00e3o aos interessados, que foi muito observada, principalmente pelas crian\u00e7as. <\/p>\n\n\n\n<p>O ponto alto desta apresenta\u00e7\u00e3o foi poder-se observar o nascimento de abelhas, onde as pessoas ficaram maravilhadas com o acontecimento, onde at\u00e9 um grupo de japoneses em visita ao nosso pa\u00eds, demonstrou tamanho encantamento, tirando fotos para levar \u00e0 sua terra natal, o Jap\u00e3o.<\/p>\n\n\n\n<p>Todos que l\u00e1 passaram receberam um brinde de nossa associa\u00e7\u00e3o, e deixaram o nome para o sorteio.<br>Os ganhadores foram: Ana Pacheco e Idalina dos Santos Louren\u00e7o.<\/p>\n\n\n\n<p>A diretoria esteve presente tirando as duvidas das pessoas, e esclarecendo sobre o mundo ap\u00edcola, todos que l\u00e1 passaram ficaram muito satisfeitos com o evento.<\/p>\n\n\n\n<p>Com certeza no pr\u00f3ximo ano, faremos muito melhor, com mais atividades al\u00e9m da expans\u00e3o do convite para algumas escolas da regi\u00e3o.<\/p>\n","protected":false},"excerpt":{"rendered":"<p>Dia Mundial da Abelha, e Dia do Apicultor Eloi Viana da Silva e Selma de Oliveira Chaves. Na sexta feira dia 19 de maio, comemoramos antecipadamente o dia mundial da [&hellip;]<\/p>\n","protected":false},"author":1,"featured_media":0,"parent":6326,"menu_order":0,"comment_status":"closed","ping_status":"closed","template":"","meta":{"pmpro_default_level":"0","_price":"","_stock":"","_tribe_ticket_header":"","_tribe_default_ticket_provider":"","_tribe_ticket_capacity":"0","_ticket_start_date":"","_ticket_end_date":"","_tribe_ticket_show_description":"","_tribe_ticket_show_not_going":false,"_tribe_ticket_use_global_stock":"","_tribe_ticket_global_stock_level":"","_global_stock_mode":"","_global_stock_cap":"","_tribe_rsvp_for_event":"","_tribe_ticket_going_count":"","_tribe_ticket_not_going_count":"","_tribe_tickets_list":"[]","_tribe_ticket_has_attendee_info_fields":false,"cybocfi_hide_featured_image":"","footnotes":""},"class_list":["post-6359","page","type-page","status-publish","hentry","pmpro-has-access"],"_links":{"self":[{"href":"https:\/\/apacame.org.br\/site\/wp-json\/wp\/v2\/pages\/6359"}],"collection":[{"href":"https:\/\/apacame.org.br\/site\/wp-json\/wp\/v2\/pages"}],"about":[{"href":"https:\/\/apacame.org.br\/site\/wp-json\/wp\/v2\/types\/page"}],"author":[{"embeddable":true,"href":"https:\/\/apacame.org.br\/site\/wp-json\/wp\/v2\/users\/1"}],"replies":[{"embeddable":true,"href":"https:\/\/apacame.org.br\/site\/wp-json\/wp\/v2\/comments?post=6359"}],"version-history":[{"count":6,"href":"https:\/\/apacame.org.br\/site\/wp-json\/wp\/v2\/pages\/6359\/revisions"}],"predecessor-version":[{"id":6409,"href":"https:\/\/apacame.org.br\/site\/wp-json\/wp\/v2\/pages\/6359\/revisions\/6409"}],"up":[{"embeddable":true,"href":"https:\/\/apacame.org.br\/site\/wp-json\/wp\/v2\/pages\/6326"}],"wp:attachment":[{"href":"https:\/\/apacame.org.br\/site\/wp-json\/wp\/v2\/media?parent=6359"}],"curies":[{"name":"wp","href":"https:\/\/api.w.org\/{rel}","templated":true}]}}