{"id":6355,"date":"2024-02-27T23:13:24","date_gmt":"2024-02-27T23:13:24","guid":{"rendered":"https:\/\/apacame.org.br\/site\/?page_id=6355"},"modified":"2024-02-27T23:14:56","modified_gmt":"2024-02-27T23:14:56","slug":"pasto-apicola","status":"publish","type":"page","link":"https:\/\/apacame.org.br\/site\/revista\/mensagem-doce-n-172-julho-de-2023\/pasto-apicola\/","title":{"rendered":"Pasto Ap\u00edcola"},"content":{"rendered":"\n<h2 class=\"wp-block-heading\">Amor-Agarradinho &#8211; Antigonon Leptopus<\/h2>\n\n\n\n<p><strong><em>Dr. Jo\u00e3o Martins Ferreira \u00e9 Professor Titular da Universidade Paulista UNIP, Pesquisador junto \u00e0 Universidade de S\u00e3o Paulo, Apicultor e Jornalista &#8211; MTB 93480 SP \u2013 Site: martinsferreira.net \u2013 Instagram: @martinsferreira_net \u2013 Contato: martins_ferreira@hotmail.com<\/em><\/strong><\/p>\n\n\n\n<figure class=\"wp-block-image size-large\"><a href=\"https:\/\/apacame.org.br\/site\/wp-content\/uploads\/2024\/02\/mensagem-doce-172-julho-2023-27-pasta-apicola-Amor-Agarradinho.jpg\"><img fetchpriority=\"high\" decoding=\"async\" width=\"1024\" height=\"367\" src=\"https:\/\/apacame.org.br\/site\/wp-content\/uploads\/2024\/02\/mensagem-doce-172-julho-2023-27-pasta-apicola-Amor-Agarradinho-1024x367.jpg\" alt=\"\" class=\"wp-image-6373\" srcset=\"https:\/\/apacame.org.br\/site\/wp-content\/uploads\/2024\/02\/mensagem-doce-172-julho-2023-27-pasta-apicola-Amor-Agarradinho-1024x367.jpg 1024w, https:\/\/apacame.org.br\/site\/wp-content\/uploads\/2024\/02\/mensagem-doce-172-julho-2023-27-pasta-apicola-Amor-Agarradinho-300x108.jpg 300w, https:\/\/apacame.org.br\/site\/wp-content\/uploads\/2024\/02\/mensagem-doce-172-julho-2023-27-pasta-apicola-Amor-Agarradinho-768x275.jpg 768w, https:\/\/apacame.org.br\/site\/wp-content\/uploads\/2024\/02\/mensagem-doce-172-julho-2023-27-pasta-apicola-Amor-Agarradinho-838x300.jpg 838w, https:\/\/apacame.org.br\/site\/wp-content\/uploads\/2024\/02\/mensagem-doce-172-julho-2023-27-pasta-apicola-Amor-Agarradinho-415x149.jpg 415w, https:\/\/apacame.org.br\/site\/wp-content\/uploads\/2024\/02\/mensagem-doce-172-julho-2023-27-pasta-apicola-Amor-Agarradinho-280x100.jpg 280w, https:\/\/apacame.org.br\/site\/wp-content\/uploads\/2024\/02\/mensagem-doce-172-julho-2023-27-pasta-apicola-Amor-Agarradinho.jpg 1200w\" sizes=\"(max-width: 1024px) 100vw, 1024px\" \/><\/a><\/figure>\n\n\n\n<p>Dotada de folhas macias, de formato peculiar, e de belas flores perfumadas, muito atrativas para as abelhas, a \u201cAmor-Agarradinho\u201d \u00e9 uma planta com grande potencial ap\u00edcola e paisag\u00edstico. Ela \u00e9 muito valorizada tanto pelos apicultores como por pessoas que amam a natureza, \u00e0s quais geralmente ficam admiradas ao contemplarem sua exuberante flora\u00e7\u00e3o.<\/p>\n\n\n\n<p>Trata-se de uma esp\u00e9cie trepadeira, ou seja, uma planta que necessita de um suporte f\u00edsico ou ent\u00e3o de outras plantas para que possa apoiar seus ramos e se desenvolver bem. <\/p>\n\n\n\n<p>Tem folhas simples, alternas, ligeiramente onduladas, com nervuras proeminentes na parte inferior e levemente pubescentes na parte superior, \u00e0s quais, por serem sens\u00edveis, n\u00e3o toleram geadas e geralmente secam e caem durante os meses mais frios do ano, mas novas folhas surgem nas \u00e9pocas da primavera e do ver\u00e3o.<\/p>\n\n\n\n<p>Seu nome cient\u00edfico \u00e9 Antigonon leptopus. Ela \u00e9 nativa do M\u00e9xico e da Am\u00e9rica Central, tendo se adaptado bem aos climas tropical e subtropical de nosso pa\u00eds. Sua folhagem \u00e9 vi\u00e7osa, em tom verde claro, com flores que podem variar desde as cores rosa at\u00e9 branca, \u00e0s quais fornecem p\u00f3len e n\u00e9ctar numa concentra\u00e7\u00e3o de a\u00e7\u00facar que varia entre 28% e 40%. <\/p>\n\n\n\n<p>O per\u00edodo de florescimento \u00e9 vari\u00e1vel, ocorrendo em diversos meses do ano, atraindo insetos como abelhas Apis Mellifera e Trigona Spinipes, entre outras. O formato de suas folhas \u00e9 singular, posto que se assemelhe ao contorno do desenho de um cora\u00e7\u00e3o. <\/p>\n\n\n\n<p>Al\u00e9m disso, por ser uma planta com flores delicadas e ramos que se enla\u00e7am a esteios de todo tipo, agarrando- -se a eles com finas hastes para se apoiar, recebeu popularmente o curioso nome \u201cAmor-Agarradinho\u201d. <\/p>\n\n\n\n<p>No entanto, por estar presente em todas as regi\u00f5es brasileiras, dependendo da localidade tamb\u00e9m \u00e9 poss\u00edvel que se fa\u00e7a refer\u00eancia a ela com outras denomina\u00e7\u00f5es, como \u201cAmor-Entrela\u00e7ado\u201d, \u201cBela-Mexicana\u201d, \u201cCip\u00f3-Coral\u201d, \u201cFlor-de-Coral\u201d, \u201cSa\u00edda-de-Baile\u201d, \u201cCip\u00f3-Mel\u201d, \u201cCoralita\u201d, \u201cGeorgina\u201d, \u201cL\u00e1grima-de-Noiva\u201d, \u201cMimo-do-C\u00e9u\u201d, \u201cRosa-da-Montanha\u201d, \u201cRos\u00e1lia\u201d ou \u201cViuvinha\u201d.<\/p>\n\n\n\n<p>Seus ramos s\u00e3o semilenhosos, mas n\u00e3o muito vigorosos, e quanto s\u00e3o bem conduzidos por suportes espec\u00edficos, como treli\u00e7a, tela, arco, cerca ou caramanch\u00e3o, as folhas dessa planta, que aprecia luz direta do sol, poder\u00e3o propiciar bons sombreamentos, tornando os ambientes mais agrad\u00e1veis para o conv\u00edvio das pessoas, caso se trate de um espa\u00e7o muito aquecido em raz\u00e3o de grande incid\u00eancia di\u00e1ria de luz solar, por exemplo. <\/p>\n\n\n\n<p>Ela pode atingir de 9 metros at\u00e9 12 metros de altura, aceita podas formativas e aprecia solo f\u00e9rtil, al\u00e9m de regas constantes, mas nunca \u00e1gua em excesso. Multiplica-se por estaquia, ou alporquia, mas o bom sucesso para a obten\u00e7\u00e3o de mudas se d\u00e1 efetivamente por sementes, \u00e0s quais podem ser obtidas realizando-se coletas diretamente nas pontas dos ramos ap\u00f3s a ocorr\u00eancia da flora\u00e7\u00e3o.<\/p>\n\n\n\n<p>Conclui-se, a partir desses atributos, que essa esp\u00e9cie merece ser mais disseminada no Brasil do que o \u00e9 atualmente, tanto em api\u00e1rios quanto em jardins, ruas ou parques, possibilitando desde benef\u00edcios para a qualidade de vida das pessoas at\u00e9 maiores e melhores op\u00e7\u00f5es para a alimenta\u00e7\u00e3o das abelhas e para a produ\u00e7\u00e3o de p\u00f3len e de mel de boa qualidade pelos apicultores.<\/p>\n\n\n\n<p><strong><em>Refer\u00eancias:<\/em><\/strong><\/p>\n\n\n\n<ul class=\"wp-block-list\">\n<li>Enciclop\u00e9dia de Plantas e Flores. S\u00e3o Paulo: Abril Cultural, 1972.<\/li>\n\n\n\n<li>Https:\/\/www.jardi- neiro.net\/plantas\/amor-agarradinho-antigonon-leptopus. html<\/li>\n\n\n\n<li>Https:\/\/www.sitioda- mata.com.br\/amor-agarradinho-antigonon-leptopus<\/li>\n\n\n\n<li>PIRANI, Jos\u00e9 R. e CORTOPASSI-LAURINO, Marilda. Flores e Abelhas em S\u00e3o Paulo. 2. ed. S\u00e3o Paulo: EDUSP\/FAPESP, 1994.<\/li>\n\n\n\n<li>VIEIRA, M\u00e1rcio Infante. Criar Abelhas \u00e9 Lucro Certo. S\u00e3o Paulo: Nobel, 1984.<\/li>\n\n\n\n<li>WIESE, Helmuth (coord.). Nova Apicultura. 3. ed. Porto Alegre: Agropecu\u00e1ria, 1982.<\/li>\n<\/ul>\n","protected":false},"excerpt":{"rendered":"<p>Amor-Agarradinho &#8211; Antigonon Leptopus Dr. Jo\u00e3o Martins Ferreira \u00e9 Professor Titular da Universidade Paulista UNIP, Pesquisador junto \u00e0 Universidade de S\u00e3o Paulo, Apicultor e Jornalista &#8211; MTB 93480 SP \u2013 [&hellip;]<\/p>\n","protected":false},"author":1,"featured_media":0,"parent":6326,"menu_order":0,"comment_status":"closed","ping_status":"closed","template":"","meta":{"pmpro_default_level":"0","_price":"","_stock":"","_tribe_ticket_header":"","_tribe_default_ticket_provider":"","_tribe_ticket_capacity":"0","_ticket_start_date":"","_ticket_end_date":"","_tribe_ticket_show_description":"","_tribe_ticket_show_not_going":false,"_tribe_ticket_use_global_stock":"","_tribe_ticket_global_stock_level":"","_global_stock_mode":"","_global_stock_cap":"","_tribe_rsvp_for_event":"","_tribe_ticket_going_count":"","_tribe_ticket_not_going_count":"","_tribe_tickets_list":"[]","_tribe_ticket_has_attendee_info_fields":false,"cybocfi_hide_featured_image":"","footnotes":""},"class_list":["post-6355","page","type-page","status-publish","hentry","pmpro-has-access"],"_links":{"self":[{"href":"https:\/\/apacame.org.br\/site\/wp-json\/wp\/v2\/pages\/6355"}],"collection":[{"href":"https:\/\/apacame.org.br\/site\/wp-json\/wp\/v2\/pages"}],"about":[{"href":"https:\/\/apacame.org.br\/site\/wp-json\/wp\/v2\/types\/page"}],"author":[{"embeddable":true,"href":"https:\/\/apacame.org.br\/site\/wp-json\/wp\/v2\/users\/1"}],"replies":[{"embeddable":true,"href":"https:\/\/apacame.org.br\/site\/wp-json\/wp\/v2\/comments?post=6355"}],"version-history":[{"count":5,"href":"https:\/\/apacame.org.br\/site\/wp-json\/wp\/v2\/pages\/6355\/revisions"}],"predecessor-version":[{"id":6376,"href":"https:\/\/apacame.org.br\/site\/wp-json\/wp\/v2\/pages\/6355\/revisions\/6376"}],"up":[{"embeddable":true,"href":"https:\/\/apacame.org.br\/site\/wp-json\/wp\/v2\/pages\/6326"}],"wp:attachment":[{"href":"https:\/\/apacame.org.br\/site\/wp-json\/wp\/v2\/media?parent=6355"}],"curies":[{"name":"wp","href":"https:\/\/api.w.org\/{rel}","templated":true}]}}