{"id":6344,"date":"2024-02-28T00:52:00","date_gmt":"2024-02-28T00:52:00","guid":{"rendered":"https:\/\/apacame.org.br\/site\/?page_id=6344"},"modified":"2024-02-28T02:59:39","modified_gmt":"2024-02-28T02:59:39","slug":"artigo-2","status":"publish","type":"page","link":"https:\/\/apacame.org.br\/site\/revista\/mensagem-doce-n-173-setembro-de-2023\/artigo-2\/","title":{"rendered":"Artigo"},"content":{"rendered":"\n<h2 class=\"wp-block-heading\">Valorize o puro mel e seus fabricantes<\/h2>\n\n\n<div class=\"wp-block-image\">\n<figure class=\"alignleft size-full is-resized\"><a href=\"https:\/\/apacame.org.br\/site\/wp-content\/uploads\/2024\/02\/judit-ahely.jpg\"><img fetchpriority=\"high\" decoding=\"async\" width=\"334\" height=\"492\" src=\"https:\/\/apacame.org.br\/site\/wp-content\/uploads\/2024\/02\/judit-ahely.jpg\" alt=\"\" class=\"wp-image-6378\" style=\"width:auto;height:300px\" srcset=\"https:\/\/apacame.org.br\/site\/wp-content\/uploads\/2024\/02\/judit-ahely.jpg 334w, https:\/\/apacame.org.br\/site\/wp-content\/uploads\/2024\/02\/judit-ahely-204x300.jpg 204w, https:\/\/apacame.org.br\/site\/wp-content\/uploads\/2024\/02\/judit-ahely-244x360.jpg 244w\" sizes=\"(max-width: 334px) 100vw, 334px\" \/><\/a><figcaption class=\"wp-element-caption\">Judit Ahely &#8211; Idealizadora e Palestrante no Projeto Valorize. &#8211; juditmarci@hotmail.com<\/figcaption><\/figure><\/div>\n\n\n<p>Quantos de n\u00f3s j\u00e1 fomos abordados por diversos vendedores de mel?<br>Em quantos com\u00e9rcios entramos e vemos diversos produtos expostos e ao perguntarmos aos funcion\u00e1rios nem sempre obtemos a informa\u00e7\u00e3o sobre a composi\u00e7\u00e3o do mel. J\u00e1 que muitos r\u00f3tulos s\u00e3o enganosos!<\/p>\n\n\n\n<p>Muitas pessoas ainda n\u00e3o sabem reconhecer a diferen\u00e7a entre o mel verdadeiro, os compostos e aquele que n\u00e3o passa de um xarope de a\u00e7\u00facar e acabam sendo enganados.<\/p>\n\n\n\n<p>Pensando nisso, a Secretaria Municipal de Sa\u00fade (SMS), atrav\u00e9s da Coordena\u00e7\u00e3o de Vigil\u00e2ncia Sanit\u00e1ria e Ambiental (COVISA), est\u00e1 alertando os consumidores sobre o assunto, pois \u00e9 cada vez maior o n\u00famero de estabelecimentos que est\u00e3o vendendo o \u201cmel falsificado\u201d.<\/p>\n\n\n\n<p>De acordo com a coordenadora da COVISA, Gra\u00e7a Barros, os produtores usam a\u00e7\u00facar<br>adicionado a corantes artificiais para imitar o mel produzido por abelhas. <\/p>\n\n\n\n<p>\u201cPara completar, colocam nas embalagens r\u00f3tulos com informa\u00e7\u00f5es n\u00e3o claras, induzindo o consumidor ao erro, ou ainda com r\u00f3tulos indevidos. Identificamos, inclusive, que alguns produtos t\u00eam fraudado o selo do Sistema de Inspe\u00e7\u00e3o Federal \u2013 SIF. Os vendedores podem continuar comercializando estes produtos, desde que o r\u00f3tulo informe que que s\u00e3o feitos somente de \u00e1gua e a\u00e7\u00facar. Mel puro \u00e9 aquele feito apenas do n\u00e9ctar das abelhas, nada mais\u201d, explica.<\/p>\n\n\n\n<p><br>Ainda segundo a coordenadora, \u00e9 papel da COVISA fiscalizar a postura dos vendedores, principalmente quando ela se torna prejudicial \u00e0 Sa\u00fade da popula\u00e7\u00e3o.<\/p>\n\n\n\n<p>Falsificar e vender mel sem proced\u00eancia \u00e9 crime contra a economia popular, previsto pela Lei No 1.521, de 26 de dezembro de 1951. A pena vai de seis meses a dois anos de deten\u00e7\u00e3o, al\u00e9m de multa. Mesma puni\u00e7\u00e3o para quem falsifica o selo do SIF, de acordo com o artigo 296, par\u00e1grafo 1o, inciso 1, do C\u00f3digo Penal, que trata da falsifica\u00e7\u00e3o de selo ou sinal p\u00fablico. <\/p>\n\n\n\n<p>O consumidor que tiver conhecimento deste com\u00e9rcio ilegal pode entrar em contato com vigil\u00e2ncia pelo telefone: 3711-5076, ou 156 da Ouvidoria da SMS.<\/p>\n\n\n\n<ul class=\"wp-block-list\">\n<li>Leiam a etiqueta;<br>Hoje vou deixar dicas para voc\u00eas leitores!<\/li>\n\n\n\n<li>Vejam se possui o r\u00f3tulo do Sistema de Inspe\u00e7\u00e3o Federal \u2013 SIF;<\/li>\n\n\n\n<li>Peguem uma colher de ch\u00e1 e coloque-o dentro de um copo d\u2019\u00e1gua. Se ele se dissolver, ent\u00e3o n\u00e3o \u00e9 puro. O mel puro deve ficar junto, como um s\u00f3lido, quando submerso em \u00e1gua;<\/li>\n\n\n\n<li>Peguem um pouco e misture com \u00e1gua. Sobre esta solu\u00e7\u00e3o coloque quatro ou cinco gotas de ess\u00eancia de vinagre. Se observar que se forma espuma, o mel pode estar adulterado;<\/li>\n\n\n\n<li>Peguem uma colher de sopa de e vire para baixo. O mel que estiver muito \u00famido cair\u00e1 rapidamente, mas o mel maduro, de boa qualidade, ficar\u00e1 na colher ou cair\u00e1 muito lentamente;<\/li>\n\n\n\n<li>Misturem com \u00e1gua e adicione algumas gotas de iodo. Se a solu\u00e7\u00e3o ficar azul, o mel foi adulterado com amido.<\/li>\n\n\n\n<li>Peguem um peda\u00e7o de p\u00e3o velho, duro, e submerja no mel. Se em dez minutos o p\u00e3o continuar endurecido, trata-se de mel puro. Se houver muita \u00e1gua na subst\u00e2ncia, o p\u00e3o amolecer\u00e1.<br>S\u00e3o muitas dicas!<\/li>\n<\/ul>\n\n\n\n<p><strong>Mas a melhor delas \u00e9 essa: adquira seus produtos na loja <a href=\"https:\/\/www.apacameloja.com.br\/\" target=\"_blank\" rel=\"noopener\">APACAME<\/a>!<\/strong><br>A loja est\u00e1 localizada na capital da cidade de S\u00e3o Paulo, na rua Dona Germaine Burchard n\u00famero 208, no bairro da \u00c1gua Branca!<\/p>\n\n\n\n<p>O site da loja \u00e9 <a href=\"https:\/\/www.apacameloja.com.br\/\" target=\"_blank\" rel=\"noopener\">www.apacameloja.com.br<\/a>, onde est\u00e1 o link FALE CONOSCO para voc\u00ea de outros estados adquirir informa\u00e7\u00f5es de envio do puro mel!<br>At\u00e9 a pr\u00f3xima edi\u00e7\u00e3o!<\/p>\n","protected":false},"excerpt":{"rendered":"<p>Valorize o puro mel e seus fabricantes Quantos de n\u00f3s j\u00e1 fomos abordados por diversos vendedores de mel?Em quantos com\u00e9rcios entramos e vemos diversos produtos expostos e ao perguntarmos aos [&hellip;]<\/p>\n","protected":false},"author":1,"featured_media":0,"parent":6412,"menu_order":0,"comment_status":"closed","ping_status":"closed","template":"","meta":{"pmpro_default_level":"0","_price":"","_stock":"","_tribe_ticket_header":"","_tribe_default_ticket_provider":"","_tribe_ticket_capacity":"0","_ticket_start_date":"","_ticket_end_date":"","_tribe_ticket_show_description":"","_tribe_ticket_show_not_going":false,"_tribe_ticket_use_global_stock":"","_tribe_ticket_global_stock_level":"","_global_stock_mode":"","_global_stock_cap":"","_tribe_rsvp_for_event":"","_tribe_ticket_going_count":"","_tribe_ticket_not_going_count":"","_tribe_tickets_list":"[]","_tribe_ticket_has_attendee_info_fields":false,"cybocfi_hide_featured_image":"","footnotes":""},"class_list":["post-6344","page","type-page","status-publish","hentry","pmpro-has-access"],"_links":{"self":[{"href":"https:\/\/apacame.org.br\/site\/wp-json\/wp\/v2\/pages\/6344"}],"collection":[{"href":"https:\/\/apacame.org.br\/site\/wp-json\/wp\/v2\/pages"}],"about":[{"href":"https:\/\/apacame.org.br\/site\/wp-json\/wp\/v2\/types\/page"}],"author":[{"embeddable":true,"href":"https:\/\/apacame.org.br\/site\/wp-json\/wp\/v2\/users\/1"}],"replies":[{"embeddable":true,"href":"https:\/\/apacame.org.br\/site\/wp-json\/wp\/v2\/comments?post=6344"}],"version-history":[{"count":3,"href":"https:\/\/apacame.org.br\/site\/wp-json\/wp\/v2\/pages\/6344\/revisions"}],"predecessor-version":[{"id":6446,"href":"https:\/\/apacame.org.br\/site\/wp-json\/wp\/v2\/pages\/6344\/revisions\/6446"}],"up":[{"embeddable":true,"href":"https:\/\/apacame.org.br\/site\/wp-json\/wp\/v2\/pages\/6412"}],"wp:attachment":[{"href":"https:\/\/apacame.org.br\/site\/wp-json\/wp\/v2\/media?parent=6344"}],"curies":[{"name":"wp","href":"https:\/\/api.w.org\/{rel}","templated":true}]}}