{"id":6338,"date":"2024-02-27T23:24:32","date_gmt":"2024-02-27T23:24:32","guid":{"rendered":"https:\/\/apacame.org.br\/site\/?page_id=6338"},"modified":"2024-02-28T00:00:12","modified_gmt":"2024-02-28T00:00:12","slug":"artigo-2","status":"publish","type":"page","link":"https:\/\/apacame.org.br\/site\/revista\/mensagem-doce-n-172-julho-de-2023\/artigo-2\/","title":{"rendered":"Artigo"},"content":{"rendered":"\n<h2 class=\"wp-block-heading\">Valoriza\u00e7\u00e3o da Apicultura Sustent\u00e1vel<\/h2>\n\n\n<div class=\"wp-block-image\">\n<figure class=\"alignleft size-full is-resized\"><a href=\"https:\/\/apacame.org.br\/site\/wp-content\/uploads\/2024\/02\/judit-ahely.jpg\"><img fetchpriority=\"high\" decoding=\"async\" width=\"334\" height=\"492\" src=\"https:\/\/apacame.org.br\/site\/wp-content\/uploads\/2024\/02\/judit-ahely.jpg\" alt=\"\" class=\"wp-image-6378\" style=\"width:auto;height:300px\" srcset=\"https:\/\/apacame.org.br\/site\/wp-content\/uploads\/2024\/02\/judit-ahely.jpg 334w, https:\/\/apacame.org.br\/site\/wp-content\/uploads\/2024\/02\/judit-ahely-204x300.jpg 204w, https:\/\/apacame.org.br\/site\/wp-content\/uploads\/2024\/02\/judit-ahely-244x360.jpg 244w\" sizes=\"(max-width: 334px) 100vw, 334px\" \/><\/a><figcaption class=\"wp-element-caption\">Judit Ahely &#8211; Idealizadora e Palestrante no Projeto Valorize. &#8211; juditmarci@hotmail.com<\/figcaption><\/figure><\/div>\n\n\n<p>A apicultura sustent\u00e1vel \u00e9 a apicultura org\u00e2nica, voltada ao manejo das colmeias de abelhas de forma respeitosa, onde sua natureza \u00e9 respeitada, assim como seus ciclos biol\u00f3gicos e a produ\u00e7\u00e3o de alimentos naturais e saud\u00e1veis, que resultem em produtos nutritivos aos consumidores.<\/p>\n\n\n\n<p>Em uma abordagem sustent\u00e1vel, o produtor precisa se preocupar com a manuten\u00e7\u00e3o da qualidade de vida das abelhas, focando em uma alimenta\u00e7\u00e3o saud\u00e1vel, fontes de \u00e1gua pot\u00e1vel e manejo adequado das colmeias, de acordo com o per\u00edodo das floradas. <\/p>\n\n\n\n<p>\u00c9 preciso estar atento \u00e0 sa\u00fade do ambiente, incluindo a localiza\u00e7\u00e3o das colmeias, tentando distanci\u00e1-las, em no m\u00ednimo, dois quil\u00f4metros, de \u00e1reas com uso de pesticidas ou outros tratamentos \u00e0 base de venenos. <\/p>\n\n\n\n<p>Esses cuidados fazem com que a produ\u00e7\u00e3o possa ser denominada org\u00e2nica e tenha o m\u00ednimo de sustentabilidade local, al\u00e9m de resultar em uma colheita satisfat\u00f3ria de grandes quantidades de mel. A consci\u00eancia de preservar o meio ambiente n\u00e3o \u00e9 boa apenas visivelmente e a sa\u00fade, mas tamb\u00e9m no lucro. Transformar o apicultor em um conservacionista das matas e recursos h\u00eddricos, valoriza a mudan\u00e7a, tanto na postura do produtor como no pr\u00f3prio segmento ap\u00edcola.<\/p>\n\n\n\n<p>A apicultura \u00e9 uma atividade conservadora das esp\u00e9cies por natureza. N\u00e3o \u00e9 destrutiva como a maioria das atividades rurais e \u00e9 uma das poucas atividades de uso de recursos naturais que preenche todos os requisitos do trip\u00e9 da sustentabilidade:<\/p>\n\n\n\n<p><strong>O econ\u00f4mico, porque gera renda para os agricultores;<br>O social porque utiliza a m\u00e3o-de-obra familiar no campo, diminuindo o \u00eaxodo rural; <\/strong><strong>O e o ecol\u00f3gico porque n\u00e3o se desmata para criar abelhas.<\/strong><\/p>\n\n\n\n<p>A import\u00e2ncia da biodiversidade \u00e9 indiscut\u00edvel em todo mundo. As abelhas ocupam importante papel na poliniza\u00e7\u00e3o de aproximadamente 30% das plantas que s\u00e3o utilizadas na alimenta\u00e7\u00e3o humana. Devido \u00e0 perda da biodiversidade, tornou-se evidente que os polinizadores nativos devem ser protegidos. <\/p>\n\n\n\n<p>A poliniza\u00e7\u00e3o intensiva realizada pelas abelhas do g\u00eanero Apis, tamb\u00e9m tem favorecido a manuten\u00e7\u00e3o da biodiversidade, impactando positivamente a sustenta\u00e7\u00e3o do ecossistema local, bem como permitindo ganhos de produtividade em diversas culturas. <\/p>\n\n\n\n<p>No Brasil est\u00e1 em curso uma grande \u201crevolu\u00e7\u00e3o silenciosa\u201d municiada pela inova\u00e7\u00e3o tecnol\u00f3gica e gerencial, cujos principais agentes s\u00e3o os m\u00e9dios e grandes \u201cempres\u00e1rios rurais\u201d, que incorporam aos seus agroneg\u00f3cios \u201ctecnologias de ponta\u201d nas \u00e1reas de produ\u00e7\u00e3o e administra\u00e7\u00e3o rural. <\/p>\n\n\n\n<p>Atualmente, o maior desafio do agroneg\u00f3cio \u00e9 identificar e promover atividades produtivas que sejam \u201cinclusivas\u201d sob os aspectos tecnol\u00f3gicos e gerenciais, isto \u00e9, que permitam uma \u201cdesconcentra\u00e7\u00e3o tecnol\u00f3gica\u201d, democratizando e viabilizando a incorpora\u00e7\u00e3o das inova\u00e7\u00f5es nas pequenas propriedades rurais.<\/p>\n\n\n\n<p>A Apicultura brasileira, sendo atividade socialmente justa e ambientalmente correta, re\u00fane alguns requisitos que a credenciam como uma alternativa de elevado potencial de inclus\u00e3o social, face \u00e0 sua competitividade em rela\u00e7\u00e3o aos aspectos econ\u00f4micos, sociais e ambientais, ou seja, do \u201cdesenvolvimento sustent\u00e1vel\u201d. <\/p>\n\n\n\n<p>Apesar do cen\u00e1rio t\u00e3o favor\u00e1vel, sabe-se que nossos apicultores v\u00eam convivendo com limita\u00e7\u00f5es estruturais aliadas \u00e0s dificuldades de acesso \u00e0 tecnologia e aos servi\u00e7os de assist\u00eancia t\u00e9cnica. Era imperativo que se revertesse esse quadro, que se lan\u00e7asse m\u00e3o de estrat\u00e9gias pr\u00f3prias e adequadas \u00e0 realidade da produ\u00e7\u00e3o de mel do Brasil.<\/p>\n\n\n\n<p>A melhor alternativa foi a de formar Agentes de Desenvolvimento Rural &#8211; ADRs para atuar na apicultura, selecio- nando-se e treinando jovens com relativa experi\u00eancia na produ\u00e7\u00e3o de mel, que falem a linguagem de suas comunidades e que possam preencher essa lacuna, tornando-se verdadeiros agentes de mudan\u00e7a.<\/p>\n\n\n\n<p>At\u00e9 a pr\u00f3xima edi\u00e7\u00e3o!<\/p>\n","protected":false},"excerpt":{"rendered":"<p>Valoriza\u00e7\u00e3o da Apicultura Sustent\u00e1vel A apicultura sustent\u00e1vel \u00e9 a apicultura org\u00e2nica, voltada ao manejo das colmeias de abelhas de forma respeitosa, onde sua natureza \u00e9 respeitada, assim como seus ciclos [&hellip;]<\/p>\n","protected":false},"author":1,"featured_media":0,"parent":6326,"menu_order":0,"comment_status":"closed","ping_status":"closed","template":"","meta":{"pmpro_default_level":"0","_price":"","_stock":"","_tribe_ticket_header":"","_tribe_default_ticket_provider":"","_tribe_ticket_capacity":"0","_ticket_start_date":"","_ticket_end_date":"","_tribe_ticket_show_description":"","_tribe_ticket_show_not_going":false,"_tribe_ticket_use_global_stock":"","_tribe_ticket_global_stock_level":"","_global_stock_mode":"","_global_stock_cap":"","_tribe_rsvp_for_event":"","_tribe_ticket_going_count":"","_tribe_ticket_not_going_count":"","_tribe_tickets_list":"[]","_tribe_ticket_has_attendee_info_fields":false,"cybocfi_hide_featured_image":"","footnotes":""},"class_list":["post-6338","page","type-page","status-publish","hentry","pmpro-has-access"],"_links":{"self":[{"href":"https:\/\/apacame.org.br\/site\/wp-json\/wp\/v2\/pages\/6338"}],"collection":[{"href":"https:\/\/apacame.org.br\/site\/wp-json\/wp\/v2\/pages"}],"about":[{"href":"https:\/\/apacame.org.br\/site\/wp-json\/wp\/v2\/types\/page"}],"author":[{"embeddable":true,"href":"https:\/\/apacame.org.br\/site\/wp-json\/wp\/v2\/users\/1"}],"replies":[{"embeddable":true,"href":"https:\/\/apacame.org.br\/site\/wp-json\/wp\/v2\/comments?post=6338"}],"version-history":[{"count":4,"href":"https:\/\/apacame.org.br\/site\/wp-json\/wp\/v2\/pages\/6338\/revisions"}],"predecessor-version":[{"id":6395,"href":"https:\/\/apacame.org.br\/site\/wp-json\/wp\/v2\/pages\/6338\/revisions\/6395"}],"up":[{"embeddable":true,"href":"https:\/\/apacame.org.br\/site\/wp-json\/wp\/v2\/pages\/6326"}],"wp:attachment":[{"href":"https:\/\/apacame.org.br\/site\/wp-json\/wp\/v2\/media?parent=6338"}],"curies":[{"name":"wp","href":"https:\/\/api.w.org\/{rel}","templated":true}]}}