{"id":6331,"date":"2024-02-27T18:37:07","date_gmt":"2024-02-27T18:37:07","guid":{"rendered":"https:\/\/apacame.org.br\/site\/?page_id=6331"},"modified":"2024-02-28T00:02:25","modified_gmt":"2024-02-28T00:02:25","slug":"editorial","status":"publish","type":"page","link":"https:\/\/apacame.org.br\/site\/revista\/mensagem-doce-n-172-julho-de-2023\/editorial\/","title":{"rendered":"Editorial"},"content":{"rendered":"\n<h2 class=\"wp-block-heading\">Apicultores, Vamos Nos Tornar Profissionais E Legalizados!<\/h2>\n\n\n<div class=\"wp-block-image\">\n<figure class=\"alignleft size-full\"><a href=\"https:\/\/apacame.org.br\/site\/wp-content\/uploads\/2021\/08\/Foto_Editorial.jpg\"><img fetchpriority=\"high\" decoding=\"async\" width=\"385\" height=\"350\" src=\"https:\/\/apacame.org.br\/site\/wp-content\/uploads\/2021\/08\/Foto_Editorial.jpg\" alt=\"\" class=\"wp-image-4205\" srcset=\"https:\/\/apacame.org.br\/site\/wp-content\/uploads\/2021\/08\/Foto_Editorial.jpg 385w, https:\/\/apacame.org.br\/site\/wp-content\/uploads\/2021\/08\/Foto_Editorial-300x273.jpg 300w, https:\/\/apacame.org.br\/site\/wp-content\/uploads\/2021\/08\/Foto_Editorial-150x136.jpg 150w\" sizes=\"(max-width: 385px) 100vw, 385px\" \/><\/a><\/figure><\/div>\n\n\n<p>Estamos passando por um momento fundamental na apicultura brasileira, e para isso precisamos fazer nosso cadastro de apicultores em massa. Uma vez cadastrados, s\u00f3 teremos benef\u00edcios, pois h\u00e1 grandes apicultores sem cadastro querendo vender seu mel e n\u00e3o conseguem, por isso \u00e9 necess\u00e1rio ser apicultor dentro da legalidade.<\/p>\n\n\n\n<p>Sabemos que todo mel para o com\u00e9rcio tem que passar pelo servi\u00e7o de inspe\u00e7\u00e3o, e hoje s\u00f3 a casa do mel ou o entreposto o t\u00eam, possibilitando colocar SIF, SIM, SISP, ou Selo Arte. Para este \u00faltimo n\u00e3o \u00e9 necess\u00e1rio passar pela burocracia, mas ainda \u00e9 preciso nota fiscal do produtor rural.<\/p>\n\n\n\n<p>N\u00e3o h\u00e1 outro jeito, para os entrepostos, a fiscaliza\u00e7\u00e3o \u00e9 quase di\u00e1ria; se entra uma carga sem documenta\u00e7\u00e3o correta, eles podem ser multados e at\u00e9 fechados, portanto, senhores apicultores, vamos ficar muito atentos e fazer o cadastro, procure em sua regi\u00e3o o local mais pr\u00f3ximo, s\u00f3 temos vantagens, vamos sair da ilegalidade e nos comportar como verdadeiros profissionais da apicultura.<\/p>\n\n\n\n<p>Temos nesta edi\u00e7\u00e3o publicada a portaria no795 da SDA, de 10 de maio 2023, que fala sobre as normas higi\u00eanica, sanit\u00e1ria, e tecnol\u00f3gica para os estabelecimentos dos produtos das abelhas e seus derivados, portanto, vamos ler com muita aten\u00e7\u00e3o, e ficar atualizados sobre os produtos das abelhas.<\/p>\n\n\n\n<p>Vamos ver tamb\u00e9m o material dos professores Artur Henrique &amp; David de Jong, tratando de Ci\u00eancia cidad\u00e3, uma oportunidade para participar e se beneficiar das pesquisas sobre abelhas e outros polinizadores da Am\u00e9rica do Sul. Vamos nos dedicar ao assunto com o mesmo carinho que dedicamos \u00e0s nossas abelhas.<\/p>\n\n\n\n<p><\/p>\n\n\n\n<p>\u201cE que as abelhas sejam motivos de reuni\u00e3o e uni\u00e3o entre os homens\u201d Uma associa\u00e7\u00e3o se faz com associados.<br>Eloi Viana da Silva Presidente Executivo &#8211; eloi@apacame.org.br<\/p>\n","protected":false},"excerpt":{"rendered":"<p>Apicultores, Vamos Nos Tornar Profissionais E Legalizados! Estamos passando por um momento fundamental na apicultura brasileira, e para isso precisamos fazer nosso cadastro de apicultores em massa. Uma vez cadastrados, [&hellip;]<\/p>\n","protected":false},"author":1,"featured_media":0,"parent":6326,"menu_order":0,"comment_status":"closed","ping_status":"closed","template":"","meta":{"pmpro_default_level":"0","_price":"","_stock":"","_tribe_ticket_header":"","_tribe_default_ticket_provider":"","_tribe_ticket_capacity":"0","_ticket_start_date":"","_ticket_end_date":"","_tribe_ticket_show_description":"","_tribe_ticket_show_not_going":false,"_tribe_ticket_use_global_stock":"","_tribe_ticket_global_stock_level":"","_global_stock_mode":"","_global_stock_cap":"","_tribe_rsvp_for_event":"","_tribe_ticket_going_count":"","_tribe_ticket_not_going_count":"","_tribe_tickets_list":"[]","_tribe_ticket_has_attendee_info_fields":false,"cybocfi_hide_featured_image":"","footnotes":""},"class_list":["post-6331","page","type-page","status-publish","hentry","pmpro-has-access"],"_links":{"self":[{"href":"https:\/\/apacame.org.br\/site\/wp-json\/wp\/v2\/pages\/6331"}],"collection":[{"href":"https:\/\/apacame.org.br\/site\/wp-json\/wp\/v2\/pages"}],"about":[{"href":"https:\/\/apacame.org.br\/site\/wp-json\/wp\/v2\/types\/page"}],"author":[{"embeddable":true,"href":"https:\/\/apacame.org.br\/site\/wp-json\/wp\/v2\/users\/1"}],"replies":[{"embeddable":true,"href":"https:\/\/apacame.org.br\/site\/wp-json\/wp\/v2\/comments?post=6331"}],"version-history":[{"count":3,"href":"https:\/\/apacame.org.br\/site\/wp-json\/wp\/v2\/pages\/6331\/revisions"}],"predecessor-version":[{"id":6403,"href":"https:\/\/apacame.org.br\/site\/wp-json\/wp\/v2\/pages\/6331\/revisions\/6403"}],"up":[{"embeddable":true,"href":"https:\/\/apacame.org.br\/site\/wp-json\/wp\/v2\/pages\/6326"}],"wp:attachment":[{"href":"https:\/\/apacame.org.br\/site\/wp-json\/wp\/v2\/media?parent=6331"}],"curies":[{"name":"wp","href":"https:\/\/api.w.org\/{rel}","templated":true}]}}