{"id":593,"date":"2015-09-29T16:13:29","date_gmt":"2015-09-29T16:13:29","guid":{"rendered":"http:\/\/apacame.org.br\/site\/?page_id=593"},"modified":"2015-09-29T17:19:21","modified_gmt":"2015-09-29T17:19:21","slug":"44-congresso-internacional-de-apicultura-apimondia-15-a-20-de-setembro-2015","status":"publish","type":"page","link":"https:\/\/apacame.org.br\/site\/revista\/mensagem-doce-n-133-setembro-de-2015\/44-congresso-internacional-de-apicultura-apimondia-15-a-20-de-setembro-2015\/","title":{"rendered":"Editorial"},"content":{"rendered":"<h1 style=\"text-align: center;\">44\u00a0 Congresso Internacional de Apicultura &#8211; APIMONDIA 15\u00a0 a\u00a0 20 de setembro 2015<\/h1>\n<p><span style=\"font-size: large;\">Quando voc\u00ea estiver recebendo esta edi\u00e7\u00e3o a Apicultura Brasileira estar\u00e1 representada no 44 Congresso Internacional de Apicultura, promovido pela APIMONDIA que ser\u00e1 realizado na cidade de Deajeon, na Coreia do Sul, pelos apicultores, meliponicultores e empres\u00e1rios ap\u00edcolas.A APACAME seguindo a sua tradi\u00e7\u00e3o \u00a0organizou a Delega\u00e7\u00e3o composta por 46 participantes que inclui: Apicultores, \u00a0 Meliponicultores, Empres\u00e1rios Apicolas, Confedera\u00e7\u00e3o Brasileira de Apicultura &#8211; CBA, Federa\u00e7\u00e3o das Associa\u00e7\u00f5es de Apicultores e Meliponicultores do Estado de S\u00e3o Paulo &#8211; FAAMESP, Campanha &#8220;Sem Abelha, Sem alimento&#8221;, professores universit\u00e1rios , enfim um grupo que representar\u00e1 \u00a0os diversos elos da Cadeia Produtiva dos Produtos das Abelhas.Os Entrepostos exportadores dos produtos das abelhas tamb\u00e9m estar\u00e3o presentes na ApiExpo, feira de neg\u00f3cios paralela ao congresso.<br \/>\n<\/span><\/p>\n<p><span style=\"font-size: large;\">A soma dos esfor\u00e7os individuais e empresariais marcar\u00e1 a presen\u00e7a da apicultura brasileira no maior evento da apicultura mundial.<br \/>\n<\/span><\/p>\n<p><span style=\"font-size: large;\">Esperamos que saibamos aproveitar esta oportunidade de aprendizado com a finalidade de trazer novos conhecimentos em prol do desenvolvimento do segmento ap\u00edcola nacional.<br \/>\n<\/span><\/p>\n<p><span style=\"font-size: large;\">A APACAME parabeniza todos os brasileiros que estar\u00e3o presentes no APIMONDIA 2015 e deseja sucesso aos empres\u00e1rios nos seus contatos comerciais que fatalmente refletir\u00e3o na apicultura e na meliponicultura do Brasil.<\/span><\/p>\n<p style=\"text-align: right;\"><b><i>Constantino Zara Filho &#8211; Presidente Executivo<\/i><\/b><\/p>\n","protected":false},"excerpt":{"rendered":"<p>44\u00a0 Congresso Internacional de Apicultura &#8211; APIMONDIA 15\u00a0 a\u00a0 20 de setembro 2015 Quando voc\u00ea estiver recebendo esta edi\u00e7\u00e3o a Apicultura Brasileira estar\u00e1 representada no 44 Congresso Internacional de Apicultura, [&hellip;]<\/p>\n","protected":false},"author":1,"featured_media":0,"parent":595,"menu_order":0,"comment_status":"open","ping_status":"open","template":"","meta":{"pmpro_default_level":"","_price":"","_stock":"","_tribe_ticket_header":"","_tribe_default_ticket_provider":"","_tribe_ticket_capacity":"0","_ticket_start_date":"","_ticket_end_date":"","_tribe_ticket_show_description":"","_tribe_ticket_show_not_going":false,"_tribe_ticket_use_global_stock":"","_tribe_ticket_global_stock_level":"","_global_stock_mode":"","_global_stock_cap":"","_tribe_rsvp_for_event":"","_tribe_ticket_going_count":"","_tribe_ticket_not_going_count":"","_tribe_tickets_list":"[]","_tribe_ticket_has_attendee_info_fields":false,"cybocfi_hide_featured_image":"","footnotes":""},"class_list":["post-593","page","type-page","status-publish","hentry","pmpro-has-access"],"_links":{"self":[{"href":"https:\/\/apacame.org.br\/site\/wp-json\/wp\/v2\/pages\/593"}],"collection":[{"href":"https:\/\/apacame.org.br\/site\/wp-json\/wp\/v2\/pages"}],"about":[{"href":"https:\/\/apacame.org.br\/site\/wp-json\/wp\/v2\/types\/page"}],"author":[{"embeddable":true,"href":"https:\/\/apacame.org.br\/site\/wp-json\/wp\/v2\/users\/1"}],"replies":[{"embeddable":true,"href":"https:\/\/apacame.org.br\/site\/wp-json\/wp\/v2\/comments?post=593"}],"version-history":[{"count":4,"href":"https:\/\/apacame.org.br\/site\/wp-json\/wp\/v2\/pages\/593\/revisions"}],"predecessor-version":[{"id":604,"href":"https:\/\/apacame.org.br\/site\/wp-json\/wp\/v2\/pages\/593\/revisions\/604"}],"up":[{"embeddable":true,"href":"https:\/\/apacame.org.br\/site\/wp-json\/wp\/v2\/pages\/595"}],"wp:attachment":[{"href":"https:\/\/apacame.org.br\/site\/wp-json\/wp\/v2\/media?parent=593"}],"curies":[{"name":"wp","href":"https:\/\/api.w.org\/{rel}","templated":true}]}}