{"id":5745,"date":"2023-06-19T23:28:44","date_gmt":"2023-06-19T23:28:44","guid":{"rendered":"https:\/\/apacame.org.br\/site\/?page_id=5745"},"modified":"2023-06-19T23:32:26","modified_gmt":"2023-06-19T23:32:26","slug":"atividade-5","status":"publish","type":"page","link":"https:\/\/apacame.org.br\/site\/revista\/mensagem-doce-n-171-maio-de-2023\/atividade-5\/","title":{"rendered":"Atividade"},"content":{"rendered":"<h1 style=\"text-align: center;\">OFICINA DE CONSTRU\u00c7\u00c3O<br \/>\nDE NINHOS<br \/>\nPARA ABELHAS SOLIT\u00c1RIAS<br \/>\nE ESTUDO SOBRE PANC<\/h1>\n<blockquote><p>Eloi Viana da Silva<\/p><\/blockquote>\n<p><span style=\"font-size: large;\"><a href=\"https:\/\/apacame.org.br\/site\/wp-content\/uploads\/2023\/06\/Cartaz-evento-construcao.jpg\"><img fetchpriority=\"high\" decoding=\"async\" class=\"alignleft size-medium wp-image-5750\" src=\"https:\/\/apacame.org.br\/site\/wp-content\/uploads\/2023\/06\/Cartaz-evento-construcao-240x300.jpg\" alt=\"Cartaz-evento-construcao\" width=\"240\" height=\"300\" srcset=\"https:\/\/apacame.org.br\/site\/wp-content\/uploads\/2023\/06\/Cartaz-evento-construcao-240x300.jpg 240w, https:\/\/apacame.org.br\/site\/wp-content\/uploads\/2023\/06\/Cartaz-evento-construcao-150x188.jpg 150w, https:\/\/apacame.org.br\/site\/wp-content\/uploads\/2023\/06\/Cartaz-evento-construcao-400x500.jpg 400w, https:\/\/apacame.org.br\/site\/wp-content\/uploads\/2023\/06\/Cartaz-evento-construcao.jpg 748w\" sizes=\"(max-width: 240px) 100vw, 240px\" \/><\/a>Em 10 de mar\u00e7o de 2023, parte da diretoria da APACAME, representado por Eloi Viana da Silva, \u00c1lvaro Chaves de Oliveira, Edivaldo Orlando Juvenal, Sebasti\u00e3o Doniseti Alexandre e Idalina dos Santos Louren\u00e7o, participaram em um evento na CATI Campinas, conforme o chamado acima, organizado pelo Eng. Osmar Mosca Diz, um grande defensor das abelhas solit\u00e1rias.<\/span><\/p>\n<p><span style=\"font-size: large;\">Fomos recebidos por toda sua equipe de forma brilhante, onde tivemos a oportunidade de conhecer os trabalhos desenvolvidos por eles na prote\u00e7\u00e3o de nossas abelhas, al\u00e9m de palestras com os instrutores: Oscar Mosca Diz, Adriana Tiba e J\u00falio Pupim, que nos enriqueceu a todos, com seus profundos conhecimentos do assunto. <\/span><\/p>\n<p><span style=\"font-size: large;\">A t\u00e9cnica adotada de apresenta\u00e7\u00e3o seguida de oficina, mostrou-se de grande import\u00e2ncia para o entendimento na prote\u00e7\u00e3o das esp\u00e9cies existentes no Brasil, pois sabemos de plantas que s\u00e3o polinizadas exclusivamente pelas abelhas solit\u00e1ria.<\/span><\/p>\n<p>&nbsp;<\/p>\n<div id='gallery-1' class='gallery galleryid-5745 gallery-columns-1 gallery-size-large'><figure class='gallery-item'>\n\t\t\t<div class='gallery-icon landscape'>\n\t\t\t\t<a href='https:\/\/apacame.org.br\/site\/wp-content\/uploads\/2023\/06\/Foto_1_Construcao.jpg'><img decoding=\"async\" width=\"748\" height=\"401\" src=\"https:\/\/apacame.org.br\/site\/wp-content\/uploads\/2023\/06\/Foto_1_Construcao.jpg\" class=\"attachment-large size-large\" alt=\"\" aria-describedby=\"gallery-1-5749\" srcset=\"https:\/\/apacame.org.br\/site\/wp-content\/uploads\/2023\/06\/Foto_1_Construcao.jpg 748w, https:\/\/apacame.org.br\/site\/wp-content\/uploads\/2023\/06\/Foto_1_Construcao-300x161.jpg 300w, https:\/\/apacame.org.br\/site\/wp-content\/uploads\/2023\/06\/Foto_1_Construcao-150x80.jpg 150w, https:\/\/apacame.org.br\/site\/wp-content\/uploads\/2023\/06\/Foto_1_Construcao-500x268.jpg 500w\" sizes=\"(max-width: 748px) 100vw, 748px\" \/><\/a>\n\t\t\t<\/div>\n\t\t\t\t<figcaption class='wp-caption-text gallery-caption' id='gallery-1-5749'>\n\t\t\t\tFoto 1 turma da APACAME em visita ao evento\n\t\t\t\t<\/figcaption><\/figure><figure class='gallery-item'>\n\t\t\t<div class='gallery-icon landscape'>\n\t\t\t\t<a href='https:\/\/apacame.org.br\/site\/wp-content\/uploads\/2023\/06\/Foto_2_Construcao.jpg'><img decoding=\"async\" width=\"747\" height=\"497\" src=\"https:\/\/apacame.org.br\/site\/wp-content\/uploads\/2023\/06\/Foto_2_Construcao.jpg\" class=\"attachment-large size-large\" alt=\"\" aria-describedby=\"gallery-1-5748\" srcset=\"https:\/\/apacame.org.br\/site\/wp-content\/uploads\/2023\/06\/Foto_2_Construcao.jpg 747w, https:\/\/apacame.org.br\/site\/wp-content\/uploads\/2023\/06\/Foto_2_Construcao-300x200.jpg 300w, https:\/\/apacame.org.br\/site\/wp-content\/uploads\/2023\/06\/Foto_2_Construcao-150x100.jpg 150w, https:\/\/apacame.org.br\/site\/wp-content\/uploads\/2023\/06\/Foto_2_Construcao-500x333.jpg 500w\" sizes=\"(max-width: 747px) 100vw, 747px\" \/><\/a>\n\t\t\t<\/div>\n\t\t\t\t<figcaption class='wp-caption-text gallery-caption' id='gallery-1-5748'>\n\t\t\t\tFoto 2 &#8211; palestra sobre o assunto.\n\t\t\t\t<\/figcaption><\/figure><figure class='gallery-item'>\n\t\t\t<div class='gallery-icon landscape'>\n\t\t\t\t<a href='https:\/\/apacame.org.br\/site\/wp-content\/uploads\/2023\/06\/Foto_3_Construcao.jpg'><img loading=\"lazy\" decoding=\"async\" width=\"749\" height=\"458\" src=\"https:\/\/apacame.org.br\/site\/wp-content\/uploads\/2023\/06\/Foto_3_Construcao.jpg\" class=\"attachment-large size-large\" alt=\"\" aria-describedby=\"gallery-1-5747\" srcset=\"https:\/\/apacame.org.br\/site\/wp-content\/uploads\/2023\/06\/Foto_3_Construcao.jpg 749w, https:\/\/apacame.org.br\/site\/wp-content\/uploads\/2023\/06\/Foto_3_Construcao-300x183.jpg 300w, https:\/\/apacame.org.br\/site\/wp-content\/uploads\/2023\/06\/Foto_3_Construcao-570x350.jpg 570w, https:\/\/apacame.org.br\/site\/wp-content\/uploads\/2023\/06\/Foto_3_Construcao-150x92.jpg 150w, https:\/\/apacame.org.br\/site\/wp-content\/uploads\/2023\/06\/Foto_3_Construcao-500x306.jpg 500w\" sizes=\"(max-width: 749px) 100vw, 749px\" \/><\/a>\n\t\t\t<\/div>\n\t\t\t\t<figcaption class='wp-caption-text gallery-caption' id='gallery-1-5747'>\n\t\t\t\tFoto 3 &#8211; exposi\u00e7\u00f5es\n\t\t\t\t<\/figcaption><\/figure><figure class='gallery-item'>\n\t\t\t<div class='gallery-icon landscape'>\n\t\t\t\t<a href='https:\/\/apacame.org.br\/site\/wp-content\/uploads\/2023\/06\/Foto_4_Construcao.jpg'><img loading=\"lazy\" decoding=\"async\" width=\"747\" height=\"362\" src=\"https:\/\/apacame.org.br\/site\/wp-content\/uploads\/2023\/06\/Foto_4_Construcao.jpg\" class=\"attachment-large size-large\" alt=\"\" aria-describedby=\"gallery-1-5746\" srcset=\"https:\/\/apacame.org.br\/site\/wp-content\/uploads\/2023\/06\/Foto_4_Construcao.jpg 747w, https:\/\/apacame.org.br\/site\/wp-content\/uploads\/2023\/06\/Foto_4_Construcao-300x145.jpg 300w, https:\/\/apacame.org.br\/site\/wp-content\/uploads\/2023\/06\/Foto_4_Construcao-150x73.jpg 150w, https:\/\/apacame.org.br\/site\/wp-content\/uploads\/2023\/06\/Foto_4_Construcao-500x242.jpg 500w\" sizes=\"(max-width: 747px) 100vw, 747px\" \/><\/a>\n\t\t\t<\/div>\n\t\t\t\t<figcaption class='wp-caption-text gallery-caption' id='gallery-1-5746'>\n\t\t\t\tFoto 4 trabalhos sendo realizado no evento.\n\t\t\t\t<\/figcaption><\/figure>\n\t\t<\/div>\n\n","protected":false},"excerpt":{"rendered":"<p>OFICINA DE CONSTRU\u00c7\u00c3O DE NINHOS PARA ABELHAS SOLIT\u00c1RIAS E ESTUDO SOBRE PANC Eloi Viana da Silva Em 10 de mar\u00e7o de 2023, parte da diretoria da APACAME, representado por Eloi [&hellip;]<\/p>\n","protected":false},"author":20,"featured_media":0,"parent":5694,"menu_order":0,"comment_status":"open","ping_status":"open","template":"","meta":{"pmpro_default_level":"","_price":"","_stock":"","_tribe_ticket_header":"","_tribe_default_ticket_provider":"","_tribe_ticket_capacity":"0","_ticket_start_date":"","_ticket_end_date":"","_tribe_ticket_show_description":"","_tribe_ticket_show_not_going":false,"_tribe_ticket_use_global_stock":"","_tribe_ticket_global_stock_level":"","_global_stock_mode":"","_global_stock_cap":"","_tribe_rsvp_for_event":"","_tribe_ticket_going_count":"","_tribe_ticket_not_going_count":"","_tribe_tickets_list":"[]","_tribe_ticket_has_attendee_info_fields":false,"cybocfi_hide_featured_image":"","footnotes":""},"class_list":["post-5745","page","type-page","status-publish","hentry","pmpro-has-access"],"_links":{"self":[{"href":"https:\/\/apacame.org.br\/site\/wp-json\/wp\/v2\/pages\/5745"}],"collection":[{"href":"https:\/\/apacame.org.br\/site\/wp-json\/wp\/v2\/pages"}],"about":[{"href":"https:\/\/apacame.org.br\/site\/wp-json\/wp\/v2\/types\/page"}],"author":[{"embeddable":true,"href":"https:\/\/apacame.org.br\/site\/wp-json\/wp\/v2\/users\/20"}],"replies":[{"embeddable":true,"href":"https:\/\/apacame.org.br\/site\/wp-json\/wp\/v2\/comments?post=5745"}],"version-history":[{"count":8,"href":"https:\/\/apacame.org.br\/site\/wp-json\/wp\/v2\/pages\/5745\/revisions"}],"predecessor-version":[{"id":5752,"href":"https:\/\/apacame.org.br\/site\/wp-json\/wp\/v2\/pages\/5745\/revisions\/5752"}],"up":[{"embeddable":true,"href":"https:\/\/apacame.org.br\/site\/wp-json\/wp\/v2\/pages\/5694"}],"wp:attachment":[{"href":"https:\/\/apacame.org.br\/site\/wp-json\/wp\/v2\/media?parent=5745"}],"curies":[{"name":"wp","href":"https:\/\/api.w.org\/{rel}","templated":true}]}}