{"id":5739,"date":"2023-06-19T23:07:03","date_gmt":"2023-06-19T23:07:03","guid":{"rendered":"https:\/\/apacame.org.br\/site\/?page_id=5739"},"modified":"2023-06-19T23:08:39","modified_gmt":"2023-06-19T23:08:39","slug":"atividade-4","status":"publish","type":"page","link":"https:\/\/apacame.org.br\/site\/revista\/mensagem-doce-n-171-maio-de-2023\/atividade-4\/","title":{"rendered":"Atividade"},"content":{"rendered":"<h1 style=\"text-align: center;\">C\u00c2MARA SETORIAL DE PRODUTOS AP\u00cdCOLAS<\/h1>\n<blockquote><p>Mem\u00f3ria de Reuni\u00e3o Ordin\u00e1ria<br \/>\nAudit\u00f3rio da CATI \u2013 Campinas &#8211; 20\/01\/2023<br \/>\nRedigida por Marco Ant\u00f4nio Gomes \u2013 Executivo P\u00fablico<\/p><\/blockquote>\n<p><span style=\"font-size: large;\"><b>Presentes:<\/b> <\/span><\/p>\n<p><span style=\"font-size: large;\">William Alves Correia; Cristiane Menezes; Rafaela Quaglia; Paulo Cesar de Lira; \u00c1lvaro Soares de Oliveira; Ricardo Camargo; El\u00f3i Viana; Eugenio Basile. Gustavo Mermejo; Alcides Alves Neto; Ricardo Carollli; Piero Oliveira; Marcel Vinicius Gulla; Ana L\u00facia Assad; Vanilda Luciene; Lidia Barreto; Denise de Lima Belisario; Marco Antonio Reis; Maria Carolina Guido; Maria Cristina de Moraes; Jo\u00e3o Garcia; Omar Moscadiz; Edson Xavier; Edson Sampaio; Jos\u00e9 Gustavo Quagliato; Marco Antonio Gomes; Raquel Nakazato Pinotti; Elio Savazaki ; Edson de Rezende; Milena Rodrigues; Jos\u00e9 Carlos Faria Cardoso Junior<\/span><\/p>\n<p><span style=\"font-size: large;\"><b>Pauta:<\/b> <\/span><\/p>\n<p><span style=\"font-size: large;\">Elei\u00e7\u00e3o do presidente &#8211; Calend\u00e1rio 2023 Apresenta\u00e7\u00e3o dos membros oficiais<\/span><\/p>\n<p><span style=\"font-size: large;\"><b>Resumo da Reuni\u00e3o<\/b><\/span><\/p>\n<p><span style=\"font-size: large;\">A reuni\u00e3o foi aberta pelo Secret\u00e1rio de Agricultura, Ant\u00f4nio Junqueira, que saudou a todos, e colocou-se \u00e0 disposi\u00e7\u00e3o de todos para o que for necess\u00e1rio. Jos\u00e9 Carlos lembrou que na pr\u00f3xima segunda haver\u00e1 uma reuni\u00e3o com todos os 28 presidentes de C\u00e2maras Setoriais, para estabelecer um di\u00e1logo mais amplo com o setor produtivo. Na sequ\u00eancia, Jos\u00e9 Carlos fez um breve resumo das atividades das c\u00e2maras setoriais, enfatizando que a fun\u00e7\u00e3o b\u00e1sica destas \u00e9 a aproxima\u00e7\u00e3o e interlocu\u00e7\u00e3o com o setor produtivo. Como resultado, uma s\u00e9rie de atos normativos foram criados por demanda das a\u00e7\u00f5es dos diferentes setores. <\/span><\/p>\n<p><span style=\"font-size: large;\">Em seguida, foi dado andamento \u00e0 pauta, passando a palavra ao presidente da C\u00e2mara, com a verifica\u00e7\u00e3o do qu\u00f3rum para realiza\u00e7\u00e3o da elei\u00e7\u00e3o. Joel lembrou que Vanilda e Carlos se candidataram na \u00faltima reuni\u00e3o, sendo que este \u00faltimo ainda n\u00e3o se encontra na reuni\u00e3o. Rafaela lembrou que o Marcel tamb\u00e9m, e ainda est\u00e1 a caminho da reuni\u00e3o. <\/span><\/p>\n<p><span style=\"font-size: large;\">Jos\u00e9 Carlos sugeriu que se d\u00ea andamento \u00e0s pautas, enquanto os candidatos n\u00e3o chegam \u00e0 reuni\u00e3o. Foi lembrado que ainda \u00e9 necess\u00e1ria uma maior participa\u00e7\u00e3o e troca de informa\u00e7\u00f5es dentro das c\u00e2maras, e a divulga\u00e7\u00e3o das a\u00e7\u00f5es pode ser feita pelas publica\u00e7\u00f5es do setor. <\/span><\/p>\n<p><span style=\"font-size: large;\">O presidente Joel lembrou que faz muita falta a exist\u00eancia de um calend\u00e1rio oficial de eventos do setor ap\u00edcola no Estado de S\u00e3o Paulo, e que seria algo importante at\u00e9 mesmo para dar um par\u00e2metro pra realiza\u00e7\u00e3o das reuni\u00f5es, bem como um espa\u00e7o para facilitar a comercializa\u00e7\u00e3o dos produtos. Al\u00e9m disso, a Raquel prop\u00f4s a exist\u00eancia de um calend\u00e1rio oficial de eventos da Secretaria, aonde pode haver a integra\u00e7\u00e3o e interlocu\u00e7\u00e3o entre os eventos de diversas c\u00e2maras setoriais. Com isso pode haver a divulga\u00e7\u00e3o para e-mails e contatos pr\u00e9-cadastrados. Jos\u00e9 Carlos ressalta a import\u00e2ncia de utilizar espa\u00e7os j\u00e1 dispon\u00edveis, como o Instituto Biol\u00f3gico, em S\u00e3o Paulo, que tem alguns projetos como o Planeta Inseto e o Melipon\u00e1rio, e h\u00e1 uma grande possibilidade de divulga\u00e7\u00e3o. Raquel lembrou a possibilidade de publica\u00e7\u00e3o nos moldes do que j\u00e1 foi feito para a cadeia produtiva da cacha\u00e7a, de modo a divulgar os produtos da apicultura e meliponicultura do Estado de SP. <\/span><\/p>\n<p><span style=\"font-size: large;\">Joel sugeriu a cria\u00e7\u00e3o de uma comiss\u00e3o de promo\u00e7\u00e3o e eventos, para fomentar a participa\u00e7\u00e3o dos setoriais, com rela\u00e7\u00e3o a escolha de espa\u00e7o, log\u00edstica entre outros. Raquel lembra que \u00e9 importante que tudo esteja sendo feito em comum acordo, para evitar que haja competi\u00e7\u00e3o e n\u00e3o coopera\u00e7\u00e3o. Seria importante que os membros que tem interesse j\u00e1 se disponham a participar. Jos\u00e9 Carlos sugeriu que a Rafaela seja parte do grupo. Al\u00e9m disso, se candidataram os seguintes membros: Marco Reis, associa\u00e7\u00e3o de Botucatu\/APL; e El\u00f3i, da APACAME. <\/span><\/p>\n<p><span style=\"font-size: large;\">O representante da AMESAMPA, Ricardo, lembrou que a nomenclatura da c\u00e2mara \u2013 Produtos Ap\u00edcolas \u2013 est\u00e1 em certo modo obsoleta, e esse assunto j\u00e1 foi tratado nas \u00faltimas reuni\u00f5es, pois a denomina\u00e7\u00e3o est\u00e1 relacionada com a identidade e os setores envolvidos, e o mais adequado seria algo que contemplasse os setores de Apicultura e Meliponicultura, e indicou o nome \u201cProdutos das Abelhas\u201d. Ricardo disse que esta mudan\u00e7a j\u00e1 consta no \u00e2mbito federal. Jos\u00e9 Carlos lembrou que o nome deve ter uma avalia\u00e7\u00e3o t\u00e9cnica e jur\u00eddica, e embora estivesse colocado em ata, sugeriu que tal tema fosse objeto de vota\u00e7\u00e3o. <\/span><\/p>\n<p><span style=\"font-size: large;\">Em seguida, o coordenador das c\u00e2maras apresentou a minuta de resolu\u00e7\u00e3o, com a rela\u00e7\u00e3o dos membros aptos a votar e serem votados. <\/span><\/p>\n<p><span style=\"font-size: large;\">A representante da Defesa ressaltou a exist\u00eancia de um programa de sanidade das abelhas, que \u00e9 pioneiro no Brasil, e pode ser um exemplo. <\/span><\/p>\n<p><span style=\"font-size: large;\"><a href=\"https:\/\/apacame.org.br\/site\/wp-content\/uploads\/2023\/06\/Quadro-camara-setorial.jpg\"><img fetchpriority=\"high\" decoding=\"async\" class=\"alignright wp-image-5740 size-medium\" src=\"https:\/\/apacame.org.br\/site\/wp-content\/uploads\/2023\/06\/Quadro-camara-setorial-251x300.jpg\" alt=\"Quadro-camara-setorial\" width=\"251\" height=\"300\" srcset=\"https:\/\/apacame.org.br\/site\/wp-content\/uploads\/2023\/06\/Quadro-camara-setorial-251x300.jpg 251w, https:\/\/apacame.org.br\/site\/wp-content\/uploads\/2023\/06\/Quadro-camara-setorial-150x179.jpg 150w, https:\/\/apacame.org.br\/site\/wp-content\/uploads\/2023\/06\/Quadro-camara-setorial-418x500.jpg 418w, https:\/\/apacame.org.br\/site\/wp-content\/uploads\/2023\/06\/Quadro-camara-setorial.jpg 778w\" sizes=\"(max-width: 251px) 100vw, 251px\" \/><\/a>L\u00eddia Barreto lembrou que a associa\u00e7\u00e3o federal foi transformada em Confedera\u00e7\u00e3o Brasileira de Criadores de Abelhas. <\/span><\/p>\n<p><span style=\"font-size: large;\">Foi colocada em vota\u00e7\u00e3o a mudan\u00e7a para C\u00e2mara Setorial de Apicultura e Meliponicultura, por aclama\u00e7\u00e3o foi aprovada. <\/span><\/p>\n<p><span style=\"font-size: large;\">Em seguida foi feita uma apresenta\u00e7\u00e3o pelo Jo\u00e3o Garcia, da empresa SafeWeb, sobre a nota fiscal eletr\u00f4nica obrigat\u00f3ria do ICMS. No Estado de SP \u00e9 exigido do produtor rural o CNPJ, a despeito de apenas exigir-se o CPF nos outros estados. Ajuste CNF 1022 <\/span><\/p>\n<p><span style=\"font-size: large;\">Relatou que faz parte de uma empresa de tecnologia, em parceria com a federa\u00e7\u00e3o da agricultura (FAESP), e oferece a consultoria para emiss\u00e3o de certificado digital, a custo de 205 reais por um per\u00edodo de tr\u00eas anos. Outra quest\u00e3o atendida \u00e9 relacionada com o transporte das abelhas, possibilitando emitir a nota pelo celular. Assim, se colocam a disposi\u00e7\u00e3o para o atendimento das demandas do setor ap\u00edcola. Quando da emiss\u00e3o da nota \u00e9 feito um relat\u00f3rio por cliente, definindo quanto foi vendido, como, formando um banco de dados. <\/span><\/p>\n<p><span style=\"font-size: large;\">A representante da CDA, Maria Carolina Guido, ressalta que foram desfavor\u00e1veis a emiss\u00e3o de atestado, por n\u00e3o haver disponibilidade de veterin\u00e1rios suficientes na estrutura do Estado. <\/span><\/p>\n<p><span style=\"font-size: large;\">Jos\u00e9 Carlos reporta que recebeu uma liga\u00e7\u00e3o do Carlos, candidato \u00e0 presid\u00eancia, e o mesmo solicitou a participa\u00e7\u00e3o online, e colocou-se a possibilidade de abertura, havendo 15 votos contr\u00e1rios, portanto n\u00e3o foi dada autoriza\u00e7\u00e3o \u00e0 participa\u00e7\u00e3o de pessoas ausentes. Rafaela questionou quanto seria a propor\u00e7\u00e3o de membros presentes, e prop\u00f4s o adiamento da elei\u00e7\u00e3o, diante da aus\u00eancia de dois candidatos. Um dos presentes foi contra a sugest\u00e3o de Rafaela, por que houve a mobiliza\u00e7\u00e3o dos presentes e os demais. Outro representante lembra que a presen\u00e7a se d\u00e1 em dias de semana, e muitos n\u00e3o t\u00eam condi\u00e7\u00f5es de largar o trabalho para participar. <\/span><\/p>\n<p><span style=\"font-size: large;\">Ivanilda, candidata pela APL do Mel do Vale do Para\u00edba, \u00e9 vice-presidente da associa\u00e7\u00e3o paulista, se apresentou e colocou-se \u00e0 disposi\u00e7\u00e3o. <\/span><\/p>\n<p><span style=\"font-size: large;\">Raquel colocou que deve ser avaliada a perda de tempo com o adiamento da vota\u00e7\u00e3o. <\/span><\/p>\n<p><span style=\"font-size: large;\">Jos\u00e9 Carlos colocou em vota\u00e7\u00e3o quem quer adiar a elei\u00e7\u00e3o, e seis votos foram registrados pelo adiamento (minoria). Sugeriu ainda que o Joel permane\u00e7a como suplente da presid\u00eancia. <\/span><\/p>\n<p><span style=\"font-size: large;\">Joel lembrou que foi uma experi\u00eancia muito positiva, mas que pretende passar os trabalhos a algu\u00e9m que possa se dedicar mais. <\/span><\/p>\n<p><span style=\"font-size: large;\">Foi colocada em vota\u00e7\u00e3o a indica\u00e7\u00e3o de Vanilda, como titular, e Joel como suplente. A chapa foi aprovada. <\/span><\/p>\n<p><span style=\"font-size: large;\">Ricardo prop\u00f5e que, nas pr\u00f3ximas elei\u00e7\u00f5es, haja um maior tempo para amadurecer as candidaturas, bem como haja maior informa\u00e7\u00e3o sobre o processo. Lamentou que o processo tenha sido t\u00e3o truncado, e afirmou que n\u00e3o pode haver quest\u00f5es pessoais, mas a candidata eleita poderia ter se apresentado mais efetivamente, e afirmou que a federa\u00e7\u00e3o n\u00e3o faz um trabalho bom no Estado de S\u00e3o Paulo. <\/span><\/p>\n<p><span style=\"font-size: large;\">Joel agradeceu a oportunidade de trabalhar com a apicultura, sendo cumprimentado pelos demais membros da c\u00e2mara pela sua atua\u00e7\u00e3o. <\/span><\/p>\n<p><span style=\"font-size: large;\">Foi encerrada a reuni\u00e3o.<\/span><\/p>\n","protected":false},"excerpt":{"rendered":"<p>C\u00c2MARA SETORIAL DE PRODUTOS AP\u00cdCOLAS Mem\u00f3ria de Reuni\u00e3o Ordin\u00e1ria Audit\u00f3rio da CATI \u2013 Campinas &#8211; 20\/01\/2023 Redigida por Marco Ant\u00f4nio Gomes \u2013 Executivo P\u00fablico Presentes: William Alves Correia; Cristiane Menezes; [&hellip;]<\/p>\n","protected":false},"author":20,"featured_media":0,"parent":5694,"menu_order":0,"comment_status":"open","ping_status":"open","template":"","meta":{"pmpro_default_level":"","_price":"","_stock":"","_tribe_ticket_header":"","_tribe_default_ticket_provider":"","_tribe_ticket_capacity":"0","_ticket_start_date":"","_ticket_end_date":"","_tribe_ticket_show_description":"","_tribe_ticket_show_not_going":false,"_tribe_ticket_use_global_stock":"","_tribe_ticket_global_stock_level":"","_global_stock_mode":"","_global_stock_cap":"","_tribe_rsvp_for_event":"","_tribe_ticket_going_count":"","_tribe_ticket_not_going_count":"","_tribe_tickets_list":"[]","_tribe_ticket_has_attendee_info_fields":false,"cybocfi_hide_featured_image":"","footnotes":""},"class_list":["post-5739","page","type-page","status-publish","hentry","pmpro-has-access"],"_links":{"self":[{"href":"https:\/\/apacame.org.br\/site\/wp-json\/wp\/v2\/pages\/5739"}],"collection":[{"href":"https:\/\/apacame.org.br\/site\/wp-json\/wp\/v2\/pages"}],"about":[{"href":"https:\/\/apacame.org.br\/site\/wp-json\/wp\/v2\/types\/page"}],"author":[{"embeddable":true,"href":"https:\/\/apacame.org.br\/site\/wp-json\/wp\/v2\/users\/20"}],"replies":[{"embeddable":true,"href":"https:\/\/apacame.org.br\/site\/wp-json\/wp\/v2\/comments?post=5739"}],"version-history":[{"count":3,"href":"https:\/\/apacame.org.br\/site\/wp-json\/wp\/v2\/pages\/5739\/revisions"}],"predecessor-version":[{"id":5742,"href":"https:\/\/apacame.org.br\/site\/wp-json\/wp\/v2\/pages\/5739\/revisions\/5742"}],"up":[{"embeddable":true,"href":"https:\/\/apacame.org.br\/site\/wp-json\/wp\/v2\/pages\/5694"}],"wp:attachment":[{"href":"https:\/\/apacame.org.br\/site\/wp-json\/wp\/v2\/media?parent=5739"}],"curies":[{"name":"wp","href":"https:\/\/api.w.org\/{rel}","templated":true}]}}