{"id":5597,"date":"2023-04-06T16:49:25","date_gmt":"2023-04-06T16:49:25","guid":{"rendered":"https:\/\/apacame.org.br\/site\/?page_id=5597"},"modified":"2023-04-06T16:49:25","modified_gmt":"2023-04-06T16:49:25","slug":"medicina-natural","status":"publish","type":"page","link":"https:\/\/apacame.org.br\/site\/revista\/mensagem-doce-n-170-marco-de-2023\/medicina-natural\/","title":{"rendered":"Medicina Natural"},"content":{"rendered":"<h1 style=\"text-align: center;\">LENTILHA<br \/>\nLens culinaris<\/h1>\n<p><span style=\"font-size: large;\"><a href=\"https:\/\/apacame.org.br\/site\/wp-content\/uploads\/2023\/04\/MedicinaNaturafotoautor.jpg\"><img fetchpriority=\"high\" decoding=\"async\" class=\"alignright size-medium wp-image-5598\" src=\"https:\/\/apacame.org.br\/site\/wp-content\/uploads\/2023\/04\/MedicinaNaturafotoautor-219x300.jpg\" alt=\"MedicinaNaturafotoautor\" width=\"219\" height=\"300\" srcset=\"https:\/\/apacame.org.br\/site\/wp-content\/uploads\/2023\/04\/MedicinaNaturafotoautor-219x300.jpg 219w, https:\/\/apacame.org.br\/site\/wp-content\/uploads\/2023\/04\/MedicinaNaturafotoautor-150x206.jpg 150w, https:\/\/apacame.org.br\/site\/wp-content\/uploads\/2023\/04\/MedicinaNaturafotoautor-365x500.jpg 365w, https:\/\/apacame.org.br\/site\/wp-content\/uploads\/2023\/04\/MedicinaNaturafotoautor.jpg 488w\" sizes=\"(max-width: 219px) 100vw, 219px\" \/><\/a>Existem 5 tipos de lentilha: verde, amarela, vermelha, marrom e preta, e o seu cultivo data de 7.000 a.C. <\/span><\/p>\n<p><span style=\"font-size: large;\">Em sua composi\u00e7\u00e3o, ela tem 24% de prote\u00ednas, 57% de carboidratos, fibras e n\u00e3o possui nenhuma gordura, isto \u00e9, 0% de gordura.<\/span><\/p>\n<p><span style=\"font-size: large;\">Vitaminas existentes na lentilha: B1-tiamina, B2-riboflavina, B6-piridoxina, B9-\u00e1cido f\u00f3lico, C-\u00e1cido asc\u00f3rbico.<\/span><\/p>\n<p><span style=\"font-size: large;\">Sais minerais existentes na lentilha: ferro, l\u00edtio, c\u00e1lcio, magn\u00e9sio, mangan\u00eas, f\u00f3sforo, pot\u00e1ssio, zinco, cobre, enxofre, s\u00f3dio.<\/span><\/p>\n<p><span style=\"font-size: large;\">A lentilha \u00e9 um poderoso alimento, tem a capacidade de proporcionar benef\u00edcios inimagin\u00e1veis ao nosso organismo, exercendo fun\u00e7\u00f5es vitaminizante, mineralizante, anti-inflamat\u00f3ria, antidiarreica, antian\u00eamica, antioxidante, energ\u00e9tica e neurot\u00f4nica.<\/span><\/p>\n<p><span style=\"font-size: large;\">\u00c9 fortificante, combate a anemia, \u00e9 \u00f3tima na gesta\u00e7\u00e3o por ser rica em vitamina B9-\u00e1cido f\u00f3lico, e durante o per\u00edodo de amamenta\u00e7\u00e3o, pois aumenta e produ\u00e7\u00e3o do leite materno e melhora a sua respectiva qualidade. Ap\u00f3s o processo menstrual, comer de uma a duas por\u00e7\u00f5es durante um dia praticamente rep\u00f5e todo o mineral ferro perdido, al\u00e9m de exercer um forte controle e equil\u00edbrio hormonal, \u00e9 tamb\u00e9m indicada para portadores de \u00falcera p\u00e9ptica, <\/span><\/p>\n<p><span style=\"font-size: large;\">Por conta do mineral ferro, todo o sistema imunol\u00f3gico se fortalece, melhora e torna-se perfeita a a\u00e7\u00e3o do transporte de oxig\u00eanio dos pulm\u00f5es para os demais \u00f3rg\u00e3os, favorece tamb\u00e9m todo o sistema circulat\u00f3rio, e melhora consideravelmente a produ\u00e7\u00e3o de c\u00e9lulas vermelhas (hem\u00e1cias). <\/span><\/p>\n<p><span style=\"font-size: large;\">Todo o seu valor nutricional e propriedades medicinais s\u00e3o mais potencializados quando se ingerem seus brotos, da\u00ed o seu resultado terap\u00eautico ser mais eficaz e mais r\u00e1pido. Com os brotos germinados, o teor de vitamina C quase que triplica, assim como os sais minerais l\u00edtio, ferro e pot\u00e1ssio. Al\u00e9m disso, esse tipo de broto \u00e9 uma fonte extraordin\u00e1ria de \u00e1cido f\u00f3lico, o qual, no per\u00edodo de gesta\u00e7\u00e3o ajuda na forma\u00e7\u00e3o do sistema nervoso do beb\u00ea.<\/span><\/p>\n<p><span style=\"font-size: large;\"><b><a href=\"https:\/\/apacame.org.br\/site\/wp-content\/uploads\/2023\/04\/MedicinaNaturafotoilustrativa.jpg\"><img decoding=\"async\" class=\"alignleft size-medium wp-image-5599\" src=\"https:\/\/apacame.org.br\/site\/wp-content\/uploads\/2023\/04\/MedicinaNaturafotoilustrativa-300x191.jpg\" alt=\"MedicinaNaturafotoilustrativa\" width=\"300\" height=\"191\" srcset=\"https:\/\/apacame.org.br\/site\/wp-content\/uploads\/2023\/04\/MedicinaNaturafotoilustrativa-300x191.jpg 300w, https:\/\/apacame.org.br\/site\/wp-content\/uploads\/2023\/04\/MedicinaNaturafotoilustrativa-150x95.jpg 150w, https:\/\/apacame.org.br\/site\/wp-content\/uploads\/2023\/04\/MedicinaNaturafotoilustrativa-500x318.jpg 500w, https:\/\/apacame.org.br\/site\/wp-content\/uploads\/2023\/04\/MedicinaNaturafotoilustrativa.jpg 974w\" sizes=\"(max-width: 300px) 100vw, 300px\" \/><\/a>Cinco considera\u00e7\u00f5es sobre a lentilha:<\/b><\/span><\/p>\n<p><span style=\"font-size: large;\"><b>Primeira:<\/b><\/span><\/p>\n<p><span style=\"font-size: large;\">Se fazer uso da lentilha com carnes embutidas, como lingui\u00e7a, salame, salsicha, entre outros, eleva-se o teor de gordura e sal existentes nesses alimentos, o que n\u00e3o \u00e9 bom para a sa\u00fade.<\/span><\/p>\n<p><span style=\"font-size: large;\"><b>Segunda:<\/b> <\/span><\/p>\n<p><span style=\"font-size: large;\">Para eliminar o seu teor de enxofre, basta deix\u00e1-la antes de cozinhar, de molho por duas horas com \u00e1gua quente ou por 12 horas na \u00e1gua em temperatura ambiente.<\/span><\/p>\n<p><span style=\"font-size: large;\"><b>Terceira:<\/b><\/span><\/p>\n<p><span style=\"font-size: large;\">O consumo excessivo de lentilha pode provocar gases e incha\u00e7o abdominal, uma quantidade bem aceit\u00e1vel \u00e9 comer tr\u00eas colheres (sopa) por dia. <\/span><\/p>\n<p><span style=\"font-size: large;\"><b>Quarta:<\/b><\/span><\/p>\n<p><span style=\"font-size: large;\">Por ser rica em purinas (uma prote\u00edna), os portadores de enfermidades como excesso de \u00e1cido \u00farico, gota e de s\u00edndrome do intestino irrit\u00e1vel, devem evit\u00e1-la.<\/span><\/p>\n<p><span style=\"font-size: large;\"><b>Quinta:<\/b><\/span><\/p>\n<p><span style=\"font-size: large;\">As leguminosas, assim como a lentilha, possuem um antinutriente chamado \u00e1cido f\u00edtico, que dificulta a absor\u00e7\u00e3o de sais minerais como magn\u00e9sio, ferro e c\u00e1lcio. Portanto, antes de cozinh\u00e1-la, deixe-a de molho por 6 a 8 horas, per\u00edodo em que se deve trocar a \u00e1gua por uma a duas vezes<br \/>\n.<br \/>\n<span style=\"font-size: large;\"><b>Indica\u00e7\u00f5es terap\u00eauticas:<\/b> <\/span><\/span><\/p>\n<p><span style=\"font-size: large;\"><b>Anemia:<\/b><\/span><\/p>\n<p><span style=\"font-size: large;\">Possui grande quantidade de mineral ferro, al\u00e9m do mineral cobre e vitamina B9-\u00e1cido f\u00f3lico, que aumenta a produ\u00e7\u00e3o de hem\u00e1cias no sangue.<\/span><\/p>\n<p><span style=\"font-size: large;\"><b>Colesterol:<\/b><\/span><\/p>\n<p><span style=\"font-size: large;\">Suas fibras juntam-se ao colesterol de outros alimentos e elimina-os atrav\u00e9s das fezes, levando junto \u00e1cidos biliares que iriam ser a mat\u00e9ria prima para o organismo produzir colesterol.<\/span><\/p>\n<p><span style=\"font-size: large;\"><b>Diabetes:<\/b><\/span><\/p>\n<p><span style=\"font-size: large;\">Mesmo possuindo alto \u00edndice de carboidratos, perceba que eles liberam lentamente as mol\u00e9culas de glicose no intestino, dessa forma acaba por n\u00e3o causar subida exagerada do n\u00edvel de a\u00e7\u00facar no sangue.<\/span><\/p>\n<p><span style=\"font-size: large;\"><b>Pris\u00e3o de ventre, intestino preso:<\/b> <\/span><\/p>\n<p><span style=\"font-size: large;\">Devido um bom aporte de fibras presentes em sua composi\u00e7\u00e3o, elas contribuem eficazmente estimulando os movimentos perist\u00e1lticos no intestino.<\/span><\/p>\n<p><span style=\"font-size: large;\"><b>Gravidez:<\/b><\/span><\/p>\n<p><span style=\"font-size: large;\">A forte presen\u00e7a do mineral ferro e de vitamina B9-\u00e1cido f\u00f3lico na lentilha, \u00e9 fundamental para as mulheres gr\u00e1vidas, pois, fornece o mineral ferro necess\u00e1rio para o feto evitando a sua car\u00eancia e poss\u00edvel anemia na mulher, al\u00e9m de contribuir para evitar deforma\u00e7\u00f5es no sistema nervoso do feto.<\/span><\/p>\n","protected":false},"excerpt":{"rendered":"<p>LENTILHA Lens culinaris Existem 5 tipos de lentilha: verde, amarela, vermelha, marrom e preta, e o seu cultivo data de 7.000 a.C. Em sua composi\u00e7\u00e3o, ela tem 24% de prote\u00ednas, [&hellip;]<\/p>\n","protected":false},"author":20,"featured_media":0,"parent":5471,"menu_order":0,"comment_status":"open","ping_status":"open","template":"","meta":{"pmpro_default_level":"","_price":"","_stock":"","_tribe_ticket_header":"","_tribe_default_ticket_provider":"","_tribe_ticket_capacity":"0","_ticket_start_date":"","_ticket_end_date":"","_tribe_ticket_show_description":"","_tribe_ticket_show_not_going":false,"_tribe_ticket_use_global_stock":"","_tribe_ticket_global_stock_level":"","_global_stock_mode":"","_global_stock_cap":"","_tribe_rsvp_for_event":"","_tribe_ticket_going_count":"","_tribe_ticket_not_going_count":"","_tribe_tickets_list":"[]","_tribe_ticket_has_attendee_info_fields":false,"cybocfi_hide_featured_image":"","footnotes":""},"class_list":["post-5597","page","type-page","status-publish","hentry","pmpro-has-access"],"_links":{"self":[{"href":"https:\/\/apacame.org.br\/site\/wp-json\/wp\/v2\/pages\/5597"}],"collection":[{"href":"https:\/\/apacame.org.br\/site\/wp-json\/wp\/v2\/pages"}],"about":[{"href":"https:\/\/apacame.org.br\/site\/wp-json\/wp\/v2\/types\/page"}],"author":[{"embeddable":true,"href":"https:\/\/apacame.org.br\/site\/wp-json\/wp\/v2\/users\/20"}],"replies":[{"embeddable":true,"href":"https:\/\/apacame.org.br\/site\/wp-json\/wp\/v2\/comments?post=5597"}],"version-history":[{"count":2,"href":"https:\/\/apacame.org.br\/site\/wp-json\/wp\/v2\/pages\/5597\/revisions"}],"predecessor-version":[{"id":5601,"href":"https:\/\/apacame.org.br\/site\/wp-json\/wp\/v2\/pages\/5597\/revisions\/5601"}],"up":[{"embeddable":true,"href":"https:\/\/apacame.org.br\/site\/wp-json\/wp\/v2\/pages\/5471"}],"wp:attachment":[{"href":"https:\/\/apacame.org.br\/site\/wp-json\/wp\/v2\/media?parent=5597"}],"curies":[{"name":"wp","href":"https:\/\/api.w.org\/{rel}","templated":true}]}}