{"id":5591,"date":"2023-04-06T16:36:15","date_gmt":"2023-04-06T16:36:15","guid":{"rendered":"https:\/\/apacame.org.br\/site\/?page_id=5591"},"modified":"2023-04-06T16:36:15","modified_gmt":"2023-04-06T16:36:15","slug":"artigo-8","status":"publish","type":"page","link":"https:\/\/apacame.org.br\/site\/revista\/mensagem-doce-n-170-marco-de-2023\/artigo-8\/","title":{"rendered":"Artigo"},"content":{"rendered":"<h1 style=\"text-align: center;\">Uso da Pr\u00f3polis para o tratamento da COVID<br \/>\nO que sabemos at\u00e9 agora?<\/h1>\n<p><span style=\"font-size: large;\"><a href=\"https:\/\/apacame.org.br\/site\/wp-content\/uploads\/2023\/04\/FotoautorMateriausodapropolis.jpg\"><img fetchpriority=\"high\" decoding=\"async\" class=\"alignright wp-image-5592 size-large\" src=\"https:\/\/apacame.org.br\/site\/wp-content\/uploads\/2023\/04\/FotoautorMateriausodapropolis-397x1024.jpg\" alt=\"FotoautorMateriausodapropolis\" width=\"397\" height=\"1024\" srcset=\"https:\/\/apacame.org.br\/site\/wp-content\/uploads\/2023\/04\/FotoautorMateriausodapropolis-397x1024.jpg 397w, https:\/\/apacame.org.br\/site\/wp-content\/uploads\/2023\/04\/FotoautorMateriausodapropolis-116x300.jpg 116w, https:\/\/apacame.org.br\/site\/wp-content\/uploads\/2023\/04\/FotoautorMateriausodapropolis-150x387.jpg 150w, https:\/\/apacame.org.br\/site\/wp-content\/uploads\/2023\/04\/FotoautorMateriausodapropolis-194x500.jpg 194w, https:\/\/apacame.org.br\/site\/wp-content\/uploads\/2023\/04\/FotoautorMateriausodapropolis.jpg 488w\" sizes=\"(max-width: 397px) 100vw, 397px\" \/><\/a>A pandemia da COVID-19 trouxe impactos humanos, sociais, psicol\u00f3gicos e econ\u00f4micos, devastadores. E embora, ao longo dos \u00faltimos tr\u00eas anos, avan\u00e7os significativos tenham sido feitos, at\u00e9 o momento, um n\u00famero limitado de medicamentos tiveram a comprova\u00e7\u00e3o de seguran\u00e7a e efic\u00e1cia, para o uso no tratamento da COVID-19. <\/span><\/p>\n<p><span style=\"font-size: large;\">Nesse cen\u00e1rio, h\u00e1 uma demanda por estudo de compostos naturais, que j\u00e1 tiveram a sua a\u00e7\u00e3o antiviral e imunol\u00f3gica, previamente descritas. Dentre esses compostos, a pr\u00f3polis (mistura resinosa complexa composta por diferentes partes das plantas e compostos secretados pelas abelhas) vem ganhando destaque. Especificamente, a comprovada \u200b\u200batividade antiviral, anti-inflamat\u00f3ria e ativadora do sistema imunol\u00f3gico da pr\u00f3polis tem despertando a aten\u00e7\u00e3o de pesquisadores, em rela\u00e7\u00e3o \u00e0 preven\u00e7\u00e3o e tratamento dos sintomas leves ou severos da COVID-19. De fato, a pr\u00f3polis tem sido amplamente utilizada desde os tempos antigos para diferentes doen\u00e7as, na medicina tradicional. In\u00fameros compostos bioativos, principalmente polifen\u00f3is, foram identificados como constituintes de variedades de pr\u00f3polis. Com base no conhecimento existente,\u00a0sobre a composi\u00e7\u00e3o qu\u00edmica e a atividade biol\u00f3gica da pr\u00f3polis, os estudos sobre o potencial desse composto para o tratamento da COVID-19 foram e est\u00e3o sendo realizados.<\/span><\/p>\n<p><span style=\"font-size: large;\">Estudos usando a pr\u00f3polis na COVID-19, ainda s\u00e3o iniciais (apenas 2 estudos foram realizados em humanos, at\u00e9 o momento) no entanto os resultados obtidos s\u00e3o promissores. Dentre esses estudos, um dos mais relevantes foi realizado por pesquisadores brasileiros, em Salvador (BA), onde 142 pacientes adultos (com 50 anos aproximadamente e com comorbidades) hospitalizados com COVID-19 foram tratados com extrato de pr\u00f3polis verde padronizado (EPP-AF\u00ae) como terapia complementar ao tratamento convencional, por sete dias. Os resultados revelaram que os pacientes que consumiram oralmente os extratos de pr\u00f3polis nas concentra\u00e7\u00f5es de 400 mg e 800 mg por dia, em conjunto ao tratamento convencional, se recuperaram mais r\u00e1pido em todos os aspectos, apresentando redu\u00e7\u00e3o do per\u00edodo de interna\u00e7\u00e3o de at\u00e9 50% em compara\u00e7\u00e3o aqueles submetidos apenas ao tratamento convencional. Al\u00e9m disso, pacientes submetidos \u00e0 alta dose de pr\u00f3polis (800mg\/dia) apresentaram uma menor taxa de les\u00e3o renal aguda, quando comparados ao grupo controle, que n\u00e3o recebeu a pr\u00f3polis. Vale destacar tamb\u00e9m que n\u00e3o foram observados eventos adversos decorrentes do uso da pr\u00f3polis.<\/span><\/p>\n<p><span style=\"font-size: large;\">Um outro estudo, realizada no Ir\u00e3 avaliou o efeito do extrato de pr\u00f3polis em conjunto com a planta medicinal Hyoscyamus niger L. em pacientes com suspeita de COVID-19 (com idade entre 18 e 75 anos) tr\u00eas vezes ao dia, durante 6 dias. Ao final do estudo, foi observado que os sintomas cl\u00ednicos da COVID-19, como: tosse seca, falta de ar, dor de garganta,\u00a0dor tor\u00e1cica, febre, tontura, dor de cabe\u00e7a, dor abdominal e diarreia foram reduzidos em indiv\u00edduos que utilizaram o extrato de pr\u00f3polis e Hyoscyamus niger L. em compara\u00e7\u00e3o ao grupo placebo que n\u00e3o utilizou esse extrato. Diante desses estudos e do conhecimento milenar da pr\u00f3polis e da sua seguran\u00e7a, (at\u00f3xica em uma grande faixa de concentra\u00e7\u00e3o e praticamente sem efeitos colaterais), al\u00e9m do fato da pr\u00f3polis ser um produto de baixo custo e de f\u00e1cil acesso e uso pela popula\u00e7\u00e3o, podemos levantar que a pr\u00f3polis pode ser usada, no fortalecimento do organismo, na preven\u00e7\u00e3o da COVID-19, em grupos de alto risco, como indiv\u00edduos que est\u00e3o em contato pr\u00f3ximo com pacientes infectados. E que em pacientes com COVID-19 a poss\u00edvel inclus\u00e3o da pr\u00f3polis como tratamento complementar, juntamente com o tratamento convencional, deve ser avaliado pelo profissional m\u00e9dico, dentro da an\u00e1lise do quadro de sa\u00fade do indiv\u00edduo. <\/span><\/p>\n<p><span style=\"font-size: large;\"><b>Refer\u00eancias<\/b><\/span><\/p>\n<p><span style=\"font-size: large;\">ALI, A. M.; KUNUGI, H. Propolis, Bee Honey, and Their Components Protect against Coronavirus Disease 2019 (COVID-19): A Review of In Silico, In Vitro, and Clinical Studies. Molecules, v. 26, n. 5, p. 1232, 25 fev. 2021. <\/span><\/p>\n<p><span style=\"font-size: large;\">CASSIMIRO, M. A.; CAMPELO, L. M. N.; SILVA, I. J. G. DA. A contribui\u00e7\u00e3o da pr\u00f3polis no tratamento da COVID-19 (SARS-COV-2): revis\u00e3o integrativa. Research, Society and Development, v. 11, n. 7, p. e57111730360\u2013e57111730360, 4 jun. 2022. <\/span><\/p>\n<p><span style=\"font-size: large;\">KOSARI, M. et al. The effect of propolis plus Hyoscyamus niger L. methanolic extract on clinical symptoms in patients with acute respiratory syndrome suspected to COVID-19: A clinical trial. Phytotherapy research: PTR, v. 35, n. 7, p. 4000\u20134006, jul. 2021. <\/span><\/p>\n<p><span style=\"font-size: large;\">Medicamentos aprovados para tratamento da Covid-19- ANVISA. Dispon\u00edvel em: &lt;https:\/\/www.gov.br\/anvisa\/pt-br\/assuntos\/paf\/coronavirus\/medicamentos&gt;. Acesso em: 9 fev. 2023. <\/span><\/p>\n<p><span style=\"font-size: large;\">RIPARI, N. et al. Propolis antiviral and immunomodulatory activity: a review and perspectives for COVID-19 treatment. The Journal of Pharmacy and Pharmacology, p. rgaa067, 8 fev. 2021. <\/span><\/p>\n<p><span style=\"font-size: large;\">SCORZA, C. A. et al. Propolis and coronavirus disease 2019 (COVID-19): Lessons from nature. Complementary Therapies in Clinical Practice, v. 41, p. 101227, nov. 2020. <\/span><\/p>\n<p><span style=\"font-size: large;\">SILVEIRA, M. A. D. et al. Efficacy of Brazilian green propolis (EPP-AF\u00ae) as an adjunct treatment for hospitalized COVID-19 patients: <\/span><\/p>\n<p><span style=\"font-size: large;\">A randomized, controlled clinical trial. Biomedicine &amp; Pharmacotherapy,<br \/>\nv. 138, p. 111526, jun. 2021.<\/span><\/p>\n","protected":false},"excerpt":{"rendered":"<p>Uso da Pr\u00f3polis para o tratamento da COVID O que sabemos at\u00e9 agora? A pandemia da COVID-19 trouxe impactos humanos, sociais, psicol\u00f3gicos e econ\u00f4micos, devastadores. E embora, ao longo dos [&hellip;]<\/p>\n","protected":false},"author":20,"featured_media":0,"parent":5471,"menu_order":0,"comment_status":"open","ping_status":"open","template":"","meta":{"pmpro_default_level":"","_price":"","_stock":"","_tribe_ticket_header":"","_tribe_default_ticket_provider":"","_tribe_ticket_capacity":"0","_ticket_start_date":"","_ticket_end_date":"","_tribe_ticket_show_description":"","_tribe_ticket_show_not_going":false,"_tribe_ticket_use_global_stock":"","_tribe_ticket_global_stock_level":"","_global_stock_mode":"","_global_stock_cap":"","_tribe_rsvp_for_event":"","_tribe_ticket_going_count":"","_tribe_ticket_not_going_count":"","_tribe_tickets_list":"[]","_tribe_ticket_has_attendee_info_fields":false,"cybocfi_hide_featured_image":"","footnotes":""},"class_list":["post-5591","page","type-page","status-publish","hentry","pmpro-has-access"],"_links":{"self":[{"href":"https:\/\/apacame.org.br\/site\/wp-json\/wp\/v2\/pages\/5591"}],"collection":[{"href":"https:\/\/apacame.org.br\/site\/wp-json\/wp\/v2\/pages"}],"about":[{"href":"https:\/\/apacame.org.br\/site\/wp-json\/wp\/v2\/types\/page"}],"author":[{"embeddable":true,"href":"https:\/\/apacame.org.br\/site\/wp-json\/wp\/v2\/users\/20"}],"replies":[{"embeddable":true,"href":"https:\/\/apacame.org.br\/site\/wp-json\/wp\/v2\/comments?post=5591"}],"version-history":[{"count":2,"href":"https:\/\/apacame.org.br\/site\/wp-json\/wp\/v2\/pages\/5591\/revisions"}],"predecessor-version":[{"id":5594,"href":"https:\/\/apacame.org.br\/site\/wp-json\/wp\/v2\/pages\/5591\/revisions\/5594"}],"up":[{"embeddable":true,"href":"https:\/\/apacame.org.br\/site\/wp-json\/wp\/v2\/pages\/5471"}],"wp:attachment":[{"href":"https:\/\/apacame.org.br\/site\/wp-json\/wp\/v2\/media?parent=5591"}],"curies":[{"name":"wp","href":"https:\/\/api.w.org\/{rel}","templated":true}]}}