{"id":5573,"date":"2023-04-05T21:57:24","date_gmt":"2023-04-05T21:57:24","guid":{"rendered":"https:\/\/apacame.org.br\/site\/?page_id=5573"},"modified":"2023-04-05T21:57:24","modified_gmt":"2023-04-05T21:57:24","slug":"artigo-5","status":"publish","type":"page","link":"https:\/\/apacame.org.br\/site\/revista\/mensagem-doce-n-170-marco-de-2023\/artigo-5\/","title":{"rendered":"Artigo"},"content":{"rendered":"<h1 style=\"text-align: center;\">VALORIZA\u00c7\u00c3O DAS ABELHAS NA LAVOURA DE CAF\u00c9<\/h1>\n<blockquote><p>Por Judit Ahely &#8211; Idealizadora e Palestrante no Projeto Valorize. &#8211; <a href=\"mailto:juditmarci@hotmail.com\" target=\"_blank\">juditmarci@hotmail.com<\/a><\/p><\/blockquote>\n<p><span style=\"font-size: large;\"><b>Uma estrat\u00e9gia que pode ser valorada!<\/b><\/span><\/p>\n<p><span style=\"font-size: large;\"><a href=\"https:\/\/apacame.org.br\/site\/wp-content\/uploads\/2023\/04\/Figuravalorizacaodasabelhas.jpg\"><img decoding=\"async\" class=\"alignright size-medium wp-image-5574\" src=\"https:\/\/apacame.org.br\/site\/wp-content\/uploads\/2023\/04\/Figuravalorizacaodasabelhas-300x132.jpg\" alt=\"Figuravalorizacaodasabelhas\" width=\"300\" height=\"132\" srcset=\"https:\/\/apacame.org.br\/site\/wp-content\/uploads\/2023\/04\/Figuravalorizacaodasabelhas-300x132.jpg 300w, https:\/\/apacame.org.br\/site\/wp-content\/uploads\/2023\/04\/Figuravalorizacaodasabelhas-150x66.jpg 150w, https:\/\/apacame.org.br\/site\/wp-content\/uploads\/2023\/04\/Figuravalorizacaodasabelhas-500x220.jpg 500w, https:\/\/apacame.org.br\/site\/wp-content\/uploads\/2023\/04\/Figuravalorizacaodasabelhas.jpg 933w\" sizes=\"(max-width: 300px) 100vw, 300px\" \/><\/a>Uma associa\u00e7\u00e3o que proporciona muita produtividade na lavoura, podendo proporcionar muitos resultados e agilizar o processo de poliniza\u00e7\u00e3o do caf\u00e9.<\/span><\/p>\n<p><span style=\"font-size: large;\"> As abelhas fazem a poliniza\u00e7\u00e3o ao visitar as flores, ajudando que mais flores vivam e os resultados finais desse processo s\u00e3o muito evolutivos ao cultivo do caf\u00e9. O processo feito pelas abelhas, de in\u00edcio \u00e9 a transfer\u00eancia dos gr\u00e3os de p\u00f3len entre diferentes estruturas das flores, gerando sementes e frutos. Assim sendo, n\u00e3o somente as abelhas geram poliniza\u00e7\u00e3o, mas abrem caminhos para que outros polinizadores visitem, mas flores como fonte de alimento: borboletas, aves, vespas, etc.! Tudo iniciado por abelhas! Sendo elas as mais eficientes, consideradas as mais importantes nesse processo. O caf\u00e9 consegue produzir sementes e frutos sem esse processo iniciado pelas abelhas e sem a abertura do caminho para os outros polinizadores. Por\u00e9m o in\u00edcio do processo pelas abelhas contribui como resultado em um maior aumento de produtividade para a lavoura de caf\u00e9.<\/span><\/p>\n<p><span style=\"font-size: large;\">Para iniciar essa associa\u00e7\u00e3o entre as abelhas e o caf\u00e9 \u00e9 necess\u00e1ria algumas instru\u00e7\u00f5es primordiais, como primeiramente buscar um apicultor que realize o trabalho de manuseio com as abelhas. Para por consequ\u00eancia, o apicultor saber o local adequado para soltar as abelhas, assim sendo n\u00e3o trar\u00e1 riscos aos trabalhadores da lavoura e nem atrapalhar\u00e1 os cuidados di\u00e1rios da terra da lavoura. Ou se instalar\u00e1 uma colmeia em um local adequado. Alertando que a compra de abelhas sem contratar o servi\u00e7o para cuidados \u00e9 totalmente desnecess\u00e1rio.<\/span><\/p>\n<p><span style=\"font-size: large;\">O apicultor trazendo as abelhas para se alimentarem, a lavoura fornecer\u00e1 o p\u00f3len e o n\u00e9ctar e a poliniza\u00e7\u00e3o cruzada do caf\u00e9 (a qual gera uma interdepend\u00eancia da abelha) gera maior agilidade no processo e por consequ\u00eancias maiores resultados para no desempenho da lavoura, aumentando em torno de 20% o rendimento da florada e evoluindo a produ\u00e7\u00e3o do caf\u00e9.<\/span><\/p>\n<p><span style=\"font-size: large;\">O meio ambiente e o agroneg\u00f3cio ter\u00e3o benef\u00edcios diretos e indiretos, como por exemplo: a redu\u00e7\u00e3o da morte das abelhas por uso indevido de defensivos agr\u00edcolas e a produ\u00e7\u00e3o ecologicamente sustent\u00e1vel.<\/span><\/p>\n<p><span style=\"font-size: large;\">Muitos ainda pesquisam muito com o interesse de verificar se existe ou n\u00e3o existe acr\u00e9scimo de produtividade com abelhas distribu\u00eddas nos ambientes de planta\u00e7\u00e3o de caf\u00e9, al\u00e9m das que j\u00e1 est\u00e3o naturalmente visitando o ambiente.<\/span><\/p>\n<p><span style=\"font-size: large;\">Ser\u00e1 uma experi\u00eancia a qual cada cafeicultor precisa estar fazendo em sua propriedade para saber, de acordo com o pr\u00f3prio interesse qual resultado consegue alcan\u00e7ar.<\/span><\/p>\n<p><span style=\"font-size: large;\"> Outro fator a ser valorizado \u00e9 o relacionamento interpessoal entre o cafeicultor e o apicultor, como de in\u00edcio o di\u00e1logo, onde ser\u00e1 planejado a\u00e7\u00f5es como a aplica\u00e7\u00e3o das boas pr\u00e1ticas para o uso de defensivos agr\u00edcolas e assim sendo avaliem os resultados, fazendo ajustes para planejar a pr\u00f3xima safra. A continuidade de um relacionamento interpessoal saud\u00e1vel \u00e9 primordial para evoluir o que se iniciou e perseverou para construir.<\/span><\/p>\n<p><span style=\"font-size: large;\"> A valoriza\u00e7\u00e3o interior que o profissional almeja para si e para o outro profissional \u00e9 diretamente colocado no trabalho. A import\u00e2ncia de gerar com as virtudes nas palavras, nas coloca\u00e7\u00f5es de id\u00e9ias perante o outro profissional, atitudes para um ambiente gerar di\u00e1logo evolutivo para a t\u00e9cnica de associa\u00e7\u00e3o, respeito na vis\u00e3o de neg\u00f3cio do outro profissional e fazendo sugest\u00f5es com uso de percep\u00e7\u00e3o para o limite de vis\u00e3o que o outro tem para o seu pr\u00f3prio neg\u00f3cio, j\u00e1 que cada profissional sabe suas metas e vis\u00e3o de futuro para seu trabalho. Sendo harm\u00f4nico e as ideias organizadas, o ambiente para a reuni\u00e3o dos profissionais, ser\u00e1 valorizado e haver\u00e1 maior evolu\u00e7\u00e3o do neg\u00f3cio.<\/span><\/p>\n<p><span style=\"font-size: large;\">At\u00e9 a pr\u00f3xima edi\u00e7\u00e3o!<\/span><\/p>\n","protected":false},"excerpt":{"rendered":"<p>VALORIZA\u00c7\u00c3O DAS ABELHAS NA LAVOURA DE CAF\u00c9 Por Judit Ahely &#8211; Idealizadora e Palestrante no Projeto Valorize. &#8211; juditmarci@hotmail.com Uma estrat\u00e9gia que pode ser valorada! Uma associa\u00e7\u00e3o que proporciona muita [&hellip;]<\/p>\n","protected":false},"author":20,"featured_media":0,"parent":5471,"menu_order":0,"comment_status":"open","ping_status":"open","template":"","meta":{"pmpro_default_level":"","_price":"","_stock":"","_tribe_ticket_header":"","_tribe_default_ticket_provider":"","_tribe_ticket_capacity":"0","_ticket_start_date":"","_ticket_end_date":"","_tribe_ticket_show_description":"","_tribe_ticket_show_not_going":false,"_tribe_ticket_use_global_stock":"","_tribe_ticket_global_stock_level":"","_global_stock_mode":"","_global_stock_cap":"","_tribe_rsvp_for_event":"","_tribe_ticket_going_count":"","_tribe_ticket_not_going_count":"","_tribe_tickets_list":"[]","_tribe_ticket_has_attendee_info_fields":false,"cybocfi_hide_featured_image":"","footnotes":""},"class_list":["post-5573","page","type-page","status-publish","hentry","pmpro-has-access"],"_links":{"self":[{"href":"https:\/\/apacame.org.br\/site\/wp-json\/wp\/v2\/pages\/5573"}],"collection":[{"href":"https:\/\/apacame.org.br\/site\/wp-json\/wp\/v2\/pages"}],"about":[{"href":"https:\/\/apacame.org.br\/site\/wp-json\/wp\/v2\/types\/page"}],"author":[{"embeddable":true,"href":"https:\/\/apacame.org.br\/site\/wp-json\/wp\/v2\/users\/20"}],"replies":[{"embeddable":true,"href":"https:\/\/apacame.org.br\/site\/wp-json\/wp\/v2\/comments?post=5573"}],"version-history":[{"count":2,"href":"https:\/\/apacame.org.br\/site\/wp-json\/wp\/v2\/pages\/5573\/revisions"}],"predecessor-version":[{"id":5576,"href":"https:\/\/apacame.org.br\/site\/wp-json\/wp\/v2\/pages\/5573\/revisions\/5576"}],"up":[{"embeddable":true,"href":"https:\/\/apacame.org.br\/site\/wp-json\/wp\/v2\/pages\/5471"}],"wp:attachment":[{"href":"https:\/\/apacame.org.br\/site\/wp-json\/wp\/v2\/media?parent=5573"}],"curies":[{"name":"wp","href":"https:\/\/api.w.org\/{rel}","templated":true}]}}