{"id":5558,"date":"2023-04-05T21:22:36","date_gmt":"2023-04-05T21:22:36","guid":{"rendered":"https:\/\/apacame.org.br\/site\/?page_id=5558"},"modified":"2023-04-05T21:23:07","modified_gmt":"2023-04-05T21:23:07","slug":"artigo-4","status":"publish","type":"page","link":"https:\/\/apacame.org.br\/site\/revista\/mensagem-doce-n-170-marco-de-2023\/artigo-4\/","title":{"rendered":"Artigo"},"content":{"rendered":"<h1 style=\"text-align: center;\">\u00c9 hora de vacinar as abelhas.<\/h1>\n<blockquote><p>Fonte: Revista Isto \u00c8 n\u00famero 2764 de 25\/01\/2023 por Carlos Eduardo Fraga \u2013 Estagi\u00e1rio sob supervis\u00e3o de Thales de Menezes &#8211; foto Adobe Stock<\/p><\/blockquote>\n<p><span style=\"font-size: large;\"><b><i>EUA usam o primeiro imunizante para insetos. Injetada na colmeia, a vacina passa da rainha aos ovos e ajuda a evitar doen\u00e7a bacteriana que pode colaborar na extin\u00e7\u00e3o da esp\u00e9cie.<\/i><\/b><\/span><\/p>\n<p><span style=\"font-size: large;\"><a href=\"https:\/\/apacame.org.br\/site\/wp-content\/uploads\/2023\/04\/FotoaberturaEhoradevacinar.jpg\"><img fetchpriority=\"high\" decoding=\"async\" class=\"aligncenter size-large wp-image-5560\" src=\"https:\/\/apacame.org.br\/site\/wp-content\/uploads\/2023\/04\/FotoaberturaEhoradevacinar-1024x411.jpg\" alt=\"FotoaberturaEhoradevacinar\" width=\"1024\" height=\"411\" srcset=\"https:\/\/apacame.org.br\/site\/wp-content\/uploads\/2023\/04\/FotoaberturaEhoradevacinar-1024x411.jpg 1024w, https:\/\/apacame.org.br\/site\/wp-content\/uploads\/2023\/04\/FotoaberturaEhoradevacinar-300x120.jpg 300w, https:\/\/apacame.org.br\/site\/wp-content\/uploads\/2023\/04\/FotoaberturaEhoradevacinar-150x60.jpg 150w, https:\/\/apacame.org.br\/site\/wp-content\/uploads\/2023\/04\/FotoaberturaEhoradevacinar-500x201.jpg 500w, https:\/\/apacame.org.br\/site\/wp-content\/uploads\/2023\/04\/FotoaberturaEhoradevacinar.jpg 1921w\" sizes=\"(max-width: 1024px) 100vw, 1024px\" \/><\/a>J\u00e1 consagrada h\u00e1 tempos para vacinar animais criados em fazendas, como cavalos, bois e porcos, e pets caseiros como c\u00e3es e gatos, a imuniza\u00e7\u00e3o veterin\u00e1ria d\u00e1 agora um passo revolucion\u00e1rio. A empresa americana de biotecnologia Dalan Animal Health, do Centro de Inova\u00e7\u00e3o da Universidade da Ge\u00f3rgia, obteve aprova\u00e7\u00e3o experimental do Departamento de Agricultura dos Estados Unidos para a primeira vacina para abelhas e qualquer esp\u00e9cie de inseto no pa\u00eds.<\/span><\/p>\n<p><span style=\"font-size: large;\">A vacina foi desenvolvida para combater a bact\u00e9ria Paenibacillus Larvae, conhecida como Loque Americana ou, no Brasil, Cria P\u00fatrida Americana. Ela infecta as abelhas ainda em sua fase larval, causando o decl\u00ednio da colmeia.<\/span><\/p>\n<p><span style=\"font-size: large;\">Na impossibilidade de vacina\u00e7\u00e3o individual, praticada nos rebanhos nas fazendas, o tratamento \u00e9 feito atrav\u00e9s da tecnologia de biogen\u00e9tica de prepara\u00e7\u00e3o imunol\u00f3gica transgeracional, que espalha a imuniza\u00e7\u00e3o pela reprodu\u00e7\u00e3o da rainha, em esp\u00e9cies como abelhas e formigas.<\/span><\/p>\n<p><span style=\"font-size: large;\">A vacina cont\u00e9m uma vers\u00e3o morta da bact\u00e9ria e \u00e9 injetada na colmeia. Trata-se de um \u201cdocinho\u201d, que ser\u00e1 ingerido pelas abelhas oper\u00e1rias. O imunizante \u00e9 secretado pelas oper\u00e1rias na fabrica\u00e7\u00e3o da geleia real, n\u00e9ctar que ir\u00e1 alimentar a rainha da colmeia e as larvas. A vacina se deposita nos ov\u00e1rios da rainha e \u00e9 transferida para os ovos em desenvolvimento, e as larvas eclodem vacinadas e imunes \u00e0 infec\u00e7\u00e3o.<\/span><\/p>\n<p><span style=\"font-size: large;\"><a href=\"https:\/\/apacame.org.br\/site\/wp-content\/uploads\/2023\/04\/chamadamateriaehoradevacinar.jpg\"><img decoding=\"async\" class=\"alignright size-medium wp-image-5559\" src=\"https:\/\/apacame.org.br\/site\/wp-content\/uploads\/2023\/04\/chamadamateriaehoradevacinar-300x163.jpg\" alt=\"chamadamateriaehoradevacinar\" width=\"300\" height=\"163\" srcset=\"https:\/\/apacame.org.br\/site\/wp-content\/uploads\/2023\/04\/chamadamateriaehoradevacinar-300x163.jpg 300w, https:\/\/apacame.org.br\/site\/wp-content\/uploads\/2023\/04\/chamadamateriaehoradevacinar-150x81.jpg 150w, https:\/\/apacame.org.br\/site\/wp-content\/uploads\/2023\/04\/chamadamateriaehoradevacinar.jpg 477w\" sizes=\"(max-width: 300px) 100vw, 300px\" \/><\/a>A empresa planeja usar essa tecnologia para desenvolver vacinas para mais invertebrados, como camar\u00e3o, larvas-da-farinha e outros insetos usados na agricultura. Segundo o presidente-executivo da APACAME (Associa\u00e7\u00e3o Paulista de Apicultores Criadores de Abelhas Mel\u00edficas Europeias), Eloi Silva, a cria\u00e7\u00e3o desta vacina representa uma revolu\u00e7\u00e3o para a ci\u00eancia e \u00e9 poss\u00edvel que seja aplicada em outros insetos no futuro. Para o apicultor, \u201ca vacina \u00e9 importante para a preserva\u00e7\u00e3o das abelhas, que s\u00e3o respons\u00e1veis por cerca de 76% da alimenta\u00e7\u00e3o humana, devido ao trabalho de poliniza\u00e7\u00e3o\u201d.<\/span><\/p>\n<p><span style=\"font-size: large;\">As abelhas est\u00e3o sob amea\u00e7a de extin\u00e7\u00e3o. A destrui\u00e7\u00e3o de habitats naturais, como florestas e pradarias, e os pesticidas podem afetar a esp\u00e9cie. Al\u00e9m disso, tamb\u00e9m est\u00e3o sendo atacadas por doen\u00e7as e parasitas, como varroose e o v\u00edrus de dequeenamento. E as mudan\u00e7as clim\u00e1ticas est\u00e3o alterando padr\u00f5es de flora\u00e7\u00e3o, mudando as condi\u00e7\u00f5es clim\u00e1ticas ideais para a poliniza\u00e7\u00e3o feita pelas abelhas.<\/span><\/p>\n","protected":false},"excerpt":{"rendered":"<p>\u00c9 hora de vacinar as abelhas. Fonte: Revista Isto \u00c8 n\u00famero 2764 de 25\/01\/2023 por Carlos Eduardo Fraga \u2013 Estagi\u00e1rio sob supervis\u00e3o de Thales de Menezes &#8211; foto Adobe Stock [&hellip;]<\/p>\n","protected":false},"author":20,"featured_media":0,"parent":5471,"menu_order":0,"comment_status":"open","ping_status":"open","template":"","meta":{"pmpro_default_level":"","_price":"","_stock":"","_tribe_ticket_header":"","_tribe_default_ticket_provider":"","_tribe_ticket_capacity":"0","_ticket_start_date":"","_ticket_end_date":"","_tribe_ticket_show_description":"","_tribe_ticket_show_not_going":false,"_tribe_ticket_use_global_stock":"","_tribe_ticket_global_stock_level":"","_global_stock_mode":"","_global_stock_cap":"","_tribe_rsvp_for_event":"","_tribe_ticket_going_count":"","_tribe_ticket_not_going_count":"","_tribe_tickets_list":"[]","_tribe_ticket_has_attendee_info_fields":false,"cybocfi_hide_featured_image":"","footnotes":""},"class_list":["post-5558","page","type-page","status-publish","hentry","pmpro-has-access"],"_links":{"self":[{"href":"https:\/\/apacame.org.br\/site\/wp-json\/wp\/v2\/pages\/5558"}],"collection":[{"href":"https:\/\/apacame.org.br\/site\/wp-json\/wp\/v2\/pages"}],"about":[{"href":"https:\/\/apacame.org.br\/site\/wp-json\/wp\/v2\/types\/page"}],"author":[{"embeddable":true,"href":"https:\/\/apacame.org.br\/site\/wp-json\/wp\/v2\/users\/20"}],"replies":[{"embeddable":true,"href":"https:\/\/apacame.org.br\/site\/wp-json\/wp\/v2\/comments?post=5558"}],"version-history":[{"count":3,"href":"https:\/\/apacame.org.br\/site\/wp-json\/wp\/v2\/pages\/5558\/revisions"}],"predecessor-version":[{"id":5563,"href":"https:\/\/apacame.org.br\/site\/wp-json\/wp\/v2\/pages\/5558\/revisions\/5563"}],"up":[{"embeddable":true,"href":"https:\/\/apacame.org.br\/site\/wp-json\/wp\/v2\/pages\/5471"}],"wp:attachment":[{"href":"https:\/\/apacame.org.br\/site\/wp-json\/wp\/v2\/media?parent=5558"}],"curies":[{"name":"wp","href":"https:\/\/api.w.org\/{rel}","templated":true}]}}