{"id":5495,"date":"2023-04-04T19:51:30","date_gmt":"2023-04-04T19:51:30","guid":{"rendered":"https:\/\/apacame.org.br\/site\/?page_id=5495"},"modified":"2023-04-04T19:53:17","modified_gmt":"2023-04-04T19:53:17","slug":"artigo-2","status":"publish","type":"page","link":"https:\/\/apacame.org.br\/site\/revista\/mensagem-doce-n-170-marco-de-2023\/artigo-2\/","title":{"rendered":"Artigo"},"content":{"rendered":"<h1 style=\"text-align: center;\">Experimento comprova que manejo adequado reduz significativamente a exposicao de abelhas a inseticida.<\/h1>\n<blockquote><p>Fonte: <a href=\"https:\/\/agencia.fapesp.br\/experimento-comprova-que-manejo-adequado-reduz-significativamente-a-exposicao-de-abelhas-a-inseticida\/39896\/#.Y1sooYhRDOM.whatsapp\" target=\"_blank\" rel=\"noopener\">https:\/\/agencia.fapesp.br\/experimento-comprova-que-manejo-adequado-reduz-significativamente-a-exposicao-de-abelhas-a-inseticida\/39896\/#.Y1sooYhRDOM.whatsapp<\/a> &#8211; Andr\u00e9 Juli\u00e3o | Ag\u00eancia FAPESP \u2013<\/p><\/blockquote>\n<figure id=\"attachment_5497\" aria-describedby=\"caption-attachment-5497\" style=\"width: 300px\" class=\"wp-caption alignright\"><a href=\"https:\/\/apacame.org.br\/site\/wp-content\/uploads\/2023\/04\/Foto1_Experimento.jpg\"><img fetchpriority=\"high\" decoding=\"async\" class=\"size-medium wp-image-5497\" src=\"https:\/\/apacame.org.br\/site\/wp-content\/uploads\/2023\/04\/Foto1_Experimento-300x172.jpg\" alt=\"Todas as colmeias, tanto da \u00e1rea que recebeu o inseticida quanto da \u00e1rea-controle, possu\u00edam uma rainha com a mesma idade. Na foto, os pesquisadores verificam a presen\u00e7a da rainha acervo dos pesquisadores\" width=\"300\" height=\"172\" srcset=\"https:\/\/apacame.org.br\/site\/wp-content\/uploads\/2023\/04\/Foto1_Experimento-300x172.jpg 300w, https:\/\/apacame.org.br\/site\/wp-content\/uploads\/2023\/04\/Foto1_Experimento-150x86.jpg 150w, https:\/\/apacame.org.br\/site\/wp-content\/uploads\/2023\/04\/Foto1_Experimento-500x286.jpg 500w, https:\/\/apacame.org.br\/site\/wp-content\/uploads\/2023\/04\/Foto1_Experimento.jpg 935w\" sizes=\"(max-width: 300px) 100vw, 300px\" \/><\/a><figcaption id=\"caption-attachment-5497\" class=\"wp-caption-text\">Todas as colmeias, tanto da \u00e1rea que recebeu o inseticida quanto da \u00e1rea-controle,<br \/>possu\u00edam uma rainha com a mesma idade. Na foto, os pesquisadores verificam a<br \/>presen\u00e7a da rainha acervo dos pesquisadores<\/figcaption><\/figure>\n<p><span style=\"font-size: large;\">Desenvolvidos para matar insetos que prejudicam planta\u00e7\u00f5es, os inseticidas naturalmente afetam as abelhas, animais invertebrados extremamente importantes para a poliniza\u00e7\u00e3o de culturas agr\u00edcolas e esp\u00e9cies silvestres de plantas. O uso de mol\u00e9culas menos t\u00f3xicas e que se degradam rapidamente, aliado a um gerenciamento da aplica\u00e7\u00e3o dos produtos, por\u00e9m, podem minimizar os danos \u00e0s col\u00f4nias de abelhas e, consequentemente, \u00e0s planta\u00e7\u00f5es e \u00e0 biodiversidade.<\/span><\/p>\n<p><span style=\"font-size: large;\">\u00c9 o que mostra um estudo publicado na revista Science of the Total Environment por pesquisadores de Portugal e do Brasil, estes \u00faltimos apoiados pela FAPESP.<\/span><\/p>\n<p><span style=\"font-size: large;\">\u201cOs efeitos adversos dos inseticidas s\u00e3o bastante conhecidos nas abelhas e h\u00e1 v\u00e1rios estudos laboratoriais evidenciando isso. Quer\u00edamos entender como essa a\u00e7\u00e3o se dava em condi\u00e7\u00f5es de campo, mais realistas, e conseguimos fazer um gerenciamento utilizando diferentes t\u00e9cnicas, de maneira que a aplica\u00e7\u00e3o do inseticida afetasse minimamente esses polinizadores\u201d, conta Caio Domingues, que realizou o trabalho como parte do doutorado no Centro de Estudos de Insetos Sociais da Universidade Estadual Paulista (CEIS-Unesp), em Rio Claro, com bolsa da FAPESP.<\/span><\/p>\n<p><span style=\"font-size: large;\">Segundo Osmar Malaspina, professor do CEIS-Unesp que participou do estudo, as abelhas t\u00eam um papel essencial na poliniza\u00e7\u00e3o, inclusive de culturas agr\u00edcolas importantes no Brasil, como soja, laranja e caf\u00e9.<\/span><\/p>\n<p><span style=\"font-size: large;\">\u201cAs pesquisas do nosso grupo nos \u00faltimos 20 anos mostram como os inseticidas podem ser prejudiciais \u00e0s abelhas, o que contribuiu para que os pr\u00f3prios fabricantes, junto com os produtores, passassem a buscar formas de reduzir esse impacto\u201d, explica o pesquisador, que coordena o projeto \u201cIntera\u00e7\u00f5es abelha-agricultura: perspectivas para a utiliza\u00e7\u00e3o sustent\u00e1vel\u201d, apoiado no \u00e2mbito do Programa BIOTA-FAPESP.<\/span><\/p>\n<p><span style=\"font-size: large;\">O experimento descrito no estudo foi realizado no distrito de Castelo Branco, em Portugal, durante est\u00e1gio realizado por Domingues na Universidade de Coimbra. O grupo analisou colmeias da esp\u00e9cie Apis mellifera iberiensis.<\/span><\/p>\n<p><span style=\"font-size: large;\">Foram selecionadas duas \u00e1reas similares, de 25 quil\u00f4metros quadrados, com alta densidade de planta\u00e7\u00f5es de eucalipto (Eucalyptus globulus) e separadas 15 quil\u00f4metros uma da outra. No centro de cada uma foi instalado um api\u00e1rio com cinco col\u00f4nias cada e, adicionalmente, uma col\u00f4nia de observa\u00e7\u00e3o, ou \u201csentinela\u201d.<\/span><\/p>\n<p><span style=\"font-size: large;\"><b>Experimento<\/b><\/span><\/p>\n<p><span style=\"font-size: large;\">A aplica\u00e7\u00e3o de inseticida foi realizada no final de maio, com alta infesta\u00e7\u00e3o da principal praga da cultura, o gorgulho-do-eucalipto (Gonipterus platensis). Os pesquisadores verificaram ainda que no per\u00edodo n\u00e3o havia uma grande disponibilidade de recursos, como p\u00f3len e n\u00e9ctar, em toda a paisagem e principalmente no local da pulveriza\u00e7\u00e3o do inseticida. Por isso, sabe-se que as abelhas n\u00e3o estavam saindo muito das colmeias para coletar.<\/span><\/p>\n<p><span style=\"font-size: large;\">\u201cAl\u00e9m disso, as recomenda\u00e7\u00f5es para uso do produto e as condi\u00e7\u00f5es ambientais ideais foram seguidas, como temperatura e velocidade do vento adequadas, al\u00e9m de aus\u00eancia de chuvas at\u00e9 24 horas depois da aplica\u00e7\u00e3o\u201d, diz Domingues, que atualmente \u00e9 pesquisador na Universidade de Maribor, na Eslov\u00eania.<\/span><\/p>\n<p><span style=\"font-size: large;\">As an\u00e1lises em busca de res\u00edduos foram realizadas no primeiro dia ap\u00f3s a aplica\u00e7\u00e3o do agrot\u00f3xico e novamente 16 dias depois. Foram analisadas as pr\u00f3prias abelhas, o mel e o p\u00e3o de abelha, produto proveniente do processamento do p\u00f3len com mel e secre\u00e7\u00f5es glandulares produzidas pelos insetos.<\/span><\/p>\n<p><span style=\"font-size: large;\">Na \u00e1rea que n\u00e3o recebeu inseticida, n\u00e3o foram detectados res\u00edduos de acetamiprida nas col\u00f4nias. <\/span><\/p>\n<p><span style=\"font-size: large;\">E na outra, onde foi aplicado o produto, a maioria das amostras n\u00e3o tinha quantidades detect\u00e1veis. As concentra\u00e7\u00f5es detectadas, por sua vez, estavam 52 vezes abaixo dos chamados n\u00edveis subletais, aqueles que n\u00e3o causam mortalidade imediata.<\/span><\/p>\n<p><span style=\"font-size: large;\">Al\u00e9m dessas medi\u00e7\u00f5es, os pesquisadores pesavam todos os quadros das col\u00f4nias para monitorar o desenvolvimento de adultos e crias ao longo do per\u00edodo de estudo. Analisando fotos dos quadros de crias e recursos das col\u00f4nias com uso de intelig\u00eancia artificial, um software identificava e classificava o conte\u00fado das c\u00e9lulas nos favos, como larvas, ovos, p\u00f3len, n\u00e9ctar, mel e outros.<\/span><\/p>\n<p><span style=\"font-size: large;\">Bandejas instaladas na frente de cada col\u00f4nia eram utilizadas para calcular a mortalidade durante o monitoramento, bem como para observar poss\u00edveis eventos incomuns de mortalidade.<\/span><\/p>\n<p><span style=\"font-size: large;\">\u201cN\u00e3o houve diferen\u00e7as significativas entre as col\u00f4nias nas duas \u00e1reas. Isso n\u00e3o quer dizer que os res\u00edduos de acetamiprida n\u00e3o chegaram at\u00e9 as abelhas, contudo, as concentra\u00e7\u00f5es foram baixas e o risco foi considerado irris\u00f3rio, baseado em estudos j\u00e1 publicados. Com outros inseticidas, j\u00e1 foi registrada\u00a0no Estado de S\u00e3o Paulo a morte de col\u00f4nias inteiras\u201d, afirma Domingues.<\/span><\/p>\n<p><span style=\"font-size: large;\">Os pesquisadores calcularam, ainda, o deslocamento das abelhas, por meio de uma metodologia que indica a dist\u00e2ncia que percorreram analisando a dan\u00e7a que realizam no interior da colmeia. Por esses c\u00e1lculos, apenas uma pequena porcentagem (4%) das dan\u00e7as decodificadas indicou\u00a0que os insetos permaneceram forrageando num raio de at\u00e9 500 metros da col\u00f4nia, onde o inseticida foi aplicado. A maioria (42,57%) chegou a dist\u00e2ncias de 1.500 at\u00e9 2.000 metros, fora do raio de a\u00e7\u00e3o do produto.<\/span><\/p>\n<p><span style=\"font-size: large;\">Como ressalva, os pesquisadores explicam que esse \u00e9 um caso espec\u00edfico e que para cada cultura \u00e9 preciso conhecer o ciclo de vida da praga para poder fazer o gerenciamento da aplica\u00e7\u00e3o, assim como entender a distribui\u00e7\u00e3o espacial e temporal dos recursos utilizados na paisagem. Dessa forma \u00e9 poss\u00edvel reduzir o risco de exposi\u00e7\u00e3o das abelhas.<\/span><\/p>\n<p><span style=\"font-size: large;\">\u201cNo Brasil, isso pode ser adaptado para as culturas mais importantes a um custo mais acess\u00edvel, usando \u2018colmeias sentinelas\u2019 equipadas com balan\u00e7as autom\u00e1ticas, por exemplo, e determinando as esp\u00e9cies vegetais mais relevantes usadas pelas abelhas por meio de an\u00e1lises do p\u00f3len e do mel\u201d, exemplifica Domingues.<\/span><\/p>\n<p><span style=\"font-size: large;\">\u201cO uso desses m\u00e9todos poderia ser potencializado com uma regula\u00e7\u00e3o mais forte dos agrot\u00f3xicos usados no Brasil. Infelizmente, no ano passado houve a libera\u00e7\u00e3o de uma enorme quantidade de produtos que podem ser prejudiciais \u00e0s abelhas, quando j\u00e1 existem outros menos t\u00f3xicos e de absor\u00e7\u00e3o mais r\u00e1pida e mesmo produtos biol\u00f3gicos\u201d, lamenta o pesquisador.<\/span><\/p>\n<p><span style=\"font-size: large;\">O artigo Monitoring the effects of field exposure of acetamiprid to honey bee colonies in Eucalyptus monoculture plantations pode ser lido em: <a href=\"http:\/\/www.sciencedirect.com\/science\/article\/abs\/pii\/S0048969722041274\" target=\"_blank\" rel=\"noopener\">www.sciencedirect.com\/science\/article\/abs\/pii\/S0048969722041274<\/a>.<\/span><\/p>\n","protected":false},"excerpt":{"rendered":"<p>Experimento comprova que manejo adequado reduz significativamente a exposicao de abelhas a inseticida. Fonte: https:\/\/agencia.fapesp.br\/experimento-comprova-que-manejo-adequado-reduz-significativamente-a-exposicao-de-abelhas-a-inseticida\/39896\/#.Y1sooYhRDOM.whatsapp &#8211; Andr\u00e9 Juli\u00e3o | Ag\u00eancia FAPESP \u2013 Desenvolvidos para matar insetos que prejudicam planta\u00e7\u00f5es, os [&hellip;]<\/p>\n","protected":false},"author":20,"featured_media":0,"parent":5471,"menu_order":0,"comment_status":"open","ping_status":"open","template":"","meta":{"pmpro_default_level":"","_price":"","_stock":"","_tribe_ticket_header":"","_tribe_default_ticket_provider":"","_tribe_ticket_capacity":"0","_ticket_start_date":"","_ticket_end_date":"","_tribe_ticket_show_description":"","_tribe_ticket_show_not_going":false,"_tribe_ticket_use_global_stock":"","_tribe_ticket_global_stock_level":"","_global_stock_mode":"","_global_stock_cap":"","_tribe_rsvp_for_event":"","_tribe_ticket_going_count":"","_tribe_ticket_not_going_count":"","_tribe_tickets_list":"[]","_tribe_ticket_has_attendee_info_fields":false,"cybocfi_hide_featured_image":"","footnotes":""},"class_list":["post-5495","page","type-page","status-publish","hentry","pmpro-has-access"],"_links":{"self":[{"href":"https:\/\/apacame.org.br\/site\/wp-json\/wp\/v2\/pages\/5495"}],"collection":[{"href":"https:\/\/apacame.org.br\/site\/wp-json\/wp\/v2\/pages"}],"about":[{"href":"https:\/\/apacame.org.br\/site\/wp-json\/wp\/v2\/types\/page"}],"author":[{"embeddable":true,"href":"https:\/\/apacame.org.br\/site\/wp-json\/wp\/v2\/users\/20"}],"replies":[{"embeddable":true,"href":"https:\/\/apacame.org.br\/site\/wp-json\/wp\/v2\/comments?post=5495"}],"version-history":[{"count":3,"href":"https:\/\/apacame.org.br\/site\/wp-json\/wp\/v2\/pages\/5495\/revisions"}],"predecessor-version":[{"id":5498,"href":"https:\/\/apacame.org.br\/site\/wp-json\/wp\/v2\/pages\/5495\/revisions\/5498"}],"up":[{"embeddable":true,"href":"https:\/\/apacame.org.br\/site\/wp-json\/wp\/v2\/pages\/5471"}],"wp:attachment":[{"href":"https:\/\/apacame.org.br\/site\/wp-json\/wp\/v2\/media?parent=5495"}],"curies":[{"name":"wp","href":"https:\/\/api.w.org\/{rel}","templated":true}]}}