{"id":5483,"date":"2023-04-04T19:13:55","date_gmt":"2023-04-04T19:13:55","guid":{"rendered":"https:\/\/apacame.org.br\/site\/?page_id=5483"},"modified":"2023-04-04T19:22:18","modified_gmt":"2023-04-04T19:22:18","slug":"artigo","status":"publish","type":"page","link":"https:\/\/apacame.org.br\/site\/revista\/mensagem-doce-n-170-marco-de-2023\/artigo\/","title":{"rendered":"Artigo"},"content":{"rendered":"<h1 style=\"text-align: center;\">Eslov\u00eania, um pa\u00eds apaixonado pela abelha-carnica<\/h1>\n<blockquote><p>Caio Domingues<sup>1<\/sup>, Ale\u0161 Gregorc<sup>1<\/sup> e Osmar Malaspina<sup>2<\/sup><br \/>\n<sup>1<\/sup>Faculty of Agriculture and Life Sciences, University of Maribor, Pivola 10, 2311 Ho\u010de, Slovenia<br \/>\n<sup>2<\/sup>Departamento de Biologia Geral e Aplicada, Instituto de Bioci\u00eancias (IB), Universidade Estadual Paulista (UNESP) \u2013\u201cJ\u00falio de Mesquita Filho\u201d, Rio Claro 13506-900, SP, Brasil.<\/p><\/blockquote>\n<figure id=\"attachment_5485\" aria-describedby=\"caption-attachment-5485\" style=\"width: 300px\" class=\"wp-caption alignleft\"><a href=\"https:\/\/apacame.org.br\/site\/wp-content\/uploads\/2023\/04\/Foto1_Eslovenia.jpg\"><img fetchpriority=\"high\" decoding=\"async\" class=\"wp-image-5485 size-medium\" src=\"https:\/\/apacame.org.br\/site\/wp-content\/uploads\/2023\/04\/Foto1_Eslovenia-300x201.jpg\" alt=\"Foto1_Eslovenia\" width=\"300\" height=\"201\" srcset=\"https:\/\/apacame.org.br\/site\/wp-content\/uploads\/2023\/04\/Foto1_Eslovenia-300x201.jpg 300w, https:\/\/apacame.org.br\/site\/wp-content\/uploads\/2023\/04\/Foto1_Eslovenia-150x101.jpg 150w, https:\/\/apacame.org.br\/site\/wp-content\/uploads\/2023\/04\/Foto1_Eslovenia-500x335.jpg 500w, https:\/\/apacame.org.br\/site\/wp-content\/uploads\/2023\/04\/Foto1_Eslovenia.jpg 935w\" sizes=\"(max-width: 300px) 100vw, 300px\" \/><\/a><figcaption id=\"caption-attachment-5485\" class=\"wp-caption-text\">Figura 1 &#8211; Localiza\u00e7\u00e3o geogr\u00e1fica e dist\u00e2ncia em quil\u00f4metros entre Brasil (Am\u00e9rica do Sul) e Eslov\u00eania (Europa). Fonte da imagem: \u201cDesigned by macrovector \/ Freepik\u201d e modificada pelos autores.<\/figcaption><\/figure>\n<p><span style=\"font-size: large;\">Localizada na Europa Central, a Eslov\u00eania \u00e9 um lindo, encantador e pequeno pa\u00eds com uma vasta diversidade de paisagens naturais (praias, cavernas, montanhas, desfiladeiros e lagos) e pouco mais de dois milh\u00f5es de habitantes [1]. \u00c9 um pa\u00eds que pertencia a ex-Iugosl\u00e1via (1918-1992) e conquistou sua independ\u00eancia em 25 de junho de 1991. Atualmente, faz fronteira com a It\u00e1lia (oeste), \u00c1ustria (norte), Hungria (nordeste) e Cro\u00e1cia (sudeste) e est\u00e1 a uma dist\u00e2ncia de mais de nove mil quil\u00f4metros do Brasil (Figura 1). <\/span><\/p>\n<p><span style=\"font-size: large;\">A Eslov\u00eania tem uma excelente tradi\u00e7\u00e3o ap\u00edcola por ser a \u201ccasa\u201d da abelha-carnica (Apis mellifera carnica, Pollman 1879), que \u00e9 nativa desta regi\u00e3o e \u00e9 conhecida por seu comportamento menos defensivo e pela alta produtividade em rela\u00e7\u00e3o ao mel [2] (Figura 2). Devido \u00e0s suas caracter\u00edsticas biol\u00f3gicas, \u00e9 a segunda subesp\u00e9cie mais difundida no mundo, atr\u00e1s apenas da A. mellifera ligustica (It\u00e1lia) [3]. Ser apicultor na Eslov\u00eania \u00e9 uma heran\u00e7a passada de gera\u00e7\u00e3o em gera\u00e7\u00e3o e, atualmente, existem mais de 12 mil apicultores e 210 mil col\u00f4nias de abelhas no pa\u00eds [4]. O setor da apicultura desempenha um papel importante na atividade agr\u00edcola tradicional da Eslov\u00eania e na economia, bem como faz parte do patrim\u00f4nio cultural do pa\u00eds.<\/span><\/p>\n<figure id=\"attachment_5486\" aria-describedby=\"caption-attachment-5486\" style=\"width: 300px\" class=\"wp-caption alignright\"><a href=\"https:\/\/apacame.org.br\/site\/wp-content\/uploads\/2023\/04\/Foto2_Eslovenia.jpg\"><img decoding=\"async\" class=\"size-medium wp-image-5486\" src=\"https:\/\/apacame.org.br\/site\/wp-content\/uploads\/2023\/04\/Foto2_Eslovenia-300x225.jpg\" alt=\"Figura 2 - Rainha de A. mellifera carnica com oper\u00e1rias ao seu redor. Fonte da imagem: Ale\u0161 Gregorc\" width=\"300\" height=\"225\" srcset=\"https:\/\/apacame.org.br\/site\/wp-content\/uploads\/2023\/04\/Foto2_Eslovenia-300x225.jpg 300w, https:\/\/apacame.org.br\/site\/wp-content\/uploads\/2023\/04\/Foto2_Eslovenia-150x112.jpg 150w, https:\/\/apacame.org.br\/site\/wp-content\/uploads\/2023\/04\/Foto2_Eslovenia-500x375.jpg 500w, https:\/\/apacame.org.br\/site\/wp-content\/uploads\/2023\/04\/Foto2_Eslovenia.jpg 935w\" sizes=\"(max-width: 300px) 100vw, 300px\" \/><\/a><figcaption id=\"caption-attachment-5486\" class=\"wp-caption-text\">Figura 2 &#8211; Rainha de A. mellifera carnica com oper\u00e1rias ao seu redor. Fonte da imagem: Ale\u0161 Gregorc<\/figcaption><\/figure>\n<p><span style=\"font-size: large;\">Entretanto, de onde vem a fama e a tradi\u00e7\u00e3o da Eslov\u00eania com as abelhas? Para responder a essa pergunta, primeiramente, precisamos voltar ao s\u00e9culo XVIII em uma pequena aldeia chamada Breznica, no munic\u00edpio de \u017dirovnica, onde nasceu Anton Jan\u0161a (1734-1773). Mas, quem \u00e9 este homem? \u00c9 uma personalidade muito relevante na hist\u00f3ria da apicultura por ser considerado o pioneiro da apicultura moderna. Devido \u00e0s suas habilidades e conhecimentos sobre as abelhas, tornou-se o primeiro professor de apicultura em Viena (\u00c1ustria) e conquistou grande reconhecimento na \u00e1rea. Como parte de seu legado, escreveu dois livros (\u201cDiscuss\u00e3o sobre apicultura\u201d e \u201cUm guia completo para apicultura\u201d), e os apicultores continuam utilizando suas t\u00e9cnicas at\u00e9 os dias atuais. Por meio de uma iniciativa da Eslov\u00eania, ficou definido que no dia 20 de maio seria comemorado o \u201cDia Mundial das Abelhas\u201d. A data escolhida \u00e9 tamb\u00e9m o anivers\u00e1rio de Anton Jan\u0161a, uma forma de homenagear este grande apicultor esloveno (Figura 3).<\/span><\/p>\n<figure id=\"attachment_5487\" aria-describedby=\"caption-attachment-5487\" style=\"width: 300px\" class=\"wp-caption alignleft\"><a href=\"https:\/\/apacame.org.br\/site\/wp-content\/uploads\/2023\/04\/Foto3_Eslovenia.jpg\"><img decoding=\"async\" class=\"size-medium wp-image-5487\" src=\"https:\/\/apacame.org.br\/site\/wp-content\/uploads\/2023\/04\/Foto3_Eslovenia-300x224.jpg\" alt=\"Figura 3 - Moeda comemorativa (2\u20ac) dedicada ao \u201cDia Mundial das Abelhas\u201d elaborada pelo Banco da Eslov\u00eania. Fonte da imagem: Caio Eduardo da Costa Domingues.\" width=\"300\" height=\"224\" srcset=\"https:\/\/apacame.org.br\/site\/wp-content\/uploads\/2023\/04\/Foto3_Eslovenia-300x224.jpg 300w, https:\/\/apacame.org.br\/site\/wp-content\/uploads\/2023\/04\/Foto3_Eslovenia-150x112.jpg 150w, https:\/\/apacame.org.br\/site\/wp-content\/uploads\/2023\/04\/Foto3_Eslovenia-500x373.jpg 500w, https:\/\/apacame.org.br\/site\/wp-content\/uploads\/2023\/04\/Foto3_Eslovenia.jpg 934w\" sizes=\"(max-width: 300px) 100vw, 300px\" \/><\/a><figcaption id=\"caption-attachment-5487\" class=\"wp-caption-text\">Figura 3 &#8211; Moeda comemorativa (2\u20ac) dedicada ao \u201cDia Mundial das Abelhas\u201d elaborada pelo Banco da Eslov\u00eania. Fonte da imagem: Caio Eduardo da Costa Domingues.<\/figcaption><\/figure>\n<p><span style=\"font-size: large;\">A apicultura no pa\u00eds possui algumas particularidades que as diferenciam de outros pa\u00edses, como o Brasil. As abelhas s\u00e3o mantidas em colmeias de padr\u00e3o nacional (Alberti-\u017dnider\u0161i\u010d, abreviado para A\u017d) com pinturas e desenhos coloridos decorando os seus pain\u00e9is frontais, um estilo encantador e \u00fanico (Figura 4). Estas pinturas, produzidas nos s\u00e9culos passados (XVIII e XIX), retratam passagens b\u00edblicas ou personagens famosos de contos populares do pa\u00eds (Figura 5). Al\u00e9m de deixar as colmeias mais graciosas, tamb\u00e9m podem facilitar a geolocaliza\u00e7\u00e3o das abelhas no retorno de suas atividades.<\/span><\/p>\n<p><span style=\"font-size: large;\">Outro fato interessante, o manejo \u00e9 realizado pela parte posterior da colmeia e n\u00e3o pela parte superior, como nas colmeias Langstroth, e devido \u00e0s caracter\u00edsticas comportamentais da A. mellifera carnica, os apicultores eslovenos geralmente trabalham com menos equipamentos de prote\u00e7\u00e3o em compara\u00e7\u00e3o com os apicultores brasileiros. No entanto, esta subesp\u00e9cie \u00e9 menos produtiva e mais suscet\u00edvel a pragas e doen\u00e7as quando comparada com as abelhas Africanizadas [5]. A produ\u00e7\u00e3o de mel na Eslov\u00eania \u00e9 de cerca de 1.300 toneladas, embora esse valor possa variar ao longo dos anos [6]. O pa\u00eds \u00e9 quase autossuficiente na produ\u00e7\u00e3o de mel segundo os dados da \u201cRep\u00fablica da Eslov\u00eania &#8211; Departamento de Estat\u00edsticas\u201d (Figura 6). A Eslov\u00eania exporta mel para o Jap\u00e3o, Canad\u00e1, Gr\u00e9cia, It\u00e1lia, Kosovo e outros [6]. Por outro lado, o pa\u00eds importa mel da B\u00e9lgica, Hungria, Gr\u00e9cia, Cro\u00e1cia, Alemanha e outros [6].<\/span><\/p>\n<div id='gallery-1' class='gallery galleryid-5483 gallery-columns-2 gallery-size-medium'><figure class='gallery-item'>\n\t\t\t<div class='gallery-icon portrait'>\n\t\t\t\t<a href='https:\/\/apacame.org.br\/site\/wp-content\/uploads\/2023\/04\/Foto4_Eslovenia.jpg'><img loading=\"lazy\" decoding=\"async\" width=\"237\" height=\"300\" src=\"https:\/\/apacame.org.br\/site\/wp-content\/uploads\/2023\/04\/Foto4_Eslovenia-237x300.jpg\" class=\"attachment-medium size-medium\" alt=\"\" aria-describedby=\"gallery-1-5488\" srcset=\"https:\/\/apacame.org.br\/site\/wp-content\/uploads\/2023\/04\/Foto4_Eslovenia-237x300.jpg 237w, https:\/\/apacame.org.br\/site\/wp-content\/uploads\/2023\/04\/Foto4_Eslovenia-808x1024.jpg 808w, https:\/\/apacame.org.br\/site\/wp-content\/uploads\/2023\/04\/Foto4_Eslovenia-150x190.jpg 150w, https:\/\/apacame.org.br\/site\/wp-content\/uploads\/2023\/04\/Foto4_Eslovenia-394x500.jpg 394w, https:\/\/apacame.org.br\/site\/wp-content\/uploads\/2023\/04\/Foto4_Eslovenia.jpg 987w\" sizes=\"(max-width: 237px) 100vw, 237px\" \/><\/a>\n\t\t\t<\/div>\n\t\t\t\t<figcaption class='wp-caption-text gallery-caption' id='gallery-1-5488'>\n\t\t\t\tFigura 4 &#8211; Colmeias tradicionais eslovenas A\u017d (\u201ccasa de abelhas\u201d). Fonte da imagem: Caio Eduardo da Costa Domingues e Ale\u0161 Gregorc.\n\t\t\t\t<\/figcaption><\/figure><figure class='gallery-item'>\n\t\t\t<div class='gallery-icon landscape'>\n\t\t\t\t<a href='https:\/\/apacame.org.br\/site\/wp-content\/uploads\/2023\/04\/Foto5_Eslovenia.jpg'><img loading=\"lazy\" decoding=\"async\" width=\"300\" height=\"205\" src=\"https:\/\/apacame.org.br\/site\/wp-content\/uploads\/2023\/04\/Foto5_Eslovenia-300x205.jpg\" class=\"attachment-medium size-medium\" alt=\"\" aria-describedby=\"gallery-1-5489\" srcset=\"https:\/\/apacame.org.br\/site\/wp-content\/uploads\/2023\/04\/Foto5_Eslovenia-300x205.jpg 300w, https:\/\/apacame.org.br\/site\/wp-content\/uploads\/2023\/04\/Foto5_Eslovenia-1024x701.jpg 1024w, https:\/\/apacame.org.br\/site\/wp-content\/uploads\/2023\/04\/Foto5_Eslovenia-150x103.jpg 150w, https:\/\/apacame.org.br\/site\/wp-content\/uploads\/2023\/04\/Foto5_Eslovenia-500x342.jpg 500w, https:\/\/apacame.org.br\/site\/wp-content\/uploads\/2023\/04\/Foto5_Eslovenia.jpg 1469w\" sizes=\"(max-width: 300px) 100vw, 300px\" \/><\/a>\n\t\t\t<\/div>\n\t\t\t\t<figcaption class='wp-caption-text gallery-caption' id='gallery-1-5489'>\n\t\t\t\tFigura 5 &#8211; Pain\u00e9is frontais de colmeias pintados no s\u00e9culo XIX (1 de janeiro de 1801 &#8211; 31 de dezembro de 1900). Fonte da imagem: Arquivo do Museu de Apicultura Radovljica e Caio Eduardo da Costa Domingues.\n\t\t\t\t<\/figcaption><\/figure><figure class='gallery-item'>\n\t\t\t<div class='gallery-icon landscape'>\n\t\t\t\t<a href='https:\/\/apacame.org.br\/site\/wp-content\/uploads\/2023\/04\/Foto6_Eslovenia.jpg'><img loading=\"lazy\" decoding=\"async\" width=\"300\" height=\"141\" src=\"https:\/\/apacame.org.br\/site\/wp-content\/uploads\/2023\/04\/Foto6_Eslovenia-300x141.jpg\" class=\"attachment-medium size-medium\" alt=\"\" aria-describedby=\"gallery-1-5490\" srcset=\"https:\/\/apacame.org.br\/site\/wp-content\/uploads\/2023\/04\/Foto6_Eslovenia-300x141.jpg 300w, https:\/\/apacame.org.br\/site\/wp-content\/uploads\/2023\/04\/Foto6_Eslovenia-1024x482.jpg 1024w, https:\/\/apacame.org.br\/site\/wp-content\/uploads\/2023\/04\/Foto6_Eslovenia-150x71.jpg 150w, https:\/\/apacame.org.br\/site\/wp-content\/uploads\/2023\/04\/Foto6_Eslovenia-500x235.jpg 500w, https:\/\/apacame.org.br\/site\/wp-content\/uploads\/2023\/04\/Foto6_Eslovenia.jpg 1431w\" sizes=\"(max-width: 300px) 100vw, 300px\" \/><\/a>\n\t\t\t<\/div>\n\t\t\t\t<figcaption class='wp-caption-text gallery-caption' id='gallery-1-5490'>\n\t\t\t\tFigura 6 &#8211; Produ\u00e7\u00e3o (azul), consumo (laranja) e n\u00edvel de autossufici\u00eancia (verde) de mel na Eslov\u00eania. Fonte da imagem: Rep\u00fablica da Eslov\u00eania &#8211; Departamento de Estat\u00edstica.\n\t\t\t\t<\/figcaption><\/figure><figure class='gallery-item'>\n\t\t\t<div class='gallery-icon landscape'>\n\t\t\t\t<a href='https:\/\/apacame.org.br\/site\/wp-content\/uploads\/2023\/04\/Foto7_Eslovenia.jpg'><img loading=\"lazy\" decoding=\"async\" width=\"300\" height=\"206\" src=\"https:\/\/apacame.org.br\/site\/wp-content\/uploads\/2023\/04\/Foto7_Eslovenia-300x206.jpg\" class=\"attachment-medium size-medium\" alt=\"\" aria-describedby=\"gallery-1-5491\" srcset=\"https:\/\/apacame.org.br\/site\/wp-content\/uploads\/2023\/04\/Foto7_Eslovenia-300x206.jpg 300w, https:\/\/apacame.org.br\/site\/wp-content\/uploads\/2023\/04\/Foto7_Eslovenia-150x103.jpg 150w, https:\/\/apacame.org.br\/site\/wp-content\/uploads\/2023\/04\/Foto7_Eslovenia-500x344.jpg 500w, https:\/\/apacame.org.br\/site\/wp-content\/uploads\/2023\/04\/Foto7_Eslovenia.jpg 935w\" sizes=\"(max-width: 300px) 100vw, 300px\" \/><\/a>\n\t\t\t<\/div>\n\t\t\t\t<figcaption class='wp-caption-text gallery-caption' id='gallery-1-5491'>\n\t\t\t\tFigura 7 &#8211; \u201cCasa de abelhas\u201d durante o inverno na Eslov\u00eania. Fonte da imagem: Ale\u0161 Gregorc.\n\t\t\t\t<\/figcaption><\/figure>\n\t\t<\/div>\n\n<p><span style=\"font-size: large;\">Diferentes fatores podem afetar a produ\u00e7\u00e3o de mel, como por exemplo: falta de tecnologia moderna, altera\u00e7\u00f5es clim\u00e1ticas, pragas, doen\u00e7as e morte da col\u00f4nia. Entretanto, os problemas mais comuns em A. mellifera carnica na Eslov\u00eania s\u00e3o:<\/span><\/p>\n<p><span style=\"font-size: large;\">\u2014 Varroa destructor (v\u00edrus associados). Tratamento: Existem diversos compostos para o controle do \u00e1caro varroa como: Api-Bioxal, Oxuvar, Oxybee (\u00e1cido ox\u00e1lico), Apifor 60, Formivar, Formicpro (\u00e1cido f\u00f3rmico), VarroMed (\u00e1cido ox\u00e1lico e f\u00f3rmico) ApilifeVar (timol), Apivar, Varidol (amitraz), Bayvarol, Polyvar Yellow (flumetrina) e Checkmite (coumaf\u00f3s). A utiliza\u00e7\u00e3o deve seguir as recomenda\u00e7\u00f5es do manual do fabricante.<\/span><\/p>\n<p><span style=\"font-size: large;\">\u2014 Nosema ceranae e N. apis (Nosemose). Tratamento: Medidas preventivas de controle, incluindo medidas de higiene e reciclagem dos quadros mais antigos.<\/span><\/p>\n<p><span style=\"font-size: large;\">\u2014 Loque americana (Paenibacillus larvae). Tratamento: N\u00e3o h\u00e1 tratamento. Medidas preventivas s\u00e3o realizadas, incluindo exames cl\u00ednicos regulares nas col\u00f4nias.<\/span><\/p>\n<p><span style=\"font-size: large;\">\u2014 Tra\u00e7as da cera (Galleria mellonella). Tratamento: Col\u00f4nias fortes podem combater tra\u00e7as de cera. B401 (Certan) pode ser utilizado como tratamento preventivo para controle da tra\u00e7a da cera (apicultura org\u00e2nica). <\/span><\/p>\n<p><span style=\"font-size: large;\">\u2014 Mortalidade no inverno. Nos \u00faltimos anos, acredita-se que a mortalidade no inverno variou entre 10 e 15%. Entretanto, n\u00e3o h\u00e1 dados oficiais dispon\u00edveis. Tratamento: Medidas preventivas contra pragas e doen\u00e7as s\u00e3o ben\u00e9ficas antes do inverno.<\/span><\/p>\n<p><span style=\"font-size: large;\">Curiosidade: Durante o inverno esloveno as abelhas n\u00e3o s\u00e3o manejadas, e somente no in\u00edcio da primavera os apicultores fornecem a pasta candy.<\/span><\/p>\n<p><span style=\"font-size: large;\"><b>Refer\u00eancias<\/b> <\/span><\/p>\n<p><span style=\"font-size: large;\">[1] I FEEL SLOVENIA. 10 reasons to add Slovenia to your travel list in 2023. Dispon\u00edvel em: &lt;<a href=\"https:\/\/www.slovenia.info\/en\/stories\/10-reasons-to-add-slovenia-to-your-travel-list\" target=\"_blank\" rel=\"noopener\">https:\/\/www.slovenia.info\/en\/stories\/10-reasons-to-add-slovenia-to-your-travel-list<\/a>&gt;. Acesso em: 10 Dez. 2022.<\/span><\/p>\n<p><span style=\"font-size: large;\">[2] GREGORC, A. Vzreja \u010debeljih matic (Apis mellifera carnica). \u017dirovnica: \u010cebelarska zveza Zgornje Gorenjske, 2005. 48 p.<\/span><\/p>\n<p><span style=\"font-size: large;\">[3] FONTANA, P. et al. Appeal for biodiversity protection of native honey bee subspecies of Apis mellifera in Italy (San Michele all\u2019Adige declaration). Bulletin of Insectology, v. 71, n. 2, p. 257-271, 2018.<\/span><\/p>\n<p><span style=\"font-size: large;\">[4] REPUBLIC OF SLOVENIA. World Bee Day. Dispon\u00edvel em: &lt;<a href=\"https:\/\/www.gov.si\/en\/registries\/projects\/world-bee-day\/\" target=\"_blank\" rel=\"noopener\">https:\/\/www.gov.si\/en\/registries\/projects\/world-bee-day\/<\/a>&gt;. Acesso em: 10 Dez. 2022.<\/span><\/p>\n<p><span style=\"font-size: large;\">[5] MALASPINA, O.; STORT, A. C. Sucrose syrup-collecting behavior in Africanized and Caucasian bees and in the descendants of their crossings. Revista Brasileira de Gen\u00e9tica, v. 10, p. 459-469, 1987.<\/span><\/p>\n<p><span style=\"font-size: large;\">[6] REPUBLIC OF SLOVENIA &#8211; STATISTICAL OFFICE. Below average honey harvest in 2020. Dispon\u00edvel em: &lt;<a href=\"https:\/\/www.stat.si\/StatWeb\/en\/news\/Index\/10330\" target=\"_blank\" rel=\"noopener\">https:\/\/www.stat.si\/StatWeb\/en\/news\/Index\/10330<\/a>&gt;. Acesso em: 10 Dez. 2022.<\/span><\/p>\n","protected":false},"excerpt":{"rendered":"<p>Eslov\u00eania, um pa\u00eds apaixonado pela abelha-carnica Caio Domingues1, Ale\u0161 Gregorc1 e Osmar Malaspina2 1Faculty of Agriculture and Life Sciences, University of Maribor, Pivola 10, 2311 Ho\u010de, Slovenia 2Departamento de Biologia [&hellip;]<\/p>\n","protected":false},"author":20,"featured_media":0,"parent":5471,"menu_order":0,"comment_status":"open","ping_status":"open","template":"","meta":{"pmpro_default_level":"","_price":"","_stock":"","_tribe_ticket_header":"","_tribe_default_ticket_provider":"","_tribe_ticket_capacity":"0","_ticket_start_date":"","_ticket_end_date":"","_tribe_ticket_show_description":"","_tribe_ticket_show_not_going":false,"_tribe_ticket_use_global_stock":"","_tribe_ticket_global_stock_level":"","_global_stock_mode":"","_global_stock_cap":"","_tribe_rsvp_for_event":"","_tribe_ticket_going_count":"","_tribe_ticket_not_going_count":"","_tribe_tickets_list":"[]","_tribe_ticket_has_attendee_info_fields":false,"cybocfi_hide_featured_image":"","footnotes":""},"class_list":["post-5483","page","type-page","status-publish","hentry","pmpro-has-access"],"_links":{"self":[{"href":"https:\/\/apacame.org.br\/site\/wp-json\/wp\/v2\/pages\/5483"}],"collection":[{"href":"https:\/\/apacame.org.br\/site\/wp-json\/wp\/v2\/pages"}],"about":[{"href":"https:\/\/apacame.org.br\/site\/wp-json\/wp\/v2\/types\/page"}],"author":[{"embeddable":true,"href":"https:\/\/apacame.org.br\/site\/wp-json\/wp\/v2\/users\/20"}],"replies":[{"embeddable":true,"href":"https:\/\/apacame.org.br\/site\/wp-json\/wp\/v2\/comments?post=5483"}],"version-history":[{"count":3,"href":"https:\/\/apacame.org.br\/site\/wp-json\/wp\/v2\/pages\/5483\/revisions"}],"predecessor-version":[{"id":5492,"href":"https:\/\/apacame.org.br\/site\/wp-json\/wp\/v2\/pages\/5483\/revisions\/5492"}],"up":[{"embeddable":true,"href":"https:\/\/apacame.org.br\/site\/wp-json\/wp\/v2\/pages\/5471"}],"wp:attachment":[{"href":"https:\/\/apacame.org.br\/site\/wp-json\/wp\/v2\/media?parent=5483"}],"curies":[{"name":"wp","href":"https:\/\/api.w.org\/{rel}","templated":true}]}}