{"id":5479,"date":"2023-04-04T19:03:55","date_gmt":"2023-04-04T19:03:55","guid":{"rendered":"https:\/\/apacame.org.br\/site\/?page_id=5479"},"modified":"2023-04-04T19:03:55","modified_gmt":"2023-04-04T19:03:55","slug":"editorial","status":"publish","type":"page","link":"https:\/\/apacame.org.br\/site\/revista\/mensagem-doce-n-170-marco-de-2023\/editorial\/","title":{"rendered":"Editorial"},"content":{"rendered":"<h1 style=\"text-align: center;\">AONDE VAMOS CHEGAR MATANDO AS ABELHAS?<\/h1>\n<p><span style=\"font-size: large;\"><a href=\"https:\/\/apacame.org.br\/site\/wp-content\/uploads\/2021\/08\/Foto_Editorial.jpg\"><img fetchpriority=\"high\" decoding=\"async\" class=\"alignleft size-full wp-image-4205\" src=\"https:\/\/apacame.org.br\/site\/wp-content\/uploads\/2021\/08\/Foto_Editorial.jpg\" alt=\"Foto_Editorial\" width=\"385\" height=\"350\" srcset=\"https:\/\/apacame.org.br\/site\/wp-content\/uploads\/2021\/08\/Foto_Editorial.jpg 385w, https:\/\/apacame.org.br\/site\/wp-content\/uploads\/2021\/08\/Foto_Editorial-300x273.jpg 300w, https:\/\/apacame.org.br\/site\/wp-content\/uploads\/2021\/08\/Foto_Editorial-150x136.jpg 150w\" sizes=\"(max-width: 385px) 100vw, 385px\" \/><\/a>Precisamos todos nos reunir: CBA, Federa\u00e7\u00f5es, Associa\u00e7\u00f5es de apicultores, produtores do agro, poder p\u00fablico e colaboradores, comunidade cientifica, para chegar a um entendimento sobre essa quest\u00e3o, que tem tirado o sono de todos os envolvidos. N\u00e3o podemos esquecer que cerca de 76% do que produzimos dependem da poliniza\u00e7\u00e3o das abelhas.<\/span><\/p>\n<p><span style=\"font-size: large;\">Se sabemos quanto \u00e9 importante manter as abelhas saud\u00e1veis e as colmeias produzindo, por que h\u00e1 tanto envenenamento?<\/span><\/p>\n<p><span style=\"font-size: large;\">Certamente faltam entendimento, informa\u00e7\u00e3o, comunica\u00e7\u00e3o entre apicultores e donos das propriedades. Precisamos tamb\u00e9m de Registros dos Api\u00e1rios, que s\u00e3o nossa garantia como empres\u00e1rios e cidad\u00e3os de bem; o processo de registro de colmeias \u00e9 necess\u00e1rio para podemos ter mais for\u00e7a no setor ap\u00edcula, n\u00e3o \u00e9 poss\u00edvel permitir que continue a mortalidade das abelhas pa\u00eds afora, como se tem not\u00edcia nos \u00faltimos meses. Pergunta: onde est\u00e1 o erro? Ou protegemos nossas abelhas ou em pouco tempo a falta de alimentos vir\u00e1, como disse um dos maiores cientistas de todos os tempos, Albert Einstein, na d\u00e9cada de 30, h\u00e1 quase 100 anos se continuar assim estamos bem pr\u00f3ximo.<\/span><\/p>\n<p><span style=\"font-size: large;\">Nesta edi\u00e7\u00e3o da revista, h\u00e1 duas mat\u00e9rias que falam sobre o assunto dos agrot\u00f3xicos, verdadeiros venenos, com mais detalhes, para que possamos tomar conhecimento mais profundo sobre o assunto, temos dois assuntos de tese de mestrado de alunos da UNITAU onde h\u00e1 um trabalho de pesquisa muito interessante, e outro da valoriza\u00e7\u00e3o das abelhas na florada do caf\u00e9. E tamb\u00e9m como \u00e9 a vidas das col\u00f4nias de abelhas.<\/span><\/p>\n<p><span style=\"font-size: large;\">\u201cE que as abelhas sejam motivos de reuni\u00e3o e uni\u00e3o entre os homens\u201d <\/span><\/p>\n<p><span style=\"font-size: large;\">Uma associa\u00e7\u00e3o se faz com associados.<\/span><\/p>\n<p><span style=\"font-size: large;\"><i><b>Eloi Viana da Silva \u2013 Presidente Executivo &#8211; <a href=\"mailto:eloi@apacame.org.br\">eloi@apacame.org.br<\/a><\/b><\/i> <\/span><\/p>\n","protected":false},"excerpt":{"rendered":"<p>AONDE VAMOS CHEGAR MATANDO AS ABELHAS? Precisamos todos nos reunir: CBA, Federa\u00e7\u00f5es, Associa\u00e7\u00f5es de apicultores, produtores do agro, poder p\u00fablico e colaboradores, comunidade cientifica, para chegar a um entendimento sobre [&hellip;]<\/p>\n","protected":false},"author":20,"featured_media":0,"parent":5471,"menu_order":0,"comment_status":"open","ping_status":"open","template":"","meta":{"pmpro_default_level":"","_price":"","_stock":"","_tribe_ticket_header":"","_tribe_default_ticket_provider":"","_tribe_ticket_capacity":"0","_ticket_start_date":"","_ticket_end_date":"","_tribe_ticket_show_description":"","_tribe_ticket_show_not_going":false,"_tribe_ticket_use_global_stock":"","_tribe_ticket_global_stock_level":"","_global_stock_mode":"","_global_stock_cap":"","_tribe_rsvp_for_event":"","_tribe_ticket_going_count":"","_tribe_ticket_not_going_count":"","_tribe_tickets_list":"[]","_tribe_ticket_has_attendee_info_fields":false,"cybocfi_hide_featured_image":"","footnotes":""},"class_list":["post-5479","page","type-page","status-publish","hentry","pmpro-has-access"],"_links":{"self":[{"href":"https:\/\/apacame.org.br\/site\/wp-json\/wp\/v2\/pages\/5479"}],"collection":[{"href":"https:\/\/apacame.org.br\/site\/wp-json\/wp\/v2\/pages"}],"about":[{"href":"https:\/\/apacame.org.br\/site\/wp-json\/wp\/v2\/types\/page"}],"author":[{"embeddable":true,"href":"https:\/\/apacame.org.br\/site\/wp-json\/wp\/v2\/users\/20"}],"replies":[{"embeddable":true,"href":"https:\/\/apacame.org.br\/site\/wp-json\/wp\/v2\/comments?post=5479"}],"version-history":[{"count":1,"href":"https:\/\/apacame.org.br\/site\/wp-json\/wp\/v2\/pages\/5479\/revisions"}],"predecessor-version":[{"id":5480,"href":"https:\/\/apacame.org.br\/site\/wp-json\/wp\/v2\/pages\/5479\/revisions\/5480"}],"up":[{"embeddable":true,"href":"https:\/\/apacame.org.br\/site\/wp-json\/wp\/v2\/pages\/5471"}],"wp:attachment":[{"href":"https:\/\/apacame.org.br\/site\/wp-json\/wp\/v2\/media?parent=5479"}],"curies":[{"name":"wp","href":"https:\/\/api.w.org\/{rel}","templated":true}]}}