{"id":5366,"date":"2022-12-08T20:41:52","date_gmt":"2022-12-08T20:41:52","guid":{"rendered":"https:\/\/apacame.org.br\/site\/?page_id=5366"},"modified":"2022-12-08T20:49:32","modified_gmt":"2022-12-08T20:49:32","slug":"pasto-apicola","status":"publish","type":"page","link":"https:\/\/apacame.org.br\/site\/revista\/mensagem-doce-n-169-novembro-de-2022\/pasto-apicola\/","title":{"rendered":"Pasto Ap\u00edcola"},"content":{"rendered":"<h1 style=\"text-align: center;\">CALIANDRA &#8211; Calliandra tweedii Benth &#8211; Calliandra brevipes Benth &#8211; Calliandra haematocephala alba<\/h1>\n<blockquote><p>Dr. Jo\u00e3o Martins Ferreira \u00e9 Professor Titular da Universidade Paulista UNIP, Pesquisador junto \u00e0 Universidade de S\u00e3o Paulo, Apicultor e Jornalista &#8211; MTB 93480 SP &#8211; Site: <a href=\"https:\/\/martinsferreira.net\" target=\"_blank\" rel=\"noopener\">martinsferreira.net<\/a> &#8211; Contato: <a href=\"mailto:martins_ferreira@hotmail.com\" target=\"_blank\">martins_ferreira@hotmail.com<\/a><\/p><\/blockquote>\n<figure id=\"attachment_5368\" aria-describedby=\"caption-attachment-5368\" style=\"width: 268px\" class=\"wp-caption alignright\"><a href=\"https:\/\/apacame.org.br\/site\/wp-content\/uploads\/2022\/12\/Foto_1_Pasto-Apicola.jpg\"><img fetchpriority=\"high\" decoding=\"async\" class=\"size-medium wp-image-5368\" src=\"https:\/\/apacame.org.br\/site\/wp-content\/uploads\/2022\/12\/Foto_1_Pasto-Apicola-268x300.jpg\" alt=\"Uma Apis Mellifera visitando a flor da Calliandra brevipes Benth. \u2013 Foto de Jo\u00e3o Martins Ferreira.\" width=\"268\" height=\"300\" srcset=\"https:\/\/apacame.org.br\/site\/wp-content\/uploads\/2022\/12\/Foto_1_Pasto-Apicola-268x300.jpg 268w, https:\/\/apacame.org.br\/site\/wp-content\/uploads\/2022\/12\/Foto_1_Pasto-Apicola-150x168.jpg 150w, https:\/\/apacame.org.br\/site\/wp-content\/uploads\/2022\/12\/Foto_1_Pasto-Apicola-447x500.jpg 447w, https:\/\/apacame.org.br\/site\/wp-content\/uploads\/2022\/12\/Foto_1_Pasto-Apicola.jpg 748w\" sizes=\"(max-width: 268px) 100vw, 268px\" \/><\/a><figcaption id=\"caption-attachment-5368\" class=\"wp-caption-text\">Uma Apis Mellifera visitando a flor da Calliandra brevipes Benth. \u2013 Foto de Jo\u00e3o<br \/>Martins Ferreira.<\/figcaption><\/figure>\n<p><span style=\"font-size: large;\">Dentre as plantas arbustivas com potencial mel\u00edfero, uma das mais belas quando floresce \u00e9 a \u201cCaliandra\u201d, fato que a credencia com destaque para integrar projetos paisag\u00edsticos preocupados com a sustentabilidade ambiental. Para as abelhas, ela representa uma significativa fonte de n\u00e9ctar e p\u00f3len, haja vista que quase sempre floresce em v\u00e1rios per\u00edodos do ano \u2013 com exce\u00e7\u00e3o de alguns poucos tipos, que t\u00eam flora\u00e7\u00e3o mais espor\u00e1dica.<\/span><\/p>\n<p><span style=\"font-size: large;\">No mundo existem mais de 130 tipos dessa planta, sendo mais comum no Brasil a Calliandra tweedii Benth., com flores vermelhas, que \u00e9 nativa e tamb\u00e9m conhecida popularmente como \u201cCaliandra\u201d, \u201cDiadema\u201d, \u201cTopete-de-Pav\u00e3o\u201d, \u201cArbusto-Chama\u201d, \u201cEsponjinha\u201d, \u201cEsponjinha-Sangue\u201d, \u201cEsponjinha-Vermelha\u201d, \u201cEsponjinha-Sangue\u201d ou \u201cMandarar\u00e9\u201d. Al\u00e9m dela, observa-se muito frequente em nosso pa\u00eds a Calliandra brevipes Benth., que tem como sin\u00f4nimo a Calliandra Selloi, a qual floresce de modo exuberante, com muitas flores que apresentam seu miolo na cor branca e suas extremidades na cor rosa, tendo como nomes populares \u201cCaliandra\u201d, \u201cEsponja\u201d, \u201cEsponjinha\u201d, \u201cManduruv\u00e1\u201d, \u201cQuebra-Foice\u201d, \u201cAngiquinho\u201d, \u201cCabelo-de-Anjo\u201d ou \u201cSarandi\u201d.<\/span><\/p>\n<p><span style=\"font-size: large;\">Ambas s\u00e3o arbustos densos, lenhosos, r\u00fasticos e muito ramificados, que apreciam solo f\u00e9rtil, drenado e locais ensolarados, tolerando bem ao frio e \u00e0 geada \u2013 h\u00e1 registros de algumas esp\u00e9cies com caracter\u00edsticas arb\u00f3reas. A multiplica\u00e7\u00e3o das esp\u00e9cies pode ser feita por sementes ou por estacas, que devem ser cortadas e preparadas no final do inverno, deixadas para enraizar em lugar protegido e \u00famido. A multiplica\u00e7\u00e3o por sementes costuma ser mais eficaz, pois gera plantas mais vigorosas. Podem-se obter sementes colhendo-se as pequenas vagens que se formam na ponta dos ramos ap\u00f3s a flora\u00e7\u00e3o.<\/span><\/p>\n<p><span style=\"font-size: large;\">A Calliandra tweedii Benth. pode atingir um tamanho de at\u00e9 quatro metros de altura e suas flores vermelhas pequenas, reunidas em densos cap\u00edtulos, abrem-se durante v\u00e1rios meses do ano, sendo a flora\u00e7\u00e3o mais intensa na primavera e no ver\u00e3o. As flores, com um formato globoso, compostas por muitos estames longos e finos, costumam cobrir as folhas verdes da planta totalmente, o que proporciona um belo espet\u00e1culo visual e atrai muitas abelhas, como a Apis mellifera, a Tetragonisca angustula (Jata\u00ed), a Paratrigona subnuda (Jata\u00ed-da-terra), a Plebeia droryana (Mirim), a Plebeia saiqui (Mirim-saiqui) e outras mais. J\u00e1 a Calliandra brevipes Benth. pode alcan\u00e7ar dois metros de altura e suas flores branco e rosa se abrem predominantemente nos meses de agosto, setembro, novembro e janeiro, atraindo abelhas Apis mellifera. Na regi\u00e3o sul do Brasil, onde h\u00e1 uma lenda sobre a florada dessa planta representar o pren\u00fancio de chuvas, ela costuma florescer com maior intensidade durante a primavera e o ver\u00e3o. Fato \u00e9 que, qualquer uma dessas plantas, ap\u00f3s receberem uma forte chuva, t\u00eam suas fr\u00e1geis flores perdendo seu vi\u00e7o inicial, por\u00e9m, mesmo assim, os insetos continuam a visita-las. <\/span><\/p>\n<p><span style=\"font-size: large;\">H\u00e1 outros tipos de Caliandra que podem ser encontrados em nosso pa\u00eds, como a Calliandra inaequilatera Rusby, que \u00e9 nativa da regi\u00e3o amaz\u00f4nica boliviana e apresenta semelhan\u00e7a com a Calliandra tweedii Benth., sendo um diferencial o fato de poder eventualmente apresentar flores vermelhas ou brancas distintamente na mesma planta. Outra caracter\u00edstica espec\u00edfica dela \u00e9 que, assim como a esp\u00e9cie Calliandra harrisii (Lindl.) Benth, demonstra ser bem mais sens\u00edvel a geadas.<\/span><\/p>\n<p><span style=\"font-size: large;\">Uma esp\u00e9cie que merece men\u00e7\u00e3o \u00e9 a Calliandra haematocephala alba, tamb\u00e9m muito atrativa para as abelhas. Ela tem folhas mais largas que as anteriores, em um tom verde claro, e apresenta flores um pouco maiores, mais resistentes e totalmente brancas. Ela \u00e9 origin\u00e1ria da Bol\u00edvia, tolera o frio e pode crescer at\u00e9 tr\u00eas metros de altura. <\/span><\/p>\n<p><span style=\"font-size: large;\">Por apresentar tais caracter\u00edsticas f\u00edsicas e por aceitar podas formativas, qualquer tipo de Caliandra pode ser muito bem utilizado como cerca-viva, contribuindo n\u00e3o apenas para a alimenta\u00e7\u00e3o das abelhas ou p\u00e1ssaros, como os beija-flores, por exemplo, mas tamb\u00e9m para o embelezamento de jardins, cercas, pra\u00e7as e diversos espa\u00e7os urbanos ou rurais. Uma sugest\u00e3o paisag\u00edstica \u00e9 cultivar esp\u00e9cies variadas com alguma proximidade entre elas, pois quando as flores se abrirem as tonalidades de suas cores causar\u00e3o um efeito visual esplendoroso. No per\u00edodo de flora\u00e7\u00e3o, toda Caliandra costuma atrair n\u00e3o apenas os insetos, mas atrai igualmente a aten\u00e7\u00e3o das pessoas, pelo contraste de cores e delicadeza das flores, encantando principalmente crian\u00e7as, seja pelo denso arbusto que as instiga curiosidade, seja pela leveza dos estames das flores, que estimula nelas experi\u00eancias com sensa\u00e7\u00f5es t\u00e1teis e visuais.<\/span><\/p>\n<div id='gallery-1' class='gallery galleryid-5366 gallery-columns-2 gallery-size-medium'><figure class='gallery-item'>\n\t\t\t<div class='gallery-icon portrait'>\n\t\t\t\t<a href=\"https:\/\/apacame.org.br\/site\/wp-content\/uploads\/2022\/12\/Foto_2_Pasto-Apicola.jpg\"><img decoding=\"async\" width=\"226\" height=\"300\" src=\"https:\/\/apacame.org.br\/site\/wp-content\/uploads\/2022\/12\/Foto_2_Pasto-Apicola-226x300.jpg\" class=\"attachment-medium size-medium\" alt=\"\" aria-describedby=\"gallery-1-5369\" srcset=\"https:\/\/apacame.org.br\/site\/wp-content\/uploads\/2022\/12\/Foto_2_Pasto-Apicola-226x300.jpg 226w, https:\/\/apacame.org.br\/site\/wp-content\/uploads\/2022\/12\/Foto_2_Pasto-Apicola-150x199.jpg 150w, https:\/\/apacame.org.br\/site\/wp-content\/uploads\/2022\/12\/Foto_2_Pasto-Apicola-377x500.jpg 377w, https:\/\/apacame.org.br\/site\/wp-content\/uploads\/2022\/12\/Foto_2_Pasto-Apicola.jpg 748w\" sizes=\"(max-width: 226px) 100vw, 226px\" \/><\/a>\n\t\t\t<\/div>\n\t\t\t\t<figcaption class='wp-caption-text gallery-caption' id='gallery-1-5369'>\n\t\t\t\tUma Apis Mellifera visitando a flor da Calliandra tweedii Benth. \u2013 Foto de Jo\u00e3o\nMartins Ferreira.\n\t\t\t\t<\/figcaption><\/figure><figure class='gallery-item'>\n\t\t\t<div class='gallery-icon landscape'>\n\t\t\t\t<a href=\"https:\/\/apacame.org.br\/site\/wp-content\/uploads\/2022\/12\/Foto_3_Pasto-Apicola.jpg\"><img decoding=\"async\" width=\"300\" height=\"231\" src=\"https:\/\/apacame.org.br\/site\/wp-content\/uploads\/2022\/12\/Foto_3_Pasto-Apicola-300x231.jpg\" class=\"attachment-medium size-medium\" alt=\"\" aria-describedby=\"gallery-1-5370\" srcset=\"https:\/\/apacame.org.br\/site\/wp-content\/uploads\/2022\/12\/Foto_3_Pasto-Apicola-300x231.jpg 300w, https:\/\/apacame.org.br\/site\/wp-content\/uploads\/2022\/12\/Foto_3_Pasto-Apicola-150x116.jpg 150w, https:\/\/apacame.org.br\/site\/wp-content\/uploads\/2022\/12\/Foto_3_Pasto-Apicola-500x385.jpg 500w, https:\/\/apacame.org.br\/site\/wp-content\/uploads\/2022\/12\/Foto_3_Pasto-Apicola.jpg 748w\" sizes=\"(max-width: 300px) 100vw, 300px\" \/><\/a>\n\t\t\t<\/div>\n\t\t\t\t<figcaption class='wp-caption-text gallery-caption' id='gallery-1-5370'>\n\t\t\t\tUma Apis Mellifera e uma Trigona spinipes (Irapu\u00e1) visitando a flor da Calliandra\nhaematocephala alba \u2013 Foto de Jo\u00e3o Martins Ferreira.\n\t\t\t\t<\/figcaption><\/figure><figure class='gallery-item'>\n\t\t\t<div class='gallery-icon landscape'>\n\t\t\t\t<a href=\"https:\/\/apacame.org.br\/site\/wp-content\/uploads\/2022\/12\/Foto_4_Pasto-Apicola.jpg\"><img loading=\"lazy\" decoding=\"async\" width=\"300\" height=\"229\" src=\"https:\/\/apacame.org.br\/site\/wp-content\/uploads\/2022\/12\/Foto_4_Pasto-Apicola-300x229.jpg\" class=\"attachment-medium size-medium\" alt=\"\" aria-describedby=\"gallery-1-5371\" srcset=\"https:\/\/apacame.org.br\/site\/wp-content\/uploads\/2022\/12\/Foto_4_Pasto-Apicola-300x229.jpg 300w, https:\/\/apacame.org.br\/site\/wp-content\/uploads\/2022\/12\/Foto_4_Pasto-Apicola-150x114.jpg 150w, https:\/\/apacame.org.br\/site\/wp-content\/uploads\/2022\/12\/Foto_4_Pasto-Apicola-500x381.jpg 500w, https:\/\/apacame.org.br\/site\/wp-content\/uploads\/2022\/12\/Foto_4_Pasto-Apicola.jpg 762w\" sizes=\"(max-width: 300px) 100vw, 300px\" \/><\/a>\n\t\t\t<\/div>\n\t\t\t\t<figcaption class='wp-caption-text gallery-caption' id='gallery-1-5371'>\n\t\t\t\tA Calliandra tweedii Benth. repleta de flores \u2013 Foto de Jo\u00e3o Martins Ferreira.\n\t\t\t\t<\/figcaption><\/figure><figure class='gallery-item'>\n\t\t\t<div class='gallery-icon landscape'>\n\t\t\t\t<a href=\"https:\/\/apacame.org.br\/site\/wp-content\/uploads\/2022\/12\/Foto_5_Pasto-Apicola.jpg\"><img loading=\"lazy\" decoding=\"async\" width=\"300\" height=\"206\" src=\"https:\/\/apacame.org.br\/site\/wp-content\/uploads\/2022\/12\/Foto_5_Pasto-Apicola-300x206.jpg\" class=\"attachment-medium size-medium\" alt=\"\" aria-describedby=\"gallery-1-5372\" srcset=\"https:\/\/apacame.org.br\/site\/wp-content\/uploads\/2022\/12\/Foto_5_Pasto-Apicola-300x206.jpg 300w, https:\/\/apacame.org.br\/site\/wp-content\/uploads\/2022\/12\/Foto_5_Pasto-Apicola-150x103.jpg 150w, https:\/\/apacame.org.br\/site\/wp-content\/uploads\/2022\/12\/Foto_5_Pasto-Apicola-500x344.jpg 500w, https:\/\/apacame.org.br\/site\/wp-content\/uploads\/2022\/12\/Foto_5_Pasto-Apicola.jpg 748w\" sizes=\"(max-width: 300px) 100vw, 300px\" \/><\/a>\n\t\t\t<\/div>\n\t\t\t\t<figcaption class='wp-caption-text gallery-caption' id='gallery-1-5372'>\n\t\t\t\tDuas Apis Mellifera visitando a flor da Calliandra haematocephala alba \u2013 Foto de\nJo\u00e3o Martins Ferreira.\n\t\t\t\t<\/figcaption><\/figure><figure class='gallery-item'>\n\t\t\t<div class='gallery-icon landscape'>\n\t\t\t\t<a href=\"https:\/\/apacame.org.br\/site\/wp-content\/uploads\/2022\/12\/Foto_6_Pasto-Apicola.jpg\"><img loading=\"lazy\" decoding=\"async\" width=\"300\" height=\"215\" src=\"https:\/\/apacame.org.br\/site\/wp-content\/uploads\/2022\/12\/Foto_6_Pasto-Apicola-300x215.jpg\" class=\"attachment-medium size-medium\" alt=\"\" aria-describedby=\"gallery-1-5373\" srcset=\"https:\/\/apacame.org.br\/site\/wp-content\/uploads\/2022\/12\/Foto_6_Pasto-Apicola-300x215.jpg 300w, https:\/\/apacame.org.br\/site\/wp-content\/uploads\/2022\/12\/Foto_6_Pasto-Apicola-150x107.jpg 150w, https:\/\/apacame.org.br\/site\/wp-content\/uploads\/2022\/12\/Foto_6_Pasto-Apicola-500x358.jpg 500w, https:\/\/apacame.org.br\/site\/wp-content\/uploads\/2022\/12\/Foto_6_Pasto-Apicola.jpg 748w\" sizes=\"(max-width: 300px) 100vw, 300px\" \/><\/a>\n\t\t\t<\/div>\n\t\t\t\t<figcaption class='wp-caption-text gallery-caption' id='gallery-1-5373'>\n\t\t\t\tA Calliandra brevipes Benth. repleta de flores \u2013 Foto de Jo\u00e3o Martins Ferreira.\n\t\t\t\t<\/figcaption><\/figure><figure class='gallery-item'>\n\t\t\t<div class='gallery-icon landscape'>\n\t\t\t\t<a href=\"https:\/\/apacame.org.br\/site\/wp-content\/uploads\/2022\/12\/Foto_7_Pasto-Apicola.jpg\"><img loading=\"lazy\" decoding=\"async\" width=\"300\" height=\"256\" src=\"https:\/\/apacame.org.br\/site\/wp-content\/uploads\/2022\/12\/Foto_7_Pasto-Apicola-300x256.jpg\" class=\"attachment-medium size-medium\" alt=\"\" aria-describedby=\"gallery-1-5374\" srcset=\"https:\/\/apacame.org.br\/site\/wp-content\/uploads\/2022\/12\/Foto_7_Pasto-Apicola-300x256.jpg 300w, https:\/\/apacame.org.br\/site\/wp-content\/uploads\/2022\/12\/Foto_7_Pasto-Apicola-150x128.jpg 150w, https:\/\/apacame.org.br\/site\/wp-content\/uploads\/2022\/12\/Foto_7_Pasto-Apicola-500x427.jpg 500w, https:\/\/apacame.org.br\/site\/wp-content\/uploads\/2022\/12\/Foto_7_Pasto-Apicola.jpg 748w\" sizes=\"(max-width: 300px) 100vw, 300px\" \/><\/a>\n\t\t\t<\/div>\n\t\t\t\t<figcaption class='wp-caption-text gallery-caption' id='gallery-1-5374'>\n\t\t\t\tA delicada flor da Calliandra haematocephala alba, com a Calliandra brevipes Benth.\nao fundo \u2013 Foto de Jo\u00e3o Martins Ferreira.\n\t\t\t\t<\/figcaption><\/figure>\n\t\t<\/div>\n\n<p><span style=\"font-size: large;\"><b>Refer\u00eancias:<\/b><\/span><\/p>\n<p><span style=\"font-size: large;\">&#8211; CAMARGO, Jo\u00e3o Maria Franco de. Manual de Apicultura. S\u00e3o Paulo: Agron\u00f4mica Ceres, 1972.<\/span><\/p>\n<p><span style=\"font-size: large;\">&#8211; Enciclop\u00e9dia de Plantas e Flores. S\u00e3o Paulo: Abril Cultural, 1972.<\/span><\/p>\n<p><span style=\"font-size: large;\">&#8211; GUIMAR\u00c3ES, Neif Pereira. Apicultura: a ci\u00eancia da longa vida. Belo Horizonte, Itatiaia, 1989.<\/span><\/p>\n<p><span style=\"font-size: large;\">&#8211; <a href=\"https:\/\/pt.wikipedia.org\/\" target=\"_blank\" rel=\"noopener\">https:\/\/pt.wikipedia.org\/<\/a><\/span><\/p>\n<p><span style=\"font-size: large;\">&#8211; <a href=\"https:\/\/www.flower-db.com\/\" target=\"_blank\" rel=\"noopener\">https:\/\/www.flower-db.com\/<\/a><\/span><\/p>\n<p><span style=\"font-size: large;\">&#8211; LORENZI, Harri e SOUZA, Hermes M. de. Plantas Ornamentais do Brasil: Arbustivas, Herb\u00e1ceas e Trepadeiras. 3. ed. Nova Odessa: Instituto Plantarum, 2001.<\/span><\/p>\n<p><span style=\"font-size: large;\">&#8211; PIRANI, Jos\u00e9 R. e CORTOPASSI-LAURINO, Marilda. Flores e Abehas em S\u00e3o Paulo. 2. ed. S\u00e3o Paulo: EDUSP\/FAPESP, 1994.<\/span><\/p>\n","protected":false},"excerpt":{"rendered":"<p>CALIANDRA &#8211; Calliandra tweedii Benth &#8211; Calliandra brevipes Benth &#8211; Calliandra haematocephala alba Dr. Jo\u00e3o Martins Ferreira \u00e9 Professor Titular da Universidade Paulista UNIP, Pesquisador junto \u00e0 Universidade de S\u00e3o [&hellip;]<\/p>\n","protected":false},"author":20,"featured_media":0,"parent":5274,"menu_order":0,"comment_status":"open","ping_status":"open","template":"","meta":{"pmpro_default_level":"","_price":"","_stock":"","_tribe_ticket_header":"","_tribe_default_ticket_provider":"","_tribe_ticket_capacity":"0","_ticket_start_date":"","_ticket_end_date":"","_tribe_ticket_show_description":"","_tribe_ticket_show_not_going":false,"_tribe_ticket_use_global_stock":"","_tribe_ticket_global_stock_level":"","_global_stock_mode":"","_global_stock_cap":"","_tribe_rsvp_for_event":"","_tribe_ticket_going_count":"","_tribe_ticket_not_going_count":"","_tribe_tickets_list":"[]","_tribe_ticket_has_attendee_info_fields":false,"cybocfi_hide_featured_image":"","footnotes":""},"class_list":["post-5366","page","type-page","status-publish","hentry","pmpro-has-access"],"_links":{"self":[{"href":"https:\/\/apacame.org.br\/site\/wp-json\/wp\/v2\/pages\/5366"}],"collection":[{"href":"https:\/\/apacame.org.br\/site\/wp-json\/wp\/v2\/pages"}],"about":[{"href":"https:\/\/apacame.org.br\/site\/wp-json\/wp\/v2\/types\/page"}],"author":[{"embeddable":true,"href":"https:\/\/apacame.org.br\/site\/wp-json\/wp\/v2\/users\/20"}],"replies":[{"embeddable":true,"href":"https:\/\/apacame.org.br\/site\/wp-json\/wp\/v2\/comments?post=5366"}],"version-history":[{"count":5,"href":"https:\/\/apacame.org.br\/site\/wp-json\/wp\/v2\/pages\/5366\/revisions"}],"predecessor-version":[{"id":5375,"href":"https:\/\/apacame.org.br\/site\/wp-json\/wp\/v2\/pages\/5366\/revisions\/5375"}],"up":[{"embeddable":true,"href":"https:\/\/apacame.org.br\/site\/wp-json\/wp\/v2\/pages\/5274"}],"wp:attachment":[{"href":"https:\/\/apacame.org.br\/site\/wp-json\/wp\/v2\/media?parent=5366"}],"curies":[{"name":"wp","href":"https:\/\/api.w.org\/{rel}","templated":true}]}}