{"id":5354,"date":"2022-12-08T20:17:03","date_gmt":"2022-12-08T20:17:03","guid":{"rendered":"https:\/\/apacame.org.br\/site\/?page_id=5354"},"modified":"2022-12-08T20:17:03","modified_gmt":"2022-12-08T20:17:03","slug":"artigo","status":"publish","type":"page","link":"https:\/\/apacame.org.br\/site\/revista\/mensagem-doce-n-169-novembro-de-2022\/artigo\/","title":{"rendered":"Artigo"},"content":{"rendered":"<h1 style=\"text-align: center;\">VALORIZA\u00c7\u00c3O DA BELEZA<\/h1>\n<blockquote><p>Por Judit Ahely &#8211; Idealizadora E Palestrante No Projeto Valorize.<\/p><\/blockquote>\n<p><span style=\"font-size: large;\"><a href=\"https:\/\/apacame.org.br\/site\/wp-content\/uploads\/2022\/12\/Foto_Valorizacao.jpg\"><img fetchpriority=\"high\" decoding=\"async\" class=\"alignright size-medium wp-image-5355\" src=\"https:\/\/apacame.org.br\/site\/wp-content\/uploads\/2022\/12\/Foto_Valorizacao-300x237.jpg\" alt=\"Foto_Valorizacao\" width=\"300\" height=\"237\" srcset=\"https:\/\/apacame.org.br\/site\/wp-content\/uploads\/2022\/12\/Foto_Valorizacao-300x237.jpg 300w, https:\/\/apacame.org.br\/site\/wp-content\/uploads\/2022\/12\/Foto_Valorizacao-150x119.jpg 150w, https:\/\/apacame.org.br\/site\/wp-content\/uploads\/2022\/12\/Foto_Valorizacao-500x396.jpg 500w, https:\/\/apacame.org.br\/site\/wp-content\/uploads\/2022\/12\/Foto_Valorizacao.jpg 790w\" sizes=\"(max-width: 300px) 100vw, 300px\" \/><\/a>A escolha de produtos de beleza gera muitas pol\u00eamicas. Traz resultados? Qual o tempo de espera? Como escolher? E quando a dermatologista receita o produto e a pele rejeita? Alergias e rejei\u00e7\u00f5es ser\u00e3o companheiras \u00e0 um in\u00edcio de caminhada na busca pelo cuidado com a pele? Uso de variados produtos podem levar a produ\u00e7\u00e3o de oleosidade em excesso, pele seca ou eczema? E o c\u00edrculo vicioso que implica em aplicar mais produtos para contra atacar os efeitos?<\/span><\/p>\n<p><span style=\"font-size: large;\">S\u00e3o in\u00fameras as d\u00favidas em torno dos produtos de beleza. Aumentando o questionamento, alimentando mitos e dificultando a vida dos consumidores.<\/span><\/p>\n<p><span style=\"font-size: large;\">Voc\u00ea j\u00e1 quis apagar da sua mente tudo que ensinaram sobre produtos ideais para pele?<\/span><\/p>\n<p><span style=\"font-size: large;\">Voc\u00ea sabia que o mel ingerido pelo organismo contribui para a hidrata\u00e7\u00e3o ideal? Aquela que precisa vir de dentro do corpo?<\/span><\/p>\n<p><span style=\"font-size: large;\">Com certeza voc\u00ea j\u00e1 sabe as propriedades antiss\u00e9pticas, antioxidantes do mel para uso externo e a melhor not\u00edcia \u00e9 que a subst\u00e2ncia \u00e9 capaz de balancear a quantidade de bact\u00e9rias presentes no rosto, diminuindo as chances de pele acn\u00e9ia e favorecendo os processos de cicatriza\u00e7\u00e3o.<\/span><\/p>\n<p><span style=\"font-size: large;\">Nos produtos naturais \u00e0 base de mel s\u00e3o permitidos 5% de produtos sint\u00e9ticos para poder garantir a conserva\u00e7\u00e3o e estabilidade da f\u00f3rmula. Pois h\u00e1 uma diferen\u00e7a enorme de um cosm\u00e9tico feito em casa para aplicar na hora, como as famosas mascaras de abacate e ovo e um cosm\u00e9tico que mesmo sendo natural precisa tamb\u00e9m garantir um tempo de prateleira para que possa ser conservado, vendido e usado mais a longo prazo. Regra v\u00e1lida para as marcas naturais feitas industrialmente e para a cosm\u00e9tica artesanal n\u00e3o h\u00e1 normas definidas e a regra \u00e9 fazer o mais natural poss\u00edvel, por\u00e9m garantir a validade.<\/span><\/p>\n<p><span style=\"font-size: large;\">Por diversos motivos muitos consumidores s\u00e3o aliados ao natural e hoje convido voc\u00eas a conhecerem dicas e receitas naturais, as quais v\u00e3o acordar as c\u00e9lulas da pele e n\u00e3o prejudicar o equil\u00edbrio natural.<\/span><\/p>\n<p><span style=\"font-size: large;\"><b> LIMPEZA DE PELE com mel<\/b> <\/span><\/p>\n<p><span style=\"font-size: large;\">A limpeza de pele com mel traz diversos benef\u00edcios para a pele. O produto feito pelas abelhas hidrata, limpa os poros, reduz os sintomas da acne e os sinais de envelhecimento, al\u00e9m de atuar na esfolia\u00e7\u00e3o do rosto.]<\/span><\/p>\n<p><span style=\"font-size: large;\"><b>Confira a receita:<\/b><\/span><\/p>\n<p><span style=\"font-size: large;\">1 colher de ch\u00e1 de mel<\/span><\/p>\n<p><span style=\"font-size: large;\">1 colher de ch\u00e1 de \u00f3leo de coco ou azeite de oliva<\/span><\/p>\n<p><span style=\"font-size: large;\">Misture o mel e o \u00f3leo de coco ou azeite de oliva at\u00e9 que a solu\u00e7\u00e3o fique homog\u00eanea.<\/span><\/p>\n<p><span style=\"font-size: large;\">Aplique a mistura na \u00e1rea afetada e massageie por dois minutos, utilizando movimentos circulares.<\/span><\/p>\n<p><span style=\"font-size: large;\">Com a m\u00e1scara ainda no rosto, coloque uma toalha quente sobre a regi\u00e3o e deixe-a descansar at\u00e9 esfriar.<\/span><\/p>\n<p><span style=\"font-size: large;\">Repita o processo diariamente.<\/span><\/p>\n<p><span style=\"font-size: large;\">Consulte a loja da APACAME e adquira os ingredientes necess\u00e1rios para hidratar sua pele.<\/span><\/p>\n<p><span style=\"font-size: large;\"><b>LIMPEZA DE POROS com mel<\/b><\/span><\/p>\n<p><span style=\"font-size: large;\">O mel possui propriedades antibacterianas, as quais limpam os poros de sua pele.<\/span><\/p>\n<p><span style=\"font-size: large;\"><b>Confira a receita:<\/b><\/span><\/p>\n<p><span style=\"font-size: large;\">1 colher de sopa de mel<\/span><\/p>\n<p><span style=\"font-size: large;\">2 colheres de sopa de \u00f3leo de coco<\/span><\/p>\n<p><span style=\"font-size: large;\">Misture o mel e o \u00f3leo de coco at\u00e9 que a solu\u00e7\u00e3o fique homog\u00eanea.<\/span><\/p>\n<p><span style=\"font-size: large;\">Aplique a mistura sobre a pele limpa e seca, massageando-a suavemente.<\/span><\/p>\n<p><span style=\"font-size: large;\">Em seguida, enx\u00e1gue com \u00e1gua morna.<\/span><\/p>\n<p><span style=\"font-size: large;\">Consulte a loja da APACAME e adquira os ingredientes necess\u00e1rios para hidratar sua pele.<\/span><\/p>\n<p><span style=\"font-size: large;\"><b>ESFOLIA\u00c7\u00c3O FACIAL com mel<\/b><\/span><\/p>\n<p><span style=\"font-size: large;\">A esfolia\u00e7\u00e3o \u00e9 uma t\u00e9cnica que consiste na retirada de c\u00e9lulas mortas e excesso de queratina da superf\u00edcie da pele, proporcionando a renova\u00e7\u00e3o e a suaviza\u00e7\u00e3o de marcas e manchas de acne. Al\u00e9m disso, ela tamb\u00e9m estimula a circula\u00e7\u00e3o sangu\u00ednea e facilita a penetra\u00e7\u00e3o de subst\u00e2ncias hidratantes. Esfoliar a pele pelo menos duas vezes por semana \u00e9 vital para uma pele perfeita. Confira duas receitas de esfoliantes feitos com mel:<\/span><\/p>\n<p><span style=\"font-size: large;\"><b>Mel e bicarbonato de s\u00f3dio<\/b><\/span><\/p>\n<p><span style=\"font-size: large;\">2 colheres de sopa de mel<\/span><\/p>\n<p><span style=\"font-size: large;\">1 colher de sopa de bicarbonato de s\u00f3dio<\/span><\/p>\n<p><span style=\"font-size: large;\">Para fazer essa maravilhosa esfolia\u00e7\u00e3o caseira, misture o mel e o bicarbonato de s\u00f3dio. Umede\u00e7a a pele com \u00e1gua fria e aplique a mistura no rosto utilizando movimentos circulares. Em seguida, enx\u00e1gue bem.<\/span><\/p>\n<p><span style=\"font-size: large;\"><b>Mel e a\u00e7\u00facar<\/b><\/span><\/p>\n<p><span style=\"font-size: large;\">1 colher de sopa de mel<\/span><\/p>\n<p><span style=\"font-size: large;\">1 colher de sopa de a\u00e7\u00facar<\/span><\/p>\n<p><span style=\"font-size: large;\">Em um recipiente, misture o mel e o a\u00e7\u00facar. Em seguida, com o rosto umedecido, aplique o esfoliante utilizando movimentos circulares. Deixe a mistura agir por 10 minutos e remova-a com \u00e1gua morna.<\/span><\/p>\n<p><span style=\"font-size: large;\">Consulte a loja da APACAME e adquira os ingredientes necess\u00e1rios para hidratar sua pele.<\/span><\/p>\n<p><span style=\"font-size: large;\"><b>CLAREAMENTO DA PELE com mel<\/b> <\/span><\/p>\n<p><span style=\"font-size: large;\">Misturas com mel tamb\u00e9m podem clarear a pele e diminuir a apar\u00eancia de cicatrizes<\/span><\/p>\n<p><span style=\"font-size: large;\">1 colher de ch\u00e1 de mel<\/span><\/p>\n<p><span style=\"font-size: large;\"> * 1 colher de ch\u00e1 de \u00f3leo de coco ou azeite de oliva<\/span><\/p>\n<p><span style=\"font-size: large;\"> Misture o mel e o \u00f3leo de coco ou azeite de oliva at\u00e9 que a solu\u00e7\u00e3o fique homog\u00eanea. Aplique a mistura na \u00e1rea afetada e massageie por dois minutos, utilizando movimentos circulares. Com a m\u00e1scara ainda no rosto, coloque uma toalha quente sobre a regi\u00e3o e deixe-a descansar at\u00e9 esfriar. Repita o processo diariamente.<\/span><\/p>\n<p><span style=\"font-size: large;\">Consulte a loja da APACAME e adquira os ingredientes necess\u00e1rios para hidratar sua pele.<\/span><\/p>\n<p><span style=\"font-size: large;\">Lembrando \u00e0 voc\u00ea leitor que a loja da APACAME est\u00e1 situada na Rua Dona Germaine Burchard, 208, no bairro de \u00c1gua Branca, cidade de S\u00e3o Paulo capital e o cep \u00e9 05002-060. Com o contato voc\u00ea pode encomendar os produtos e come\u00e7ar a cuidar de sua beleza de forma segura, n\u00e3o invasiva para sua pele, com op\u00e7\u00f5es de produtos para criar sua receita e tamb\u00e9m adquirir produtos de manuseio artesanal e industrial seguros e prontos para uso, os quais s\u00e3o disponibilizados na loja.<\/span><\/p>\n<p><span style=\"font-size: large;\"> Bem vindos ao bom viver natural para a sua pele, a qual muda de necessidades ao longo da vida, por\u00e9m a maior necessidade \u00e9 permanecer saud\u00e1vel e o mel te ajudar\u00e1 na preserva\u00e7\u00e3o, na hidrata\u00e7\u00e3o, na limpeza, no bem estar e sa\u00fade!<\/span><\/p>\n<p><span style=\"font-size: large;\">Nosso valoroso encontro ser\u00e1 na pr\u00f3xima edi\u00e7\u00e3o! <\/span><\/p>\n<p><span style=\"font-size: large;\">At\u00e9 l\u00e1!<\/span><\/p>\n","protected":false},"excerpt":{"rendered":"<p>VALORIZA\u00c7\u00c3O DA BELEZA Por Judit Ahely &#8211; Idealizadora E Palestrante No Projeto Valorize. A escolha de produtos de beleza gera muitas pol\u00eamicas. Traz resultados? Qual o tempo de espera? Como [&hellip;]<\/p>\n","protected":false},"author":20,"featured_media":0,"parent":5274,"menu_order":0,"comment_status":"open","ping_status":"open","template":"","meta":{"pmpro_default_level":"","_price":"","_stock":"","_tribe_ticket_header":"","_tribe_default_ticket_provider":"","_tribe_ticket_capacity":"0","_ticket_start_date":"","_ticket_end_date":"","_tribe_ticket_show_description":"","_tribe_ticket_show_not_going":false,"_tribe_ticket_use_global_stock":"","_tribe_ticket_global_stock_level":"","_global_stock_mode":"","_global_stock_cap":"","_tribe_rsvp_for_event":"","_tribe_ticket_going_count":"","_tribe_ticket_not_going_count":"","_tribe_tickets_list":"[]","_tribe_ticket_has_attendee_info_fields":false,"cybocfi_hide_featured_image":"","footnotes":""},"class_list":["post-5354","page","type-page","status-publish","hentry","pmpro-has-access"],"_links":{"self":[{"href":"https:\/\/apacame.org.br\/site\/wp-json\/wp\/v2\/pages\/5354"}],"collection":[{"href":"https:\/\/apacame.org.br\/site\/wp-json\/wp\/v2\/pages"}],"about":[{"href":"https:\/\/apacame.org.br\/site\/wp-json\/wp\/v2\/types\/page"}],"author":[{"embeddable":true,"href":"https:\/\/apacame.org.br\/site\/wp-json\/wp\/v2\/users\/20"}],"replies":[{"embeddable":true,"href":"https:\/\/apacame.org.br\/site\/wp-json\/wp\/v2\/comments?post=5354"}],"version-history":[{"count":2,"href":"https:\/\/apacame.org.br\/site\/wp-json\/wp\/v2\/pages\/5354\/revisions"}],"predecessor-version":[{"id":5357,"href":"https:\/\/apacame.org.br\/site\/wp-json\/wp\/v2\/pages\/5354\/revisions\/5357"}],"up":[{"embeddable":true,"href":"https:\/\/apacame.org.br\/site\/wp-json\/wp\/v2\/pages\/5274"}],"wp:attachment":[{"href":"https:\/\/apacame.org.br\/site\/wp-json\/wp\/v2\/media?parent=5354"}],"curies":[{"name":"wp","href":"https:\/\/api.w.org\/{rel}","templated":true}]}}