{"id":5342,"date":"2022-12-08T20:00:07","date_gmt":"2022-12-08T20:00:07","guid":{"rendered":"https:\/\/apacame.org.br\/site\/?page_id=5342"},"modified":"2022-12-08T20:00:07","modified_gmt":"2022-12-08T20:00:07","slug":"minha-experiencia","status":"publish","type":"page","link":"https:\/\/apacame.org.br\/site\/revista\/mensagem-doce-n-169-novembro-de-2022\/minha-experiencia\/","title":{"rendered":"Minha Experi\u00eancia"},"content":{"rendered":"<h1 style=\"text-align: center;\">Eu jamais poderia imaginar onde isso ia me levar<br \/>\nBE-E INSURANCE &#8211; Corretora de Seguros<\/h1>\n<blockquote><p>Ricardo Navega &#8211; Associado APACAME &#8211; Cursando gradua\u00e7\u00e3o em Apicultura e Meliponicultura na Universidade de Taubat\u00e9 &#8211; UNITAU &#8211; Fundador da Bee Insurance Corretora de Seguros &#8211; Fundador do ProjetoBeebook &#8211; <a href=\"http:\/\/www.beeinsurance.com.br\" target=\"_blank\" rel=\"noopener\">www.beeinsurance.com.br<\/a><br \/>\n<a href=\"http:\/\/www.projetobeebook.org\" target=\"_blank\" rel=\"noopener\">www.projetobeebook.org<\/a> &#8211; Insta: @navegaricardo e @bee.insurance<\/p><\/blockquote>\n<p><span style=\"font-size: large;\"><b><a href=\"https:\/\/apacame.org.br\/site\/wp-content\/uploads\/2022\/12\/Foto_Bee-Insurance.jpg\"><img fetchpriority=\"high\" decoding=\"async\" class=\"alignright size-medium wp-image-5343\" src=\"https:\/\/apacame.org.br\/site\/wp-content\/uploads\/2022\/12\/Foto_Bee-Insurance-300x300.jpg\" alt=\"Foto_Bee-Insurance\" width=\"300\" height=\"300\" srcset=\"https:\/\/apacame.org.br\/site\/wp-content\/uploads\/2022\/12\/Foto_Bee-Insurance-300x300.jpg 300w, https:\/\/apacame.org.br\/site\/wp-content\/uploads\/2022\/12\/Foto_Bee-Insurance-150x150.jpg 150w, https:\/\/apacame.org.br\/site\/wp-content\/uploads\/2022\/12\/Foto_Bee-Insurance-100x100.jpg 100w, https:\/\/apacame.org.br\/site\/wp-content\/uploads\/2022\/12\/Foto_Bee-Insurance-500x500.jpg 500w, https:\/\/apacame.org.br\/site\/wp-content\/uploads\/2022\/12\/Foto_Bee-Insurance.jpg 782w\" sizes=\"(max-width: 300px) 100vw, 300px\" \/><\/a>Tudo come\u00e7ou na d\u00e9cada de 80 com meu av\u00f4 Jos\u00e9 Beliz\u00e1rio, filho de imigrante do Sul da It\u00e1lia.<\/b> <\/span><\/p>\n<p><span style=\"font-size: large;\">Eu ainda muito crian\u00e7a, via meu Av\u00f4 com aquela roupa branca, caixas de enxames e fumigador pra cima e pra baixo na fazenda Limoeiro em Cunha-SP. Algumas vezes eu fui ajudar meu av\u00f4 e ficava brincando com o fumigador. Isso at\u00e9 tomar a primeira picada e n\u00e3o ir mais. O cheiro da cera, do mel e da fuma\u00e7a estava sendo gravado em minha mem\u00f3ria afetiva e eu n\u00e3o poderia imaginar onde aquilo tudo ia me levar. <\/span><\/p>\n<p><span style=\"font-size: large;\"><b>\u201cEu jamais poderia imaginar onde isso ia me levar.\u201d<\/b><\/span><\/p>\n<p><span style=\"font-size: large;\">Na minha fam\u00edlia nunca compramos mel e pr\u00f3polis, esses produtos chegaram em nossas casas atrav\u00e9s do trabalho duro das Abelhas e do meu Av\u00f4.<\/span><\/p>\n<p><span style=\"font-size: large;\">Durante v\u00e1rias d\u00e9cadas da minha vida, sempre que eu peguei um pote de mel na m\u00e3o eu pensava: \u201cIsso \u00e9 um milagre da natureza\u201d<\/span><\/p>\n<p><span style=\"font-size: large;\">Essa frase at\u00e9 virou brincadeira dentro da minha casa &#8211; l\u00e1 vem ele falar: \u201cisso \u00e9 um milagre da natureza\u201d<\/span><\/p>\n<p><span style=\"font-size: large;\"><b>\u201cEu jamais poderia imaginar onde isso ia me levar.\u201d<\/b><\/span><\/p>\n<p><span style=\"font-size: large;\">Com a Covid-19, minha vida virou de ponta cabe\u00e7a. A vida se mostrou para mim: vulner\u00e1vel, sem controle e fr\u00e1gil. Exatamente como ela \u00e9! <\/span><\/p>\n<p><span style=\"font-size: large;\">Diante de tudo que passamos, em 2020 tive a ideia de atuar como Corretor de Seguros, mas n\u00e3o sabia como. Nada estava claro. Eu n\u00e3o conseguia sequer dar um nome para a empresa. Testei v\u00e1rios nomes e nada. Tudo ficava ruim. Nada se encaixava.<\/span><\/p>\n<p><span style=\"font-size: large;\"><b><a href=\"https:\/\/apacame.org.br\/site\/wp-content\/uploads\/2022\/12\/Quadro_Bee-Insurance.jpg\"><img decoding=\"async\" class=\"alignleft size-medium wp-image-5344\" src=\"https:\/\/apacame.org.br\/site\/wp-content\/uploads\/2022\/12\/Quadro_Bee-Insurance-281x300.jpg\" alt=\"Quadro_Bee-Insurance\" width=\"281\" height=\"300\" srcset=\"https:\/\/apacame.org.br\/site\/wp-content\/uploads\/2022\/12\/Quadro_Bee-Insurance-281x300.jpg 281w, https:\/\/apacame.org.br\/site\/wp-content\/uploads\/2022\/12\/Quadro_Bee-Insurance-958x1024.jpg 958w, https:\/\/apacame.org.br\/site\/wp-content\/uploads\/2022\/12\/Quadro_Bee-Insurance-150x160.jpg 150w, https:\/\/apacame.org.br\/site\/wp-content\/uploads\/2022\/12\/Quadro_Bee-Insurance-468x500.jpg 468w, https:\/\/apacame.org.br\/site\/wp-content\/uploads\/2022\/12\/Quadro_Bee-Insurance.jpg 1171w\" sizes=\"(max-width: 281px) 100vw, 281px\" \/><\/a>At\u00e9 que num dia qualquer, meu filho Fernando pediu para eu assistir um desenho com ele.<\/b><\/span><\/p>\n<p><span style=\"font-size: large;\">&#8211; que filme?<\/span><\/p>\n<p><span style=\"font-size: large;\">&#8211; o da abelha<\/span><\/p>\n<p><span style=\"font-size: large;\">Assistimos juntos Bee Movie \u2013 A Hist\u00f3ria de uma Abelha &#8211; no Netflix.<\/span><\/p>\n<p><span style=\"font-size: large;\"><b>Foi a\u00ed que tomei a segunda picada e minha vida mudou. Puro encanto!<\/b><\/span><\/p>\n<p><span style=\"font-size: large;\">Comecei a estudar Apicultura em casa atrav\u00e9s da Internet e consequentemente me encantar cada vez mais. <\/span><\/p>\n<p><span style=\"font-size: large;\">E quando voc\u00ea est\u00e1 encantado ningu\u00e9m te segura. Tudo muda e pra melhor. Virou uma paix\u00e3o.<\/span><\/p>\n<p><span style=\"font-size: large;\">Criei a Be-e Insurance Corretora de Seguros.<\/span><\/p>\n<p><span style=\"font-size: large;\">Ao estudar Apicultora eu percebi que estava ganhando um curso de \u201cMestrado\u201d em Neg\u00f3cios: Administra\u00e7\u00e3o, Cultura, Organiza\u00e7\u00e3o, Sustentabilidade e muitas outras coisas que ainda estou apreendendo. As abelhas me dando uma verdadeira aula.<\/span><\/p>\n<p><span style=\"font-size: large;\">A Be-e Insurance foi montada inteiramente com a filosofia de uma colmeia. Como as abelhas nos ensinam h\u00e1 milhares de anos.<\/span><\/p>\n<p><span style=\"font-size: large;\">Em 2021 fui fazer o curso de Apicultura da APACAME. Ali tomei a terceira e quarta picada (agora de abelha).<\/span><\/p>\n<p><span style=\"font-size: large;\"><b>\u201cEu jamais poderia imaginar onde isso ia me levar.\u201d<\/b><\/span><\/p>\n<p><span style=\"font-size: large;\">No curso perguntei se existia algum Seguro para os Apicultores, ou para atividade e opera\u00e7\u00f5es, envolvendo a cadeia de produ\u00e7\u00e3o Ap\u00edcula: Inc\u00eandio, Roubo, Vendaval, Transporte, Seguros para os pequenos Apicultores, e descobri que no mercado brasileiro n\u00e3o existia.<\/span><\/p>\n<p><span style=\"font-size: large;\">A partir da\u00ed fui atr\u00e1s.<\/span><\/p>\n<p><span style=\"font-size: large;\"><b>Come\u00e7ou a Maratona de ouvir N\u00c3O.<\/b><\/span><\/p>\n<p><span style=\"font-size: large;\">No entanto, e atrav\u00e9s do bom relacionamento da Corretora com as grandes Cias do mercado, eu e minha s\u00f3cia Andr\u00e9ia entramos em contato com todas as Seguradoras que operavam no seguimento do Agroneg\u00f3cio. Era uma quest\u00e3o de honra para n\u00f3s. Como as abelhas est\u00e3o no DNA da Empresa, sent\u00edamos que t\u00ednhamos autoridade para falar sobre esse tipo de Seguro. Claro que n\u00e3o conhecemos muito de Apicultura. Quem estuda Apicultura sabe que isso leva umas boas d\u00e9cadas de experi\u00eancia, estudo e m\u00e3o na massa. <\/span><\/p>\n<p><span style=\"font-size: large;\">Mas depois de in\u00fameros n\u00e3o, conseguimos marcar uma reuni\u00e3o com a Diretoria de Agroneg\u00f3cios da Porto Seguro. Ali consegui fazer uma apresenta\u00e7\u00e3o e me comprometi a montar um grupo com Apicultores de Excel\u00eancia e tocar o projeto.<\/span><\/p>\n<p><span style=\"font-size: large;\">Foi a\u00ed que entrou a APACAME, na pessoa do presidente Eloi, que n\u00e3o mediu esfor\u00e7os e comprometimento para o desenvolvimento do projeto. Fizemos v\u00e1rias reuni\u00f5es com profissionais da Apicultura para colher o m\u00e1ximo de informa\u00e7\u00f5es e descobrir os riscos poss\u00edveis para o desenvolvimento do produto.<\/span><\/p>\n<p><span style=\"font-size: large;\">Estamos no momento de testes e lan\u00e7amento do produto. Neste momento, a Be-e Insurance tem a honra e o privil\u00e9gio de informar que coordenou e participou do desenvolvimento de um Seguro in\u00e9dito e inovador para a categoria de Apicultores em todo territ\u00f3rio Brasileiro. Algo que jamais existiu no Brasil.<\/span><\/p>\n<p><span style=\"font-size: large;\">Em breve vamos oferecer esse benef\u00edcio ao mercado da Apicultura. <\/span><\/p>\n<p><span style=\"font-size: large;\">Gra\u00e7as ao milagre das abelhas em minha vida, agora eu sei onde isso vai me levar.<\/span><\/p>\n<p><span style=\"font-size: large;\"><b>VEM VOAR COM A GENTE<\/b><\/span><\/p>\n","protected":false},"excerpt":{"rendered":"<p>Eu jamais poderia imaginar onde isso ia me levar BE-E INSURANCE &#8211; Corretora de Seguros Ricardo Navega &#8211; Associado APACAME &#8211; Cursando gradua\u00e7\u00e3o em Apicultura e Meliponicultura na Universidade de [&hellip;]<\/p>\n","protected":false},"author":20,"featured_media":0,"parent":5274,"menu_order":0,"comment_status":"open","ping_status":"open","template":"","meta":{"pmpro_default_level":"","_price":"","_stock":"","_tribe_ticket_header":"","_tribe_default_ticket_provider":"","_tribe_ticket_capacity":"0","_ticket_start_date":"","_ticket_end_date":"","_tribe_ticket_show_description":"","_tribe_ticket_show_not_going":false,"_tribe_ticket_use_global_stock":"","_tribe_ticket_global_stock_level":"","_global_stock_mode":"","_global_stock_cap":"","_tribe_rsvp_for_event":"","_tribe_ticket_going_count":"","_tribe_ticket_not_going_count":"","_tribe_tickets_list":"[]","_tribe_ticket_has_attendee_info_fields":false,"cybocfi_hide_featured_image":"","footnotes":""},"class_list":["post-5342","page","type-page","status-publish","hentry","pmpro-has-access"],"_links":{"self":[{"href":"https:\/\/apacame.org.br\/site\/wp-json\/wp\/v2\/pages\/5342"}],"collection":[{"href":"https:\/\/apacame.org.br\/site\/wp-json\/wp\/v2\/pages"}],"about":[{"href":"https:\/\/apacame.org.br\/site\/wp-json\/wp\/v2\/types\/page"}],"author":[{"embeddable":true,"href":"https:\/\/apacame.org.br\/site\/wp-json\/wp\/v2\/users\/20"}],"replies":[{"embeddable":true,"href":"https:\/\/apacame.org.br\/site\/wp-json\/wp\/v2\/comments?post=5342"}],"version-history":[{"count":2,"href":"https:\/\/apacame.org.br\/site\/wp-json\/wp\/v2\/pages\/5342\/revisions"}],"predecessor-version":[{"id":5346,"href":"https:\/\/apacame.org.br\/site\/wp-json\/wp\/v2\/pages\/5342\/revisions\/5346"}],"up":[{"embeddable":true,"href":"https:\/\/apacame.org.br\/site\/wp-json\/wp\/v2\/pages\/5274"}],"wp:attachment":[{"href":"https:\/\/apacame.org.br\/site\/wp-json\/wp\/v2\/media?parent=5342"}],"curies":[{"name":"wp","href":"https:\/\/api.w.org\/{rel}","templated":true}]}}