{"id":5304,"date":"2022-12-07T23:42:13","date_gmt":"2022-12-07T23:42:13","guid":{"rendered":"https:\/\/apacame.org.br\/site\/?page_id=5304"},"modified":"2022-12-07T23:42:13","modified_gmt":"2022-12-07T23:42:13","slug":"apimondia","status":"publish","type":"page","link":"https:\/\/apacame.org.br\/site\/revista\/mensagem-doce-n-169-novembro-de-2022\/apimondia\/","title":{"rendered":"Apimondia"},"content":{"rendered":"<h1 style=\"text-align: center;\">47\u00ba Congresso Internacional de Apicultura \u2013 APIMONDIA 22<\/h1>\n<blockquote><p>Por: Suelen de Palma Tomazella &#8211; Gerente ABEMEL<\/p><\/blockquote>\n<p><span style=\"font-size: large;\"><a href=\"https:\/\/apacame.org.br\/site\/wp-content\/uploads\/2022\/12\/Quadro1_apimondia.jpg\"><img fetchpriority=\"high\" decoding=\"async\" class=\"alignleft wp-image-5305 size-large\" src=\"https:\/\/apacame.org.br\/site\/wp-content\/uploads\/2022\/12\/Quadro1_apimondia-415x1024.jpg\" alt=\"Quadro1_apimondia\" width=\"415\" height=\"1024\" srcset=\"https:\/\/apacame.org.br\/site\/wp-content\/uploads\/2022\/12\/Quadro1_apimondia-415x1024.jpg 415w, https:\/\/apacame.org.br\/site\/wp-content\/uploads\/2022\/12\/Quadro1_apimondia-122x300.jpg 122w, https:\/\/apacame.org.br\/site\/wp-content\/uploads\/2022\/12\/Quadro1_apimondia-150x370.jpg 150w, https:\/\/apacame.org.br\/site\/wp-content\/uploads\/2022\/12\/Quadro1_apimondia-203x500.jpg 203w, https:\/\/apacame.org.br\/site\/wp-content\/uploads\/2022\/12\/Quadro1_apimondia.jpg 780w\" sizes=\"(max-width: 415px) 100vw, 415px\" \/><\/a>A participa\u00e7\u00e3o brasileira na APIMONDIA 2022 foi marcada por premia\u00e7\u00f5es e grandes expectativas de neg\u00f3cios para o setor ap\u00edcola nacional.<\/span><\/p>\n<p><span style=\"font-size: large;\">Com apoio da Ag\u00eancia Brasileira de Promo\u00e7\u00e3o de Exporta\u00e7\u00f5es e Investimento (ApexBrasil) atrav\u00e9s do projeto Brazil Let\u2019s Bee, e em parceira com a Associa\u00e7\u00e3o Brasileira dos Exportadores de Mel (ABEMEL), empresas do setor ap\u00edcola brasileiro participaram da APIMONDIA 2022, realizada de 24 a 28 de agosto em Istambul, na Turquia.<\/span><\/p>\n<p><span style=\"font-size: large;\">O congresso, que estava anteriormente planejado para acontecer em 2021 na cidade de Ufa na R\u00fassia, foi adiado para 2022, devido \u00e0 pandemia do COVID-19, e alterado para a cidade de Istambul, em decorr\u00eancia da guerra.<\/span><\/p>\n<p><span style=\"font-size: large;\">Al\u00e9m do stand brasileiro ser destaque em localiza\u00e7\u00e3o, organiza\u00e7\u00e3o e estrutura, a participa\u00e7\u00e3o setorial evidenciou ainda mais o setor ap\u00edcola brasileiro, refor\u00e7ando a imagem do nosso pa\u00eds como grande produtor de mel org\u00e2nico e pr\u00f3polis. <\/span><\/p>\n<p><span style=\"font-size: large;\">Na 47\u00aa edi\u00e7\u00e3o, o pavilh\u00e3o brasileiro, com uma estrutura de 126 m\u00b2, contou com 6 entrepostos associados: Apidouro, Apis Nativa, Essenciale Bee Products, Ita Brasil Mel e Pr\u00f3polis, Melbras e Supermel, que tiveram a oportunidade de promover seus produtos ap\u00edcolas de alta qualidade, fortalecer a rela\u00e7\u00e3o comercial com grandes compradores, consolidar clientes e captar novos parceiros.<\/span><\/p>\n<p><span style=\"font-size: large;\">Al\u00e9m de movimentar o setor comercialmente, a participa\u00e7\u00e3o brasileira foi coroada por premia\u00e7\u00f5es no World Beekeeping Awards*, conquistando 7 medalhas ao todo e, mais uma vez, elevando mundialmente o nome da apicultura brasileira. <\/span><\/p>\n<p><span style=\"font-size: large;\">A associada Apis Nativa foi a \u00fanica empresa brasileira a ser premiada entre 156 participantes de 21 pa\u00edses, sendo respons\u00e1vel pela conquista de 7 medalhas (1 de ouro, 2 de prata e 4 de bronze). Na avalia\u00e7\u00e3o, a empresa aparece entre os melhores m\u00e9is do mundo, conquistando 5 entre as 7 medalhas desta categoria.<\/span><\/p>\n<p><span style=\"font-size: large;\">Desde que a empresa come\u00e7ou a participar do maior congresso mundial da apicultura, em 2007 a Apis Nativa recebeu medalhas em todas as edi\u00e7\u00f5es em que participou, somando-se 23 conquistas, que premiaram m\u00e9is e cera de abelha, al\u00e9m de uma Men\u00e7\u00e3o Honrosa dedicada ao seu fundador, Dr. C\u00e9lio Silva.<\/span><\/p>\n<p><span style=\"font-size: large;\">\u201c\u00c9 muito bom participar da APIMONDIA, representar o Brasil e mostrar novamente que o pa\u00eds tem um dos melhores m\u00e9is do mundo. Aproveito a oportunidade e agrade\u00e7o a todos os apicultores, fornecedores e funcion\u00e1rios colaboradores da empresa, essa \u00e9 uma conquista de todos n\u00f3s juntos, o que nos motiva a continuar trabalhando unidos, investindo em qualidade e produtividade. Esse m\u00e9rito \u00e9 do Brasil, esse m\u00e9rito \u00e9 de todos!\u201d &#8211; Comemora, Tarciano Santos da Silva, s\u00f3cio diretor da empresa.<\/span><\/p>\n<p><span style=\"font-size: large;\">Para a gerente executiva da ABEMEL, Suelen de Palma Tomazella, o congresso superou as expectativas: \u201c Sabemos que estamos vivendo um per\u00edodo at\u00edpico, al\u00e9m da pandemia do Covid-19 o cen\u00e1rio de guerra se faz muito incerto nos dias atuais e, as empresas que participaram, acreditaram neste importante evento o que foi fundamental para viabilizar o trabalho da entidade. O congresso possibilita ao nosso associado fortalecer a rela\u00e7\u00e3o comercial com grandes compradores, consolidar clientes e captar novos parceiros, al\u00e9m da oportunidade de participar de diversos concursos, objetivando o destaque do produto brasileiro que sabemos que possuem caracter\u00edsticas e propriedades inigual\u00e1veis, sem res\u00edduos e sem contaminantes. Nos \u00faltimos anos o Brasil foi destaque em suas premia\u00e7\u00f5es, e neste ano n\u00e3o poderia ter sido diferente\u201d.<\/span><\/p>\n<p><span style=\"font-size: large;\"><a href=\"https:\/\/apacame.org.br\/site\/wp-content\/uploads\/2022\/12\/Quadro2_apimondia.jpg\"><img decoding=\"async\" class=\"alignright size-large wp-image-5306\" src=\"https:\/\/apacame.org.br\/site\/wp-content\/uploads\/2022\/12\/Quadro2_apimondia-415x1024.jpg\" alt=\"Quadro2_apimondia\" width=\"415\" height=\"1024\" srcset=\"https:\/\/apacame.org.br\/site\/wp-content\/uploads\/2022\/12\/Quadro2_apimondia-415x1024.jpg 415w, https:\/\/apacame.org.br\/site\/wp-content\/uploads\/2022\/12\/Quadro2_apimondia-122x300.jpg 122w, https:\/\/apacame.org.br\/site\/wp-content\/uploads\/2022\/12\/Quadro2_apimondia-150x370.jpg 150w, https:\/\/apacame.org.br\/site\/wp-content\/uploads\/2022\/12\/Quadro2_apimondia-203x500.jpg 203w, https:\/\/apacame.org.br\/site\/wp-content\/uploads\/2022\/12\/Quadro2_apimondia.jpg 780w\" sizes=\"(max-width: 415px) 100vw, 415px\" \/><\/a>*O World Beekeeping Awards \u00e9 um concurso global relacionado \u00e0 apicultura e realizado a cada 2 anos, no Congresso Internacional de Apicultura \u2013 APIMONDIA. Existem v\u00e1rias classes de concursos, que incluem diferentes tipos de mel, cera de abelha, hidromel e outras bebidas de mel, cosm\u00e9ticos e medicamentos. Tamb\u00e9m existem concursos para melhores inova\u00e7\u00f5es e inven\u00e7\u00f5es na apicultura, para livros, revistas, exposi\u00e7\u00f5es art\u00edsticas e displays.<\/span><\/p>\n<p><span style=\"font-size: large;\"><b>Empresas brasileiras do setor ap\u00edcola, marcam presen\u00e7a na WorldFood Istambul 2022<\/b><\/span><\/p>\n<p><span style=\"font-size: large;\">A feira \u00e9 uma exposi\u00e7\u00e3o internacional de produtos alimentares e tecnologias de processamento com localiza\u00e7\u00e3o historicamente estrat\u00e9gica entre Europa e \u00c1sia.<\/span><\/p>\n<p><span style=\"font-size: large;\">Dentre os dias 1 e 4 de setembro, onze empresas brasileiras participaram da feira internacional WorldFood Istanbul 2022 realizada em Istambul, na Turquia. <\/span><\/p>\n<p><span style=\"font-size: large;\">O Pavilh\u00e3o do Brasil foi coordenado pelo Minist\u00e9rio da Agricultura, Pecu\u00e1ria e Abastecimento (MAPA), em parceria com o Minist\u00e9rio das Rela\u00e7\u00f5es Exteriores (MRE) e o Consulado-Geral do Brasil em Istambul.<\/span><\/p>\n<p><span style=\"font-size: large;\">A estrutura contou com 90 metros quadrados e informa\u00e7\u00f5es sobre produtos brasileiros aptos para a exporta\u00e7\u00e3o, como a\u00e7a\u00ed, a\u00e7\u00facar, amendoim, arroz, balas, bovino vivo, caf\u00e9, carne de frango, doces, mel, pr\u00f3polis e pulses.<\/span><\/p>\n<p><span style=\"font-size: large;\">Nesta edi\u00e7\u00e3o, a ABEMEL esteve presente para prestigiar seus associados, Api\u00e1rio Flor de Mel e Essenciale Bee Products que estavam representando o setor ap\u00edcola brasileiro.<\/span><\/p>\n<p><span style=\"font-size: large;\">\u201cVimos uma oportunidade fundamental em estarmos junto de nosso associado. Sabemos que uma feira como essa, as empresas participantes t\u00eam a oportunidade de estabelecer novos neg\u00f3cios, conhecer novos compradores, n\u00e3o s\u00f3 da Turquia, mas como do mundo todo, al\u00e9m de colocar nosso pa\u00eds em destaque\u201d enfatiza Suelen de Palma Tomazella, gerente executiva da ABEMEL.<\/span><\/p>\n<p><span style=\"font-size: large;\">N\u00edvia Alcici, CEO da Essenciale Bee Products, explica a import\u00e2ncia de a empresa permanecer na cidade de Istambul para participar desta edi\u00e7\u00e3o da feira: \u201cAproveitamos a ocasi\u00e3o de nossa participa\u00e7\u00e3o na APIMONDIA, que \u00e9 feira mais importante do setor, para nesta feira multisetorial, adquirir outras oportunidades, recebendo visita de dezenas de pa\u00edses que aqui est\u00e3o em busca de variedade e qualidade. A Essenciale busca sempre novas oportunidades para apresentar nossa tecnologia de produ\u00e7\u00e3o que asseguram qualidade, inova\u00e7\u00e3o, e pre\u00e7os competitivos. Nossa empresa tem hist\u00f3rico em pr\u00eamios de inova\u00e7\u00e3o e somos muito orgulhosos de atrav\u00e9s do nosso trabalho levarmos o nome do Brasil em eventos como este\u201d.<\/span><\/p>\n<p><span style=\"font-size: large;\">Em sua primeira participa\u00e7\u00e3o na WorldFood, a Api\u00e1rio Flor de Mel desenvolveu uma edi\u00e7\u00e3o especial \u201cSabores do Brasil\u201d onde a ideia foi trazer m\u00e9is de diferentes regi\u00f5es do pa\u00eds, mostrando a diversidade ap\u00edcola do bioma brasileiro.<\/span><\/p>\n<p><span style=\"font-size: large;\">Da regi\u00e3o nordeste, foi trazido o mel de aroeira, do centro-oeste, cip\u00f3-uva, do sudeste da candeia e do sul do Brasil o mel de bracatinga.<\/span><\/p>\n<p><span style=\"font-size: large;\"><a href=\"https:\/\/apacame.org.br\/site\/wp-content\/uploads\/2022\/12\/Quadro3_apimondia.jpg\"><img decoding=\"async\" class=\"alignleft size-large wp-image-5307\" src=\"https:\/\/apacame.org.br\/site\/wp-content\/uploads\/2022\/12\/Quadro3_apimondia-593x1024.jpg\" alt=\"Quadro3_apimondia\" width=\"593\" height=\"1024\" srcset=\"https:\/\/apacame.org.br\/site\/wp-content\/uploads\/2022\/12\/Quadro3_apimondia-593x1024.jpg 593w, https:\/\/apacame.org.br\/site\/wp-content\/uploads\/2022\/12\/Quadro3_apimondia-174x300.jpg 174w, https:\/\/apacame.org.br\/site\/wp-content\/uploads\/2022\/12\/Quadro3_apimondia-150x259.jpg 150w, https:\/\/apacame.org.br\/site\/wp-content\/uploads\/2022\/12\/Quadro3_apimondia-289x500.jpg 289w, https:\/\/apacame.org.br\/site\/wp-content\/uploads\/2022\/12\/Quadro3_apimondia.jpg 780w\" sizes=\"(max-width: 593px) 100vw, 593px\" \/><\/a>J\u00falia Carnevalli, diretoria executiva da empresa orgulha-se ao falar do objetivo com essa edi\u00e7\u00e3o e design desenvolvido para feiras internacionais: \u201cA nossa ideia foi mostrar para as pessoas do mundo que cada regi\u00e3o brasileira tem seu destaque em mel, sendo na sua cor, textura, paladar e acima de tudo qualidade. As pessoas conhecem apenas \u00b4mel` e o nosso alvo \u00e9 n\u00e3o apenas trazer esse \u00b4mel` e sim mostrar toda a hist\u00f3ria dos nossos m\u00e9is, suas propriedades, qualidades, periodicidade, entre outros\u201d.<\/span><\/p>\n<p><span style=\"font-size: large;\"><b>Presidente da ABEMEL, palestra no maior congresso de apicultura do mundo<\/b><\/span><\/p>\n<p><span style=\"font-size: large;\">No dia 25 de agosto, na APIMONDIA, ocorreu a palestra ministrada pela Dra. Andresa Berretta, presidente da ABEMEL, farmac\u00eautica respons\u00e1vel e l\u00edder de P&amp;D da Apis Flora Industrial e Comercial Ltda.<\/span><\/p>\n<p><span style=\"font-size: large;\">Entre centenas de estudos submetidos para apresenta\u00e7\u00e3o na 47\u00aa edi\u00e7\u00e3o da APIMONDIA, nossa presidente foi escolhida para apresentar e debater os seguintes temas:<\/span><\/p>\n<p><span style=\"font-size: large;\">&#8211; \u2018Ensaios Cl\u00ednicos de Pr\u00f3polis EPP-AF\u00ae &#8211; desde estudos de seguran\u00e7a at\u00e9 pacientes hospitalizados com COVID-19\u2019, no qual mostrou a import\u00e2ncia de o Brasil ter realizado a primeira pesquisa cl\u00ednica com pr\u00f3polis em pacientes com COVID e a import\u00e2ncia da pr\u00f3polis brasileira em diversas aplica\u00e7\u00f5es;<\/span><\/p>\n<p><span style=\"font-size: large;\">&#8211; \u2018Avalia\u00e7\u00e3o cl\u00ednica de um sistema de libera\u00e7\u00e3o sustentada \u00e0 base de uma m\u00e1scara facial a base de biomembrana contendo extrato de pr\u00f3polis e \u00f3leos naturais para o tratamento da acne\u2019, onde abordou o desenvolvimento dessa m\u00e1scara para o tratamento da acne e apresentou os resultados do estudo cl\u00ednico realizado, que mostrou a efetividade da m\u00e1scara para controle da oleosidade da pele de pacientes acneicos, bem como a redu\u00e7\u00e3o da acne nos pacientes avaliados.<\/span><\/p>\n<p><span style=\"font-size: large;\">Dra. Andresa avaliou sua participa\u00e7\u00e3o como positiva: \u201cA APIMONDIA \u00e9 o maior evento da cadeia ap\u00edcola, envolvendo desde a import\u00e2ncia das abelhas do ponto de vista ambiental, at\u00e9 seus produtos que s\u00e3o amplamente utilizados na Apiterapia. Ter tido a oportunidade de compartilhar nossos estudos cl\u00ednicos com a pr\u00f3polis brasileira foi uma satisfa\u00e7\u00e3o e uma grande honra, demonstra que nosso trabalho tem forte impacto cient\u00edfico e qualidade. Mais de 90 pa\u00edses participaram do congresso, assim, compartilhar resultados da pr\u00f3polis e demais produtos da biodiversidade brasileira, sempre traz visibilidade para nosso pa\u00eds e impacto em toda a cadeia ap\u00edcola, gerando neg\u00f3cios para todos os associados da ABEMEL\u201d.<\/span><\/p>\n<p><span style=\"font-size: large;\">Na ocasi\u00e3o, Dra. Andresa al\u00e9m de apresentar os estudos sobre os referidos temas, teve a oportunidade de debat\u00ea-los e tirar as d\u00favidas dos presentes.<\/span><\/p>\n<p><span style=\"font-size: large;\"><b>Visita do Consulado-Geral do Brasil em Istambul ao Pavilh\u00e3o brasileiro<\/b><\/span><\/p>\n<p><span style=\"font-size: large;\">Durante o congresso, os associados da ABEMEL tiveram a oportunidade de receber no stand do Brasil, a Vice C\u00f4nsul e Chefe do Setor de Promo\u00e7\u00e3o Comercial &#8211; SECOM de Istambul, Luana Alessandra Roeder. <\/span><\/p>\n<p><span style=\"font-size: large;\">O objetivo da visita foi conhecer as diversidades dos produtos do setor ap\u00edcola exportador brasileiro, al\u00e9m de ressaltar a disponibilidade do Consulado Geral do Brasil, em Istambul.<\/span><\/p>\n<p><span style=\"font-size: large;\">Na oportunidade, a entidade contou tamb\u00e9m com a ilustre presen\u00e7a da Excelent\u00edssima C\u00f4nsul-Geral do Brasil, Regina Maria Cordeiro Dunlop. <\/span><\/p>\n<p><span style=\"font-size: large;\">A Embaixadora fez quest\u00e3o de visitar todos os associados e conhecer a pluralidade do setor, sempre esbanjando simpatia e muita disponibilidade. Al\u00e9m disso, na ocasi\u00e3o, a C\u00f4nsul fez quest\u00e3o de parabenizar a empresa Apis Nativa, que conquistou a marca de 7 medalhas para o nosso pa\u00eds, e provar dos m\u00e9is que conquistaram os ju\u00edzes sommeliers do World Beekeeping Awards.<\/span><\/p>\n<p><span style=\"font-size: large;\">\u201cApoiar expositores brasileiros \u00e9 parte muito importante do nosso trabalho e \u00e9 gratificante acompanhar e ver o sucesso de cada empresa que vem do Brasil. Pessoalmente, aprendi bastante nas conversas mantidas com os expositores, com a ABEMEL e a ApexBrasil. <\/span><\/p>\n<p><span style=\"font-size: large;\">Ao percorrer os espa\u00e7os reservados aos brasileiros, senti orgulho da variedade e alta qualidade de produtos da apicultura que o Brasil tem para oferecer ao mundo.\u201d Orgulha-se Sra. Dunlop.<\/span><\/p>\n","protected":false},"excerpt":{"rendered":"<p>47\u00ba Congresso Internacional de Apicultura \u2013 APIMONDIA 22 Por: Suelen de Palma Tomazella &#8211; Gerente ABEMEL A participa\u00e7\u00e3o brasileira na APIMONDIA 2022 foi marcada por premia\u00e7\u00f5es e grandes expectativas de [&hellip;]<\/p>\n","protected":false},"author":20,"featured_media":0,"parent":5274,"menu_order":0,"comment_status":"open","ping_status":"open","template":"","meta":{"pmpro_default_level":"","_price":"","_stock":"","_tribe_ticket_header":"","_tribe_default_ticket_provider":"","_tribe_ticket_capacity":"0","_ticket_start_date":"","_ticket_end_date":"","_tribe_ticket_show_description":"","_tribe_ticket_show_not_going":false,"_tribe_ticket_use_global_stock":"","_tribe_ticket_global_stock_level":"","_global_stock_mode":"","_global_stock_cap":"","_tribe_rsvp_for_event":"","_tribe_ticket_going_count":"","_tribe_ticket_not_going_count":"","_tribe_tickets_list":"[]","_tribe_ticket_has_attendee_info_fields":false,"cybocfi_hide_featured_image":"","footnotes":""},"class_list":["post-5304","page","type-page","status-publish","hentry","pmpro-has-access"],"_links":{"self":[{"href":"https:\/\/apacame.org.br\/site\/wp-json\/wp\/v2\/pages\/5304"}],"collection":[{"href":"https:\/\/apacame.org.br\/site\/wp-json\/wp\/v2\/pages"}],"about":[{"href":"https:\/\/apacame.org.br\/site\/wp-json\/wp\/v2\/types\/page"}],"author":[{"embeddable":true,"href":"https:\/\/apacame.org.br\/site\/wp-json\/wp\/v2\/users\/20"}],"replies":[{"embeddable":true,"href":"https:\/\/apacame.org.br\/site\/wp-json\/wp\/v2\/comments?post=5304"}],"version-history":[{"count":2,"href":"https:\/\/apacame.org.br\/site\/wp-json\/wp\/v2\/pages\/5304\/revisions"}],"predecessor-version":[{"id":5309,"href":"https:\/\/apacame.org.br\/site\/wp-json\/wp\/v2\/pages\/5304\/revisions\/5309"}],"up":[{"embeddable":true,"href":"https:\/\/apacame.org.br\/site\/wp-json\/wp\/v2\/pages\/5274"}],"wp:attachment":[{"href":"https:\/\/apacame.org.br\/site\/wp-json\/wp\/v2\/media?parent=5304"}],"curies":[{"name":"wp","href":"https:\/\/api.w.org\/{rel}","templated":true}]}}