{"id":5293,"date":"2022-12-06T22:14:21","date_gmt":"2022-12-06T22:14:21","guid":{"rendered":"https:\/\/apacame.org.br\/site\/?page_id=5293"},"modified":"2022-12-06T22:14:21","modified_gmt":"2022-12-06T22:14:21","slug":"noticia","status":"publish","type":"page","link":"https:\/\/apacame.org.br\/site\/revista\/mensagem-doce-n-169-novembro-de-2022\/noticia\/","title":{"rendered":"Not\u00edcia"},"content":{"rendered":"<h1 style=\"text-align: center;\">Grupo trabalha para salvar abelha em risco de extin\u00e7\u00e3o<\/h1>\n<blockquote><p>Fonte: Publicado em\u00a011\/09\/2022 \u00e1s 13h02 Por Canal Rural<\/p><\/blockquote>\n<p><span style=\"font-size: large;\"><b>O inseto \u00e9 respons\u00e1vel pela poliniza\u00e7\u00e3o de imensas \u00e1reas naturais e agr\u00edcolas e pela renda de pequenos produtores e agricultores familiares<\/b><\/span><\/p>\n<figure id=\"attachment_5294\" aria-describedby=\"caption-attachment-5294\" style=\"width: 300px\" class=\"wp-caption alignright\"><a href=\"https:\/\/apacame.org.br\/site\/wp-content\/uploads\/2022\/12\/Foro_grupo-trabalha.jpg\"><img fetchpriority=\"high\" decoding=\"async\" class=\"wp-image-5294 size-medium\" src=\"https:\/\/apacame.org.br\/site\/wp-content\/uploads\/2022\/12\/Foro_grupo-trabalha-300x214.jpg\" alt=\"Foro_grupo-trabalha\" width=\"300\" height=\"214\" srcset=\"https:\/\/apacame.org.br\/site\/wp-content\/uploads\/2022\/12\/Foro_grupo-trabalha-300x214.jpg 300w, https:\/\/apacame.org.br\/site\/wp-content\/uploads\/2022\/12\/Foro_grupo-trabalha-150x107.jpg 150w, https:\/\/apacame.org.br\/site\/wp-content\/uploads\/2022\/12\/Foro_grupo-trabalha-500x357.jpg 500w, https:\/\/apacame.org.br\/site\/wp-content\/uploads\/2022\/12\/Foro_grupo-trabalha.jpg 748w\" sizes=\"(max-width: 300px) 100vw, 300px\" \/><\/a><figcaption id=\"caption-attachment-5294\" class=\"wp-caption-text\">Foto EMBRAPA<\/figcaption><\/figure>\n<p><span style=\"font-size: large;\">A abelha Uru\u00e7u Amarela do Cerrado (Melipona rufiventris), sem ferr\u00e3o, capaz\u00a0 de produzir at\u00e9 cinco quilos de mel por col\u00f4nia ao ano, \u00e9 o elo entre pesquisadores e t\u00e9cnicos da Embrapa Recursos Gen\u00e9ticos e Biotecnologia\u00a0(DF), de institui\u00e7\u00f5es parceiras e meliponicultores (criadores de esp\u00e9cies de abelhas nativas) em uma pesquisa in\u00e9dita para evitar sua extin\u00e7\u00e3o.<\/span><\/p>\n<p><span style=\"font-size: large;\">O inseto \u00e9 respons\u00e1vel\u00a0pela poliniza\u00e7\u00e3o de imensas \u00e1reas naturais e agr\u00edcolas e pela renda de pequenos produtores e agricultores familiares. Sua raridade, na natureza e na meliponicultura (cria\u00e7\u00e3o racional de abelhas nativas sem ferr\u00e3o), faz com que seus produtos tenham maior valor agregado.<\/span><\/p>\n<p><span style=\"font-size: large;\">A equipe envolvida na pesquisa quer detectar o grau de risco de desaparecimento da abelha. Al\u00e9m disso tamb\u00e9m estabelecer crit\u00e9rios para elabora\u00e7\u00e3o de um plano de manejo sustent\u00e1vel, que possibilite sua conserva\u00e7\u00e3o. O trabalho abrange, entre outros estudos, an\u00e1lises gen\u00f4micas e gen\u00e9ticas de popula\u00e7\u00f5es do inseto.<\/span><\/p>\n<p><span style=\"font-size: large;\">O desmatamento de grandes \u00e1reas naturais e o uso indiscriminado de agrot\u00f3xicos est\u00e3o entre os principais motivos que colocam a esp\u00e9cie, em risco. Soma-se a eles a preda\u00e7\u00e3o de ninhos naturais para retirada criminosa de mel ou dos pr\u00f3prios ninhos. Vende-se o mel na internet, ent\u00e3o, o que pode ocasionar a morte do enxame.<\/span><\/p>\n<p><span style=\"font-size: large;\">Por isso, desde dezembro de 2014 uma\u00a0portaria do Minist\u00e9rio do Meio Ambiente (MMA)\u00a0inseriu\u00a0a Uru\u00e7u Amarela do Cerrado na categoria EN, ou seja, em perigo de extin\u00e7\u00e3o. Portaria mais recente (MMA no\u00a0148 de 07\/06\/2022) a manteve na lista de esp\u00e9cies amea\u00e7adas, alertando a sociedade e a comunidade cient\u00edfica sobre as restri\u00e7\u00f5es relacionadas ao seu manejo.<\/span><\/p>\n<p><span style=\"font-size: large;\"><b>Deslocamento indiscriminado de ninhos<\/b><\/span><\/p>\n<p><span style=\"font-size: large;\">De acordo com o meliponicultor e presidente da Associa\u00e7\u00e3o de Meliponicultores do Distrito Federal (AMe-DF), Anselmo Carvalho, a atividade da meliponicultura, apesar de bastante difundida, ainda n\u00e3o disp\u00f5e de uma lei federal que a regulamente, levando inseguran\u00e7a jur\u00eddica aos criadores.<\/span><\/p>\n<p><span style=\"font-size: large;\">Alguns estados at\u00e9 disp\u00f5em de lei pr\u00f3pria, mas a maioria est\u00e1 sujeita \u00e0\u00a0Resolu\u00e7\u00e3o Conama no\u00a0496\/2020, que permite, por exemplo, a captura de enxames por meio de recipientes-isca como forma de constitui\u00e7\u00e3o de plant\u00e9is e tamb\u00e9m isenta os criadores de se cadastrarem no \u00f3rg\u00e3o ambiental nas cria\u00e7\u00f5es consideradas n\u00e3o comerciais, isto \u00e9, aquelas com at\u00e9 49 col\u00f4nias.<\/span><\/p>\n<p><span style=\"font-size: large;\">Muitos meliponicultores fazem manejos para multiplica\u00e7\u00e3o de seus enxames. A comercializa\u00e7\u00e3o fica entre R$ 400 e R$ 1.000 ou h\u00e1 troca entre os criadores. Isto visa o aumento da diversidade gen\u00e9tica em seus plant\u00e9is. Como nem sempre a \u00e1rea de ocorr\u00eancia natural \u00e9 respeitada por alguns criadores, no estudo em curso\u00a0\u00e9 necess\u00e1rio avaliar o efeito adverso ou ben\u00e9fico nas popula\u00e7\u00f5es naturais. Tamb\u00e9m a avalia\u00e7\u00e3o do deslocamento indiscriminado e sem crit\u00e9rios cient\u00edficos de ninhos da Uru\u00e7u Amarela do Cerrado.<\/span><\/p>\n<p><span style=\"font-size: large;\"><b>Maior frequ\u00eancia de acasalamento<\/b><\/span><\/p>\n<p><span style=\"font-size: large;\">De acordo com a pesquisadora da Embrapa\u00a0D\u00e9bora Pires, coordenadora do projeto\u00a0Avalia\u00e7\u00e3o da diversidade gen\u00e9tica da abelha nativa Uru\u00e7u Amarela do Cerrado e do risco da movimenta\u00e7\u00e3o antropog\u00eanica dos ninhos, a movimenta\u00e7\u00e3o frequente e indiscriminada dos ninhos pode favorecer uma maior frequ\u00eancia de acasalamento entre indiv\u00edduos de popula\u00e7\u00f5es de melipon\u00e1rio vindos de regi\u00f5es fora da ocorr\u00eancia natural com as popula\u00e7\u00f5es do bioma Cerrado.<\/span><\/p>\n<p><span style=\"font-size: large;\">\u201cPara popula\u00e7\u00f5es naturais, pequenas e isoladas\u00a0 o cruzamento cont\u00ednuo de rainhas descendentes h\u00edbridas, pode causar, o empobrecimento da diversidade gen\u00e9tica. Seus gen\u00f3tipos passam a ser substitu\u00eddos pelos gen\u00f3tipos das popula\u00e7\u00f5es de melipon\u00e1rio\u201d, explica a cientista. Com isso, poder\u00e1 haver perda de importantes adapta\u00e7\u00f5es locais ao ambiente, como a resist\u00eancia a doen\u00e7as.<\/span><\/p>\n<p><span style=\"font-size: large;\">Para avaliar o grau do risco de desaparecimento da esp\u00e9cie nativa a pesquisadora D\u00e9bora Pires conta com ajuda de meliponicultores. Anselmo Carvalho e Roberto Montenegro coletam abelhas em ninhos naturais do Distrito Federal e regi\u00f5es do bioma e tamb\u00e9m nos criat\u00f3rios. Eles t\u00eam percorrido pequenas propriedades para conscientizar os criadores da import\u00e2ncia da pesquisa, al\u00e9m de levar o tema para escolas.<\/span><\/p>\n<p><span style=\"font-size: large;\">Al\u00e9m disso, a equipe liderada pela cientista tem a autoriza\u00e7\u00e3o do\u00a0Sistema de Autoriza\u00e7\u00e3o e Informa\u00e7\u00e3o em Biodiversidade (SISBio), do Instituto Chico Mendes de Conserva\u00e7\u00e3o da Biodiversidade (ICMBio), para realizar essa atividade, que consiste\u00a0apenas na coleta das abelhas, em ninhos naturais e em melipon\u00e1rios do Distrito Federal e de estados que fazem parte do bioma natural da esp\u00e9cie.<\/span><\/p>\n<p><span style=\"font-size: large;\"><b>Campanha para salvar a Uru\u00e7u Amarela do Cerrado<\/b><\/span><\/p>\n<p><span style=\"font-size: large;\">A dire\u00e7\u00e3o da AMe-DF est\u00e1 fazendo uma campanha junto aos meliponicultores para que eles colaborem repassando aos pesquisadores a indica\u00e7\u00e3o de onde h\u00e1 ninhos naturais.\u00a0 E, ao mesmo tempo, para que cedam material de seus ninhos para enriquecimento da pesquisa e consequente gera\u00e7\u00e3o de maior n\u00famero de dados.<\/span><\/p>\n<p><span style=\"font-size: large;\">\u201cAs localiza\u00e7\u00f5es dos ninhos naturais e dos melipon\u00e1rios, bem como a identidade dos meliponicultores, mant\u00e9m-se sob sigilo. N\u00e3o h\u00e1 divulga\u00e7\u00e3o dos dados, pois assim evitamos saques dos ninhos naturais da esp\u00e9cie\u201d, explica Pires, enfatizando que o estudo tem finalidade estritamente cient\u00edfica.<\/span><\/p>\n<p><span style=\"font-size: large;\">Levam-se as abelhas , para an\u00e1lises gen\u00f4micas e de gen\u00e9tica de popula\u00e7\u00f5es, ao laborat\u00f3rio da Embrapa Recursos Gen\u00e9ticos e Biotecnologia.\u00a0 Para a confer\u00eancia taxon\u00f4mica, s\u00e3o encaminhadas ao laborat\u00f3rio de taxonomia de abelhas nativas da Universidade de Bras\u00edlia (UnB), sob a responsabilidade\u00a0do professor Ant\u00f4nio Aguiar.<\/span><\/p>\n<p><span style=\"font-size: large;\">Ap\u00f3s a an\u00e1lise cient\u00edfica, o\u00a0pr\u00f3ximo passo ser\u00e1 convidar os meliponicultores, a comunidade cient\u00edfica e os \u00f3rg\u00e3os reguladores para juntos analisarem o risco. Assim, haver\u00e1 discuss\u00e3o de crit\u00e9rios para elabora\u00e7\u00e3o de um plano de manejo que possibilite a conserva\u00e7\u00e3o da Uru\u00e7u Amarela do Cerrado. A inten\u00e7\u00e3o \u00e9 que o manejo multiplicativo dos ninhos matrizes e a venda ou troca de ninhos sejam sustent\u00e1veis.<\/span><\/p>\n<p><span style=\"font-size: large;\">\u201cO levantamento de dados desse projeto \u00e9 estrat\u00e9gico para viabilizar a\u00e7\u00f5es de preven\u00e7\u00e3o ou mitiga\u00e7\u00e3o de risco ambiental irrepar\u00e1vel e de valor inestim\u00e1vel, com suporte direto a pol\u00edticas p\u00fablicas.\u201d, assegura a l\u00edder da pesquisa, citando como refer\u00eancia o\u00a0Plano de A\u00e7\u00e3o Nacional para a Conserva\u00e7\u00e3o dos Insetos Polinizadores Amea\u00e7ados de Extin\u00e7\u00e3o \u2013 Panip, regulamentado pela\u00a0Instru\u00e7\u00e3o Normativa ICMBio n\u00ba 21\/2018.<\/span><\/p>\n","protected":false},"excerpt":{"rendered":"<p>Grupo trabalha para salvar abelha em risco de extin\u00e7\u00e3o Fonte: Publicado em\u00a011\/09\/2022 \u00e1s 13h02 Por Canal Rural O inseto \u00e9 respons\u00e1vel pela poliniza\u00e7\u00e3o de imensas \u00e1reas naturais e agr\u00edcolas e [&hellip;]<\/p>\n","protected":false},"author":20,"featured_media":0,"parent":5274,"menu_order":0,"comment_status":"open","ping_status":"open","template":"","meta":{"pmpro_default_level":"","_price":"","_stock":"","_tribe_ticket_header":"","_tribe_default_ticket_provider":"","_tribe_ticket_capacity":"0","_ticket_start_date":"","_ticket_end_date":"","_tribe_ticket_show_description":"","_tribe_ticket_show_not_going":false,"_tribe_ticket_use_global_stock":"","_tribe_ticket_global_stock_level":"","_global_stock_mode":"","_global_stock_cap":"","_tribe_rsvp_for_event":"","_tribe_ticket_going_count":"","_tribe_ticket_not_going_count":"","_tribe_tickets_list":"[]","_tribe_ticket_has_attendee_info_fields":false,"cybocfi_hide_featured_image":"","footnotes":""},"class_list":["post-5293","page","type-page","status-publish","hentry","pmpro-has-access"],"_links":{"self":[{"href":"https:\/\/apacame.org.br\/site\/wp-json\/wp\/v2\/pages\/5293"}],"collection":[{"href":"https:\/\/apacame.org.br\/site\/wp-json\/wp\/v2\/pages"}],"about":[{"href":"https:\/\/apacame.org.br\/site\/wp-json\/wp\/v2\/types\/page"}],"author":[{"embeddable":true,"href":"https:\/\/apacame.org.br\/site\/wp-json\/wp\/v2\/users\/20"}],"replies":[{"embeddable":true,"href":"https:\/\/apacame.org.br\/site\/wp-json\/wp\/v2\/comments?post=5293"}],"version-history":[{"count":2,"href":"https:\/\/apacame.org.br\/site\/wp-json\/wp\/v2\/pages\/5293\/revisions"}],"predecessor-version":[{"id":5296,"href":"https:\/\/apacame.org.br\/site\/wp-json\/wp\/v2\/pages\/5293\/revisions\/5296"}],"up":[{"embeddable":true,"href":"https:\/\/apacame.org.br\/site\/wp-json\/wp\/v2\/pages\/5274"}],"wp:attachment":[{"href":"https:\/\/apacame.org.br\/site\/wp-json\/wp\/v2\/media?parent=5293"}],"curies":[{"name":"wp","href":"https:\/\/api.w.org\/{rel}","templated":true}]}}