{"id":5282,"date":"2022-12-06T21:38:04","date_gmt":"2022-12-06T21:38:04","guid":{"rendered":"https:\/\/apacame.org.br\/site\/?page_id=5282"},"modified":"2022-12-06T21:38:04","modified_gmt":"2022-12-06T21:38:04","slug":"editorial","status":"publish","type":"page","link":"https:\/\/apacame.org.br\/site\/revista\/mensagem-doce-n-169-novembro-de-2022\/editorial\/","title":{"rendered":"Editorial"},"content":{"rendered":"<h1 style=\"text-align: center;\">A CBA TEM NOVO PRESIDENTE!<\/h1>\n<p><span style=\"font-size: large;\"><a href=\"https:\/\/apacame.org.br\/site\/wp-content\/uploads\/2021\/08\/Foto_Editorial.jpg\"><img fetchpriority=\"high\" decoding=\"async\" class=\"alignleft size-full wp-image-4205\" src=\"https:\/\/apacame.org.br\/site\/wp-content\/uploads\/2021\/08\/Foto_Editorial.jpg\" alt=\"Foto_Editorial\" width=\"385\" height=\"350\" srcset=\"https:\/\/apacame.org.br\/site\/wp-content\/uploads\/2021\/08\/Foto_Editorial.jpg 385w, https:\/\/apacame.org.br\/site\/wp-content\/uploads\/2021\/08\/Foto_Editorial-300x273.jpg 300w, https:\/\/apacame.org.br\/site\/wp-content\/uploads\/2021\/08\/Foto_Editorial-150x136.jpg 150w\" sizes=\"(max-width: 385px) 100vw, 385px\" \/><\/a>\u00c9 sempre uma grande motiva\u00e7\u00e3o para a apicultura quando assume a presid\u00eancia da CONFEDERA\u00c7\u00c3O BRASILEIRA DE APICULTORES (CBA) um profissional experiente e idealista como o Sr. Sergio Farias (DF). Novos dirigentes, novas pessoas na organiza\u00e7\u00e3o da institui\u00e7\u00e3o renovam a esperan\u00e7a do setor. Vamos torcer, e muito, para que haja entendimento ente CBA, federa\u00e7\u00f5es e associa\u00e7\u00f5es, rela\u00e7\u00e3o que nos \u00faltimos anos tem deixado muito a desejar. Nem mesmo o Congresso Brasileiro eles conseguem organizar. Enquanto n\u00e3o houver alinhamento entre todas as partes fica muito dif\u00edcil planejar a curto, m\u00e9dio ou longo prazo. Hoje fala mais alto o individualismo entre os apicultores, mesmo assim, em 2021 exportamos mais de 47 mil toneladas, com uma produ\u00e7\u00e3o de mais 55 mil toneladas, leia a reportagem sobre o assunto nesta revista. Os n\u00fameros est\u00e3o muito abaixo da nossa capacidade de produ\u00e7\u00e3o, que \u00e9 mais de 200 mil toneladas\/ ano.<\/span><\/p>\n<p><span style=\"font-size: large;\">Parte da diretoria da APACAME tamb\u00e9m esteve presente em evento no IAC Campinas, dia 3 de outubro, em comemora\u00e7\u00e3o ao dia da Abelha. A data foi muito importante para o in\u00edcio do desenvolvimento da apicultura do Estado de S\u00e3o Paulo, os detalhes est\u00e3o no artigo que voc\u00ea vai ler nesta revista tamb\u00e9m. Em paralelo, aconteceu a reuni\u00e3o da C\u00e2mara Setorial de Produtos Ap\u00edcolas, veja os detalhes tamb\u00e9m abaixo.<\/span><\/p>\n<p><span style=\"font-size: large;\">\u201cE que as abelhas sejam motivos de reuni\u00e3o e uni\u00e3o entre os homens\u201d <\/span><\/p>\n<p><span style=\"font-size: large;\">Uma associa\u00e7\u00e3o se faz com associados.<\/span><\/p>\n<p><span style=\"font-size: large;\"><i><b>Eloi Viana da Silva \u2013 Presidente Executivo &#8211; <a href=\"mailto:eloi@apacame.org.br\">eloi@apacame.org.br<\/a><\/b><\/i> <\/span><\/p>\n","protected":false},"excerpt":{"rendered":"<p>A CBA TEM NOVO PRESIDENTE! \u00c9 sempre uma grande motiva\u00e7\u00e3o para a apicultura quando assume a presid\u00eancia da CONFEDERA\u00c7\u00c3O BRASILEIRA DE APICULTORES (CBA) um profissional experiente e idealista como o [&hellip;]<\/p>\n","protected":false},"author":20,"featured_media":0,"parent":5274,"menu_order":0,"comment_status":"open","ping_status":"open","template":"","meta":{"pmpro_default_level":"","_price":"","_stock":"","_tribe_ticket_header":"","_tribe_default_ticket_provider":"","_tribe_ticket_capacity":"0","_ticket_start_date":"","_ticket_end_date":"","_tribe_ticket_show_description":"","_tribe_ticket_show_not_going":false,"_tribe_ticket_use_global_stock":"","_tribe_ticket_global_stock_level":"","_global_stock_mode":"","_global_stock_cap":"","_tribe_rsvp_for_event":"","_tribe_ticket_going_count":"","_tribe_ticket_not_going_count":"","_tribe_tickets_list":"[]","_tribe_ticket_has_attendee_info_fields":false,"cybocfi_hide_featured_image":"","footnotes":""},"class_list":["post-5282","page","type-page","status-publish","hentry","pmpro-has-access"],"_links":{"self":[{"href":"https:\/\/apacame.org.br\/site\/wp-json\/wp\/v2\/pages\/5282"}],"collection":[{"href":"https:\/\/apacame.org.br\/site\/wp-json\/wp\/v2\/pages"}],"about":[{"href":"https:\/\/apacame.org.br\/site\/wp-json\/wp\/v2\/types\/page"}],"author":[{"embeddable":true,"href":"https:\/\/apacame.org.br\/site\/wp-json\/wp\/v2\/users\/20"}],"replies":[{"embeddable":true,"href":"https:\/\/apacame.org.br\/site\/wp-json\/wp\/v2\/comments?post=5282"}],"version-history":[{"count":1,"href":"https:\/\/apacame.org.br\/site\/wp-json\/wp\/v2\/pages\/5282\/revisions"}],"predecessor-version":[{"id":5283,"href":"https:\/\/apacame.org.br\/site\/wp-json\/wp\/v2\/pages\/5282\/revisions\/5283"}],"up":[{"embeddable":true,"href":"https:\/\/apacame.org.br\/site\/wp-json\/wp\/v2\/pages\/5274"}],"wp:attachment":[{"href":"https:\/\/apacame.org.br\/site\/wp-json\/wp\/v2\/media?parent=5282"}],"curies":[{"name":"wp","href":"https:\/\/api.w.org\/{rel}","templated":true}]}}