{"id":5224,"date":"2022-09-30T14:49:49","date_gmt":"2022-09-30T14:49:49","guid":{"rendered":"https:\/\/apacame.org.br\/site\/?page_id=5224"},"modified":"2022-09-30T14:49:49","modified_gmt":"2022-09-30T14:49:49","slug":"curiosidade","status":"publish","type":"page","link":"https:\/\/apacame.org.br\/site\/revista\/mensagem-doce-n-168-setembro-de-2022\/curiosidade\/","title":{"rendered":"Curiosidade"},"content":{"rendered":"<h1 style=\"text-align: center;\">O processo de fabrica\u00e7\u00e3o do mel<\/h1>\n<blockquote><p>Fonte: <a href=\"https:\/\/www.maeshoney.com\/proceso-de-elaboracion-miel\/\" target=\"_blank\" rel=\"noopener\">https:\/\/www.maeshoney.com\/proceso-de-elaboracion-miel\/<\/a><\/p><\/blockquote>\n<p><span style=\"font-size: large;\"><a href=\"https:\/\/apacame.org.br\/site\/wp-content\/uploads\/2022\/09\/Foto-1-Mel.jpg\"><img decoding=\"async\" class=\"alignleft size-medium wp-image-5225\" src=\"https:\/\/apacame.org.br\/site\/wp-content\/uploads\/2022\/09\/Foto-1-Mel-300x124.jpg\" alt=\"Foto-1-Mel\" width=\"300\" height=\"124\" srcset=\"https:\/\/apacame.org.br\/site\/wp-content\/uploads\/2022\/09\/Foto-1-Mel-300x124.jpg 300w, https:\/\/apacame.org.br\/site\/wp-content\/uploads\/2022\/09\/Foto-1-Mel-150x62.jpg 150w, https:\/\/apacame.org.br\/site\/wp-content\/uploads\/2022\/09\/Foto-1-Mel-500x206.jpg 500w, https:\/\/apacame.org.br\/site\/wp-content\/uploads\/2022\/09\/Foto-1-Mel.jpg 774w\" sizes=\"(max-width: 300px) 100vw, 300px\" \/><\/a>O processo de fabrica\u00e7\u00e3o do mel dura aproximadamente 45 dias, onde cada abelha desempenha uma fun\u00e7\u00e3o espec\u00edfica. Desta forma, atrav\u00e9s do trabalho em equipe, \u00e9 garantido o correto desenvolvimento do processo e, consequentemente, a cria\u00e7\u00e3o de um mel de elevada qualidade. Abaixo mostramos em que consiste esse processo. <\/span><\/p>\n<p><span style=\"font-size: large;\"><b>COMO \u00c9 O PROCESSO DE FABRICA\u00c7\u00c3O DO MEL!<\/b><\/span><\/p>\n<p><span style=\"font-size: large;\"><b>Extra\u00e7\u00e3o do n\u00e9ctar das flores<\/b><\/span><\/p>\n<p><span style=\"font-size: large;\">O processo de fabrica\u00e7\u00e3o do mel come\u00e7a com a coleta do n\u00e9ctar das flores. Nesta etapa, as abelhas oper\u00e1rias adultas, ou seja, com pelo menos 21 dias, sobrevoam as flores para extrair o n\u00e9ctar. Para obter o n\u00e9ctar, rico em a\u00e7\u00facares, as abelhas sugam as flores com suas longas l\u00ednguas. <\/span><\/p>\n<p><span style=\"font-size: large;\">Desta forma, quando os apicultores querem obter mel de determinadas flores, o que fazem \u00e9 colocar as colmeias junto \u00e0s flores que pretendem polinizar. Assim, faz-se mel de ac\u00e1cia, alecrim, etc.<\/span><\/p>\n<p><span style=\"font-size: large;\">As abelhas depositam n\u00e9ctar em suas colmeias.<\/span><\/p>\n<p><span style=\"font-size: large;\">Uma vez que o n\u00e9ctar \u00e9 extra\u00eddo das flores, o processo de fabrica\u00e7\u00e3o do mel continua quando as abelhas ingerem o n\u00e9ctar e o armazenam em seu abd\u00f4men, chamado de \u201ccolheita do mel\u00e1rio\u201d. Uma vez ingerido, as abelhas modificam o pH do mel combinando-o com enzimas. <\/span><\/p>\n<p><span style=\"font-size: large;\">Posteriormente, as abelhas retornam \u00e0 colmeia, onde continua o processo de fabrica\u00e7\u00e3o do mel. L\u00e1, eles passam o n\u00e9ctar para outras abelhas oper\u00e1rias mais jovens, que extraem e decomp\u00f5em o n\u00e9ctar atrav\u00e9s de v\u00e1rias digest\u00f5es enzim\u00e1ticas em compostos mais simples, ricos principalmente em frutose e glicose. Isso explica o sabor doce do mel e sua alta ingest\u00e3o cal\u00f3rica. Dessa forma, as abelhas mastigam esse n\u00e9ctar por cerca de meia hora, at\u00e9 que a umidade do n\u00e9ctar passe de 70% para 20%. <\/span><\/p>\n<p><span style=\"font-size: large;\">Da mesma forma, essas enzimas modificam o pH do mel, chegando a cerca de 3,9%, ou seja, \u00e9 um produto muito \u00e1cido. <\/span><\/p>\n<p><span style=\"font-size: large;\"><b>A veda\u00e7\u00e3o das c\u00e9lulas<\/b><\/span><\/p>\n<p><span style=\"font-size: large;\">Uma vez que o mel \u00e9 depositado na colmeia, o processo de fabrica\u00e7\u00e3o do mel continua com a elimina\u00e7\u00e3o do excesso de umidade na colmeia. Para isso, as abelhas usam suas asas para ventilar as c\u00e9lulas e, assim, evitar o excesso de umidade do n\u00e9ctar sugado. Desta forma, conseguem extrair at\u00e9 80% do excesso de \u00e1gua. <\/span><\/p>\n<p><span style=\"font-size: large;\">Posteriormente, para garantir a correta conserva\u00e7\u00e3o do mel, as abelhas selam as c\u00e9lulas. Desta forma, o mel pode ser preservado por muitos anos. <\/span><\/p>\n<p><span style=\"font-size: large;\"><b>Conclus\u00e3o do processo de fabrica\u00e7\u00e3o do mel<\/b><\/span><\/p>\n<p><span style=\"font-size: large;\">O processo de fabrica\u00e7\u00e3o do mel termina quando, com o tempo, o n\u00e9ctar criado se une \u00e0s enzimas e \u00e0 cera; obtendo assim o mel seu sabor adocicado caracter\u00edstico. <\/span><\/p>\n<p><span style=\"font-size: large;\">Para remover quaisquer vest\u00edgios de cera que possam estar presentes, ap\u00f3s a coleta do produto, os apicultores o deixam em decanta\u00e7\u00e3o por alguns dias. Ap\u00f3s alguns dias de repouso, o produto \u00e9 filtrado e embalado. <\/span><\/p>\n<p><span style=\"font-size: large;\">Por outro lado, no caso do mel cru, ap\u00f3s alguns dias de repouso, o mel \u00e9 embalado diretamente. Ou seja, o produto n\u00e3o \u00e9 filtrado.<\/span><\/p>\n","protected":false},"excerpt":{"rendered":"<p>O processo de fabrica\u00e7\u00e3o do mel Fonte: https:\/\/www.maeshoney.com\/proceso-de-elaboracion-miel\/ O processo de fabrica\u00e7\u00e3o do mel dura aproximadamente 45 dias, onde cada abelha desempenha uma fun\u00e7\u00e3o espec\u00edfica. Desta forma, atrav\u00e9s do trabalho [&hellip;]<\/p>\n","protected":false},"author":20,"featured_media":0,"parent":5130,"menu_order":0,"comment_status":"open","ping_status":"open","template":"","meta":{"pmpro_default_level":"","_price":"","_stock":"","_tribe_ticket_header":"","_tribe_default_ticket_provider":"","_tribe_ticket_capacity":"0","_ticket_start_date":"","_ticket_end_date":"","_tribe_ticket_show_description":"","_tribe_ticket_show_not_going":false,"_tribe_ticket_use_global_stock":"","_tribe_ticket_global_stock_level":"","_global_stock_mode":"","_global_stock_cap":"","_tribe_rsvp_for_event":"","_tribe_ticket_going_count":"","_tribe_ticket_not_going_count":"","_tribe_tickets_list":"[]","_tribe_ticket_has_attendee_info_fields":false,"cybocfi_hide_featured_image":"","footnotes":""},"class_list":["post-5224","page","type-page","status-publish","hentry","pmpro-has-access"],"_links":{"self":[{"href":"https:\/\/apacame.org.br\/site\/wp-json\/wp\/v2\/pages\/5224"}],"collection":[{"href":"https:\/\/apacame.org.br\/site\/wp-json\/wp\/v2\/pages"}],"about":[{"href":"https:\/\/apacame.org.br\/site\/wp-json\/wp\/v2\/types\/page"}],"author":[{"embeddable":true,"href":"https:\/\/apacame.org.br\/site\/wp-json\/wp\/v2\/users\/20"}],"replies":[{"embeddable":true,"href":"https:\/\/apacame.org.br\/site\/wp-json\/wp\/v2\/comments?post=5224"}],"version-history":[{"count":2,"href":"https:\/\/apacame.org.br\/site\/wp-json\/wp\/v2\/pages\/5224\/revisions"}],"predecessor-version":[{"id":5228,"href":"https:\/\/apacame.org.br\/site\/wp-json\/wp\/v2\/pages\/5224\/revisions\/5228"}],"up":[{"embeddable":true,"href":"https:\/\/apacame.org.br\/site\/wp-json\/wp\/v2\/pages\/5130"}],"wp:attachment":[{"href":"https:\/\/apacame.org.br\/site\/wp-json\/wp\/v2\/media?parent=5224"}],"curies":[{"name":"wp","href":"https:\/\/api.w.org\/{rel}","templated":true}]}}