{"id":5210,"date":"2022-09-29T21:25:11","date_gmt":"2022-09-29T21:25:11","guid":{"rendered":"https:\/\/apacame.org.br\/site\/?page_id=5210"},"modified":"2022-09-29T21:25:11","modified_gmt":"2022-09-29T21:25:11","slug":"mensagem","status":"publish","type":"page","link":"https:\/\/apacame.org.br\/site\/revista\/mensagem-doce-n-168-setembro-de-2022\/mensagem\/","title":{"rendered":"Mensagem"},"content":{"rendered":"<h1 style=\"text-align: center;\">Contribua para o ecossistema do mundo! Valorizando o cultivo!<\/h1>\n<blockquote><p>por Judit Ahely &#8211; Idealizadora e palestrante no Projeto Valorize!<\/p><\/blockquote>\n<p><span style=\"font-size: large;\">No universo existem sistemas que podem ser reconhecidos por todos, encontrados na simplicidade de cada dia. Como em dar e receber, plantar e colher. Existe uma grandeza que est\u00e1 nos acontecimentos naturais.<\/span><\/p>\n<p><span style=\"font-size: large;\">Por\u00e9m h\u00e1 uma for\u00e7a que devasta tudo que existe sobre a Terra, abalando a esperan\u00e7a, as certezas e os valores. Com o solo desolado precisamos encontrar sementes e sentir apre\u00e7o pelo cultivo desse novo tempo que por n\u00f3s pode come\u00e7ar. E com um solo \u00e0s v\u00e9speras da desertifica\u00e7\u00e3o nasce o cultivar!<\/span><\/p>\n<p><span style=\"font-size: large;\">Cultive uma colmeia de abelhas nativas sem ferr\u00e3o em seu jardim \u2013 um movimento cada vez mais universal, e de ampla recomenda\u00e7\u00e3o para os valorizadores da natureza.<\/span><\/p>\n<p><span style=\"font-size: large;\">Voc\u00ea sabia que o Brasil possui mais de 3.000 esp\u00e9cies de abelhas, sendo boa parte de abelhas nativas sem ferr\u00e3o? Esp\u00e9cies como a jata\u00ed, ira\u00ed, jandaia, uru\u00e7u ou manda\u00e7aia, entre outras, s\u00e3o abelhas d\u00f3ceis que podem fazer parte de seu jardim. Mas, como todo animal silvestre, \u00e9 preciso respeitar sua biologia, entender suas necessidades e a legisla\u00e7\u00e3o. S\u00f3 assim podemos valorar e preservar estes maravilhosos polinizadores.<\/span><\/p>\n<p><span style=\"font-size: large;\">Portanto, antes de come\u00e7ar sua cria\u00e7\u00e3o, \u00e9 preciso buscar informa\u00e7\u00e3o. Conhe\u00e7a mais sobre estas abelhas, sua cria\u00e7\u00e3o, melipolin\u00e1rios e associa\u00e7\u00f5es que podem te apoiar no in\u00edcio desta atividade.<\/span><\/p>\n","protected":false},"excerpt":{"rendered":"<p>Contribua para o ecossistema do mundo! Valorizando o cultivo! por Judit Ahely &#8211; Idealizadora e palestrante no Projeto Valorize! No universo existem sistemas que podem ser reconhecidos por todos, encontrados [&hellip;]<\/p>\n","protected":false},"author":20,"featured_media":0,"parent":5130,"menu_order":0,"comment_status":"open","ping_status":"open","template":"","meta":{"pmpro_default_level":"","_price":"","_stock":"","_tribe_ticket_header":"","_tribe_default_ticket_provider":"","_tribe_ticket_capacity":"0","_ticket_start_date":"","_ticket_end_date":"","_tribe_ticket_show_description":"","_tribe_ticket_show_not_going":false,"_tribe_ticket_use_global_stock":"","_tribe_ticket_global_stock_level":"","_global_stock_mode":"","_global_stock_cap":"","_tribe_rsvp_for_event":"","_tribe_ticket_going_count":"","_tribe_ticket_not_going_count":"","_tribe_tickets_list":"[]","_tribe_ticket_has_attendee_info_fields":false,"cybocfi_hide_featured_image":"","footnotes":""},"class_list":["post-5210","page","type-page","status-publish","hentry","pmpro-has-access"],"_links":{"self":[{"href":"https:\/\/apacame.org.br\/site\/wp-json\/wp\/v2\/pages\/5210"}],"collection":[{"href":"https:\/\/apacame.org.br\/site\/wp-json\/wp\/v2\/pages"}],"about":[{"href":"https:\/\/apacame.org.br\/site\/wp-json\/wp\/v2\/types\/page"}],"author":[{"embeddable":true,"href":"https:\/\/apacame.org.br\/site\/wp-json\/wp\/v2\/users\/20"}],"replies":[{"embeddable":true,"href":"https:\/\/apacame.org.br\/site\/wp-json\/wp\/v2\/comments?post=5210"}],"version-history":[{"count":1,"href":"https:\/\/apacame.org.br\/site\/wp-json\/wp\/v2\/pages\/5210\/revisions"}],"predecessor-version":[{"id":5211,"href":"https:\/\/apacame.org.br\/site\/wp-json\/wp\/v2\/pages\/5210\/revisions\/5211"}],"up":[{"embeddable":true,"href":"https:\/\/apacame.org.br\/site\/wp-json\/wp\/v2\/pages\/5130"}],"wp:attachment":[{"href":"https:\/\/apacame.org.br\/site\/wp-json\/wp\/v2\/media?parent=5210"}],"curies":[{"name":"wp","href":"https:\/\/api.w.org\/{rel}","templated":true}]}}