{"id":5198,"date":"2022-09-29T21:14:10","date_gmt":"2022-09-29T21:14:10","guid":{"rendered":"https:\/\/apacame.org.br\/site\/?page_id=5198"},"modified":"2022-09-29T21:14:10","modified_gmt":"2022-09-29T21:14:10","slug":"apimondia","status":"publish","type":"page","link":"https:\/\/apacame.org.br\/site\/revista\/mensagem-doce-n-168-setembro-de-2022\/apimondia\/","title":{"rendered":"APIMONDIA"},"content":{"rendered":"<h1 style=\"text-align: center;\">Empresa Brasileira, Apis Nativa, conquista 7 medalhas na Apimondia, maior Congresso Mundial de Apicultura<\/h1>\n<blockquote><p>Fonte: <a href=\"https:\/\/sulnoticias.com.br\/empresa-brasileira-apis-nativa-conquista-7-medalhas-na-apimondia-maior-congresso-mundial-de-apicultura\/\" target=\"_blank\" rel=\"noopener\">https:\/\/sulnoticias.com.br\/empresa-brasileira-apis-nativa-conquista-7-medalhas-na-apimondia-maior-congresso-mundial-de-apicultura\/<\/a><\/p><\/blockquote>\n<p><span style=\"font-size: large;\"><a href=\"https:\/\/apacame.org.br\/site\/wp-content\/uploads\/2022\/09\/Foto-1-Premiacao-apimondia.jpg\"><img fetchpriority=\"high\" decoding=\"async\" class=\"alignleft size-medium wp-image-5199\" src=\"https:\/\/apacame.org.br\/site\/wp-content\/uploads\/2022\/09\/Foto-1-Premiacao-apimondia-247x300.jpg\" alt=\"Foto-1-Premiacao-apimondia\" width=\"247\" height=\"300\" srcset=\"https:\/\/apacame.org.br\/site\/wp-content\/uploads\/2022\/09\/Foto-1-Premiacao-apimondia-247x300.jpg 247w, https:\/\/apacame.org.br\/site\/wp-content\/uploads\/2022\/09\/Foto-1-Premiacao-apimondia-150x182.jpg 150w, https:\/\/apacame.org.br\/site\/wp-content\/uploads\/2022\/09\/Foto-1-Premiacao-apimondia-411x500.jpg 411w, https:\/\/apacame.org.br\/site\/wp-content\/uploads\/2022\/09\/Foto-1-Premiacao-apimondia.jpg 748w\" sizes=\"(max-width: 247px) 100vw, 247px\" \/><\/a>Na 47\u00aa edi\u00e7\u00e3o da Apimondia, que aconteceu dos dias 24 a 27 de agosto, em Istambul\/Turquia, o Brasil j\u00e1 conta com 7 medalhas na bagagem. Paralelo ao congresso \u00e9 realizado o concurso que elege diferentes produtos, todos relacionados \u00e0 apicultura.<\/span><\/p>\n<p><span style=\"font-size: large;\">A empresa brasileira Apis Nativa foi a \u00fanica empresa brasileira a ser premiada, respons\u00e1vel pela conquista das 7 medalhas, sendo 1 medalha de ouro, 2 medalhas de prata e 4 medalhas de bronze. Na avalia\u00e7\u00e3o dos m\u00e9is a empresa aparece entre os melhores meis do mundo, conquistando 5 medalhas.<\/span><\/p>\n<p><span style=\"font-size: large;\">Desde que a empresa come\u00e7ou a participar do maior congresso mundial da apicultura, em 2007 a Apis Nativa conquistou medalhas em todas as edi\u00e7\u00f5es em que participou.<\/span><\/p>\n<p><span style=\"font-size: large;\">O congresso da Apimondia \u00e9 realizado a cada 2 anos. A edi\u00e7\u00e3o de 2021 seria realizada na R\u00fassia, mas devido a guerra da Ucr\u00e2nia e a pandemia foi adiado para 2022 e transferido da R\u00fassia para a Turquia.<\/span><\/p>\n<p><span style=\"font-size: large;\">Empresa Brasileira, Apis Nativa, conquista 7 medalhas na Apimondia, maior Congresso Mundial de Apicultura 1<\/span><\/p>\n<p><span style=\"font-size: large;\">A primeira medalha da Apis Nativa veio no congresso na Austr\u00e1lia (2007), seguidos por Ucr\u00e2nia (2013), Coreia do Sul (2015), Turquia (2017), Canad\u00e1 (2019) e novamente Turquia em (2022). As conquistas deste ano resultaram da competi\u00e7\u00e3o entre 156 participantes de 21 pa\u00edses que estiveram representados no evento. Somente no congresso da Apimondia a Apis Nativa j\u00e1 possui 23 medalhas que premiaram m\u00e9is e cera de abelha, al\u00e9m de uma Men\u00e7\u00e3o Honrosa dedicada ao fundador da Apis Nativa, Dr. C\u00e9lio Silva.<a href=\"https:\/\/apacame.org.br\/site\/wp-content\/uploads\/2022\/09\/Foto-2-Premiacao-apimondia.jpg\"><img decoding=\"async\" class=\"alignright wp-image-5200 size-thumbnail\" src=\"https:\/\/apacame.org.br\/site\/wp-content\/uploads\/2022\/09\/Foto-2-Premiacao-apimondia-150x150.jpg\" alt=\"Foto-2-Premiacao-apimondia\" width=\"150\" height=\"150\" srcset=\"https:\/\/apacame.org.br\/site\/wp-content\/uploads\/2022\/09\/Foto-2-Premiacao-apimondia-150x150.jpg 150w, https:\/\/apacame.org.br\/site\/wp-content\/uploads\/2022\/09\/Foto-2-Premiacao-apimondia-100x100.jpg 100w\" sizes=\"(max-width: 150px) 100vw, 150px\" \/><\/a><\/span><\/p>\n<p><span style=\"font-size: large;\">O processo de avalia\u00e7\u00e3o dos m\u00e9is inscritos na competi\u00e7\u00e3o \u00e9 complexo e muito t\u00e9cnico. Os m\u00e9is s\u00e3o avaliados por um laborat\u00f3rio oficial que analisa as condi\u00e7\u00f5es f\u00edsico-qu\u00edmicas das amostras inscritas. Uma segunda etapa, dentro do pr\u00f3prio evento, \u00e9 realizada por uma equipe de analistas que julga a apresenta\u00e7\u00e3o, sabor, aroma e pureza do mel.<\/span><\/p>\n<p><span style=\"font-size: large;\">Para Tarciano Santos da Silva, diretor da empresa, \u201cAs medalhas conquistadas pela Apis Nativa s\u00e3o frutos do trabalho de uma grande fam\u00edlia que se empenha para produzir o mel com a melhor qualidade. O processo come\u00e7a l\u00e1 no campo, onde o nosso parceiro apicultor cuida do seu api\u00e1rio e da natureza ao redor para que as abelhas possam produzir mel com a maior pureza poss\u00edvel. Na empresa o mel bruto \u00e9 processado com o cuidado de manter a sua qualidade e pureza natural.<\/span><\/p>\n<p><span style=\"font-size: large;\"><a href=\"https:\/\/apacame.org.br\/site\/wp-content\/uploads\/2022\/09\/Foto-3-Premiacao-apimondia.jpg\"><img decoding=\"async\" class=\"alignright size-thumbnail wp-image-5201\" src=\"https:\/\/apacame.org.br\/site\/wp-content\/uploads\/2022\/09\/Foto-3-Premiacao-apimondia-150x150.jpg\" alt=\"Foto-3-Premiacao-apimondia\" width=\"150\" height=\"150\" srcset=\"https:\/\/apacame.org.br\/site\/wp-content\/uploads\/2022\/09\/Foto-3-Premiacao-apimondia-150x150.jpg 150w, https:\/\/apacame.org.br\/site\/wp-content\/uploads\/2022\/09\/Foto-3-Premiacao-apimondia-100x100.jpg 100w\" sizes=\"(max-width: 150px) 100vw, 150px\" \/><\/a>Cada uma destas medalhas \u00e9 fruto desta saud\u00e1vel parceria e \u00e9 uma vit\u00f3ria que temos orgulho de dedicar \u00e0 todos os apicultores que fazem parte da Grande Fam\u00edlia Apis Nativa.\u201d<\/span><\/p>\n<p><span style=\"font-size: large;\">O Dr. C\u00e9lio Herc\u00edlio Marcos da Silva, patriarca e fundador da empresa, ressalta: \u201cVer o reconhecimento internacional do nosso mel \u00e9 uma coisa que emociona, que toca o cora\u00e7\u00e3o. N\u00f3s trabalhamos muito para isso e sabemos da necessidade de evoluir a apicultura no Brasil. Esta valoriza\u00e7\u00e3o no exterior \u00e9 um grande incentivo para n\u00f3s da Apis Nativa e para a comunidade de apicultores de todo o Pa\u00eds. Essa conquista \u00e9 de todos n\u00f3s.\u201d<\/span><\/p>\n","protected":false},"excerpt":{"rendered":"<p>Empresa Brasileira, Apis Nativa, conquista 7 medalhas na Apimondia, maior Congresso Mundial de Apicultura Fonte: https:\/\/sulnoticias.com.br\/empresa-brasileira-apis-nativa-conquista-7-medalhas-na-apimondia-maior-congresso-mundial-de-apicultura\/ Na 47\u00aa edi\u00e7\u00e3o da Apimondia, que aconteceu dos dias 24 a 27 de agosto, [&hellip;]<\/p>\n","protected":false},"author":20,"featured_media":0,"parent":5130,"menu_order":0,"comment_status":"open","ping_status":"open","template":"","meta":{"pmpro_default_level":"","_price":"","_stock":"","_tribe_ticket_header":"","_tribe_default_ticket_provider":"","_tribe_ticket_capacity":"0","_ticket_start_date":"","_ticket_end_date":"","_tribe_ticket_show_description":"","_tribe_ticket_show_not_going":false,"_tribe_ticket_use_global_stock":"","_tribe_ticket_global_stock_level":"","_global_stock_mode":"","_global_stock_cap":"","_tribe_rsvp_for_event":"","_tribe_ticket_going_count":"","_tribe_ticket_not_going_count":"","_tribe_tickets_list":"[]","_tribe_ticket_has_attendee_info_fields":false,"cybocfi_hide_featured_image":"","footnotes":""},"class_list":["post-5198","page","type-page","status-publish","hentry","pmpro-has-access"],"_links":{"self":[{"href":"https:\/\/apacame.org.br\/site\/wp-json\/wp\/v2\/pages\/5198"}],"collection":[{"href":"https:\/\/apacame.org.br\/site\/wp-json\/wp\/v2\/pages"}],"about":[{"href":"https:\/\/apacame.org.br\/site\/wp-json\/wp\/v2\/types\/page"}],"author":[{"embeddable":true,"href":"https:\/\/apacame.org.br\/site\/wp-json\/wp\/v2\/users\/20"}],"replies":[{"embeddable":true,"href":"https:\/\/apacame.org.br\/site\/wp-json\/wp\/v2\/comments?post=5198"}],"version-history":[{"count":2,"href":"https:\/\/apacame.org.br\/site\/wp-json\/wp\/v2\/pages\/5198\/revisions"}],"predecessor-version":[{"id":5204,"href":"https:\/\/apacame.org.br\/site\/wp-json\/wp\/v2\/pages\/5198\/revisions\/5204"}],"up":[{"embeddable":true,"href":"https:\/\/apacame.org.br\/site\/wp-json\/wp\/v2\/pages\/5130"}],"wp:attachment":[{"href":"https:\/\/apacame.org.br\/site\/wp-json\/wp\/v2\/media?parent=5198"}],"curies":[{"name":"wp","href":"https:\/\/api.w.org\/{rel}","templated":true}]}}